{"id":7712,"date":"2024-01-02T17:58:09","date_gmt":"2024-01-02T20:58:09","guid":{"rendered":"https:\/\/hificlub.com.br\/loja\/?post_type=product&#038;p=7712"},"modified":"2026-03-03T22:18:41","modified_gmt":"2026-03-04T01:18:41","slug":"rotel-ra-6000-c-phono-bluetooth-dac-200-watts","status":"publish","type":"product","link":"https:\/\/hificlub.com.br\/loja\/produto\/rotel-ra-6000-c-phono-bluetooth-dac-200-watts\/","title":{"rendered":"ROTEL RA-6000 Amplificador Integrado com MM Phono, Bluetooth, DAC  200 watts  220 volts"},"content":{"rendered":"<p>&nbsp;<\/p>\n<p>O amplificador integrado Diamond Series RA-6000 celebra os 60 anos de heran\u00e7a japonesa da Rotel. O RA-6000 oferece suporte a uma ampla gama de fontes anal\u00f3gicas e digitais modernas e legadas, fornecendo 350 watts de pot\u00eancia Classe AB em 4 ohms com detalhes ac\u00fasticos excepcionais e energia controlada de graves ricos e profundos.<\/p>\n<p>O amplificador integrado Diamond Series RA-6000 celebra os 60 anos de heran\u00e7a japonesa da Rotel. O RA-6000 oferece suporte a uma ampla gama de fontes anal\u00f3gicas e digitais modernas e legadas, fornecendo 350 watts de pot\u00eancia Classe AB em 4 ohms com detalhes ac\u00fasticos excepcionais e energia controlada de graves ricos e profundos.<\/p>\n<p>As entradas digitais suportam fluxos de \u00e1udio de 24 bits\/192kHz. A entrada PC-USB ass\u00edncrona suporta \u00e1udio de at\u00e9 32 bits\/384kHz, decodifica e renderiza MQA e \u00e9 totalmente certificada pela Roon Tested. Um palco Moving Magnet Phono tamb\u00e9m est\u00e1 inclu\u00eddo para os f\u00e3s de vinil.<\/p>\n<p>Os controles do painel frontal, o controle remoto IR retroiluminado e o display de 2 linhas garantem uma opera\u00e7\u00e3o intuitiva.<\/p>\n<p>Ethernet, gatilho RS232,12V e entrada remota externa simplificam a integra\u00e7\u00e3o com sistemas de controle.<\/p>\n<p><strong><b>Descri\u00e7\u00e3o:<\/b>\u00a0Amplificador integrado est\u00e9reo de estado s\u00f3lido com DAC.\u00a0Entradas anal\u00f3gicas: 1 par balanceado (XLR), 4 pares n\u00e3o balanceados (RCA).\u00a0Entradas digitais: 1 Bluetooth sem fio aptX\/AAC;\u00a03 RCA, 3 coaxiais, 3 TosLink S\/PDIF;\u00a01 Ethernet, 1 PC-USB ass\u00edncrono at\u00e9 32\/384;\u00a02 portas de gatilho.\u00a0Sa\u00eddas: 4 pares de terminais de liga\u00e7\u00e3o de alto-falante de 3 vias: 2 para alto-falante A e 2 para alto-falante B;\u00a0subwoofer mono e sa\u00edda de pr\u00e9-amplificador;\u00a0Gatilho de 12V;\u00a0Porta de alimenta\u00e7\u00e3o USB;\u00a0Conector RS232 para integra\u00e7\u00e3o personalizada;\u00a0Sa\u00edda de fone de ouvido n\u00e3o balanceada de 1\/8&#8243; (3mm) no painel frontal. Pot\u00eancia de sa\u00edda: 200Wpc (RMS) em 8 ohms (23dBW), 350Wpc (m\u00e1ximo de 1% THD) em 4 ohms (22,4dBW). Dimens\u00f5es<br \/>\n<b>:<\/b>\u00a017&#8243; ( 432 mm) L \u00d7 5,7&#8243; (145 mm) A \u00d7 16&#8243; (406 mm) D. Peso 44,5 lb (18,8 kg).<br \/>\n<b>Acabamento:<\/b>\u00a0Preto ou Prata.<\/strong><\/p>\n","protected":false},"excerpt":{"rendered":"<p>&nbsp; O amplificador integrado Diamond Series RA-6000 celebra os 60 anos de heran\u00e7a japonesa da Rotel. O RA-6000 oferece suporte a uma ampla gama de fontes anal\u00f3gicas e digitais modernas e legadas, fornecendo 350 watts de pot\u00eancia Classe AB em 4 ohms com detalhes ac\u00fasticos excepcionais e energia controlada de graves ricos e profundos. O [&hellip;]<\/p>\n","protected":false},"featured_media":13721,"template":"","meta":{"_acf_changed":false},"product_brand":[],"product_cat":[27,51,24],"product_tag":[],"class_list":{"0":"post-7712","1":"product","2":"type-product","3":"status-publish","4":"has-post-thumbnail","6":"product_cat-amplificador","7":"product_cat-integrado","8":"product_cat-rotel","10":"first","11":"instock","12":"sold-individually","13":"shipping-taxable","14":"purchasable","15":"product-type-simple"},"acf":[],"aioseo_notices":[],"_links":{"self":[{"href":"https:\/\/hificlub.com.br\/loja\/wp-json\/wp\/v2\/product\/7712","targetHints":{"allow":["GET"]}}],"collection":[{"href":"https:\/\/hificlub.com.br\/loja\/wp-json\/wp\/v2\/product"}],"about":[{"href":"https:\/\/hificlub.com.br\/loja\/wp-json\/wp\/v2\/types\/product"}],"wp:featuredmedia":[{"embeddable":true,"href":"https:\/\/hificlub.com.br\/loja\/wp-json\/wp\/v2\/media\/13721"}],"wp:attachment":[{"href":"https:\/\/hificlub.com.br\/loja\/wp-json\/wp\/v2\/media?parent=7712"}],"wp:term":[{"taxonomy":"product_brand","embeddable":true,"href":"https:\/\/hificlub.com.br\/loja\/wp-json\/wp\/v2\/product_brand?post=7712"},{"taxonomy":"product_cat","embeddable":true,"href":"https:\/\/hificlub.com.br\/loja\/wp-json\/wp\/v2\/product_cat?post=7712"},{"taxonomy":"product_tag","embeddable":true,"href":"https:\/\/hificlub.com.br\/loja\/wp-json\/wp\/v2\/product_tag?post=7712"}],"curies":[{"name":"wp","href":"https:\/\/api.w.org\/{rel}","templated":true}]}}