{"id":771,"date":"2023-10-17T19:52:54","date_gmt":"2023-10-17T22:52:54","guid":{"rendered":"https:\/\/hificlub.com.br\/loja2\/produto\/rega-planar-2-novo-lancamento\/"},"modified":"2026-03-03T22:21:09","modified_gmt":"2026-03-04T01:21:09","slug":"rega-planar-2-novo-lancamento","status":"publish","type":"product","link":"https:\/\/hificlub.com.br\/loja\/produto\/rega-planar-2-novo-lancamento\/","title":{"rendered":"REGA PLANAR 2 TT"},"content":{"rendered":"<h1 class=\"heading-1 uppercase\"><span style=\"font-size: small\">REGA PLANAR 2\u00a0<span class=\"new-flash\">Novo<\/span><\/span><\/h1>\n<div class=\"intro\">\n<p>O Planar 2 foi desenvolvido ao longo de dois anos junto com o mais recente Planar 3. Apresentando o bra\u00e7o RB220, um novo motor de baixo ru\u00eddo de 24 V, base laminada de acr\u00edlico de alto brilho, rolamento central rec\u00e9m-projetado e muito mais.\u00a0Cada recurso deste novo toca-discos inovador \u00e9 projetado para extrair o m\u00e1ximo de informa\u00e7\u00f5es e detalhes de sua cole\u00e7\u00e3o de vinil.<\/p>\n<p>NOVO: O impressionante novo acabamento com efeito nogueira foi introduzido em novembro de 2022. O efeito nogueira Planar 2 \u00e9 fornecido com a capa protetora contra poeira fum\u00ea como padr\u00e3o (outros acabamentos s\u00e3o fornecidos com a capa transparente).<\/p>\n<h2 class=\"heading-5 uppercase\"><span style=\"font-size: small\">CARACTER\u00cdSTICAS PRINCIPAIS<\/span><\/h2>\n<ul class=\"bullet-list green-bullets\">\n<li>Bra\u00e7o de precis\u00e3o RB220<\/li>\n<li>Cartucho Rega Carbon instalado de f\u00e1brica<\/li>\n<li>Motor de baixo ru\u00eddo e vibra\u00e7\u00e3o de 24 V<\/li>\n<li>Travessa opti-white de vidro float de 10 mm<\/li>\n<li>Acabamento efeito nogueira fornecido com tampa anti-p\u00f3 fum\u00ea de s\u00e9rie<\/li>\n<li>Acabamento brilhante fornecido com tampa contra poeira transparente como padr\u00e3o<\/li>\n<li>Correia de transmiss\u00e3o EBLT avan\u00e7ada instalada como padr\u00e3o a partir de mar\u00e7o de 2021<\/li>\n<li><a id=\"lnxod7-smooth-scroll\" href=\"https:\/\/www-rega-co-uk.translate.goog\/products\/planar-2?_x_tr_sl=en&amp;_x_tr_tl=pt&amp;_x_tr_hl=pt-BR&amp;_x_tr_pto=sc#lifetime-warranty\" data-smooth-scroll=\"vhoz15-smooth-scroll\">Garantia vital\u00edcia<\/a>\u00a0contra defeitos de fabrica\u00e7\u00e3o<\/li>\n<\/ul>\n<p>O bra\u00e7o RB220 vem com novos recursos inovadores projetados para melhorar o desempenho e tornar a configura\u00e7\u00e3o extremamente simples.\u00a0O RB220 incorpora rolamentos de fric\u00e7\u00e3o ultrabaixo projetados pela Rega (patente pendente), alojados em uma carca\u00e7a de rolamento nova, mais r\u00edgida e leve.\u00a0Isso foi desenvolvido com um novo vi\u00e9s ajust\u00e1vel atualizado (a partir do outono de 2020), permitindo maior flexibilidade e compatibilidade com uma ampla gama de cartuchos. A nova caixa tamb\u00e9m inclui um clipe de bra\u00e7o integrado e usa o mais recente tubo de bra\u00e7o de alum\u00ednio personalizado da Rega.<\/p>\n<div class=\"xxxlarge-6 cell module-2-content\">\n<h2><span style=\"font-size: small\">CARCA\u00c7A DO MANCAL CENTRAL<\/span><\/h2>\n<p><span style=\"font-size: small\">Rolamento de lat\u00e3o autofixante de 11 mm (patente pendente) que oferece ajuste aprimorado e menos estresse no rolamento, impedindo a transfer\u00eancia de energia potencial.<\/span><\/p>\n<h2><span style=\"font-size: small\">BASE DE PELE DE BRILHO ACR\u00cdLICO \/ LAMINADO EFEITO NOGUEIRA<\/span><\/h2>\n<p><span style=\"font-size: small\">Base laminada em acr\u00edlico de alto brilho ou com efeito de nogueira, apar\u00eancia mais r\u00edgida e amplamente aprimorada com interruptor de energia posicionado ergonomicamente.<\/span><\/p>\n<h2><span style=\"font-size: small\">REGA MOTOR<\/span><\/h2>\n<p><span style=\"font-size: small\">Novo conjunto de motor de baixo ru\u00eddo e vibra\u00e7\u00e3o de 24 V e nova placa de circuito impresso.<\/span><\/p>\n<h2><span style=\"font-size: small\">PRATO<\/span><\/h2>\n<p><span style=\"font-size: small\">Novo vidro float &#8216;Optiwhite&#8217; 10 mm \u2013 Prato de precis\u00e3o melhorado.<\/span><\/p>\n<\/div>\n<div class=\"xxxlarge-6 cell module-2-content\">\n<h2><span style=\"font-size: small\">ISOLAMENTO<\/span><\/h2>\n<p><span style=\"font-size: small\">P\u00e9s reprojetados &#8211; novo conjunto de p\u00e9 aprimorado para aumentar a estabilidade e reduzir a transfer\u00eancia de vibra\u00e7\u00e3o.<\/span><\/p>\n<h2><span style=\"font-size: small\">CARTUCHO<\/span><\/h2>\n<p><span style=\"font-size: small\">Cartucho Rega Carbon fornecido como padr\u00e3o em todos os Planar 2s para conveni\u00eancia simples de plug and play.<\/span><\/p>\n<h2><span style=\"font-size: small\">COBERTURA CONTRA POEIRA<\/span><\/h2>\n<p><span style=\"font-size: small\">Fornecido como tampa padr\u00e3o \/ opcional &#8211; protetores de rodap\u00e9 &#8211; fornecidos para evitar marcas no rodap\u00e9 e mant\u00ea-lo com a melhor apar\u00eancia.\u00a0O acabamento efeito nogueira \u00e9 fornecido com a capa de prote\u00e7\u00e3o fum\u00ea como padr\u00e3o.<\/span><\/p>\n<h2><span style=\"font-size: small\">CONFIGURA\u00c7\u00c3O SIMPLES<\/span><\/h2>\n<p><span style=\"font-size: small\">Guia de in\u00edcio r\u00e1pido multil\u00edngue f\u00e1cil de usar para f\u00e1cil configura\u00e7\u00e3o.<\/span><\/p>\n<p>&nbsp;<\/p>\n<h3 class=\"heading-5 uppercase\"><span style=\"font-size: small\">ESPECIFICA\u00c7\u00d5ES T\u00c9CNICAS<\/span><\/h3>\n<dl class=\"dl-ruled dl-ruled--specs\">\n<dt>Tonearm<\/dt>\n<dd>Bra\u00e7o RB220 montado \u00e0 m\u00e3o<\/dd>\n<dt>Cartucho<\/dt>\n<dd>Cartucho de \u00edm\u00e3 m\u00f3vel de carbono montado de f\u00e1brica<\/dd>\n<dt>Motor<\/dt>\n<dd>Motor de baixo ru\u00eddo 24 V<\/dd>\n<dt>Dimens\u00f5es (tampa fechada) (L x A x P)<\/dt>\n<dd>447 x 117 x 360 mm<\/dd>\n<dt>Peso<\/dt>\n<dd>5,5kg<\/dd>\n<\/dl>\n<\/div>\n<p>&nbsp;<\/p>\n<\/div>\n<p>&nbsp;<\/p>\n","protected":false},"excerpt":{"rendered":"<p>REGA PLANAR 2\u00a0Novo O Planar 2 foi desenvolvido ao longo de dois anos junto com o mais recente Planar 3. Apresentando o bra\u00e7o RB220, um novo motor de baixo ru\u00eddo de 24 V, base laminada de acr\u00edlico de alto brilho, rolamento central rec\u00e9m-projetado e muito mais.\u00a0Cada recurso deste novo toca-discos inovador \u00e9 projetado para extrair [&hellip;]<\/p>\n","protected":false},"featured_media":763,"template":"","meta":{"_acf_changed":false},"product_brand":[],"product_cat":[78,55,98],"product_tag":[],"class_list":{"0":"post-771","1":"product","2":"type-product","3":"status-publish","4":"has-post-thumbnail","6":"product_cat-analogico-audio","7":"product_cat-rega","8":"product_cat-toca-discos","10":"first","11":"instock","12":"sold-individually","13":"shipping-taxable","14":"purchasable","15":"product-type-simple"},"acf":[],"aioseo_notices":[],"_links":{"self":[{"href":"https:\/\/hificlub.com.br\/loja\/wp-json\/wp\/v2\/product\/771","targetHints":{"allow":["GET"]}}],"collection":[{"href":"https:\/\/hificlub.com.br\/loja\/wp-json\/wp\/v2\/product"}],"about":[{"href":"https:\/\/hificlub.com.br\/loja\/wp-json\/wp\/v2\/types\/product"}],"wp:featuredmedia":[{"embeddable":true,"href":"https:\/\/hificlub.com.br\/loja\/wp-json\/wp\/v2\/media\/763"}],"wp:attachment":[{"href":"https:\/\/hificlub.com.br\/loja\/wp-json\/wp\/v2\/media?parent=771"}],"wp:term":[{"taxonomy":"product_brand","embeddable":true,"href":"https:\/\/hificlub.com.br\/loja\/wp-json\/wp\/v2\/product_brand?post=771"},{"taxonomy":"product_cat","embeddable":true,"href":"https:\/\/hificlub.com.br\/loja\/wp-json\/wp\/v2\/product_cat?post=771"},{"taxonomy":"product_tag","embeddable":true,"href":"https:\/\/hificlub.com.br\/loja\/wp-json\/wp\/v2\/product_tag?post=771"}],"curies":[{"name":"wp","href":"https:\/\/api.w.org\/{rel}","templated":true}]}}