{"id":7643,"date":"2024-01-02T17:57:48","date_gmt":"2024-01-02T20:57:48","guid":{"rendered":"https:\/\/hificlub.com.br\/loja\/?post_type=product&#038;p=7643"},"modified":"2024-12-19T07:17:59","modified_gmt":"2024-12-19T10:17:59","slug":"kimber-ks2120-digital-balanceado-aes-ebu-pure-silver-1-metro","status":"publish","type":"product","link":"https:\/\/hificlub.com.br\/loja\/produto\/kimber-ks2120-digital-balanceado-aes-ebu-pure-silver-1-metro\/","title":{"rendered":"KIMBER KS2120  Digital Balanceado AES\/EBU Pure Silver 1 metro"},"content":{"rendered":"<p>ESTADO 9\/10<\/p>\n<p>Cabo digital Kimber Select KS 2120 AES\/EBU<br \/>\nAqui est\u00e1 um modelo mais antigo do estoque atual (a partir de 2024) de cabos KA 2120. Este cabo carro-chefe continua sendo uma das melhores maneiras de transferir seu sinal AES de alta qualidade entre o streamer e o DAC. <\/p>\n<p>Sobre a Kimber Cable<br \/>\nFundada por Ray Kimber em 1979, a Kimber Cable \u00e9 uma amada pioneira da ind\u00fastria de cabos hi-fi. Em uma \u00e9poca em que at\u00e9 mesmo os revendedores n\u00e3o acreditavam em cabos, Ray usou \u00f3timo design e testes AB para ajudar a mudar a ind\u00fastria, e seus designs em constante evolu\u00e7\u00e3o fazem da Kimber uma marca de cabos ic\u00f4nica at\u00e9 hoje.<\/p>\n<p>O KS 2120 \u00e9 um cabo digital diferencial AES\/EBU de precis\u00e3o que incorpora condutores de prata BLack Pearl e o formato digital propriet\u00e1rio da Kimber. Este formato cria um cabo que \u00e9 incrivelmente livre de ru\u00eddo, artefatos de distor\u00e7\u00e3o e org\u00e2nico em seu reino musical. O KS 2120 apresenta conectores do tipo XLR &#8220;n\u00edvel de est\u00fadio&#8221; com contatos banhados a prata.<\/p>\n","protected":false},"excerpt":{"rendered":"<p>ESTADO 9\/10 Cabo digital Kimber Select KS 2120 AES\/EBU Aqui est\u00e1 um modelo mais antigo do estoque atual (a partir de 2024) de cabos KA 2120. Este cabo carro-chefe continua sendo uma das melhores maneiras de transferir seu sinal AES de alta qualidade entre o streamer e o DAC. Sobre a Kimber Cable Fundada por [&hellip;]<\/p>\n","protected":false},"featured_media":7642,"template":"","meta":{"_acf_changed":false},"product_brand":[],"product_cat":[61,172,64],"product_tag":[],"class_list":{"0":"post-7643","1":"product","2":"type-product","3":"status-publish","4":"has-post-thumbnail","6":"product_cat-cabos","7":"product_cat-digital-cabos","8":"product_cat-kimber","10":"first","11":"instock","12":"sold-individually","13":"shipping-taxable","14":"purchasable","15":"product-type-simple"},"acf":[],"aioseo_notices":[],"_links":{"self":[{"href":"https:\/\/hificlub.com.br\/loja\/wp-json\/wp\/v2\/product\/7643","targetHints":{"allow":["GET"]}}],"collection":[{"href":"https:\/\/hificlub.com.br\/loja\/wp-json\/wp\/v2\/product"}],"about":[{"href":"https:\/\/hificlub.com.br\/loja\/wp-json\/wp\/v2\/types\/product"}],"wp:featuredmedia":[{"embeddable":true,"href":"https:\/\/hificlub.com.br\/loja\/wp-json\/wp\/v2\/media\/7642"}],"wp:attachment":[{"href":"https:\/\/hificlub.com.br\/loja\/wp-json\/wp\/v2\/media?parent=7643"}],"wp:term":[{"taxonomy":"product_brand","embeddable":true,"href":"https:\/\/hificlub.com.br\/loja\/wp-json\/wp\/v2\/product_brand?post=7643"},{"taxonomy":"product_cat","embeddable":true,"href":"https:\/\/hificlub.com.br\/loja\/wp-json\/wp\/v2\/product_cat?post=7643"},{"taxonomy":"product_tag","embeddable":true,"href":"https:\/\/hificlub.com.br\/loja\/wp-json\/wp\/v2\/product_tag?post=7643"}],"curies":[{"name":"wp","href":"https:\/\/api.w.org\/{rel}","templated":true}]}}