{"id":760,"date":"2023-10-17T19:52:53","date_gmt":"2023-10-17T22:52:53","guid":{"rendered":"https:\/\/hificlub.com.br\/loja2\/produto\/ortofon-om5e\/"},"modified":"2026-03-03T22:21:09","modified_gmt":"2026-03-04T01:21:09","slug":"ortofon-om5e","status":"publish","type":"product","link":"https:\/\/hificlub.com.br\/loja\/produto\/ortofon-om5e\/","title":{"rendered":"ORTOFON OM5E"},"content":{"rendered":"<p><strong><span dir=\"auto\">A Capsula OM 5E possui uma agulha el\u00edptica que proporciona uma reprodu\u00e7\u00e3o equilibrada e sem distor\u00e7\u00f5es.<\/span><\/strong><\/p>\n<p><span dir=\"auto\">Se o seu bra\u00e7o de toca-discos tiver um headshell padr\u00e3o ou um encaixe para c\u00e1psula, ent\u00e3o d\u00ea um passo \u00e0 frente para uma reprodu\u00e7\u00e3o sonora otimizada com as c\u00e1psulas OM. Um olhar para qualquer uma dessas c\u00e1psulas revelar\u00e1 a solu\u00e7\u00e3o da Ortofon para a combina\u00e7\u00e3o perfeita com o bra\u00e7o. Engenhosamente escondida na parte superior do suporte de montagem, encontra-se uma pequena placa de peso remov\u00edvel.<\/span><\/p>\n<p><span dir=\"auto\">Se o seu bra\u00e7o de toca-discos for padr\u00e3o, basta deixar a placa de peso. Se o seu bra\u00e7o for um dos modelos de baixa massa, basta remover o peso. A massa da sua c\u00e1psula OM ser\u00e1 agora de apenas 2,5 g.<\/span><\/p>\n<h2 class=\"section__block section__block--heading h3 text--alt-color\"><span dir=\"auto\">Tipos de agulhas e intercambiabilidade<\/span><\/h2>\n<div class=\"section__block reading-width rte\">\n<div class=\"metafield-rich_text_field\">\n<p><span dir=\"auto\">Ao adotar uma ampla gama de agulhas de substitui\u00e7\u00e3o, a S\u00e9rie OM 5 pode oferecer a solu\u00e7\u00e3o ideal para o seu sistema dom\u00e9stico, aplica\u00e7\u00e3o e or\u00e7amento.<\/span><\/p>\n<p><span dir=\"auto\">No desenvolvimento das c\u00e1psulas OM, um dos principais objetivos foi proporcionar ao amante da m\u00fasica a oportunidade de otimizar a reprodu\u00e7\u00e3o sonora sem precisar substituir toda a c\u00e1psula. Em vez de serem destinadas apenas \u00e0 substitui\u00e7\u00e3o em caso de desgaste ou danos, a S\u00e9rie OM 5 permite que voc\u00ea aprimore o som simplesmente trocando a agulha.<\/span><\/p>\n<p><span dir=\"auto\">Dependendo da sua prefer\u00eancia, as agulhas para a s\u00e9rie OM 5 s\u00e3o facilmente intercambi\u00e1veis \u200b\u200be incluem:\u00a0\u00a0<\/span><a href=\"https:\/\/www.ortofon.com\/hifi\/products\/replacement-styli\"><span dir=\"auto\">agulhas 3E, 5E, 10, 20, 30, 40 e 78 e D 25 M.\u00a0<\/span><\/a><\/p>\n<div class=\"flexible-heading\">\n<div class=\"flexible-heading__content \">\n<p>&nbsp;<\/p>\n<\/div>\n<\/div>\n<div class=\"flexible-heading\">\n<div class=\"flexible-heading__content \">\n<div class=\"flexible-heading__content-text section__block md-down:px-gutter rte \">\n<div class=\"metafield-rich_text_field\">\n<p><em><strong><span dir=\"auto\">A s\u00e9rie Ortofon OM 5 engloba tr\u00eas c\u00e1psulas b\u00e1sicas<\/span><\/strong><\/em><em><span dir=\"auto\">\u00a0:\u00a0<\/span><\/em><a href=\"https:\/\/ortofon.com\/products\/om-5s\"><span dir=\"auto\">OM 5S<\/span><\/a><span dir=\"auto\">\u00a0,\u00a0<\/span><a href=\"https:\/\/ortofon.com\/products\/om-5e\"><span dir=\"auto\">\u00a0OM 5E<\/span><\/a><span dir=\"auto\">\u00a0\u00a0e\u00a0<\/span><a href=\"https:\/\/ortofon.com\/products\/super-om-5e\"><span dir=\"auto\">\u00a0Super OM 5E<\/span><\/a><span dir=\"auto\">\u00a0.<\/span><\/p>\n<ul>\n<li><span dir=\"auto\">Esta s\u00e9rie representa a gama de c\u00e1psulas magn\u00e9ticas m\u00f3veis de menor massa oferecida pela Ortofon.<\/span><\/li>\n<li><span dir=\"auto\">Os corpos das c\u00e1psulas OM foram projetados para facilitar a montagem e o alinhamento tanto em cabe\u00e7otes com montagem superior quanto com montagem inferior.<\/span><\/li>\n<li><span dir=\"auto\">A s\u00e9rie OM 5 oferece excelente compatibilidade quando usada em diversos sistemas de reprodu\u00e7\u00e3o e com uma ampla variedade de pr\u00e9-amplificadores de fono.<\/span><\/li>\n<\/ul>\n<\/div>\n<\/div>\n<\/div>\n<div class=\"flexible-heading__sidebar content-sidebar-top-align \">\n<div class=\"section__block md-down:px-gutter rte \">\n<div class=\"metafield-rich_text_field\">\n<p><em><strong><span dir=\"auto\">Principais melhorias do Super OM 5E:<\/span><\/strong><\/em><\/p>\n<ol>\n<li><span dir=\"auto\">Por meio de simula\u00e7\u00f5es computacionais, foi poss\u00edvel definir o ponto de piv\u00f4 natural do sistema com uma precis\u00e3o sem precedentes, alcan\u00e7ando um equil\u00edbrio de oscila\u00e7\u00e3o ideal.\u00a0<\/span><strong><span dir=\"auto\">O resultado: linearidade aprimorada, maior separa\u00e7\u00e3o de canais e distor\u00e7\u00e3o reduzida.<\/span><\/strong><\/li>\n<li><span dir=\"auto\">Os modelos de c\u00e1psulas OM Super possuem\u00a0<\/span><strong><span dir=\"auto\">pinos de polo dividido<\/span><\/strong><span dir=\"auto\">\u00a0que reduzem as perdas magn\u00e9ticas na extremidade dos agudos. Essa tecnologia\u00a0<\/span><strong><span dir=\"auto\">amplia a faixa de frequ\u00eancia e melhora a linearidade de fase.<\/span><\/strong><\/li>\n<li><span dir=\"auto\">O corpo da c\u00e1psula OM Super 5 \u00e9 fabricado em Noryl (composto de pl\u00e1stico e vidro), o que garante alta rigidez e aus\u00eancia de resson\u00e2ncias.<\/span><\/li>\n<\/ol>\n<\/div>\n<\/div>\n<\/div>\n<\/div>\n<\/div>\n<\/div>\n<p>&nbsp;<\/p>\n<p><strong>Ortofon OM5E Technical Data<\/strong><\/p>\n<ul>\n<li>Output voltage at 1000 Hz, 5cm\/sec. 4 mV<\/li>\n<li>Channel balance at 1 kHz 2 dB<\/li>\n<li>Channel separation at 1 kHz 22 dB<\/li>\n<li>Channel separation at 15 kHz 15 dB<\/li>\n<li>Frequency range at &#8211; 3dB 20-25.000 Hz<\/li>\n<li>Frequency response 20-20.000 Hz \u00b1 2 dB<\/li>\n<li>Tracking ability at 315Hz at recommended tracking force *) 65 \u00b5m<\/li>\n<li>Compliance, dynamic, lateral 20 \u00b5m\/mN<\/li>\n<li>Stylus type Elliptical<\/li>\n<li>Stylus tip radius r\/R 8\/18 \u00b5m<\/li>\n<li>Tracking force range 1,5-2,0 g (15-20 mN)<\/li>\n<li>Tracking force, recommended 1,75 g (17,5 mN)<\/li>\n<li>Tracking angle 20\u00b0<\/li>\n<li>Internal impedance, DC resistance 750 Ohm<\/li>\n<li>Internal inductance 450 mH<\/li>\n<li>Recommended load resistance 47 kOhm<\/li>\n<li>Recommended load capacitance 200-600 pF<\/li>\n<li>Cartridge colour, body\/stylus Black\/Black<\/li>\n<li>Cartridge weight 5 g<\/li>\n<li>Replacement stylus unit Stylus 5 E<\/li>\n<\/ul>\n","protected":false},"excerpt":{"rendered":"<p>A Capsula OM 5E possui uma agulha el\u00edptica que proporciona uma reprodu\u00e7\u00e3o equilibrada e sem distor\u00e7\u00f5es. Se o seu bra\u00e7o de toca-discos tiver um headshell padr\u00e3o ou um encaixe para c\u00e1psula, ent\u00e3o d\u00ea um passo \u00e0 frente para uma reprodu\u00e7\u00e3o sonora otimizada com as c\u00e1psulas OM. Um olhar para qualquer uma dessas c\u00e1psulas revelar\u00e1 a [&hellip;]<\/p>\n","protected":false},"featured_media":27574,"template":"","meta":{"_acf_changed":false},"product_brand":[],"product_cat":[78,99,100],"product_tag":[],"class_list":{"0":"post-760","1":"product","2":"type-product","3":"status-publish","4":"has-post-thumbnail","6":"product_cat-analogico-audio","7":"product_cat-capsulas","8":"product_cat-ortofon","10":"first","11":"instock","12":"sold-individually","13":"shipping-taxable","14":"purchasable","15":"product-type-simple"},"acf":[],"aioseo_notices":[],"_links":{"self":[{"href":"https:\/\/hificlub.com.br\/loja\/wp-json\/wp\/v2\/product\/760","targetHints":{"allow":["GET"]}}],"collection":[{"href":"https:\/\/hificlub.com.br\/loja\/wp-json\/wp\/v2\/product"}],"about":[{"href":"https:\/\/hificlub.com.br\/loja\/wp-json\/wp\/v2\/types\/product"}],"wp:featuredmedia":[{"embeddable":true,"href":"https:\/\/hificlub.com.br\/loja\/wp-json\/wp\/v2\/media\/27574"}],"wp:attachment":[{"href":"https:\/\/hificlub.com.br\/loja\/wp-json\/wp\/v2\/media?parent=760"}],"wp:term":[{"taxonomy":"product_brand","embeddable":true,"href":"https:\/\/hificlub.com.br\/loja\/wp-json\/wp\/v2\/product_brand?post=760"},{"taxonomy":"product_cat","embeddable":true,"href":"https:\/\/hificlub.com.br\/loja\/wp-json\/wp\/v2\/product_cat?post=760"},{"taxonomy":"product_tag","embeddable":true,"href":"https:\/\/hificlub.com.br\/loja\/wp-json\/wp\/v2\/product_tag?post=760"}],"curies":[{"name":"wp","href":"https:\/\/api.w.org\/{rel}","templated":true}]}}