{"id":7597,"date":"2024-01-02T17:57:37","date_gmt":"2024-01-02T20:57:37","guid":{"rendered":"https:\/\/hificlub.com.br\/loja\/?post_type=product&#038;p=7597"},"modified":"2025-11-14T06:11:08","modified_gmt":"2025-11-14T09:11:08","slug":"vtl-it85-valvulado-60-watts","status":"publish","type":"product","link":"https:\/\/hificlub.com.br\/loja\/produto\/vtl-it85-valvulado-60-watts\/","title":{"rendered":"VTL IT85 Amplificador Integrado Valvulado 60 watts"},"content":{"rendered":"<p>O Amplificador Integrado VTL IT-85 foi projetado para quem busca a simplicidade de um sistema de chassi \u00fanico, mas com desempenho de separadores. Projetado com um est\u00e1gio de pr\u00e9-amplificador totalmente ativo, o IT-85 oferece potentes 60 watts por canal com caracter\u00edsticas sonoras semelhantes ao nosso conceituado amplificador est\u00e9reo ST-85 e \u00e0 combina\u00e7\u00e3o de pr\u00e9-amplificador TL2.5 &#8211; som 3-D musical r\u00e1pido e suporte de graves s\u00f3lido pelo qual a VTL \u00e9 conhecida.<br \/>\nO IT-85 \u00e9 um pr\u00e9-amplificador de est\u00e1gio de linha completo e amplificador de pot\u00eancia em um chassi, e a se\u00e7\u00e3o de est\u00e1gio de linha tem ganho suficiente e uma sa\u00edda com buffer para ser capaz de conduzir um subwoofer atrav\u00e9s da sa\u00edda do pr\u00e9-amplificador. A se\u00e7\u00e3o de fones de ouvido do IT-85 \u00e9 acionada pelo est\u00e1gio de sa\u00edda valvulado e pelo transformador de sa\u00edda da se\u00e7\u00e3o do amplificador de pot\u00eancia, tornando-o um amplificador de fone de ouvido valvulado puro de alto desempenho ideal para aficionados por fones de ouvido.<\/p>\n<p>O IT-85 foi projetado para acomodar atualiza\u00e7\u00f5es futuras &#8211; quando voc\u00ea estiver pronto para adicionar um subwoofer, pr\u00e9-amplificador ou amplificador de pot\u00eancia separado, processador surround ou fones de ouvido ao seu sistema, as muitas configura\u00e7\u00f5es diferentes de est\u00e1gio de sa\u00edda do IT-85 podem ser facilmente e sem dor refeitas. -configurado, muitas vezes com apenas o apertar de um bot\u00e3o. Constru\u00eddo \u00e0 m\u00e3o em nossa f\u00e1brica na Calif\u00f3rnia com a comprovada qualidade VTL, o IT-85 proporcionar\u00e1 valor duradouro e prazer auditivo por muitos anos.<\/p>\n<p>Complemento de tubo de v\u00e1cuo 4 x EL34, 4 x 12AT7, 2 x 12AU7<br \/>\nPot\u00eancia de sa\u00edda 60 Watts<br \/>\n20 Hz \u2013 20 KHz &lt;3% THD<br \/>\nEm 5\u03a9<br \/>\nResposta de frequ\u00eancia de sinal pequeno (&lt;0,2% THD @ 1W), 0-60 kHz<br \/>\nClasse de opera\u00e7\u00e3o Classe AB1<br \/>\nEntradas 5 pares de RCA de termina\u00e7\u00e3o \u00fanica, entrada Proc\/Amp<br \/>\nResultados 1 par de postes de liga\u00e7\u00e3o de 5 vias, pr\u00e9-sa\u00edda, sa\u00edda de fita, sa\u00edda de fone de ouvido<br \/>\nSensibilidade de entrada Entrada de linha: 180mV, entrada de amplificador: 575mV<br \/>\nImped\u00e2ncia de entrada Entrada de linha: 20k\u03a9, entrada de amplificador: 135k\u03a9<br \/>\nImped\u00e2ncia de sa\u00edda Sa\u00edda de amplificador: 1,55\u03a9, Sa\u00edda de fone de ouvido: 16\u03a9, Sa\u00edda de pr\u00e9-amplificador: 400\u03a9<br \/>\nConfigura\u00e7\u00e3o de carga Alto-falantes: 5\u03a9, Fones de ouvido: 50-500\u03a9<br \/>\nConsumo de energia Ide = 200 W, Pot\u00eancia Total = 600 W<br \/>\nDimens\u00f5es L x P x A 15,75 x 11 x 7 polegadas, 40 x 28 x 17,75 cm<br \/>\nPeso 55 libras (29,5 kg) totalmente embalado<\/p>\n","protected":false},"excerpt":{"rendered":"<p>O Amplificador Integrado VTL IT-85 foi projetado para quem busca a simplicidade de um sistema de chassi \u00fanico, mas com desempenho de separadores. Projetado com um est\u00e1gio de pr\u00e9-amplificador totalmente ativo, o IT-85 oferece potentes 60 watts por canal com caracter\u00edsticas sonoras semelhantes ao nosso conceituado amplificador est\u00e9reo ST-85 e \u00e0 combina\u00e7\u00e3o de pr\u00e9-amplificador TL2.5 [&hellip;]<\/p>\n","protected":false},"featured_media":17667,"template":"","meta":{"_acf_changed":false},"product_brand":[],"product_cat":[27,51,320],"product_tag":[],"class_list":{"0":"post-7597","1":"product","2":"type-product","3":"status-publish","4":"has-post-thumbnail","6":"product_cat-amplificador","7":"product_cat-integrado","8":"product_cat-vtl","10":"first","11":"instock","12":"sold-individually","13":"shipping-taxable","14":"purchasable","15":"product-type-simple"},"acf":[],"aioseo_notices":[],"_links":{"self":[{"href":"https:\/\/hificlub.com.br\/loja\/wp-json\/wp\/v2\/product\/7597","targetHints":{"allow":["GET"]}}],"collection":[{"href":"https:\/\/hificlub.com.br\/loja\/wp-json\/wp\/v2\/product"}],"about":[{"href":"https:\/\/hificlub.com.br\/loja\/wp-json\/wp\/v2\/types\/product"}],"wp:featuredmedia":[{"embeddable":true,"href":"https:\/\/hificlub.com.br\/loja\/wp-json\/wp\/v2\/media\/17667"}],"wp:attachment":[{"href":"https:\/\/hificlub.com.br\/loja\/wp-json\/wp\/v2\/media?parent=7597"}],"wp:term":[{"taxonomy":"product_brand","embeddable":true,"href":"https:\/\/hificlub.com.br\/loja\/wp-json\/wp\/v2\/product_brand?post=7597"},{"taxonomy":"product_cat","embeddable":true,"href":"https:\/\/hificlub.com.br\/loja\/wp-json\/wp\/v2\/product_cat?post=7597"},{"taxonomy":"product_tag","embeddable":true,"href":"https:\/\/hificlub.com.br\/loja\/wp-json\/wp\/v2\/product_tag?post=7597"}],"curies":[{"name":"wp","href":"https:\/\/api.w.org\/{rel}","templated":true}]}}