{"id":7582,"date":"2024-01-02T17:57:35","date_gmt":"2024-01-02T20:57:35","guid":{"rendered":"https:\/\/hificlub.com.br\/loja\/?post_type=product&#038;p=7582"},"modified":"2026-02-12T06:25:10","modified_gmt":"2026-02-12T09:25:10","slug":"marantz-ud7007-internet-ready-universal-player","status":"publish","type":"product","link":"https:\/\/hificlub.com.br\/loja\/produto\/marantz-ud7007-internet-ready-universal-player\/","title":{"rendered":"MARANTZ UD7007  Internet ready Universal Player"},"content":{"rendered":"<p>O UD7007 \u00e9 um componente Hi-Fi com certifica\u00e7\u00e3o DLNA 1.5 que reproduz \u00e1udio e v\u00eddeo a partir de qualquer tipo de discos (CD, SuperAudioCD, DVD-Audio, etc.), ficheiros (FLAC, DivX e ficheiros HD) e \u00e9 tamb\u00e9m capaz de reproduzir conte\u00fados de servi\u00e7os via Internet como \u00e9 o caso do YouTube e Netflix.<\/p>\n<p>A assegurar o melhor desempenho sonoro poss\u00edvel est\u00e3o os m\u00f3dulos \u00e1udio Marantz HDAM e para garantir que nada prejudica a fidelidade de som est\u00e9reo dos seus CD e SuperAudioCD o Marantz UD7007 utiliza componentes especialmente personalizados numa sec\u00e7\u00e3o de \u00e1udio dedicada.<\/p>\n<p>Al\u00e9m disso, este leitor universal da reputada marca japonesa est\u00e1 equipado com um mecanismo de transporte de alta qualidade blindado por um painel alum\u00ednio na parte superior e por um chassis com uma base em a\u00e7o. A caixa do equipamento \u00e9 dotada de uma placa de suporte que aumenta a rigidez e elimina vibra\u00e7\u00f5es. Finalmente, o interior do equipamento revela uma topologia dividida em cinco sec\u00e7\u00f5es isoladas, de forma a minimizar a interfer\u00eancia e maximizar a qualidade da reprodu\u00e7\u00e3o audiovisual.<\/p>\n<p>O Marantz UD7007 inclui duas sa\u00eddas HDMI (uma normal para transmiss\u00e3o de v\u00eddeo 3D e \u00e1udio e outra concebida especificamente para a transmiss\u00e3o de \u00e1udio) e duas sa\u00eddas balanceadas para maior flexibilidade de instala\u00e7\u00e3o e configura\u00e7\u00e3o.<\/p>\n","protected":false},"excerpt":{"rendered":"<p>O UD7007 \u00e9 um componente Hi-Fi com certifica\u00e7\u00e3o DLNA 1.5 que reproduz \u00e1udio e v\u00eddeo a partir de qualquer tipo de discos (CD, SuperAudioCD, DVD-Audio, etc.), ficheiros (FLAC, DivX e ficheiros HD) e \u00e9 tamb\u00e9m capaz de reproduzir conte\u00fados de servi\u00e7os via Internet como \u00e9 o caso do YouTube e Netflix. A assegurar o melhor [&hellip;]<\/p>\n","protected":false},"featured_media":30827,"template":"","meta":{"_acf_changed":false},"product_brand":[],"product_cat":[42,41,21,101,304],"product_tag":[],"class_list":{"0":"post-7582","1":"product","2":"type-product","3":"status-publish","4":"has-post-thumbnail","6":"product_cat-cd-players","7":"product_cat-digital","8":"product_cat-home-theater","9":"product_cat-players-dvd-blu-ray","10":"product_cat-sacd","12":"first","13":"instock","14":"sold-individually","15":"shipping-taxable","16":"purchasable","17":"product-type-simple"},"acf":[],"aioseo_notices":[],"_links":{"self":[{"href":"https:\/\/hificlub.com.br\/loja\/wp-json\/wp\/v2\/product\/7582","targetHints":{"allow":["GET"]}}],"collection":[{"href":"https:\/\/hificlub.com.br\/loja\/wp-json\/wp\/v2\/product"}],"about":[{"href":"https:\/\/hificlub.com.br\/loja\/wp-json\/wp\/v2\/types\/product"}],"wp:featuredmedia":[{"embeddable":true,"href":"https:\/\/hificlub.com.br\/loja\/wp-json\/wp\/v2\/media\/30827"}],"wp:attachment":[{"href":"https:\/\/hificlub.com.br\/loja\/wp-json\/wp\/v2\/media?parent=7582"}],"wp:term":[{"taxonomy":"product_brand","embeddable":true,"href":"https:\/\/hificlub.com.br\/loja\/wp-json\/wp\/v2\/product_brand?post=7582"},{"taxonomy":"product_cat","embeddable":true,"href":"https:\/\/hificlub.com.br\/loja\/wp-json\/wp\/v2\/product_cat?post=7582"},{"taxonomy":"product_tag","embeddable":true,"href":"https:\/\/hificlub.com.br\/loja\/wp-json\/wp\/v2\/product_tag?post=7582"}],"curies":[{"name":"wp","href":"https:\/\/api.w.org\/{rel}","templated":true}]}}