{"id":7553,"date":"2024-01-02T17:57:28","date_gmt":"2024-01-02T20:57:28","guid":{"rendered":"https:\/\/hificlub.com.br\/loja\/?post_type=product&#038;p=7553"},"modified":"2026-02-12T06:27:58","modified_gmt":"2026-02-12T09:27:58","slug":"harman-kardon-hk990-dual-mono-150-watts","status":"publish","type":"product","link":"https:\/\/hificlub.com.br\/loja\/produto\/harman-kardon-hk990-dual-mono-150-watts\/","title":{"rendered":"HARMAN KARDON HK990 Dual Mono 150 watts"},"content":{"rendered":"<p>ESTADO 9\/10<\/p>\n<p>Com 150 W de pot\u00eancia RMS, n\u00e3o h\u00e1 d\u00favidas de que o amplificador Harman Kardon HK-990 \u00e9 uma pot\u00eancia. No entanto, ele tamb\u00e9m tem uma lista de recursos sofisticada e abundante que o ajudou a ganhar o pr\u00eamio de &#8220;Melhor Amplificador Europeu de 2009-2010&#8243; da European Imaging and Sound Association. Uma capacidade de alta corrente fornece ao HK-990 os meios para lidar com corrente instant\u00e2nea, o que \u00e9 essencial para conduzir cargas dif\u00edceis de alto-falantes com o m\u00ednimo de esfor\u00e7o. O desempenho de largura de banda ultralarga facilita maior headroom de alta frequ\u00eancia e resposta de frequ\u00eancia mais precisa; estabelecendo linearidade de fase superior e baixa distor\u00e7\u00e3o. Com o HK-990, voc\u00ea ouvir\u00e1 sua m\u00fasica exatamente como o artista pretendia.<\/p>\n<p>Este amplificador disponibiliza seis entradas anal\u00f3gicas e quatro digitais para fornecer compatibilidade m\u00e1xima com uma variedade de fontes. Ele tem entradas XLR balanceadas que reduzem o ru\u00eddo indesejado de EMI. As entradas de \u00e1udio digital incluem \u00f3ptica e coaxial para atender \u00e0s necessidades de cada indiv\u00edduo, enquanto as entradas phono suportam cartuchos MM e MC. Para suavizar a extremidade inferior, o HK-990 tem sa\u00eddas de subwoofer duplas que proporcionam um som de graves mais quente e menos intrusivo.<\/p>\n<p>A configura\u00e7\u00e3o do HK-990 para desempenho ideal com seu sistema de alto-falantes pode ser feita manualmente ou com o EzSet\/EQ. O microfone inclu\u00eddo detecta varreduras de frequ\u00eancia aud\u00edveis e o HK-990 usa essas informa\u00e7\u00f5es para definir curvas de corre\u00e7\u00e3o e criar as frequ\u00eancias de crossover ideais. Para sua conveni\u00eancia, a mem\u00f3ria flash integrada armazenar\u00e1 essas configura\u00e7\u00f5es mesmo se o cabo de alimenta\u00e7\u00e3o CA do amplificador for desconectado.<\/p>\n<p>Como todos os sinais de entrada digitais\/anal\u00f3gicos do HK-990 est\u00e3o dispon\u00edveis para grava\u00e7\u00e3o em formatos digitais\/anal\u00f3gicos, a variedade de grava\u00e7\u00f5es que voc\u00ea pode fazer \u00e9 ampla. Voc\u00ea pode copiar sua cole\u00e7\u00e3o de vinil para um gravador digital, CD ou fita. Voc\u00ea tamb\u00e9m pode conectar um CD player ao HK-990 com um cabo digital e seu sinal estar\u00e1 dispon\u00edvel nas sa\u00eddas de grava\u00e7\u00e3o anal\u00f3gicas, bem como nas sa\u00eddas de grava\u00e7\u00e3o digitais. \u00c9 at\u00e9 poss\u00edvel gravar em uma fonte digital e anal\u00f3gica ao mesmo tempo. Se voc\u00ea conectar um CD player Harman Kardon ao amplificador, o HRS Link o bloqueia no clock externo do amplificador, garantindo reprodu\u00e7\u00e3o e grava\u00e7\u00e3o sem jitter.<\/p>\n<p>Semelhante ao papel do HRS Link na reprodu\u00e7\u00e3o de CD, o Real-Time Linear Smoothing minimiza a interfer\u00eancia na convers\u00e3o de digital para anal\u00f3gico. O HK-990 previne dist\u00farbios excessivos usando dois dispositivos anal\u00f3gicos est\u00e9reo de alta qualidade que levam o desempenho da convers\u00e3o al\u00e9m dos padr\u00f5es t\u00edpicos. A sincroniza\u00e7\u00e3o de pulso ajustar\u00e1 qualquer irregularidade no processo de convers\u00e3o, mantendo ru\u00eddos indesejados em faixas de frequ\u00eancia n\u00e3o aud\u00edveis.<\/p>\n<p>Com a capacidade de fazer amplifica\u00e7\u00e3o pura simples ou acomodar uma mir\u00edade de recursos no rel\u00e9, o HK-990 atrair\u00e1 um p\u00fablico amplo. Sua est\u00e9tica f\u00edsica \u00e9 impressionante e a Harman Kardon teve sucesso ao incluir recursos que funcionam em conjunto. Por exemplo, a inclus\u00e3o de uma sa\u00edda de subwoofer adicional faz mais sentido quando voc\u00ea considera que o EzSet\/EQ filtrar\u00e1 digitalmente o sinal de sa\u00edda e direcionar\u00e1 todos aqueles graves de tirar o f\u00f4lego por ambas as sa\u00eddas de subwoofer. O HK-990 combina maior pot\u00eancia com maior controle e o resultado \u00e9 o sonho de um audi\u00f3filo.<\/p>\n<p>Design de alta corrente e largura de banda ultralarga<br \/>\nA capacidade de alta corrente fornece ao HK-990 os meios para lidar com corrente instant\u00e2nea, o que \u00e9 essencial para conduzir cargas dif\u00edceis de alto-falantes com o m\u00ednimo de esfor\u00e7o. O desempenho de largura de banda ultralarga facilita maior headroom de alta frequ\u00eancia e resposta de frequ\u00eancia mais precisa; estabelecendo linearidade de fase superior e baixa distor\u00e7\u00e3o. O resultado \u00e9 um realismo elevado para qualquer m\u00fasica, filmes e multim\u00eddia que voc\u00ea possa estar ouvindo.<br \/>\nOtimiza\u00e7\u00e3o de sala EzSet\/EQ<br \/>\nUsando o microfone incluso para detectar varreduras de frequ\u00eancia aud\u00edveis, o EzSet\/EQ define curvas de corre\u00e7\u00e3o, ajusta n\u00edveis relativos, considera o atraso e cria as frequ\u00eancias de crossover ideais. Para sua conveni\u00eancia, a mem\u00f3ria flash integrada mant\u00e9m essas configura\u00e7\u00f5es armazenadas mesmo se o cabo de alimenta\u00e7\u00e3o CA do amplificador for desconectado.<br \/>\nPr\u00e9-amplificador Phono com entradas MM\/MC<br \/>\nO HK-990 ostenta um pr\u00e9-amplificador de qualidade audi\u00f3fila junto com entradas MM\/MC. MM \u00e9 a entrada phono para um toca-discos com Moving Magnet (sa\u00edda alta e alta imped\u00e2ncia) ou High-Output Moving Coil Cartridge. MC \u00e9 a entrada phono para um toca-discos com Moving Coil (sa\u00edda baixa e baixa imped\u00e2ncia) Cartridge.<br \/>\nGrava\u00e7\u00e3o vers\u00e1til<br \/>\nVoc\u00ea pode copiar sua cole\u00e7\u00e3o de vinil para um gravador digital, CD ou fita. Conecte um CD player ao HK-990 com um cabo digital e seu sinal estar\u00e1 dispon\u00edvel nas sa\u00eddas de grava\u00e7\u00e3o anal\u00f3gicas, bem como nas sa\u00eddas de grava\u00e7\u00e3o digitais. \u00c9 at\u00e9 poss\u00edvel gravar em uma fonte digital e anal\u00f3gica ao mesmo tempo.<br \/>\nMecanismo de rastreamento t\u00e9rmico e recursos de seguran\u00e7a<br \/>\nO HK-990 inclui sensores de temperatura internos para polarizar a corrente do est\u00e1gio de sa\u00edda em tempo real. Ele tamb\u00e9m tem circuitos de prote\u00e7\u00e3o eletr\u00f4nica sofisticados que protegem contra curto-circuito ou alto-falantes\/fios danificados, limitando os rel\u00e9s de sa\u00edda sem prejudicar a qualidade do \u00e1udio. O DC Servo mant\u00e9m a sa\u00edda do seu amplificador dentro de um limite contido em qualquer condi\u00e7\u00e3o e v\u00e1rios circuitos de prote\u00e7\u00e3o desligam o HK-990 em caso de sobrecorrente, sobretens\u00e3o, superaquecimento ou se a prote\u00e7\u00e3o DC for detectada.<br \/>\nSuaviza\u00e7\u00e3o Linear em Tempo Real (RLS IV)<br \/>\nEm sua quarta gera\u00e7\u00e3o, o RLS IV usa dois DACs AD1955 (dispositivos anal\u00f3gicos est\u00e9reo de alta qualidade) para converter c\u00f3digo bin\u00e1rio digital em corrente el\u00e9trica anal\u00f3gica. Ele tamb\u00e9m re-temporiza pulsos de sa\u00edda para alinhar mais de perto a um pulso ideal, produzindo um sinal altamente refinado.<br \/>\nLink de sincroniza\u00e7\u00e3o de alta resolu\u00e7\u00e3o (HRS Link)<br \/>\nSe voc\u00ea conectar um CD player Harman Kardon ao amplificador, o HRS Link o bloquear\u00e1 no clock externo do amplificador, garantindo reprodu\u00e7\u00e3o e grava\u00e7\u00e3o sem oscila\u00e7\u00f5es.<br \/>\nSa\u00eddas duplas para subwoofer<br \/>\nPara suavizar os graves, o HK-990 tem duas sa\u00eddas de subwoofer que proporcionam um som grave mais quente e menos intrusivo.<br \/>\nEntradas XLR balanceadas<br \/>\nPermitindo um n\u00edvel de sinal extra de 6 dB na linha, as entradas XLR tamb\u00e9m reduzem o ru\u00eddo indesejado de EMI.<br \/>\nConectores de extens\u00e3o remotos IR<br \/>\nIsso permite que voc\u00ea controle seu HK-990 remotamente, mesmo que ele esteja escondido dentro de um arm\u00e1rio.<br \/>\nNa caixa<\/p>\n<p>Amplificador integrado est\u00e9reo Harman Kardon HK-990<br \/>\nMicrofone EzSet<br \/>\nControle remoto<br \/>\n4 pilhas AAA<br \/>\nCabo de alimenta\u00e7\u00e3o<br \/>\nGarantia limitada de 2 anos<br \/>\nRecursos adicionais<\/p>\n<p>N\u00famero de canais 2.2<br \/>\nSistema de alto-falantes Sistema 2 Alto-falante<br \/>\nSubwoofer duplo<br \/>\nClassifica\u00e7\u00e3o de pot\u00eancia<br \/>\nRMS 8 Ohms: 2 x 150W<br \/>\nRMS 4 Ohms: 2 x 300W<br \/>\nPico 8 Ohms: 2 x 220W<br \/>\nPico 4 Ohms: 2 x 440W<br \/>\n(Par\u00e2metros de pico: IHF, tone burst de 1kHz)<br \/>\nResposta de frequ\u00eancia<br \/>\n5Hz &#8211; 120Hz a 1W (+0\/-3dB)<br \/>\nRela\u00e7\u00e3o sinal-ru\u00eddo<br \/>\nAmplificador: 109dB<br \/>\nSintonizador\/CD: 100dB<br \/>\nMC Phono: 75dB<br \/>\nDistor\u00e7\u00e3o Harm\u00f4nica Total (THD)<br \/>\n&lt;0,03% THD a 8 Ohms\/150 W<br \/>\n&lt;0,3% THD a 4 Ohms\/300 W<br \/>\nConectores<br \/>\nEntrada<br \/>\n6 Anal\u00f3gico<br \/>\n4 Digital (Coaxial\/\u00d3ptico) Processador de canal<br \/>\nXLR balanceado de 2,2 canais Phono (MM\/MC) Subwoofer duplo Conector RS-232 para poss\u00edvel atualiza\u00e7\u00e3o futura do PC<\/p>\n<p>Sa\u00edda<br \/>\nPr\u00e9- amplificador digital (coaxial) Sistema<br \/>\nde subwoofer duplo<br \/>\n1 Alto-falante (direito\/esquerdo)<br \/>\nSistema 2 Alto-falante (direito\/esquerdo)<br \/>\nSa\u00edda de grava\u00e7\u00e3o de CD-R Sa\u00edda de<br \/>\ngrava\u00e7\u00e3o de fita Sa\u00edda<br \/>\nde grava\u00e7\u00e3o digital<br \/>\nEm geral<br \/>\nDimens\u00f5es<br \/>\n6,3 x 17,32 x 17,5&#8221; (160 x 440 x 444 mm)<br \/>\nRequisitos de energia<br \/>\nCA 120 V \/ 60 Hz<br \/>\nPeso<br \/>\n52,9 libras (24 kg)<\/p>\n","protected":false},"excerpt":{"rendered":"<p>ESTADO 9\/10 Com 150 W de pot\u00eancia RMS, n\u00e3o h\u00e1 d\u00favidas de que o amplificador Harman Kardon HK-990 \u00e9 uma pot\u00eancia. No entanto, ele tamb\u00e9m tem uma lista de recursos sofisticada e abundante que o ajudou a ganhar o pr\u00eamio de &#8220;Melhor Amplificador Europeu de 2009-2010&#8243; da European Imaging and Sound Association. Uma capacidade de [&hellip;]<\/p>\n","protected":false},"featured_media":7549,"template":"","meta":{"_acf_changed":false},"product_brand":[],"product_cat":[27,187,51],"product_tag":[],"class_list":{"0":"post-7553","1":"product","2":"type-product","3":"status-publish","4":"has-post-thumbnail","6":"product_cat-amplificador","7":"product_cat-harman-kardon","8":"product_cat-integrado","10":"first","11":"instock","12":"sold-individually","13":"shipping-taxable","14":"purchasable","15":"product-type-simple"},"acf":[],"aioseo_notices":[],"_links":{"self":[{"href":"https:\/\/hificlub.com.br\/loja\/wp-json\/wp\/v2\/product\/7553","targetHints":{"allow":["GET"]}}],"collection":[{"href":"https:\/\/hificlub.com.br\/loja\/wp-json\/wp\/v2\/product"}],"about":[{"href":"https:\/\/hificlub.com.br\/loja\/wp-json\/wp\/v2\/types\/product"}],"wp:featuredmedia":[{"embeddable":true,"href":"https:\/\/hificlub.com.br\/loja\/wp-json\/wp\/v2\/media\/7549"}],"wp:attachment":[{"href":"https:\/\/hificlub.com.br\/loja\/wp-json\/wp\/v2\/media?parent=7553"}],"wp:term":[{"taxonomy":"product_brand","embeddable":true,"href":"https:\/\/hificlub.com.br\/loja\/wp-json\/wp\/v2\/product_brand?post=7553"},{"taxonomy":"product_cat","embeddable":true,"href":"https:\/\/hificlub.com.br\/loja\/wp-json\/wp\/v2\/product_cat?post=7553"},{"taxonomy":"product_tag","embeddable":true,"href":"https:\/\/hificlub.com.br\/loja\/wp-json\/wp\/v2\/product_tag?post=7553"}],"curies":[{"name":"wp","href":"https:\/\/api.w.org\/{rel}","templated":true}]}}