{"id":752,"date":"2023-10-17T19:52:52","date_gmt":"2023-10-17T22:52:52","guid":{"rendered":"https:\/\/hificlub.com.br\/loja2\/produto\/ortofon-2m-red-elliptical-diamond-mm\/"},"modified":"2026-04-22T05:27:13","modified_gmt":"2026-04-22T08:27:13","slug":"ortofon-2m-red-elliptical-diamond-mm","status":"publish","type":"product","link":"https:\/\/hificlub.com.br\/loja\/produto\/ortofon-2m-red-elliptical-diamond-mm\/","title":{"rendered":"ORTOFON 2M RED Capsula MM  Elliptical Diamond"},"content":{"rendered":"<h4><strong>Ortofon 2M Red<\/strong><\/h4>\n<p>O 2M Red apresenta um diamante el\u00edptico com ponta e pinos de p\u00f3lo dividido com um fio de cobre. Um motor aprimorado fornece uma sa\u00edda aumentada de 5,5 mV e uma reprodu\u00e7\u00e3o de som otimizada e um alto n\u00edvel de precis\u00e3o sonora. O corpo do cartucho \u00e9 fabricado em Hopelex, o que garante alta rigidez e elimina resson\u00e2ncias indesejadas. Otimizamos o design para facilitar a montagem do cartucho e o peso e tamanho para caber nos toca-discos mais comuns no mercado hoje. A s\u00e9rie 2M oferece excelente compatibilidade quando usada em uma variedade de sistemas de reprodu\u00e7\u00e3o e com uma ampla variedade de pr\u00e9-amplificadores phono. 2M Red \u00e9 um cartucho multifuncional que oferece um som aberto e din\u00e2mico com um leve toque de calor.<\/p>\n<p>Specifications<\/p>\n<p>Channel balance at 1 kHz 1.5 dB<br \/>\nOutput voltage at 1 kHz, 5cm\/sec 5.5 mV<br \/>\nChannel seperation at 1 kHz 22 dB<br \/>\nChannel seperation at 15 kHz 15 dB<br \/>\nFrequency response 20 Hz &#8211; 20 kHz + 3 \/ &#8211; 1 dB<br \/>\nTracking ability at 315Hz at recommended tracking force 70 \u00b5m<br \/>\nCompliance, dynamic, lateral 20 \u00b5m\/mN<br \/>\nStylus type Elliptical<br \/>\nStylus tip radius r\/R 8\/18 \u00b5m<br \/>\nTracking force range 1.6-2.0 g (16-20 mN)<br \/>\nTracking force, recommended 1.8 g (18 mN)<br \/>\nTracking angle 20\u00b0<br \/>\nInternal impedance, DC resistance 1.3 kOhm<\/p>\n<p>Cartridge colour Black\/Red<br \/>\nCartridge weight 7.2 Premounted cartridge weight 16.7 g<br \/>\nRecommended load resistance 47 kOhm<br \/>\nInternal inductance 700 mH<br \/>\nRecommended load capacitance 150-300 pF<\/p>\n","protected":false},"excerpt":{"rendered":"<p>Ortofon 2M Red O 2M Red apresenta um diamante el\u00edptico com ponta e pinos de p\u00f3lo dividido com um fio de cobre. Um motor aprimorado fornece uma sa\u00edda aumentada de 5,5 mV e uma reprodu\u00e7\u00e3o de som otimizada e um alto n\u00edvel de precis\u00e3o sonora. O corpo do cartucho \u00e9 fabricado em Hopelex, o que [&hellip;]<\/p>\n","protected":false},"featured_media":751,"template":"","meta":{"_acf_changed":false},"product_brand":[],"product_cat":[78,99,100],"product_tag":[],"class_list":{"0":"post-752","1":"product","2":"type-product","3":"status-publish","4":"has-post-thumbnail","6":"product_cat-analogico-audio","7":"product_cat-capsulas","8":"product_cat-ortofon","10":"first","11":"instock","12":"sold-individually","13":"shipping-taxable","14":"purchasable","15":"product-type-simple"},"acf":[],"aioseo_notices":[],"_links":{"self":[{"href":"https:\/\/hificlub.com.br\/loja\/wp-json\/wp\/v2\/product\/752","targetHints":{"allow":["GET"]}}],"collection":[{"href":"https:\/\/hificlub.com.br\/loja\/wp-json\/wp\/v2\/product"}],"about":[{"href":"https:\/\/hificlub.com.br\/loja\/wp-json\/wp\/v2\/types\/product"}],"wp:featuredmedia":[{"embeddable":true,"href":"https:\/\/hificlub.com.br\/loja\/wp-json\/wp\/v2\/media\/751"}],"wp:attachment":[{"href":"https:\/\/hificlub.com.br\/loja\/wp-json\/wp\/v2\/media?parent=752"}],"wp:term":[{"taxonomy":"product_brand","embeddable":true,"href":"https:\/\/hificlub.com.br\/loja\/wp-json\/wp\/v2\/product_brand?post=752"},{"taxonomy":"product_cat","embeddable":true,"href":"https:\/\/hificlub.com.br\/loja\/wp-json\/wp\/v2\/product_cat?post=752"},{"taxonomy":"product_tag","embeddable":true,"href":"https:\/\/hificlub.com.br\/loja\/wp-json\/wp\/v2\/product_tag?post=752"}],"curies":[{"name":"wp","href":"https:\/\/api.w.org\/{rel}","templated":true}]}}