{"id":748,"date":"2023-10-17T19:52:51","date_gmt":"2023-10-17T22:52:51","guid":{"rendered":"https:\/\/hificlub.com.br\/loja2\/produto\/marantz-tt15-s2-c-capsula-clearaudio-virtuoso\/"},"modified":"2026-03-03T22:21:11","modified_gmt":"2026-03-04T01:21:11","slug":"marantz-tt15-s2-c-capsula-clearaudio-virtuoso","status":"publish","type":"product","link":"https:\/\/hificlub.com.br\/loja\/produto\/marantz-tt15-s2-c-capsula-clearaudio-virtuoso\/","title":{"rendered":"MARANTZ REFERENCE TT-15 S1  com Capsula Clearaudio Virtuoso MM"},"content":{"rendered":"<p>Com o toca-discos TT-15S1, a equipe de engenharia da Marantz criou um toca-discos com qualidade audi\u00f3fila, com transmiss\u00e3o por correia servo CC e bra\u00e7o de baixa colora\u00e7\u00e3o para atender \u00e0 necessidade de um componente de fonte de alto desempenho e acess\u00edvel para LPs.<\/p>\n<p>Descri\u00e7\u00e3o<br \/>\nO toca-discos Marantz TT-15S1 \u00e9 um toca-discos de qualidade com um pedestal de acr\u00edlico impressionante. Os toca-discos Marantz entraram na era branca. Definido por seu som puro, detalhes imaculados e plataforma de acr\u00edlico fosco, o TT-15S1 \u00e9 a imagem da alta fidelidade divina .<\/p>\n<p>Opera\u00e7\u00e3o manual<br \/>\nSistema de transmiss\u00e3o por correia<br \/>\nMotor isolado<br \/>\nBaixa resson\u00e2ncia<br \/>\nCartucho Clearaudio Virtuoso MM<br \/>\nMateriais incr\u00edveis e som incr\u00edvel<br \/>\nFeito com maestria e cuidadosamente selecionado com materiais cuidadosamente selecionados, o TT-15S1 \u00e9 impec\u00e1vel, oferecendo o formato mais aut\u00eantico com clareza sem precedentes.<\/p>\n<p>Projetado para executar<br \/>\nO TT-1551 \u00e9 mais do que apenas incr\u00edvel de se ver; ele foi habilmente projetado para fornecer a plataforma perfeita para que seus discos soem da melhor forma poss\u00edvel. Isso inclui um chassi e prato de acr\u00edlico de baixa resson\u00e2ncia e alta densidade.<\/p>\n<p>Som Master Tuned<br \/>\nO Marantz Sound Master ajustou meticulosamente o TT-15S1 para um desempenho incr\u00edvel com sele\u00e7\u00e3o cuidadosa de pe\u00e7as para criar o som mais musical em sua casa.<\/p>\n<p>Motor flutuante<br \/>\nO sistema de motor preciso do TT-1551 foi projetado para &#8220;flutuar&#8221; em vez de ficar apoiado no chassi de acr\u00edlico para evitar qualquer vibra\u00e7\u00e3o que limite o desempenho.<\/p>\n<p>Sistema de transmiss\u00e3o por correia<br \/>\nO sistema de transmiss\u00e3o por correia TT-1551 conta com uma correia de silicone sem fim para a rota\u00e7\u00e3o mais suave poss\u00edvel do prato, garantindo temporiza\u00e7\u00e3o precisa e audi\u00e7\u00e3o sensacional.<\/p>\n<p>Caracter\u00edsticas<br \/>\nMotor Motor n\u00e3o servo AC Motor n\u00e3o servo AC<br \/>\nSistema de transmiss\u00e3oAcionamento por correia (correia de sil\u00edcio)Acionamento por correia (correia de sil\u00edcio)<br \/>\nManual de Opera\u00e7\u00e3oManual<br \/>\nVelocidade33 1\/3 e 45 rpm33 1\/3 e 45 rpm<br \/>\nCaneta MM (\u00edm\u00e3 em movimento) MM (\u00edm\u00e3 em movimento)<br \/>\nSa\u00edda de linha : 2 canais<br \/>\nSa\u00edda nominal (1kHZ, 5m\/s) : 3,6mV<br \/>\nResposta de frequ\u00eancia (\u00e1udio digital) : 20Hz \u2013 20kHz<br \/>\nS\/N MM\/MC : 80dB\/-<br \/>\nSepara\u00e7\u00e3o de canais : &gt;30dB<br \/>\nCor : Branco transparente<br \/>\nAltura do prato : 1,2&#8243;<br \/>\nConsumo de energia : 5W<br \/>\nDimens\u00f5es L x A x P : 440 x 110 x 350 mm<br \/>\nPeso (lbs) : 8,9 Kg<\/p>\n","protected":false},"excerpt":{"rendered":"<p>Com o toca-discos TT-15S1, a equipe de engenharia da Marantz criou um toca-discos com qualidade audi\u00f3fila, com transmiss\u00e3o por correia servo CC e bra\u00e7o de baixa colora\u00e7\u00e3o para atender \u00e0 necessidade de um componente de fonte de alto desempenho e acess\u00edvel para LPs. Descri\u00e7\u00e3o O toca-discos Marantz TT-15S1 \u00e9 um toca-discos de qualidade com um [&hellip;]<\/p>\n","protected":false},"featured_media":745,"template":"","meta":{"_acf_changed":false},"product_brand":[],"product_cat":[78,92,98],"product_tag":[],"class_list":{"0":"post-748","1":"product","2":"type-product","3":"status-publish","4":"has-post-thumbnail","6":"product_cat-analogico-audio","7":"product_cat-marantz","8":"product_cat-toca-discos","10":"first","11":"instock","12":"sold-individually","13":"shipping-taxable","14":"purchasable","15":"product-type-simple"},"acf":[],"aioseo_notices":[],"_links":{"self":[{"href":"https:\/\/hificlub.com.br\/loja\/wp-json\/wp\/v2\/product\/748","targetHints":{"allow":["GET"]}}],"collection":[{"href":"https:\/\/hificlub.com.br\/loja\/wp-json\/wp\/v2\/product"}],"about":[{"href":"https:\/\/hificlub.com.br\/loja\/wp-json\/wp\/v2\/types\/product"}],"wp:featuredmedia":[{"embeddable":true,"href":"https:\/\/hificlub.com.br\/loja\/wp-json\/wp\/v2\/media\/745"}],"wp:attachment":[{"href":"https:\/\/hificlub.com.br\/loja\/wp-json\/wp\/v2\/media?parent=748"}],"wp:term":[{"taxonomy":"product_brand","embeddable":true,"href":"https:\/\/hificlub.com.br\/loja\/wp-json\/wp\/v2\/product_brand?post=748"},{"taxonomy":"product_cat","embeddable":true,"href":"https:\/\/hificlub.com.br\/loja\/wp-json\/wp\/v2\/product_cat?post=748"},{"taxonomy":"product_tag","embeddable":true,"href":"https:\/\/hificlub.com.br\/loja\/wp-json\/wp\/v2\/product_tag?post=748"}],"curies":[{"name":"wp","href":"https:\/\/api.w.org\/{rel}","templated":true}]}}