{"id":7333,"date":"2024-01-02T17:56:26","date_gmt":"2024-01-02T20:56:26","guid":{"rendered":"https:\/\/hificlub.com.br\/loja\/?post_type=product&#038;p=7333"},"modified":"2024-10-07T17:00:06","modified_gmt":"2024-10-07T20:00:06","slug":"kimber-pk14-palladian-15-metro","status":"publish","type":"product","link":"https:\/\/hificlub.com.br\/loja\/produto\/kimber-pk14-palladian-15-metro\/","title":{"rendered":"KIMBER PK14 PALLADIAN 1,5 metro"},"content":{"rendered":"<p>ESTADO 9\/10<\/p>\n<p>Os Palladian PowerKords representam o melhor cabo de alimenta\u00e7\u00e3o dispon\u00edvel. Os cr\u00edticos foram un\u00e2nimes em elogiar a transpar\u00eancia, os detalhes, os graves articulados, os contrastes din\u00e2micos, a facilidade e fluidez musical do cabo e a aus\u00eancia de granula\u00e7\u00e3o.<\/p>\n<p>Caracteristicas:<\/p>\n<p>Com conectores WattGate Gold Evolution AUDIO GRADE<br \/>\nConectores Wattgate 390 EVO e 350 EVO<br \/>\nMedidas padr\u00e3o dispon\u00edveis: 1 m, 1,5 m, 2 m, 2,5 m<\/p>\n","protected":false},"excerpt":{"rendered":"<p>ESTADO 9\/10 Os Palladian PowerKords representam o melhor cabo de alimenta\u00e7\u00e3o dispon\u00edvel. Os cr\u00edticos foram un\u00e2nimes em elogiar a transpar\u00eancia, os detalhes, os graves articulados, os contrastes din\u00e2micos, a facilidade e fluidez musical do cabo e a aus\u00eancia de granula\u00e7\u00e3o. Caracteristicas: Com conectores WattGate Gold Evolution AUDIO GRADE Conectores Wattgate 390 EVO e 350 EVO [&hellip;]<\/p>\n","protected":false},"featured_media":7332,"template":"","meta":{"_acf_changed":false},"product_brand":[],"product_cat":[61,67,64],"product_tag":[],"class_list":{"0":"post-7333","1":"product","2":"type-product","3":"status-publish","4":"has-post-thumbnail","6":"product_cat-cabos","7":"product_cat-forca","8":"product_cat-kimber","10":"first","11":"instock","12":"sold-individually","13":"shipping-taxable","14":"purchasable","15":"product-type-simple"},"acf":[],"aioseo_notices":[],"_links":{"self":[{"href":"https:\/\/hificlub.com.br\/loja\/wp-json\/wp\/v2\/product\/7333","targetHints":{"allow":["GET"]}}],"collection":[{"href":"https:\/\/hificlub.com.br\/loja\/wp-json\/wp\/v2\/product"}],"about":[{"href":"https:\/\/hificlub.com.br\/loja\/wp-json\/wp\/v2\/types\/product"}],"wp:featuredmedia":[{"embeddable":true,"href":"https:\/\/hificlub.com.br\/loja\/wp-json\/wp\/v2\/media\/7332"}],"wp:attachment":[{"href":"https:\/\/hificlub.com.br\/loja\/wp-json\/wp\/v2\/media?parent=7333"}],"wp:term":[{"taxonomy":"product_brand","embeddable":true,"href":"https:\/\/hificlub.com.br\/loja\/wp-json\/wp\/v2\/product_brand?post=7333"},{"taxonomy":"product_cat","embeddable":true,"href":"https:\/\/hificlub.com.br\/loja\/wp-json\/wp\/v2\/product_cat?post=7333"},{"taxonomy":"product_tag","embeddable":true,"href":"https:\/\/hificlub.com.br\/loja\/wp-json\/wp\/v2\/product_tag?post=7333"}],"curies":[{"name":"wp","href":"https:\/\/api.w.org\/{rel}","templated":true}]}}