{"id":7331,"date":"2024-01-02T17:56:26","date_gmt":"2024-01-02T20:56:26","guid":{"rendered":"https:\/\/hificlub.com.br\/loja\/?post_type=product&#038;p=7331"},"modified":"2025-05-20T06:57:43","modified_gmt":"2025-05-20T09:57:43","slug":"dynaudio-evidence-temptation-maple","status":"publish","type":"product","link":"https:\/\/hificlub.com.br\/loja\/produto\/dynaudio-evidence-temptation-maple\/","title":{"rendered":"DYNAUDIO EVIDENCE TEMPTATION MAPLE"},"content":{"rendered":"<p>ESTADO 9\/10<\/p>\n<p>\u00c0 primeira vista, o Evidence Temptation \u00e9 uma c\u00f3pia fiel do Evidence Master. Ambas s\u00e3o colunas altas e estreitas que proporcionam controle da dispers\u00e3o vertical com reflex\u00f5es m\u00ednimas no ch\u00e3o quando ouvidas de 3 a 14 metros de dist\u00e2ncia. Com exce\u00e7\u00e3o do woofer, cada Temptation utiliza os mesmos drivers, em um arranjo sim\u00e9trico: dois tweeters de domo macio de 28 mm e dois drivers de m\u00e9dio alcance de polipropileno de 15 cm dispostos em uma configura\u00e7\u00e3o MTTM em um defletor de alum\u00ednio usinado em CNC com 40 mm de espessura e cercados por quatro woofers \u2014 dois acima e dois abaixo \u2014 em gabinetes de woofer separados com alinhamento reflexo, cada um com uma porta traseira de 10 cm. Tudo isso \u00e9 suportado por uma base maci\u00e7a de 44 cm quadrada revestida de a\u00e7o, equipada com p\u00e9s ajust\u00e1veis \u200b\u200be conjuntos de espig\u00f5es internos. O painel traseiro do gabinete do woofer inferior apresenta dois terminais de liga\u00e7\u00e3o banhados a ouro WBT finamente usinados e muito substanciais para cabos de alto-falante, completos com p\u00e1s especiais.<\/p>\n<p>Tanto o crossover Temptation quanto o Master utilizam capacitores de polipropileno e indutores de n\u00facleo de ar multifios de grande calibre, enrolados manualmente com uma toler\u00e2ncia inferior a 1%. Os resistores s\u00e3o do tipo enrolado em fio, de baixa indut\u00e2ncia e baixa capacit\u00e2ncia, com compress\u00e3o zero e alta estabilidade t\u00e9rmica. Todos os componentes s\u00e3o conectados em placas de circuito impresso de dupla espessura, multicamadas, refor\u00e7adas com fibra de vidro e com trilhas de cobre espessas. Todo o cabeamento interno \u00e9 feito de cobre de alta pureza, com cristal combinado, isento de oxig\u00eanio e revestido de prata.<\/p>\n<p>Os drivers foram desenvolvidos durante os seis anos de gesta\u00e7\u00e3o do Evidence Master. O tweeter de c\u00fapula macia de 28 mm \u00e9 protegido por uma prote\u00e7\u00e3o de fio de tit\u00e2nio, possui um painel frontal de liga de alum\u00ednio de 40 mm, uma bobina de voz de fio de alum\u00ednio puro com resfriamento por fluido magn\u00e9tico, uma pe\u00e7a polar ventilada, uma c\u00e2mara traseira de liga de alum\u00ednio com alta dissipa\u00e7\u00e3o de calor e um \u00edm\u00e3 de neod\u00edmio de 72 mm de alta sensibilidade. Os m\u00e9dios de 6&#8243; utilizam um cone de polipropileno moldado em uma \u00fanica pe\u00e7a e uma bobina de voz de alum\u00ednio puro de 38 mm. Cada um dos quatro woofers possui um cone de polipropileno moldado em uma \u00fanica pe\u00e7a de 6,8&#8243;, uma bobina de voz de fio de alum\u00ednio puro de 75 mm e grandes quantidades de material magn\u00e9tico de neod\u00edmio para alta sensibilidade.<\/p>\n<p>Se o Master e o Temptation t\u00eam a mesma apar\u00eancia e usam os mesmos drivers, como a Dynaudio reduziu o pre\u00e7o do Temptation em US$ 55.000 o par? Em primeiro lugar, os gabinetes do Temptation n\u00e3o s\u00e3o modulares, mas sim unidos de f\u00e1brica. Portanto, eles dispensam o sistema de trilhos intertravados e a fia\u00e7\u00e3o externa van den Hul do Evidence Master. (Isso explica por que os Temptations s\u00e3o enviados em duas caixas de transporte longas em vez das oito que me trouxeram as Evidence Masters.) Ainda assim, algumas se\u00e7\u00f5es de alum\u00ednio usinadas em CNC s\u00e3o comuns a ambos os sistemas: o defletor de m\u00e9dios e tweeter em pe\u00e7a \u00fanica e as hastes ajust\u00e1veis \u200b\u200bno ch\u00e3o.<\/p>\n<p>Especifica\u00e7\u00f5es<br \/>\nDescri\u00e7\u00e3o: Alto-falante de ch\u00e3o com cinco vias, oito drivers e carregamento reflex. Unidades de acionamento: dois tweeters de domo macio de 1,1&#8243; (28 mm); duas unidades de m\u00e9dio alcance com cone de polipropileno de 6&#8243; (150 mm), cada uma com bobina de 1,5&#8243; (38 mm); quatro drivers de graves com cone de polipropileno de 8&#8243; com bobinas de 3&#8243; (75 mm) e sistemas magn\u00e9ticos h\u00edbridos. Frequ\u00eancias de crossover: 300 Hz, 500 Hz, 2,3 kHz, 8 kHz. Inclina\u00e7\u00f5es de crossover: 6 dB\/oitava. Frequ\u00eancia de resson\u00e2ncia: 28 Hz. Resposta de frequ\u00eancia: 29 Hz-25 kHz, \u00b13 dB. Sensibilidade: 90 dB\/2,83 V\/m. Imped\u00e2ncia nominal: 4 ohms (3,1-6,1 ohms, \u00e2ngulo de fase de -50 a +26 graus, 20 Hz-20 kHz). Consumo de energia de longo prazo IEC: 500 W em 4 ohms. Requisitos do amplificador: 200 W.<br \/>\nDimens\u00f5es: 78&#8243; (1981 mm) de altura por 7,9&#8243; (201 mm) de largura por 19,3&#8243; (490 mm) de profundidade. Peso: 249 lbs (113 kg).<\/p>\n","protected":false},"excerpt":{"rendered":"<p>ESTADO 9\/10 \u00c0 primeira vista, o Evidence Temptation \u00e9 uma c\u00f3pia fiel do Evidence Master. Ambas s\u00e3o colunas altas e estreitas que proporcionam controle da dispers\u00e3o vertical com reflex\u00f5es m\u00ednimas no ch\u00e3o quando ouvidas de 3 a 14 metros de dist\u00e2ncia. Com exce\u00e7\u00e3o do woofer, cada Temptation utiliza os mesmos drivers, em um arranjo sim\u00e9trico: [&hellip;]<\/p>\n","protected":false},"featured_media":7325,"template":"","meta":{"_acf_changed":false},"product_brand":[],"product_cat":[17,44,18],"product_tag":[],"class_list":{"0":"post-7331","1":"product","2":"type-product","3":"status-publish","4":"has-post-thumbnail","6":"product_cat-caixas","7":"product_cat-dynaudio","8":"product_cat-torres","10":"first","11":"instock","12":"sold-individually","13":"shipping-taxable","14":"purchasable","15":"product-type-simple"},"acf":[],"aioseo_notices":[],"_links":{"self":[{"href":"https:\/\/hificlub.com.br\/loja\/wp-json\/wp\/v2\/product\/7331","targetHints":{"allow":["GET"]}}],"collection":[{"href":"https:\/\/hificlub.com.br\/loja\/wp-json\/wp\/v2\/product"}],"about":[{"href":"https:\/\/hificlub.com.br\/loja\/wp-json\/wp\/v2\/types\/product"}],"wp:featuredmedia":[{"embeddable":true,"href":"https:\/\/hificlub.com.br\/loja\/wp-json\/wp\/v2\/media\/7325"}],"wp:attachment":[{"href":"https:\/\/hificlub.com.br\/loja\/wp-json\/wp\/v2\/media?parent=7331"}],"wp:term":[{"taxonomy":"product_brand","embeddable":true,"href":"https:\/\/hificlub.com.br\/loja\/wp-json\/wp\/v2\/product_brand?post=7331"},{"taxonomy":"product_cat","embeddable":true,"href":"https:\/\/hificlub.com.br\/loja\/wp-json\/wp\/v2\/product_cat?post=7331"},{"taxonomy":"product_tag","embeddable":true,"href":"https:\/\/hificlub.com.br\/loja\/wp-json\/wp\/v2\/product_tag?post=7331"}],"curies":[{"name":"wp","href":"https:\/\/api.w.org\/{rel}","templated":true}]}}