{"id":726,"date":"2023-10-17T19:52:45","date_gmt":"2023-10-17T22:52:45","guid":{"rendered":"https:\/\/hificlub.com.br\/loja2\/produto\/wyred-4-sound-dac2-digital-preamp\/"},"modified":"2025-12-16T15:46:50","modified_gmt":"2025-12-16T18:46:50","slug":"wyred-4-sound-dac2-digital-preamp","status":"publish","type":"product","link":"https:\/\/hificlub.com.br\/loja\/produto\/wyred-4-sound-dac2-digital-preamp\/","title":{"rendered":"WYRED 4 SOUND DAC2  Digital Preamp"},"content":{"rendered":"<p>O DAC-2 \u00e9 o principal esfor\u00e7o da Wyred 4 Sound, embora seja vendido diretamente por um pre\u00e7o muito diferente de US $ 1.499.\u00a0Dispon\u00edvel em sua escolha de preto ou prata, o DAC-2 \u00e9 uma pe\u00e7a lindamente despretensiosa que parece muito melhor pessoalmente do que nas fotografias.\u00a0Tamb\u00e9m \u00e9 maior pessoalmente do que parece nas fotografias, medindo 20 cm de largura por pouco mais de 10 cm de altura e 13,5 cm de profundidade.\u00a0Tamb\u00e9m n\u00e3o \u00e9 leve, pesando 16 libras, o que para um DAC pode ser 100. Ainda assim, sua constru\u00e7\u00e3o \u00e9 s\u00f3lida, suas op\u00e7\u00f5es de conex\u00e3o, \u00e0s quais chegarei em um segundo, s\u00e3o de alto n\u00edvel qualidade e seu conjunto de recursos \u00e9 mais parecido com o que voc\u00ea esperaria de um pr\u00e9-amplificador do que seu DAC comum.\u00a0H\u00e1 uma raz\u00e3o para isso, \u00e9 claro: \u00e9 porque o DAC-2 tamb\u00e9m \u00e9\u00a0<a href=\"https:\/\/hometheaterreview-com.translate.goog\/home-theater-av-preamplifier-reviews-and-information\/?_x_tr_sl=en&amp;_x_tr_tl=pt&amp;_x_tr_hl=pt-BR&amp;_x_tr_pto=sc\" target=\"_blank\" rel=\"sponsored noopener\" data-lasso-id=\"21024\">um pr\u00e9-amplificador<\/a>\u00a0.<\/p>\n<p>Quanto \u00e0s op\u00e7\u00f5es de entrada\/sa\u00edda, o DAC-2 possui duas entradas digitais coaxiais, duas entradas de \u00e1udio \u00f3ptico, uma entrada AES\/EBU, uma entrada 1S2 (via cabo HDMI n\u00e3o padr\u00e3o) e uma entrada USB ass\u00edncrona de 24 bits e 192kHz.\u00a0Uma palavra sobre as entradas digitais e USB do DAC-2: as entradas digitais coaxiais s\u00e3o capazes de aceitar sinais de at\u00e9 32 bits de comprimento e 200 kHz de frequ\u00eancia, enquanto as entradas \u00f3pticas s\u00f3 podem lidar com at\u00e9 176,4 kHz devido \u00e0s limita\u00e7\u00f5es do propriedades de transmiss\u00e3o do formato.\u00a0A entrada USB do DAC-2 pode lidar com sinais de 24 bits, 192 kHz.\u00a0As sa\u00eddas incluem um par de sa\u00eddas de \u00e1udio n\u00e3o balanceadas e balanceadas (design verdadeiramente balanceado).\u00a0Existe at\u00e9 um bypass de home theater por meio de um par de entradas desbalanceadas.\u00a0Um cabo de alimenta\u00e7\u00e3o destac\u00e1vel e um gatilho de 12 volts completam as op\u00e7\u00f5es de conex\u00e3o do DAC-2.<\/p>\n<p>Sob o cap\u00f4, o DAC-2 emprega um chip DAC de 32 bits ESS Reference Audio (ES9018).\u00a0O chip ESS \u00e9 um design de oito canais, utilizando quatro circuitos de convers\u00e3o DA diferenciais por canal, tornando-o um design quad-diferencial.\u00a0Isso permite ao DAC-2 uma rela\u00e7\u00e3o sinal-ru\u00eddo mais baixa, bem como maior capacidade de acionamento de sa\u00edda.\u00a0O Wyred 4 Sound usa est\u00e1gios de sa\u00edda propriet\u00e1rios para melhorar a capacidade s\u00f4nica, juntamente com um ESS Time Domain Jitter Eliminator.\u00a0O DAC-2 superamostra automaticamente todos os sinais de entrada e suas placas digitais, de sa\u00edda e USB podem ser atualizadas no futuro, caso a tecnologia melhore ou mude.\u00a0O DAC-2 possui um transformador torrodial superdimensionado, mais de 115.000uF de capacit\u00e2ncia, bem como 88.000uF de filtragem atrav\u00e9s do &#8220;super-cap&#8221; Wyred 4 Sound Low ESR.<\/p>\n<p>Todas as v\u00e1rias fun\u00e7\u00f5es e recursos do DAC-2 podem ser controlados por meio de seus controles r\u00edgidos ou pelo\u00a0<a href=\"https:\/\/hometheaterreview-com.translate.goog\/remotes-system-control-reviews\/?_x_tr_sl=en&amp;_x_tr_tl=pt&amp;_x_tr_hl=pt-BR&amp;_x_tr_pto=sc\" target=\"_blank\" rel=\"sponsored noopener\" data-lasso-id=\"21025\">controle remoto<\/a>\u00a0.\u00a0O controle remoto inclu\u00eddo possui controles para energia, equil\u00edbrio, passagem de home theater, volume, brilho da tela, sele\u00e7\u00e3o de entrada, fase e mudo.\u00a0Embora despretensioso e sem retroilumina\u00e7\u00e3o, o controle remoto DAC-2 n\u00e3o \u00e9 nada sen\u00e3o funcional e uma adi\u00e7\u00e3o bem-vinda para um DAC dessa magnitude.<\/p>\n<p>ESS Reference audio (ES9018) 32 bit DAC W4S proprietary discrete output stages for optimum sonics ESS Time Domain Jitter Eliminator\u00ae Automatic oversampling for precise output filtering Fully balanced design with balanced and unbalanced outputs Upgradable Digital, Output, and USB boards (designed for future improvements) Oversized toroidal transformer for solid and noise-free power 88,000uF of filtering with W4S low ESR &#8220;super-cap&#8221; (same as used in the STP-SE) VFD display for input, sample rate, volume control, and configuration viewing Remote control with features such as balance control and phase inversion Defeatable &#8211; 32 bit volume control HT Bypass inputs (selectable via DC trigger) 2x Coax inputs 2x Toslink inputs 1x AES\/EBU input 1x Balanced I2S input via HDMI cable (not standard HDMI cable format) 24-bit 192kHz Asynchronous USB input Proprietary drivers for 32\/64 bit Windows XP, Vista, 7 and Mac OS 10.4, 10.5 ,10.6 Factory selectable mains 115\/230VAC Compact size (8.5&#8243;W x 4.125&#8243;H x 13.5&#8243;D) 14 lbs.<\/p>\n","protected":false},"excerpt":{"rendered":"<p>O DAC-2 \u00e9 o principal esfor\u00e7o da Wyred 4 Sound, embora seja vendido diretamente por um pre\u00e7o muito diferente de US $ 1.499.\u00a0Dispon\u00edvel em sua escolha de preto ou prata, o DAC-2 \u00e9 uma pe\u00e7a lindamente despretensiosa que parece muito melhor pessoalmente do que nas fotografias.\u00a0Tamb\u00e9m \u00e9 maior pessoalmente do que parece nas fotografias, medindo [&hellip;]<\/p>\n","protected":false},"featured_media":720,"template":"","meta":{"_acf_changed":false},"product_brand":[],"product_cat":[43,41,97],"product_tag":[],"class_list":{"0":"post-726","1":"product","2":"type-product","3":"status-publish","4":"has-post-thumbnail","6":"product_cat-dac","7":"product_cat-digital","8":"product_cat-wyred-4-sound","10":"first","11":"instock","12":"sold-individually","13":"shipping-taxable","14":"purchasable","15":"product-type-simple"},"acf":[],"aioseo_notices":[],"_links":{"self":[{"href":"https:\/\/hificlub.com.br\/loja\/wp-json\/wp\/v2\/product\/726","targetHints":{"allow":["GET"]}}],"collection":[{"href":"https:\/\/hificlub.com.br\/loja\/wp-json\/wp\/v2\/product"}],"about":[{"href":"https:\/\/hificlub.com.br\/loja\/wp-json\/wp\/v2\/types\/product"}],"wp:featuredmedia":[{"embeddable":true,"href":"https:\/\/hificlub.com.br\/loja\/wp-json\/wp\/v2\/media\/720"}],"wp:attachment":[{"href":"https:\/\/hificlub.com.br\/loja\/wp-json\/wp\/v2\/media?parent=726"}],"wp:term":[{"taxonomy":"product_brand","embeddable":true,"href":"https:\/\/hificlub.com.br\/loja\/wp-json\/wp\/v2\/product_brand?post=726"},{"taxonomy":"product_cat","embeddable":true,"href":"https:\/\/hificlub.com.br\/loja\/wp-json\/wp\/v2\/product_cat?post=726"},{"taxonomy":"product_tag","embeddable":true,"href":"https:\/\/hificlub.com.br\/loja\/wp-json\/wp\/v2\/product_tag?post=726"}],"curies":[{"name":"wp","href":"https:\/\/api.w.org\/{rel}","templated":true}]}}