{"id":7204,"date":"2024-01-02T17:55:57","date_gmt":"2024-01-02T20:55:57","guid":{"rendered":"https:\/\/hificlub.com.br\/loja\/?post_type=product&#038;p=7204"},"modified":"2026-03-03T22:18:41","modified_gmt":"2026-03-04T01:18:41","slug":"akg-k275-fone-de-ouvido-profissional-over-ear","status":"publish","type":"product","link":"https:\/\/hificlub.com.br\/loja\/produto\/akg-k275-fone-de-ouvido-profissional-over-ear\/","title":{"rendered":"AKG K275  Fone de Ouvido Profissional Over Ear"},"content":{"rendered":"<p>Descri\u00e7\u00e3o do produto<br \/>\nO lend\u00e1rio desempenho s\u00f4nico AKG<br \/>\nDando sequ\u00eancia a um legado de 70 anos de constante inova\u00e7\u00e3o em design, a AKG oferece conforto e qualidade de som incompar\u00e1veis em sua nova linha de Headphones de Studio dobr\u00e1vel. O novo K275 \u00e9 resultado de d\u00e9cadas de aperfei\u00e7oamento em transdutores, conforto, praticidade e acabamento.<\/p>\n<p>Voc\u00ea pode tirar fones de ouvido do est\u00fadio &#8230;<br \/>\n\u2026mas n\u00e3o pode tirar o Studio destes Headphones. Agora ficou ainda mais f\u00e1cil de levar a qualidade de Studio com voc\u00ea. Com o K275, sinta-se como se estivesse sentado em frente a um poderoso monitor de refer\u00eancia de alta defini\u00e7\u00e3o. Os tr\u00eas modelos de Headphone dobr\u00e1vel de Studio AKG (K175, K245, K275) oferecem a melhor resposta de frequ\u00eancia do mercado, uma incompar\u00e1vel defini\u00e7\u00e3o nos detalhes, tornando f\u00e1cil a mixagem e reprodu\u00e7\u00e3o em diferentes sistemas de som. Sua sensibilidade superior e baixa imped\u00e2ncia garantem m\u00e1xima sa\u00edda antes da distor\u00e7\u00e3o, de forma a se adequar mesmo ao uso para reprodu\u00e7\u00e3o de m\u00fasicas em aparelhos port\u00e1teis de baixa pot\u00eancia.<\/p>\n<p>Voc\u00ea nunca escutou um Grave assim<br \/>\nQuando se leva a s\u00e9rio edi\u00e7\u00e3o e mixagem de m\u00fasica, procura-se algo a mais do que apenas batidas graves nos fones de ouvido. \u00c9 preciso ouvir tamb\u00e9m os contrastes de baixa frequ\u00eancia. O K275 oferece transdutores de 50 mm, os maiores da categoria, respons\u00e1veis por garantir uma maior extens\u00e3o e reprodu\u00e7\u00e3o das baixas frequ\u00eancias. Isso torna ainda mais f\u00e1cil definir quais instrumentos est\u00e3o sendo ouvidos.<\/p>\n<p>Especifica\u00e7\u00f5es Gerais<br \/>\nTamanho do driver (mm)50<br \/>\nSensibilidade (dB SPL\/V @ 1 kHz)109<br \/>\nImped\u00e2ncia nominal Ohms 32<br \/>\nLargura de banda da frequ\u00eancia de \u00e1udio (Hz)16 &#8211; 28000<br \/>\nComprimento do cabo (m)5<br \/>\nEspecifica\u00e7\u00f5es de \u00c1udio<br \/>\nLargura de banda da frequ\u00eancia de \u00e1udio16 &#8211; 28000 Hz<br \/>\nPeso<br \/>\n(oz)10.4<br \/>\n(g)295<br \/>\nCabo<br \/>\nDestac\u00e1vel<br \/>\nEstilo de uso<br \/>\nOver-earSim<br \/>\nUso<br \/>\nMonitoramento do est\u00fadio<br \/>\nSom de alta-fidelidade<br \/>\nDispositivos m\u00f3veis<br \/>\nBateristas<br \/>\nTipo de fone<br \/>\nFechado<br \/>\nCaracter\u00edsticas<br \/>\nAlmofadas substitu\u00edveis<br \/>\nFundo fechado<br \/>\nOver-ear<br \/>\nCabo remov\u00edvel<\/p>\n","protected":false},"excerpt":{"rendered":"<p>Descri\u00e7\u00e3o do produto O lend\u00e1rio desempenho s\u00f4nico AKG Dando sequ\u00eancia a um legado de 70 anos de constante inova\u00e7\u00e3o em design, a AKG oferece conforto e qualidade de som incompar\u00e1veis em sua nova linha de Headphones de Studio dobr\u00e1vel. O novo K275 \u00e9 resultado de d\u00e9cadas de aperfei\u00e7oamento em transdutores, conforto, praticidade e acabamento. Voc\u00ea [&hellip;]<\/p>\n","protected":false},"featured_media":20696,"template":"","meta":{"_acf_changed":false},"product_brand":[],"product_cat":[89,254,107],"product_tag":[],"class_list":{"0":"post-7204","1":"product","2":"type-product","3":"status-publish","4":"has-post-thumbnail","6":"product_cat-acessorios","7":"product_cat-akg","8":"product_cat-fones-de-ouvido","10":"first","11":"instock","12":"sold-individually","13":"shipping-taxable","14":"purchasable","15":"product-type-simple"},"acf":[],"aioseo_notices":[],"_links":{"self":[{"href":"https:\/\/hificlub.com.br\/loja\/wp-json\/wp\/v2\/product\/7204","targetHints":{"allow":["GET"]}}],"collection":[{"href":"https:\/\/hificlub.com.br\/loja\/wp-json\/wp\/v2\/product"}],"about":[{"href":"https:\/\/hificlub.com.br\/loja\/wp-json\/wp\/v2\/types\/product"}],"wp:featuredmedia":[{"embeddable":true,"href":"https:\/\/hificlub.com.br\/loja\/wp-json\/wp\/v2\/media\/20696"}],"wp:attachment":[{"href":"https:\/\/hificlub.com.br\/loja\/wp-json\/wp\/v2\/media?parent=7204"}],"wp:term":[{"taxonomy":"product_brand","embeddable":true,"href":"https:\/\/hificlub.com.br\/loja\/wp-json\/wp\/v2\/product_brand?post=7204"},{"taxonomy":"product_cat","embeddable":true,"href":"https:\/\/hificlub.com.br\/loja\/wp-json\/wp\/v2\/product_cat?post=7204"},{"taxonomy":"product_tag","embeddable":true,"href":"https:\/\/hificlub.com.br\/loja\/wp-json\/wp\/v2\/product_tag?post=7204"}],"curies":[{"name":"wp","href":"https:\/\/api.w.org\/{rel}","templated":true}]}}