{"id":7132,"date":"2024-01-02T17:55:44","date_gmt":"2024-01-02T20:55:44","guid":{"rendered":"https:\/\/hificlub.com.br\/loja\/?post_type=product&#038;p=7132"},"modified":"2024-12-30T07:49:37","modified_gmt":"2024-12-30T10:49:37","slug":"anthem-mrx-520-5-2-4k-100-watts-hdr10-network","status":"publish","type":"product","link":"https:\/\/hificlub.com.br\/loja\/produto\/anthem-mrx-520-5-2-4k-100-watts-hdr10-network\/","title":{"rendered":"ANTHEM MRX-520 5.2 4K 100 watts HDR10 Network"},"content":{"rendered":"<p>ESTADO 9\/10<\/p>\n<p>Experimente a pot\u00eancia de tirar o f\u00f4lego e a flexibilidade multicanal da NOVA s\u00e9rie MRX de receptores AV de terceira gera\u00e7\u00e3o da Anthem.<br \/>\nA premiada S\u00e9rie MRX de Terceira Gera\u00e7\u00e3o de receptores A\/V multicanal de ponta da Anthem \u00e9 conhecida no mundo todo por sua excelente qualidade de som, manuseio eficiente de energia e facilidade de integra\u00e7\u00e3o em um sistema de entretenimento. A S\u00e9rie MRX \u00e9 repleta de inova\u00e7\u00f5es de \u00e1udio exclusivas, como a Tecnologia Anthem Room Correction (ARC) e a Tecnologia Advanced Load Monitoring (ALM), 4K Pass-Through com r\u00e1pida comuta\u00e7\u00e3o HDMI e muito mais.<\/p>\n<p>5.2 Pr\u00e9-amplificador e 5 canais de amplificador<br \/>\nCorre\u00e7\u00e3o da sala de hinos ARC\u2122<br \/>\n4 Mem\u00f3rias de Perfil de Palestrante<br \/>\nDois Sub Out Jacks (paralelos)<br \/>\nConversores D\/A de sa\u00edda diferencial premium de 32 bits \/ 768 kHz<br \/>\nHDMI e v\u00eddeo<br \/>\nHDMI 2.0a<br \/>\nHDCP 2.2<br \/>\nSubamostragem 4:4:4 em 4K60 (18,2 Gbps)<br \/>\nAlta Faixa Din\u00e2mica (HDR)<br \/>\nCompat\u00edvel com Dolby Vision\u2122<br \/>\nLog Gamma H\u00edbrido (HLG)<br \/>\nGama de cores BT.2020<br \/>\nExibi\u00e7\u00e3o na tela com 4K 50\/60<br \/>\nComuta\u00e7\u00e3o 4K 50\/60<\/p>\n<p>Monitoramento Avan\u00e7ado de Carga (ALM)<br \/>\nSintonizador FM<br \/>\nBaixo consumo de energia no modo de espera<br \/>\nAplicativo de controle remoto para iOS (Apple) e Android (em breve!)<br \/>\nDecodifica\u00e7\u00e3o<br \/>\nDolby TrueHD<br \/>\n\u00c1udio mestre DTS-HD<br \/>\nModos de escuta<br \/>\nAnthemLogic \u2013 (5.2 canais com MRX 520)<br \/>\nSom ambiente Dolby<br \/>\nDolby Pro Logic II no MRX 520<br \/>\nDTS Neo:6 \u2013 Cinema, M\u00fasica<br \/>\nTodos os canais \u2013 Est\u00e9reo para todos os alto-falantes<br \/>\nEntradas<br \/>\n7 entradas HDMI (7 entradas traseiras no MRX 520)<br \/>\nEntradas de \u00e1udio digital: 2 coaxiais + 3 \u00f3pticas<br \/>\n5 entradas RCA anal\u00f3gicas est\u00e9reo<br \/>\nExibi\u00e7\u00e3o na tela HDMI \u2013 configura\u00e7\u00e3o, ajustes de v\u00eddeo, status, informa\u00e7\u00f5es sobre m\u00fasica\/artista de esta\u00e7\u00f5es de r\u00e1dio<br \/>\nEntradas suportadas por MHL<br \/>\nxvYCC, Adobe RGB, Adobe YCC601, sYCC601, Cor profunda<br \/>\n2 Sa\u00eddas Paralelas<br \/>\nControle Eletr\u00f4nico do Consumidor (CEC)<br \/>\nCanal de retorno de \u00e1udio<br \/>\nPassagem de espera<br \/>\nInstala\u00e7\u00e3o personalizada<br \/>\nControle de IP<br \/>\nControle RS-232<br \/>\nEntrada IR (configur\u00e1vel)<br \/>\nSa\u00edda de gatilho de 12 V<br \/>\nDrivers do sistema de controle<br \/>\nCaracter\u00edsticas adicionais<br \/>\nControle remoto retroiluminado<br \/>\nKit de rack de montagem lateral (vendido separadamente)<\/p>\n","protected":false},"excerpt":{"rendered":"<p>ESTADO 9\/10 Experimente a pot\u00eancia de tirar o f\u00f4lego e a flexibilidade multicanal da NOVA s\u00e9rie MRX de receptores AV de terceira gera\u00e7\u00e3o da Anthem. A premiada S\u00e9rie MRX de Terceira Gera\u00e7\u00e3o de receptores A\/V multicanal de ponta da Anthem \u00e9 conhecida no mundo todo por sua excelente qualidade de som, manuseio eficiente de energia [&hellip;]<\/p>\n","protected":false},"featured_media":19286,"template":"","meta":{"_acf_changed":false},"product_brand":[],"product_cat":[214,215,210,21,213,216,219,212,22,211],"product_tag":[],"class_list":{"0":"post-7132","1":"product","2":"type-product","3":"status-publish","4":"has-post-thumbnail","6":"product_cat-elipson","7":"product_cat-genesis","8":"product_cat-hifi-rose","9":"product_cat-home-theater","10":"product_cat-mofi","11":"product_cat-octave","12":"product_cat-pass-labs","13":"product_cat-reavon","14":"product_cat-receivers","15":"product_cat-verity-audio","17":"first","18":"instock","19":"sold-individually","20":"shipping-taxable","21":"purchasable","22":"product-type-simple"},"acf":[],"aioseo_notices":[],"_links":{"self":[{"href":"https:\/\/hificlub.com.br\/loja\/wp-json\/wp\/v2\/product\/7132","targetHints":{"allow":["GET"]}}],"collection":[{"href":"https:\/\/hificlub.com.br\/loja\/wp-json\/wp\/v2\/product"}],"about":[{"href":"https:\/\/hificlub.com.br\/loja\/wp-json\/wp\/v2\/types\/product"}],"wp:featuredmedia":[{"embeddable":true,"href":"https:\/\/hificlub.com.br\/loja\/wp-json\/wp\/v2\/media\/19286"}],"wp:attachment":[{"href":"https:\/\/hificlub.com.br\/loja\/wp-json\/wp\/v2\/media?parent=7132"}],"wp:term":[{"taxonomy":"product_brand","embeddable":true,"href":"https:\/\/hificlub.com.br\/loja\/wp-json\/wp\/v2\/product_brand?post=7132"},{"taxonomy":"product_cat","embeddable":true,"href":"https:\/\/hificlub.com.br\/loja\/wp-json\/wp\/v2\/product_cat?post=7132"},{"taxonomy":"product_tag","embeddable":true,"href":"https:\/\/hificlub.com.br\/loja\/wp-json\/wp\/v2\/product_tag?post=7132"}],"curies":[{"name":"wp","href":"https:\/\/api.w.org\/{rel}","templated":true}]}}