{"id":7036,"date":"2024-01-02T17:55:20","date_gmt":"2024-01-02T20:55:20","guid":{"rendered":"https:\/\/hificlub.com.br\/loja\/?post_type=product&#038;p=7036"},"modified":"2026-03-03T22:18:42","modified_gmt":"2026-03-04T01:18:42","slug":"rega-planar-6-com-tt-psu-sem-capsula","status":"publish","type":"product","link":"https:\/\/hificlub.com.br\/loja\/produto\/rega-planar-6-com-tt-psu-sem-capsula\/","title":{"rendered":"REGA PLANAR 6 com TT PSU sem C\u00e1psula"},"content":{"rendered":"<p>O Planar 6 \u00e9 constru\u00eddo em torno do enorme sucesso dos toca-discos RP8 e RP10. \u00c9 o primeiro toca-discos Rega novo a ser constru\u00eddo com um plinto de n\u00facleo de espuma de poliuretano Tancast 8 ultraleve (um material desenvolvido para a ind\u00fastria aeroespacial). Este material \u00e9 intercalado entre um novo HPL (laminado de alta press\u00e3o). O HPL \u00e9 excepcionalmente fino, embora extremamente r\u00edgido, e \u00e9 apresentado em um impressionante cinza fosco Polaris com acabamento em preto de pol\u00edmero de alto brilho.<\/p>\n<p>O Planar 6 agora se beneficia de um \u00fanico prato de alum\u00ednio usinado, um novo motor de 24 V ajustado manualmente e compat\u00edvel com sua pr\u00f3pria fonte de alimenta\u00e7\u00e3o NEO e polia de transmiss\u00e3o personalizada equipada com nossa correia de transmiss\u00e3o de atualiza\u00e7\u00e3o como padr\u00e3o.<\/p>\n<p>A Neo PSU usa o gerador RP10 DSP (processamento de sinal digital) constru\u00eddo sobre um cristal de alta estabilidade. O gerador DSP dividir\u00e1 o sinal preciso do cristal para a frequ\u00eancia exata necess\u00e1ria para girar o prato na velocidade selecionada. O gerador DSP tamb\u00e9m produzir\u00e1 uma forma de onda sinusoidal quase perfeita para acionar o motor. Isso, junto com um amplificador de acionamento eficiente, gera um sinal balanceado de 24 V CA com menos de 0,15% de distor\u00e7\u00e3o, que n\u00e3o \u00e9 afetado por nenhuma altera\u00e7\u00e3o na tens\u00e3o e condi\u00e7\u00f5es da rede el\u00e9trica\/linha. Isso ent\u00e3o aciona o circuito antivibra\u00e7\u00e3o do toca-discos, que est\u00e1 situado abaixo do toca-discos.<\/p>\n<p>NOTA IMPORTANTE: Todos os novos Planar 6 ser\u00e3o enviados usando a nova correia de transmiss\u00e3o EBLT avan\u00e7ada no lugar da correia de atualiza\u00e7\u00e3o branca. Esta nova correia \u00e9 preta e cil\u00edndrica, e oferece estabilidade de velocidade muito melhorada.<\/p>\n<p>Caracter\u00edsticas<br \/>\nFonte de alimenta\u00e7\u00e3o TT PSU<br \/>\nRodap\u00e9 com n\u00facleo de espuma super leve<br \/>\nLaminado de rodap\u00e9: Novo Polaris HPL (laminado de alta press\u00e3o). Acabamento fosco antimarcas, pele de alta rigidez resistente a arranh\u00f5es<br \/>\nDispon\u00edvel em um acabamento fosco &#8216;Polaris Grey&#8217; com acabamento de borda de pol\u00edmero preto de alto brilho<br \/>\nNova correia de transmiss\u00e3o EBLT avan\u00e7ada no lugar da correia de atualiza\u00e7\u00e3o branca<br \/>\nBandeja de vidro float transparente\/fumado de camada dupla personalizada<br \/>\nSub-prato de alum\u00ednio de pe\u00e7a \u00fanica<br \/>\nPolia de transmiss\u00e3o de alta precis\u00e3o usinada sob medida<br \/>\nCubo central de lat\u00e3o com fric\u00e7\u00e3o ultrabaixa, com patente pendente<br \/>\nTecnologia de suporte duplo da Rega, com bra\u00e7os de alum\u00ednio personalizados e pilares de cubo para garantir m\u00e1xima rigidez e precis\u00e3o<br \/>\nBra\u00e7o de precis\u00e3o artesanal RB330 com peso de a\u00e7o inoxid\u00e1vel personalizado<br \/>\nNovo motor s\u00edncrono de baixo ru\u00eddo Rega 24v de alta especifica\u00e7\u00e3o \u2013 cada motor combinado manualmente com sua pr\u00f3pria PSU NEO, garantindo controle antivibra\u00e7\u00e3o ideal<br \/>\nNova capa protetora contra poeira fum\u00ea<br \/>\nNovos acabamentos de alum\u00ednio para os p\u00e9s e p\u00e9s estilo Planar<br \/>\nDispon\u00edvel com cartucho Ania MC instalado de f\u00e1brica \/ Desconto dispon\u00edvel quando instalado de f\u00e1brica<\/p>\n<p>Especifica\u00e7\u00f5es<br \/>\nDimens\u00f5es<br \/>\nPlataforma girat\u00f3ria (com tampa protetora contra poeira instalada) (WDH): 17,6&#8243; x 14,4&#8243; x 4,7&#8243; (448 x 365 x 120 mm)<br \/>\nPeso: 11,46 lb (5,2 kg)<\/p>\n<p>PSU (WDH): 7&#8243; x 6,1&#8243; x 2&#8243; (180 x 155 x 50 mm)<br \/>\nPeso: 1,32 lb (0,6 kg)<\/p>\n","protected":false},"excerpt":{"rendered":"<p>O Planar 6 \u00e9 constru\u00eddo em torno do enorme sucesso dos toca-discos RP8 e RP10. \u00c9 o primeiro toca-discos Rega novo a ser constru\u00eddo com um plinto de n\u00facleo de espuma de poliuretano Tancast 8 ultraleve (um material desenvolvido para a ind\u00fastria aeroespacial). Este material \u00e9 intercalado entre um novo HPL (laminado de alta press\u00e3o). [&hellip;]<\/p>\n","protected":false},"featured_media":17515,"template":"","meta":{"_acf_changed":false},"product_brand":[],"product_cat":[78,55,98],"product_tag":[],"class_list":{"0":"post-7036","1":"product","2":"type-product","3":"status-publish","4":"has-post-thumbnail","6":"product_cat-analogico-audio","7":"product_cat-rega","8":"product_cat-toca-discos","10":"first","11":"instock","12":"sold-individually","13":"shipping-taxable","14":"purchasable","15":"product-type-simple"},"acf":[],"aioseo_notices":[],"_links":{"self":[{"href":"https:\/\/hificlub.com.br\/loja\/wp-json\/wp\/v2\/product\/7036","targetHints":{"allow":["GET"]}}],"collection":[{"href":"https:\/\/hificlub.com.br\/loja\/wp-json\/wp\/v2\/product"}],"about":[{"href":"https:\/\/hificlub.com.br\/loja\/wp-json\/wp\/v2\/types\/product"}],"wp:featuredmedia":[{"embeddable":true,"href":"https:\/\/hificlub.com.br\/loja\/wp-json\/wp\/v2\/media\/17515"}],"wp:attachment":[{"href":"https:\/\/hificlub.com.br\/loja\/wp-json\/wp\/v2\/media?parent=7036"}],"wp:term":[{"taxonomy":"product_brand","embeddable":true,"href":"https:\/\/hificlub.com.br\/loja\/wp-json\/wp\/v2\/product_brand?post=7036"},{"taxonomy":"product_cat","embeddable":true,"href":"https:\/\/hificlub.com.br\/loja\/wp-json\/wp\/v2\/product_cat?post=7036"},{"taxonomy":"product_tag","embeddable":true,"href":"https:\/\/hificlub.com.br\/loja\/wp-json\/wp\/v2\/product_tag?post=7036"}],"curies":[{"name":"wp","href":"https:\/\/api.w.org\/{rel}","templated":true}]}}