{"id":7028,"date":"2024-01-02T17:55:18","date_gmt":"2024-01-02T20:55:18","guid":{"rendered":"https:\/\/hificlub.com.br\/loja\/?post_type=product&#038;p=7028"},"modified":"2026-03-03T22:18:42","modified_gmt":"2026-03-04T01:18:42","slug":"rega-fono-mm-mk3","status":"publish","type":"product","link":"https:\/\/hificlub.com.br\/loja\/produto\/rega-fono-mm-mk3\/","title":{"rendered":"REGA FONO MM MK5"},"content":{"rendered":"<p>O est\u00e1gio phono Fono MM MK5 foi projetado para ser eficaz, f\u00e1cil de usar e, acima de tudo, para reproduzir m\u00fasica. O Fono MM MK5 usa um est\u00e1gio de entrada de amplificador complementar, em cascata e totalmente discreto, uma configura\u00e7\u00e3o projetada para otimizar o desempenho do seu cartucho de \u00edm\u00e3 m\u00f3vel. Agora alojado em um novo case redesenhado para combinar com o novo Fono MC e a mais recente linha de componentes eletr\u00f4nicos da Rega, oferecendo um visual moderno garantido para integrar-se a qualquer sistema de alta fidelidade.<\/p>\n<p>O parceiro perfeito<br \/>\nO design est\u00e9tico do Fono MM era t\u00e3o importante quanto a qualidade de suas capacidades el\u00e9tricas, ent\u00e3o ele se beneficia do mesmo case de alum\u00ednio atualizado que o Rega Neo e o amplificador Fono MC, dando a ele um design que oferece uma sensa\u00e7\u00e3o familiar e, al\u00e9m disso, o alinha com seus ilustres irm\u00e3os maiores. A equaliza\u00e7\u00e3o RIAA foi dividida em dois est\u00e1gios para minimizar a intera\u00e7\u00e3o. Capacitores de poli\u00e9ster foram usados \u200b\u200bno caminho do sinal e capacitores de polipropileno s\u00e3o usados \u200b\u200bnos circuitos de equaliza\u00e7\u00e3o RIAA.<\/p>\n<p>Concession\u00e1rios do Reino Unido Distribuidores Globais<br \/>\nPrincipais caracter\u00edsticas<br \/>\nPalco Moving Magnet dedicado<br \/>\nConectividade e opera\u00e7\u00e3o simples<br \/>\nDesign de caixa personalizado<br \/>\nEqualiza\u00e7\u00e3o RIAA de dois est\u00e1gios<\/p>\n<p><strong>Revista WHAT HIFI ?<\/strong>\u00a0 \u00a0Vencedor do pr\u00eamio 2017\/2018\/2019\/2020\/2021<\/p>\n<p>&nbsp;<\/p>\n<p><strong>ESPECIFICA\u00c7\u00d5ES<\/strong><\/p>\n<p>Sensibilidade de entrada<br \/>\n1,7 mV para sa\u00edda de 200 mV<\/p>\n<p>Carregamento de entrada<br \/>\n47 k\u03a9 em paralelo com 100 pF<\/p>\n<p>N\u00edvel m\u00e1ximo de entrada<br \/>\n60 mV a 1 kHz<\/p>\n<p>Ganho<br \/>\n41,4 dB a 1 kHz<\/p>\n<p>Imped\u00e2ncia de sa\u00edda<br \/>\n200 ohms<\/p>\n<p>Resist\u00eancia de carga de sa\u00edda m\u00ednima recomendada<br \/>\n5 k\u03a9<\/p>\n<p>Resposta de frequ\u00eancia (carga de sa\u00edda de 50 K\u03a9)<br \/>\n15 Hz (-3 dB) a 100 kHz (-0,2 dB)<\/p>\n<p>Precis\u00e3o RIAA (carga de sa\u00edda de 50 k\u03a9)<br \/>\nMelhor que \u00b10,2 dB 100 Hz a 100 kHz<\/p>\n<p>Requisitos de energia<br \/>\n24 V CA a 80 mA m\u00e1ximo<\/p>\n","protected":false},"excerpt":{"rendered":"<p>O est\u00e1gio phono Fono MM MK5 foi projetado para ser eficaz, f\u00e1cil de usar e, acima de tudo, para reproduzir m\u00fasica. O Fono MM MK5 usa um est\u00e1gio de entrada de amplificador complementar, em cascata e totalmente discreto, uma configura\u00e7\u00e3o projetada para otimizar o desempenho do seu cartucho de \u00edm\u00e3 m\u00f3vel. Agora alojado em um [&hellip;]<\/p>\n","protected":false},"featured_media":22540,"template":"","meta":{"_acf_changed":false},"product_brand":[],"product_cat":[78,79,55],"product_tag":[],"class_list":{"0":"post-7028","1":"product","2":"type-product","3":"status-publish","4":"has-post-thumbnail","6":"product_cat-analogico-audio","7":"product_cat-pre-de-phono","8":"product_cat-rega","10":"first","11":"outofstock","12":"sold-individually","13":"shipping-taxable","14":"purchasable","15":"product-type-simple"},"acf":[],"aioseo_notices":[],"_links":{"self":[{"href":"https:\/\/hificlub.com.br\/loja\/wp-json\/wp\/v2\/product\/7028","targetHints":{"allow":["GET"]}}],"collection":[{"href":"https:\/\/hificlub.com.br\/loja\/wp-json\/wp\/v2\/product"}],"about":[{"href":"https:\/\/hificlub.com.br\/loja\/wp-json\/wp\/v2\/types\/product"}],"wp:featuredmedia":[{"embeddable":true,"href":"https:\/\/hificlub.com.br\/loja\/wp-json\/wp\/v2\/media\/22540"}],"wp:attachment":[{"href":"https:\/\/hificlub.com.br\/loja\/wp-json\/wp\/v2\/media?parent=7028"}],"wp:term":[{"taxonomy":"product_brand","embeddable":true,"href":"https:\/\/hificlub.com.br\/loja\/wp-json\/wp\/v2\/product_brand?post=7028"},{"taxonomy":"product_cat","embeddable":true,"href":"https:\/\/hificlub.com.br\/loja\/wp-json\/wp\/v2\/product_cat?post=7028"},{"taxonomy":"product_tag","embeddable":true,"href":"https:\/\/hificlub.com.br\/loja\/wp-json\/wp\/v2\/product_tag?post=7028"}],"curies":[{"name":"wp","href":"https:\/\/api.w.org\/{rel}","templated":true}]}}