{"id":693,"date":"2023-10-17T19:52:37","date_gmt":"2023-10-17T22:52:37","guid":{"rendered":"https:\/\/hificlub.com.br\/loja2\/produto\/meridian-g68-av-preamp-hiend-thx-ultra2-dolby-digital-e-dts\/"},"modified":"2024-10-07T17:14:58","modified_gmt":"2024-10-07T20:14:58","slug":"meridian-g68-av-preamp-hiend-thx-ultra2-dolby-digital-e-dts","status":"publish","type":"product","link":"https:\/\/hificlub.com.br\/loja\/produto\/meridian-g68-av-preamp-hiend-thx-ultra2-dolby-digital-e-dts\/","title":{"rendered":"MERIDIAN G68 AV Preamp HiEnd THX ULTRA2  DOLBY DIGITAL e DTS"},"content":{"rendered":"<p>Estado de Conserva\u00e7\u00e3o: <strong>9\/10<\/strong><\/p>\n<p>Todas as vers\u00f5es do G68 incluem duas entradas digitais S\/PDIF de 6 canais (coaxiais), cinco entradas \u00f3pticas Toslink est\u00e9reo e mais seis entradas digitais coaxiais est\u00e9reo.\u00a0Al\u00e9m disso, h\u00e1 uma entrada anal\u00f3gica de 6 canais e cinco entradas anal\u00f3gicas est\u00e9reo.\u00a0Todas as entradas s\u00e3o reconfigur\u00e1veis \u200b\u200bpara um incr\u00edvel grau de flexibilidade, e as entradas anal\u00f3gicas s\u00e3o convertidas para digitais em alta resolu\u00e7\u00e3o \u2013 24 bits, 96kHz.<\/p>\n<p>O G68 n\u00e3o \u00e9 apenas um processador de \u00e1udio \u2013 as vers\u00f5es de v\u00eddeo tamb\u00e9m o tornam um excelente switcher de v\u00eddeo, com comuta\u00e7\u00e3o de qualidade de transmiss\u00e3o e manuseio de sinal para a imagem da mais alta qualidade que voc\u00ea j\u00e1 viu.\u00a0Existem quatro entradas S-video e duas sa\u00eddas;\u00a0quatro entradas compostas e duas sa\u00eddas;\u00a0e tr\u00eas entradas de componentes com uma sa\u00edda.<\/p>\n<p>O G68 combina fun\u00e7\u00f5es de controlador e processador surround, atendendo \u00e0s mais recentes especifica\u00e7\u00f5es THX Ultra 2 e incluindo decodifica\u00e7\u00e3o MPEG, DTS, Dolby, Trifield e Ambisonic, para citar apenas algumas.\u00a0Os decodificadores consistem exclusivamente em nosso pr\u00f3prio c\u00f3digo, proporcionando uma integra\u00e7\u00e3o superior com a filosofia de design da Meridian, al\u00e9m de um desempenho superior.<\/p>\n<p>O recurso &#8216;Smart Source&#8217; do G68 monitora continuamente as entradas digitais e carrega automaticamente o software de decodifica\u00e7\u00e3o correto para o formato, layout do alto-falante e codifica\u00e7\u00e3o do sinal de entrada. filtros digitais personalizados para suavizar a reverbera\u00e7\u00e3o da sala, limpando o som e melhorando a localiza\u00e7\u00e3o, a imagem e a imers\u00e3o surround.<\/p>\n<p>Caracteristicas:<\/p>\n<ul>\n<li>Desenvolvido a partir do aclamado processador surround 861<\/li>\n<li>O sistema Meridian Room Correction neutraliza as resson\u00e2ncias da sala<\/li>\n<li>Sintonizador AM\/FM com RDS e poderosos recursos DSP<\/li>\n<li>A constru\u00e7\u00e3o modular permite futuras atualiza\u00e7\u00f5es<\/li>\n<li>Op\u00e7\u00f5es digitais, anal\u00f3gicas balanceadas\/desbalanceadas e de v\u00eddeo<\/li>\n<li>Poderoso mecanismo DSP com cinco processadores oferecendo 750MIPS<\/li>\n<li>Entradas anal\u00f3gicas e digitais de 6 canais<\/li>\n<li>Op\u00e7\u00f5es anal\u00f3gicas balanceadas\/desbalanceadas e digitais<\/li>\n<\/ul>\n<table class=\"especificaciones\">\n<tbody>\n<tr>\n<td class=\"espazul\">TODAS AS UNIDADES INCLUEM<\/td>\n<td class=\"espblanco\">Entrada digital (S\/PDIF): 4 x entrada \u00f3ptica, 6 entrada coaxial est\u00e9reo, 2 x entrada coaxial MHR de 6 canais Entrada anal\u00f3gica: 5 x est\u00e9reo, 1 x entrada anal\u00f3gica de 6 canais, n\u00e3o balanceado Sintonizador: AM (onda longa\/m\u00e9dia , 150\u2013285\/525\u20131605 kHz);\u00a0FM (VHF Band II, 87,5\u2013108 MHz), sensibilidade 2,0\u03bcv.\u00a0Espa\u00e7amento e \u00eanfase de canais configur\u00e1veis \u200b\u200bpara EUA\/EUR\/Jap\u00e3o, etc.\u00a0A largura\/combina\u00e7\u00e3o est\u00e9reo FM baseada em DSP reduz o ru\u00eddo em sinais fracos;\u00a0Filtro de apito AM, LPF Zone2\/Tape\/Zone3 \u00c1udio: 2 x sa\u00eddas de \u00e1udio anal\u00f3gicas, 2 x sa\u00eddas digitais.\u00a0BNC Meridian C omms: 2 x Meridian C omms (DIN) Trigger, IR in, USB, controle remoto RS232\/configura\u00e7\u00e3o<\/td>\n<\/tr>\n<tr>\n<td colspan=\"2\">Op\u00e7\u00f5es prim\u00e1rias<\/td>\n<\/tr>\n<tr>\n<td class=\"espazul\">G68D ADICIONA<\/td>\n<td class=\"espblanco\">Sa\u00edda Digital (S\/PDIF): Sa\u00edda surround digital de 10 canais com MHR (5 x phono);\u00a02 x sa\u00edda anal\u00f3gica (phono)<\/td>\n<\/tr>\n<tr>\n<td class=\"espazul\">G68ADV ADICIONA<\/td>\n<td class=\"espblanco\">Sa\u00edda anal\u00f3gica\/digital: sa\u00edda digital de 10 canais com MHR (5 x phono);\u00a08 canais de sa\u00edda anal\u00f3gica.\u00a0V\u00eddeo principal: 2 x sa\u00edda S-Video, 4 x entrada S-Video, 2 x sa\u00edda composta, 4 x entrada composta E\/S de v\u00eddeo componente: 1 x sa\u00edda de v\u00eddeo componente, 3 x entrada de v\u00eddeo componente (phono);\u00a0Gatilho 2, 3;\u00a01 x entrada digital \u00f3ptica adicional multizona A\/V (substitui a sa\u00edda de zona de \u00e1udio): 2 x sa\u00edda S-Video, 2 x sa\u00edda de v\u00eddeo composto, 2 x sa\u00edda de \u00e1udio anal\u00f3gica, 2 x sa\u00edda digital.\u00a0BNC Meridian Comms.<\/td>\n<\/tr>\n<tr>\n<td class=\"espazul\">G68AXV ADICIONA<\/td>\n<td class=\"espblanco\">Sa\u00edda anal\u00f3gica Bal\/Unbal em vez de sa\u00eddas digitais: L, R, C, sa\u00eddas sub balanceadas (XLR-3F) 6 x sa\u00eddas surround, n\u00e3o balanceadas<\/td>\n<\/tr>\n<tr>\n<td class=\"espazul\">G68XXV ADICIONA<\/td>\n<td class=\"espblanco\">Sa\u00edda anal\u00f3gica balanceada em vez das sa\u00eddas listadas: 8 x sa\u00eddas balanceadas, XLR-3F<\/td>\n<\/tr>\n<tr>\n<td class=\"espazul\">EM PROCESSAMENTO<\/td>\n<td class=\"espblanco\">5 x Motorola 56367s rodando a 150MHz para dar um total de aprox.\u00a0750 MIPS (milh\u00f5es de instru\u00e7\u00f5es por segundo).\u00a0aritm\u00e9tica de 48 bits por toda parte.<\/td>\n<\/tr>\n<tr>\n<td class=\"espazul\">CONVERS\u00c3O<\/td>\n<td class=\"espblanco\">Chips conversores Sigma-Delta de 24 bits operando em at\u00e9 96 kHz em entradas e sa\u00eddas anal\u00f3gicas<\/td>\n<\/tr>\n<tr>\n<td class=\"espazul\">ENTRADAS ANAL\u00d3GICAS<\/td>\n<td class=\"espblanco\">0,5\u20132,5Vrms ajust\u00e1vel, imped\u00e2ncia de entrada 20k\u03a9<\/td>\n<\/tr>\n<tr>\n<td class=\"espazul\">SA\u00cdDAS ANAL\u00d3GICAS<\/td>\n<td class=\"espblanco\">Vari\u00e1vel entre 0 e 3,5Vrms, imped\u00e2ncia de sa\u00edda 47\u03a9.\u00a0Distor\u00e7\u00e3o &lt;0,01%.\u00a0Ru\u00eddo e zumbido &lt;-95dB CCIR<\/td>\n<\/tr>\n<tr>\n<td class=\"espazul\">CONTROLES<\/td>\n<td class=\"espblanco\">As teclas program\u00e1veis \u200b\u200bdo painel frontal incluem controle de Origem, Copiar, Silenciar, etc.\u00a0Bot\u00f5es de energia e exibi\u00e7\u00e3o, controle de volume DSP rotativo.\u00a0Controle remoto completo via MSR+, serial.\u00a0Link serial tamb\u00e9m usado para atualiza\u00e7\u00f5es de firmware.\u00a0Configura\u00e7\u00e3o via serial ou painel frontal.\u00a0Gatilho(s) de 12V conforme listado \u00e0 esquerda<\/td>\n<\/tr>\n<tr>\n<td class=\"espazul\">EXIBI\u00c7\u00c3O<\/td>\n<td class=\"espblanco\">Visor fluorescente a v\u00e1cuo de matriz de pontos de v\u00e1rios caracteres<\/td>\n<\/tr>\n<tr>\n<td class=\"espazul\">INDICADORES<\/td>\n<td class=\"espblanco\">teclas do painel frontal retroiluminadas;\u00a0Bot\u00e3o de espera aceso quando desligado<\/td>\n<\/tr>\n<tr>\n<td class=\"espazul\">FORMATOS<\/td>\n<td class=\"espblanco\">Inclui Dolby Digital, DTS, MPEG Surround, THX Ultra 2, THX Surround EX e muito mais<\/td>\n<\/tr>\n<tr>\n<td class=\"espazul\">MODOS DSP<\/td>\n<td class=\"espblanco\">Inclui Direct, Music, Trifield, Ambisonics, Super Stereo, Music Logic, THX, Mono, Discrete, TV Logic, Digital, Digital THX, DTS, DTS THX, DTS Music, MPEG, MPEG THX, MPEG Music, ProLogic IIx Music, ProLogic IIx Filme, ProLogic IIx THX, Cinema.\u00a0Corre\u00e7\u00e3o de quarto meridiano e muito mais<\/td>\n<\/tr>\n<tr>\n<td class=\"espazul\">PODER<\/td>\n<td class=\"espblanco\">Alimenta\u00e7\u00e3o universal 100\u2013240V, 50\u201360 Hz, 25W<\/td>\n<\/tr>\n<tr>\n<td class=\"espazul\">CONSTRU\u00c7\u00c3O<\/td>\n<td class=\"espblanco\">Acabamento em preto ou prata Meridian em metal e vidro<\/td>\n<\/tr>\n<tr>\n<td class=\"espazul\">DIMENS\u00d5ES<\/td>\n<td class=\"espblanco\">Largura: 440 mm (17,32 pol.);\u00a0Profundidade: 350 mm (13,78 pol.) mais conectores;\u00a0Altura: 132 mm (5,2 pol.)<\/td>\n<\/tr>\n<tr>\n<td class=\"espazul\">MONTAGEM EM RACK<\/td>\n<td class=\"espblanco\">Kit dispon\u00edvel em revendedores autorizados Meridian<\/td>\n<\/tr>\n<tr>\n<td class=\"espazul\">PESO<\/td>\n<td class=\"espblanco\">10kg (22lbs)<\/td>\n<\/tr>\n<\/tbody>\n<\/table>\n","protected":false},"excerpt":{"rendered":"<p>Estado de Conserva\u00e7\u00e3o: 9\/10 Todas as vers\u00f5es do G68 incluem duas entradas digitais S\/PDIF de 6 canais (coaxiais), cinco entradas \u00f3pticas Toslink est\u00e9reo e mais seis entradas digitais coaxiais est\u00e9reo.\u00a0Al\u00e9m disso, h\u00e1 uma entrada anal\u00f3gica de 6 canais e cinco entradas anal\u00f3gicas est\u00e9reo.\u00a0Todas as entradas s\u00e3o reconfigur\u00e1veis \u200b\u200bpara um incr\u00edvel grau de flexibilidade, e as [&hellip;]<\/p>\n","protected":false},"featured_media":686,"template":"","meta":{"_acf_changed":false},"product_brand":[],"product_cat":[21,94,23],"product_tag":[],"class_list":{"0":"post-693","1":"product","2":"type-product","3":"status-publish","4":"has-post-thumbnail","6":"product_cat-home-theater","7":"product_cat-meridian","8":"product_cat-processador","10":"first","11":"instock","12":"sold-individually","13":"shipping-taxable","14":"purchasable","15":"product-type-simple"},"acf":[],"aioseo_notices":[],"_links":{"self":[{"href":"https:\/\/hificlub.com.br\/loja\/wp-json\/wp\/v2\/product\/693","targetHints":{"allow":["GET"]}}],"collection":[{"href":"https:\/\/hificlub.com.br\/loja\/wp-json\/wp\/v2\/product"}],"about":[{"href":"https:\/\/hificlub.com.br\/loja\/wp-json\/wp\/v2\/types\/product"}],"wp:featuredmedia":[{"embeddable":true,"href":"https:\/\/hificlub.com.br\/loja\/wp-json\/wp\/v2\/media\/686"}],"wp:attachment":[{"href":"https:\/\/hificlub.com.br\/loja\/wp-json\/wp\/v2\/media?parent=693"}],"wp:term":[{"taxonomy":"product_brand","embeddable":true,"href":"https:\/\/hificlub.com.br\/loja\/wp-json\/wp\/v2\/product_brand?post=693"},{"taxonomy":"product_cat","embeddable":true,"href":"https:\/\/hificlub.com.br\/loja\/wp-json\/wp\/v2\/product_cat?post=693"},{"taxonomy":"product_tag","embeddable":true,"href":"https:\/\/hificlub.com.br\/loja\/wp-json\/wp\/v2\/product_tag?post=693"}],"curies":[{"name":"wp","href":"https:\/\/api.w.org\/{rel}","templated":true}]}}