{"id":6664,"date":"2024-01-02T17:53:42","date_gmt":"2024-01-02T20:53:42","guid":{"rendered":"https:\/\/hificlub.com.br\/loja\/?post_type=product&#038;p=6664"},"modified":"2025-03-20T06:24:28","modified_gmt":"2025-03-20T09:24:28","slug":"revel-performa-f52","status":"publish","type":"product","link":"https:\/\/hificlub.com.br\/loja\/produto\/revel-performa-f52\/","title":{"rendered":"REVEL PERFORMA F52"},"content":{"rendered":"<p>ESTADO 9\/10<\/p>\n<p>A caixa Revel F52 \u00e9 um design de cinco drivers e tr\u00eas vias que inclui tr\u00eas woofers de 6,5 polegadas que utilizam a tecnologia de cone de Composto Cer\u00e2mico Org\u00e2nico (OCC) patenteada pela empresa para rigidez e baixo peso.<br \/>\nEles s\u00e3o acoplados a um driver de m\u00e9dio alcance de cone OCC de 5,25 polegadas alojado em seu pr\u00f3prio subgabinete dentro da torre F52. Um tweeter de domo de alum\u00ednio patenteado de 1 polegada, alojado no que a empresa chama de guia de onda de Imped\u00e2ncia Ac\u00fastica Constante, reproduz conte\u00fado de alta frequ\u00eancia.<br \/>\nO gabinete \u00e9 portado na parte traseira. H\u00e1 dois conjuntos de postes de liga\u00e7\u00e3o banhados a ouro acoplados com tiras de curto-circuito para facilitar conex\u00f5es de fio \u00fanico, bifio e biamplificadas.<br \/>\nH\u00e1 tamb\u00e9m disposi\u00e7\u00f5es para ajustar a compensa\u00e7\u00e3o de baixa frequ\u00eancia (Normal, Contorno e Limite) e o n\u00edvel do tweeter (\u20131, \u20130,5, 0, 0,5 e 1 decibel). Pontas de piso est\u00e3o inclu\u00eddas.<\/p>\n<p>Performa F52 Portado com cinco drivers, tr\u00eas vias, de ch\u00e3o, blindado magneticamente (E\/D)<br \/>\nDrivers : tweeter de domo de alum\u00ednio de 1&#8243; com guia de onda patenteado, cone de m\u00e9dio alcance de cer\u00e2mica org\u00e2nica composta de 5,25&#8243;, tr\u00eas woofers de cone de cer\u00e2mica org\u00e2nica composta de 6,5&#8243;<br \/>\nResposta de frequ\u00eancia : 33 Hz-18 kHz, 0,5 dB (t\u00edpico, em sala)<br \/>\nExtens\u00e3o de baixa frequ\u00eancia : 23 Hz, -10 dB<br \/>\nImped\u00e2ncia : 6,5 \u03a9 nominal, 3,5 \u03a9 m\u00ednimo a 373 Hz<br \/>\nCrossovers : 4\u00aa ordem a 200 Hz e 2,3 kHz<br \/>\nSensibilidade : 87,5 dB\/2,83 V\/m (anec\u00f3ico de 4 pi)<br \/>\nDimens\u00f5es : 44&#8243; x 9,5&#8243; x 17,5&#8243; (AxLxP)<br \/>\nPeso : 88 lbs<\/p>\n","protected":false},"excerpt":{"rendered":"<p>ESTADO 9\/10 A caixa Revel F52 \u00e9 um design de cinco drivers e tr\u00eas vias que inclui tr\u00eas woofers de 6,5 polegadas que utilizam a tecnologia de cone de Composto Cer\u00e2mico Org\u00e2nico (OCC) patenteada pela empresa para rigidez e baixo peso. Eles s\u00e3o acoplados a um driver de m\u00e9dio alcance de cone OCC de 5,25 [&hellip;]<\/p>\n","protected":false},"featured_media":6658,"template":"","meta":{"_acf_changed":false},"product_brand":[],"product_cat":[17,82,18],"product_tag":[],"class_list":{"0":"post-6664","1":"product","2":"type-product","3":"status-publish","4":"has-post-thumbnail","6":"product_cat-caixas","7":"product_cat-revel","8":"product_cat-torres","10":"first","11":"instock","12":"sold-individually","13":"shipping-taxable","14":"purchasable","15":"product-type-simple"},"acf":[],"aioseo_notices":[],"_links":{"self":[{"href":"https:\/\/hificlub.com.br\/loja\/wp-json\/wp\/v2\/product\/6664","targetHints":{"allow":["GET"]}}],"collection":[{"href":"https:\/\/hificlub.com.br\/loja\/wp-json\/wp\/v2\/product"}],"about":[{"href":"https:\/\/hificlub.com.br\/loja\/wp-json\/wp\/v2\/types\/product"}],"wp:featuredmedia":[{"embeddable":true,"href":"https:\/\/hificlub.com.br\/loja\/wp-json\/wp\/v2\/media\/6658"}],"wp:attachment":[{"href":"https:\/\/hificlub.com.br\/loja\/wp-json\/wp\/v2\/media?parent=6664"}],"wp:term":[{"taxonomy":"product_brand","embeddable":true,"href":"https:\/\/hificlub.com.br\/loja\/wp-json\/wp\/v2\/product_brand?post=6664"},{"taxonomy":"product_cat","embeddable":true,"href":"https:\/\/hificlub.com.br\/loja\/wp-json\/wp\/v2\/product_cat?post=6664"},{"taxonomy":"product_tag","embeddable":true,"href":"https:\/\/hificlub.com.br\/loja\/wp-json\/wp\/v2\/product_tag?post=6664"}],"curies":[{"name":"wp","href":"https:\/\/api.w.org\/{rel}","templated":true}]}}