{"id":6641,"date":"2024-01-02T17:53:36","date_gmt":"2024-01-02T20:53:36","guid":{"rendered":"https:\/\/hificlub.com.br\/loja\/?post_type=product&#038;p=6641"},"modified":"2026-03-03T22:18:42","modified_gmt":"2026-03-04T01:18:42","slug":"q-acoustics-q5040","status":"publish","type":"product","link":"https:\/\/hificlub.com.br\/loja\/produto\/q-acoustics-q5040\/","title":{"rendered":"Q ACOUSTICS Q5040 Satin Black"},"content":{"rendered":"<p>A nova s\u00e9rie 5000 da Q Acoustics \u00e9 uma linha de alto-falantes est\u00e9reo e de home cinema que recalibrar\u00e1 suas percep\u00e7\u00f5es de como um alto-falante pode parecer e soar. Ao incorporar um avan\u00e7o genu\u00edno e significativo no design do driver, o revolucion\u00e1rio driver de m\u00e9dios\/graves C3 Continuous Curved Cone\u2122 eleva a s\u00e9rie 5000 al\u00e9m de qualquer rival nominal. Ao incorporar a inovadora tecnologia de gabinete implantada pela primeira vez na linha Concept, carro-chefe da empresa, a s\u00e9rie 5000 \u00e9 t\u00e3o descomprometida por dentro quanto sofisticada e contempor\u00e2nea por fora<\/p>\n<p>Design sofisticado e contempor\u00e2neo<br \/>\nA natureza redutora da apar\u00eancia do C3 Continuous Curved Cone\u2122 tamb\u00e9m se reflete no design minimalista da s\u00e9rie 5000, com suas linhas sofisticadas, mas contempor\u00e2neas, inclinando-se para a forma elegante da mais recente s\u00e9rie de alto-falantes Concept. As frentes do defletor s\u00e3o laminadas com uma camada de borracha but\u00edlica e acabamento em acr\u00edlico preto, n\u00e3o apenas para fornecer uma camada de amortecimento para suprimir a vibra\u00e7\u00e3o que ocorre no defletor, mas para oferecer um contraponto atraente \u00e0 apresenta\u00e7\u00e3o frontal esteticamente limpa, ininterrupta por quaisquer fixa\u00e7\u00f5es.<\/p>\n<p>Design de driver de m\u00e9dio\/grave<br \/>\nNo centro do design do driver de m\u00e9dios\/graves est\u00e1 o C3 Continuous Curved Cone\u2122. A geometria do cone requer boa resist\u00eancia do motor para um desempenho ideal. \u00cdm\u00e3s substanciais s\u00e3o acoplados a grandes bobinas de voz para aumentar a for\u00e7a do motor \u2013 o resultado \u00e9 um aumento de 50% no manuseio e controle de pot\u00eancia em rela\u00e7\u00e3o a um driver compar\u00e1vel com bobina de voz de 25,4 mm. O resultado \u00e9 uma melhoria na faixa din\u00e2mica do alto-falante, principalmente na regi\u00e3o dos graves.<\/p>\n<p>ponto-a-ponto<br \/>\nDesign de driver de alta frequ\u00eancia<br \/>\nCom base no princ\u00edpio de design do tweeter encontrado na mais nova s\u00e9rie Concept, a unidade do driver de alta frequ\u00eancia \u00e9 hermeticamente selada e mecanicamente isolada (flutuante) do defletor para evitar modula\u00e7\u00f5es de press\u00e3o internas de dentro do gabinete e do driver m\u00e9dio\/grave adjacente. A c\u00e2mara interna tamb\u00e9m \u00e9 cuidadosamente ventilada para menor distor\u00e7\u00e3o, com um ponto de cruzamento mais baixo para integra\u00e7\u00e3o perfeita atrav\u00e9s da regi\u00e3o de cruzamento.<\/p>\n<p>HPE<br \/>\nalto<br \/>\nC 3 Cone Curvo Cont\u00ednuo\u2122<br \/>\nUm avan\u00e7o genu\u00edno em elementos de design de driver m\u00e9dio\/grave, o perfil C 3 Continuous Curved Cone\u2122 \u00e9 o resultado de extensa pesquisa e engenharia especializada para combinar os benef\u00edcios de desempenho de graves de um cone c\u00f4nico reto tradicional com o controle de frequ\u00eancia de faixa alta\/m\u00e9dia de um cone alargado.<\/p>\n<p>Ao criar um perfil de curva \u00fanico, suave e cont\u00ednuo, as vantagens s\u00e3o claras. A sua excelente dispers\u00e3o, juntamente com a sua resposta de frequ\u00eancia bem controlada e a distor\u00e7\u00e3o harm\u00f3nica reduzida, permitem uma integra\u00e7\u00e3o mais suave com o tweeter. A din\u00e2mica de graves profundos tamb\u00e9m \u00e9 superior, com este som de graves mais denso e amortecido, permitindo mais flexibilidade no posicionamento de alto-falantes pr\u00f3ximos aos limites da parede da sala de audi\u00e7\u00e3o.<\/p>\n<p>Suporte P2P\u2122 (ponto a ponto)<br \/>\nO suporte Q Acoustics P2P\u2122 (ponto a ponto) usado em toda a s\u00e9rie 5000 suporta as partes do gabinete que precisam ser refor\u00e7adas, tornando os novos gabinetes excepcionalmente r\u00edgidos, melhorando o foco da imagem est\u00e9reo e dando ao palco sonoro mais precis\u00e3o do que nunca.<\/p>\n<p>ponto-a-ponto<br \/>\nHPE\u2122 (equalizador de press\u00e3o Helmholtz)<br \/>\nA tecnologia HPE\u2122 (Helmholtz Pressure Equalizer), projetada para converter press\u00e3o em velocidade e reduzir o gradiente geral de press\u00e3o dentro do gabinete do alto-falante, foi aplicada aos alto-falantes de ch\u00e3o 5050 apenas para reduzir a resson\u00e2ncia do gabinete. Esta tecnologia \u00e9 perfeita para alto-falantes mais altos que tendem a ressoar em uma \u00fanica frequ\u00eancia preferida.<\/p>\n<p>ESPECIFICA\u00c7\u00c3O<br \/>\nUnidade de graves 2 x 125 mm (5,0 pol.)<br \/>\nUnidade de agudos 1 x 25 mm (1,0 pol.)<br \/>\nResposta de frequ\u00eancia (-6dB) 39 Hz \u2013 30 kHz<br \/>\nImped\u00e2ncia nominal 6\u03a9<br \/>\nImped\u00e2ncia m\u00ednima 3,0 \u03a9<br \/>\nSensibilidade (2,83 V a 1 kHz) 91,5 dB\/w\/m<br \/>\nPot\u00eancia recomendada do amplificador 25-150 W<br \/>\nFrequ\u00eancia de cruzamento 2,5 kHz<br \/>\nVolume efetivo 27 L<br \/>\nDimens\u00f5es (por alto-falante \/ AxLxP) Picos e estabilizador Inc: 967 x 293 x 361 mm (38,1 x 11,5 x 14,2 pol.)<br \/>\nPeso (por alto-falante) 18,0 kg (39,7 lbs)<br \/>\nNa caixa<br \/>\n1x alto-falante 5040<br \/>\n1x Manual do propriet\u00e1rio<br \/>\n1x tamp\u00e3o de espuma<br \/>\n4x p\u00e9s de ponta<br \/>\n4x capa de pico<br \/>\n4x parafuso M5<br \/>\n2x estabilizador traseiro<\/p>\n","protected":false},"excerpt":{"rendered":"<p>A nova s\u00e9rie 5000 da Q Acoustics \u00e9 uma linha de alto-falantes est\u00e9reo e de home cinema que recalibrar\u00e1 suas percep\u00e7\u00f5es de como um alto-falante pode parecer e soar. Ao incorporar um avan\u00e7o genu\u00edno e significativo no design do driver, o revolucion\u00e1rio driver de m\u00e9dios\/graves C3 Continuous Curved Cone\u2122 eleva a s\u00e9rie 5000 al\u00e9m de [&hellip;]<\/p>\n","protected":false},"featured_media":20511,"template":"","meta":{"_acf_changed":false},"product_brand":[],"product_cat":[17,77,18],"product_tag":[],"class_list":{"0":"post-6641","1":"product","2":"type-product","3":"status-publish","4":"has-post-thumbnail","6":"product_cat-caixas","7":"product_cat-q-acoustic","8":"product_cat-torres","10":"first","11":"instock","12":"sold-individually","13":"shipping-taxable","14":"purchasable","15":"product-type-simple"},"acf":[],"aioseo_notices":[],"_links":{"self":[{"href":"https:\/\/hificlub.com.br\/loja\/wp-json\/wp\/v2\/product\/6641","targetHints":{"allow":["GET"]}}],"collection":[{"href":"https:\/\/hificlub.com.br\/loja\/wp-json\/wp\/v2\/product"}],"about":[{"href":"https:\/\/hificlub.com.br\/loja\/wp-json\/wp\/v2\/types\/product"}],"wp:featuredmedia":[{"embeddable":true,"href":"https:\/\/hificlub.com.br\/loja\/wp-json\/wp\/v2\/media\/20511"}],"wp:attachment":[{"href":"https:\/\/hificlub.com.br\/loja\/wp-json\/wp\/v2\/media?parent=6641"}],"wp:term":[{"taxonomy":"product_brand","embeddable":true,"href":"https:\/\/hificlub.com.br\/loja\/wp-json\/wp\/v2\/product_brand?post=6641"},{"taxonomy":"product_cat","embeddable":true,"href":"https:\/\/hificlub.com.br\/loja\/wp-json\/wp\/v2\/product_cat?post=6641"},{"taxonomy":"product_tag","embeddable":true,"href":"https:\/\/hificlub.com.br\/loja\/wp-json\/wp\/v2\/product_tag?post=6641"}],"curies":[{"name":"wp","href":"https:\/\/api.w.org\/{rel}","templated":true}]}}