{"id":6619,"date":"2024-01-02T17:53:33","date_gmt":"2024-01-02T20:53:33","guid":{"rendered":"https:\/\/hificlub.com.br\/loja\/?post_type=product&#038;p=6619"},"modified":"2025-01-12T07:18:26","modified_gmt":"2025-01-12T10:18:26","slug":"cary-slp-05-preamplificador-class-a-triodo-valvulado","status":"publish","type":"product","link":"https:\/\/hificlub.com.br\/loja\/produto\/cary-slp-05-preamplificador-class-a-triodo-valvulado\/","title":{"rendered":"CARY SLP-05 Preamplificador Class A Triodo Valvulado"},"content":{"rendered":"<p>ESTADO 9\/10<\/p>\n<p>Experimente o nirvana do \u00e1udio em seu pico com o SLP-05, a ess\u00eancia do que um pr\u00e9-amplificador de n\u00edvel de refer\u00eancia deve ser. Criado como uma obra-prima de chassi duplo, este pr\u00e9-amplificador de n\u00edvel de linha totalmente balanceado com um est\u00e1gio de fone de ouvido dedicado oferece nada menos que um desempenho de tirar o f\u00f4lego. Prepare-se para ser imerso em um palco sonoro de profundidade e largura supremas, acompanhado por tons exuberantes e doces e textura de graves que o deixar\u00e3o fascinado. Ao contr\u00e1rio de outros chamados pr\u00e9-amplificadores de refer\u00eancia, o SLP-05 apresenta vocais em propor\u00e7\u00f5es imensas, proporcionando uma experi\u00eancia sonora em grande escala que desafia as expectativas.<\/p>\n<p>O SLP 05 \u00e9 um design de duas caixas no sentido usual: um chassi dedicado \u00e0 fonte de alimenta\u00e7\u00e3o, o outro ao circuito de \u00e1udio em si. O primeiro usa um transformador de rede R-core robusto com dois conjuntos de secund\u00e1rios. A corrente dos enrolamentos de 170 V \u00e9 retificada por um tubo 5AR4C (escolhido porque o arranjo do c\u00e1todo desse tubo permite uma instala\u00e7\u00e3o horizontal), ent\u00e3o suavizada com um filtro pi e amarrada ao trilho de alta tens\u00e3o do pr\u00e9-amplificador. A corrente dos enrolamentos secund\u00e1rios de 14 V do trannie vai para uma ponte retificadora de onda completa de 35 amp, depois da qual \u00e9 enviada para dois conjuntos de reguladores de 12 V estilo TO-3 e circuitos de suaviza\u00e7\u00e3o complementares: \u00e9 dual-mono desse ponto em diante. Essa corrente \u00e9 usada para energizar os filamentos dos tubos do pr\u00e9-amplificador, em um arranjo em s\u00e9rie (uma distin\u00e7\u00e3o importante, dado que o requisito do aquecedor para um \u00fanico 6SN7 \u00e9 de pouco mais de 6 V).<\/p>\n<p>Al\u00e9m dessas necessidades, a fonte de alimenta\u00e7\u00e3o SLP 05 cont\u00e9m um luxo bem legal: um par de medidores Sifam ingleses, para monitorar a tens\u00e3o e a corrente do trilho. Assim, os audi\u00f3filos mais ansiosos ganham nova liberdade para se preocupar (embora, como Thelonious Monk poderia ter dito, voc\u00ea n\u00e3o precisa ).<\/p>\n<p>Um cord\u00e3o umbilical de oito condutores de 6&#8242; de comprimento, feito pela Kimber Kable usando cobre livre de oxig\u00eanio revestido de Teflon, traz todas essas correntes \u00fateis para o chassi do pr\u00e9-amplificador principal, onde os 6SN7s fazem seu trabalho. A primeira metade do primeiro triodo duplo fornece ganho de voltagem para a metade positiva do sinal do canal esquerdo, enquanto a segunda metade \u00e9 um buffer seguidor de \u00e2nodo. A primeira metade do segundo tubo fornece ganho de voltagem para a metade negativa do sinal do mesmo canal, enquanto sua segunda metade tamb\u00e9m \u00e9 um buffer seguidor de \u00e2nodo&#8230; e assim por diante, em quatro tubos e dois canais balanceados.<\/p>\n<p>O quinto e o sexto tubos s\u00e3o usados \u200b\u200bcomo buffers de entrada, exclusivamente para o rendimento balanceado do SLP 05: ao acionar um amplificador est\u00e9reo a partir das sa\u00eddas single-ended do pr\u00e9-amplificador Cary, voc\u00ea pode puxar um ou ambos os 6SN7s de seus soquetes sem ouvir nenhuma diferen\u00e7a. (Sempre um idiota, eu n\u00e3o tentei.)<\/p>\n<p>Finalmente, os dois \u00faltimos tubos compreendem o amplificador de fone de ouvido push-pull com polariza\u00e7\u00e3o de c\u00e1todo do SLP 05 \u2014 para o qual Dennis Had afirma &#8220;quase um watt!&#8221; de pot\u00eancia de sa\u00edda limpa. Esses 6SN7s s\u00e3o acionados pela sa\u00edda balanceada do est\u00e1gio de linha. (Acionar o interruptor do fone de ouvido desvia uma parte da sa\u00edda balanceada para as grades desses tubos, mas n\u00e3o desabilita os conectores de sa\u00edda balanceada do pr\u00e9-amplificador.) Um conector de telefone de \u00bc&#8221; \u00e9 fornecido no painel frontal do Cary, e Had diz que seu amplificador de fone de ouvido \u00e9 confort\u00e1vel para cargas que variam de 40 a 300 ohms.<\/p>\n<p>Uma nota final sobre a constru\u00e7\u00e3o: O SLP 05 se beneficia de uma mistura organizada de t\u00e9cnicas de constru\u00e7\u00e3o antigas e novas \u2014 placas de circuito compartilham espa\u00e7o com tiras de terminais e fios bem vestidos \u2014 e continua a recente tradi\u00e7\u00e3o de Cary de ter seu exterior adornado com tinta automotiva Jaguar genu\u00edna: neste caso, Anthracite Black Clear Coat. A placa frontal \u00e9 de liga de alum\u00ednio s\u00f3lida, anodizada em prata. A combina\u00e7\u00e3o parece positivamente impressionante.<\/p>\n<p>Tipo de circuito\tDesign de pr\u00e9-amplificador de tubo de v\u00e1cuo triodo classe A<br \/>\nTens\u00e3o de sa\u00edda\t2 volts nominais, 12 volts m\u00e1ximo<br \/>\nGanho geral\t17 dB \u2013 RCA de termina\u00e7\u00e3o \u00fanica<br \/>\n24 dB \u2013 Opera\u00e7\u00e3o balanceada<br \/>\nDistor\u00e7\u00e3o Nominal\t0,03% de DHT<br \/>\nRu\u00eddo e zumbido\t-90 dB abaixo da sa\u00edda m\u00e1xima<br \/>\nImped\u00e2ncia de entrada\t50.000 Ohms \u2013 RCA<br \/>\n100.000 Ohms \u2013 XLR<br \/>\nImped\u00e2ncia de sa\u00edda\t400 Ohms<br \/>\nResposta de frequ\u00eancia\t5 Hz a 250.000 Hz<br \/>\nTubos de v\u00e1cuo\t8 ea \u2013 6SN7 v\u00e1lvulas octais para os est\u00e1gios balanceado, fone de ouvido e ganho<br \/>\n1 ea \u2013 5AR4 V\u00e1lvula retificadora na fonte de alimenta\u00e7\u00e3o<br \/>\nTransformador(es) de pot\u00eancia\tCiclo de trabalho R CORE 200%<br \/>\nResistores\t1% de pel\u00edcula met\u00e1lica<br \/>\nCapacitores\tPoliestireno, Filme e Folha<br \/>\nCapacitores de fonte de alimenta\u00e7\u00e3o\t2 cada \u2013 560\u00b5F a 400 VCC<br \/>\nCabo CA\t3 condutores, destac\u00e1veis<br \/>\nRequisitos de energia CA\t117 ou 234 Volts CA a 50 ou 60 Hz<br \/>\nConsumo\t75 watts \u2013 Opera\u00e7\u00e3o<br \/>\n25 watts \u2013 Standby<br \/>\nTempo de aquecimento\t3 minutos<br \/>\nTempo de amaciamento\t100 horas de tempo de jogo<br \/>\nTerminar\tChassi preto antracite com placa frontal de alum\u00ednio prata ou preta<br \/>\nCaracter\u00edsticas\tControle remoto de volume e silenciamento<br \/>\nUm Cinema Bypass (XLR balanceado ou RCA)<br \/>\nUm loop de monitor de fita<br \/>\nDuas entradas est\u00e9reo balanceadas XLR<br \/>\nTr\u00eas entradas est\u00e9reo RCA<br \/>\nUm par de sa\u00eddas de pr\u00e9-amplificador XLR balanceado e dois RCA<br \/>\nPeso\t16 lbs \u2013 pr\u00e9-amplificador<br \/>\n19 lbs \u2013 fonte de alimenta\u00e7\u00e3o externa<br \/>\nDimens\u00f5es\t6,25\u2033 A x 17\u2033 L x 12\u2033 P \u2013 pr\u00e9-amplificador<br \/>\n4,5\u2033 A x 17\u2033 L x 12\u2033 P \u2013 fonte de alimenta\u00e7\u00e3o<\/p>\n","protected":false},"excerpt":{"rendered":"<p>ESTADO 9\/10 Experimente o nirvana do \u00e1udio em seu pico com o SLP-05, a ess\u00eancia do que um pr\u00e9-amplificador de n\u00edvel de refer\u00eancia deve ser. Criado como uma obra-prima de chassi duplo, este pr\u00e9-amplificador de n\u00edvel de linha totalmente balanceado com um est\u00e1gio de fone de ouvido dedicado oferece nada menos que um desempenho de [&hellip;]<\/p>\n","protected":false},"featured_media":19515,"template":"","meta":{"_acf_changed":false},"product_brand":[],"product_cat":[81,38],"product_tag":[],"class_list":{"0":"post-6619","1":"product","2":"type-product","3":"status-publish","4":"has-post-thumbnail","6":"product_cat-cary","7":"product_cat-pre-amplificador","9":"first","10":"instock","11":"sold-individually","12":"shipping-taxable","13":"purchasable","14":"product-type-simple"},"acf":[],"aioseo_notices":[],"_links":{"self":[{"href":"https:\/\/hificlub.com.br\/loja\/wp-json\/wp\/v2\/product\/6619","targetHints":{"allow":["GET"]}}],"collection":[{"href":"https:\/\/hificlub.com.br\/loja\/wp-json\/wp\/v2\/product"}],"about":[{"href":"https:\/\/hificlub.com.br\/loja\/wp-json\/wp\/v2\/types\/product"}],"wp:featuredmedia":[{"embeddable":true,"href":"https:\/\/hificlub.com.br\/loja\/wp-json\/wp\/v2\/media\/19515"}],"wp:attachment":[{"href":"https:\/\/hificlub.com.br\/loja\/wp-json\/wp\/v2\/media?parent=6619"}],"wp:term":[{"taxonomy":"product_brand","embeddable":true,"href":"https:\/\/hificlub.com.br\/loja\/wp-json\/wp\/v2\/product_brand?post=6619"},{"taxonomy":"product_cat","embeddable":true,"href":"https:\/\/hificlub.com.br\/loja\/wp-json\/wp\/v2\/product_cat?post=6619"},{"taxonomy":"product_tag","embeddable":true,"href":"https:\/\/hificlub.com.br\/loja\/wp-json\/wp\/v2\/product_tag?post=6619"}],"curies":[{"name":"wp","href":"https:\/\/api.w.org\/{rel}","templated":true}]}}