{"id":6584,"date":"2024-01-02T17:53:24","date_gmt":"2024-01-02T20:53:24","guid":{"rendered":"https:\/\/hificlub.com.br\/loja\/?post_type=product&#038;p=6584"},"modified":"2025-04-03T06:30:13","modified_gmt":"2025-04-03T09:30:13","slug":"audio-research-ls17-preamplificador-full-balanced-valvulado","status":"publish","type":"product","link":"https:\/\/hificlub.com.br\/loja\/produto\/audio-research-ls17-preamplificador-full-balanced-valvulado\/","title":{"rendered":"AUDIO RESEARCH LS17 Preamplificador Full Balanced Valvulado"},"content":{"rendered":"<p>ESTADO 9\/10<\/p>\n<p>O LS17 de US$ 3.995 parece os pr\u00e9-amplificadores cl\u00e1ssicos da Audio Research de antigamente, com sua placa frontal prateada, al\u00e7as de rack pretas e bot\u00f5es duplos. \u00c9 o mais recente de uma longa linha de pr\u00e9-amplificadores &#8220;LS&#8221; &#8212; &#8220;line-stage&#8221; &#8212; do basti\u00e3o do \u00e1udio valvulado de Minnesota, juntando-se ao LS26 como um produto atual. Ele tem 19&#8243; de largura, 5 1\/4&#8243; de altura e 12&#8243; de profundidade e pesa decentes 13 libras. Ele pode ser encomendado em prata cl\u00e1ssico ARC ou preto b\u00e1sico, com ou sem al\u00e7as. (Por que algu\u00e9m iria querer um produto Audio Research em preto e sem as al\u00e7as est\u00e1 al\u00e9m da minha compreens\u00e3o.) Os dois bot\u00f5es controlam o volume &#8212; em 104 etapas &#8212; e a entrada. Abaixo deles e ao longo da parte inferior do painel frontal est\u00e3o quatro bot\u00f5es para Power, Monitor, Processor e Mute. Todas as fun\u00e7\u00f5es s\u00e3o duplicadas no controle remoto de bom tamanho. H\u00e1 uma \u00e1rea retangular maior acima com um display LED linear verde para indicar o status operacional do pr\u00e9-amplificador &#8212; entrada escolhida, n\u00edvel de volume e assim por diante.<\/p>\n<p>Na parte traseira, o LS17 tem dois conjuntos de entradas balanceadas e cinco conjuntos de entradas single-ended &#8212; embora dois destes \u00faltimos sejam para o loop do processador e o monitor de fita. H\u00e1 tamb\u00e9m sa\u00eddas duplas balanceadas e single-ended, ent\u00e3o usar um subwoofer com o LS17 ser\u00e1 moleza. H\u00e1 tamb\u00e9m um porta-fus\u00edvel (observe a orienta\u00e7\u00e3o do fus\u00edvel se voc\u00ea remov\u00ea-lo &#8212; a ARC presta aten\u00e7\u00e3o a essas coisas), uma entrada de gatilho de 12 volts e um recept\u00e1culo de cabo de alimenta\u00e7\u00e3o IEC.<\/p>\n<p>O LS17 \u00e9 um pr\u00e9-amplificador h\u00edbrido. Ele usa JFets em seus est\u00e1gios de entrada e ganho e um par de v\u00e1lvulas 6H30P em seu est\u00e1gio de sa\u00edda. O 6H30P (ou &#8220;super v\u00e1lvula&#8221; como foi apelidado n\u00e3o oficialmente) \u00e9 suposto ser n\u00e3o apenas sonoramente superior, mas tamb\u00e9m duradouro \u2014 o que parece uma situa\u00e7\u00e3o ganha-ganha para mim. O LS17 tem uma fonte de alimenta\u00e7\u00e3o de estado s\u00f3lido com fontes de baixa e alta voltagem reguladas eletronicamente separadas.<\/p>\n<p>O ganho de voltagem \u00e9 de 18dB balanceado e 12dB single-ended, indicando que o LS17 \u00e9 de fato totalmente balanceado.<\/p>\n<p>Especifica\u00e7\u00f5es:<\/p>\n<p>Resposta de frequ\u00eancia +0-3dB, 0,5Hz a 160kHz na sa\u00edda nominal (balanceada, carga de 200k ohms)<br \/>\nDistor\u00e7\u00e3o (THD) Menos de 0,01% na sa\u00edda BAL de 2V RMS.<br \/>\nRu\u00eddo e zumbido Ru\u00eddo de entrada equivalente balanceado ponderado por IHF residual de 2,2uV RMS com volume em 1 (101 dB abaixo da sa\u00edda de 2V RMS).<br \/>\nGanho Sa\u00edda principal: sa\u00edda balanceada de 18dB (sa\u00edda SE de 12dB).<br \/>\nSa\u00edda de grava\u00e7\u00e3o: 0dB (entrada do processador: 0dB SE).<br \/>\nImped\u00e2ncia de entrada 120K ohms balanceada, 60K ohms SE.<br \/>\nImped\u00e2ncia de sa\u00edda 700 ohms balanceada, 350 ohms SE principal (2). Carga m\u00ednima de 20K ohms e capacit\u00e2ncia m\u00e1xima de 2000pF.<br \/>\nPolaridade de sa\u00edda N\u00e3o inversora.<br \/>\nEntradas m\u00e1ximas BAL de 24V RMS.<br \/>\n12 V RMS SE.<br \/>\nSa\u00eddas nominais 2 V RMS 1 Hz a 100 kHz em carga balanceada de 200 K ohm (capacidade m\u00e1xima de sa\u00edda balanceada \u00e9 15 V RMS a menos de 0,5% THD a 1 kHz)<br \/>\nFontes de alimenta\u00e7\u00e3o Fontes de alimenta\u00e7\u00e3o de baixa e alta tens\u00e3o reguladas eletronicamente. Aquecimento autom\u00e1tico de 50 segundos\/silenciamento de queda de energia. Regula\u00e7\u00e3o de linha melhor que 0,01%.<br \/>\nComplemento de v\u00e1lvula (2) 6H30 triodo duplo. (Circuito de \u00e1udio h\u00edbrido JFET\/v\u00e1lvula, fonte de alimenta\u00e7\u00e3o de estado s\u00f3lido).<br \/>\nRequisitos de alimenta\u00e7\u00e3o 105-130 VCA 60 Hz (210-260 VCA 50\/60 Hz) 50 watts m\u00e1ximo.<br \/>\nOutros Seletor de volume rotativo (104 etapas, 20 indicadores LED) e seletor de entrada rotativo.<br \/>\nBot\u00f5es de press\u00e3o: Power, Monitor, Proc, Mute. Tamb\u00e9m bot\u00f5es remotos: Bal 1, Bal 2, Aux, Tuner, CD.<br \/>\nDimens\u00f5es 19\u2033 (48 cm) L x 5,25\u2033 (13,4 cm) A (painel de rack padr\u00e3o) x 12\u2033 (30,5 cm) P. As al\u00e7as se estendem 1,50\u2033 (3,8 cm) para a frente do painel frontal.<br \/>\nPeso 13 lbs. (5,9 kg) L\u00edquido; 23 lbs. (11,5 kg) Envio.<\/p>\n","protected":false},"excerpt":{"rendered":"<p>ESTADO 9\/10 O LS17 de US$ 3.995 parece os pr\u00e9-amplificadores cl\u00e1ssicos da Audio Research de antigamente, com sua placa frontal prateada, al\u00e7as de rack pretas e bot\u00f5es duplos. \u00c9 o mais recente de uma longa linha de pr\u00e9-amplificadores &#8220;LS&#8221; &#8212; &#8220;line-stage&#8221; &#8212; do basti\u00e3o do \u00e1udio valvulado de Minnesota, juntando-se ao LS26 como um produto [&hellip;]<\/p>\n","protected":false},"featured_media":20652,"template":"","meta":{"_acf_changed":false},"product_brand":[],"product_cat":[29,38],"product_tag":[],"class_list":{"0":"post-6584","1":"product","2":"type-product","3":"status-publish","4":"has-post-thumbnail","6":"product_cat-audio-research","7":"product_cat-pre-amplificador","9":"first","10":"instock","11":"sold-individually","12":"shipping-taxable","13":"purchasable","14":"product-type-simple"},"acf":[],"aioseo_notices":[],"_links":{"self":[{"href":"https:\/\/hificlub.com.br\/loja\/wp-json\/wp\/v2\/product\/6584","targetHints":{"allow":["GET"]}}],"collection":[{"href":"https:\/\/hificlub.com.br\/loja\/wp-json\/wp\/v2\/product"}],"about":[{"href":"https:\/\/hificlub.com.br\/loja\/wp-json\/wp\/v2\/types\/product"}],"wp:featuredmedia":[{"embeddable":true,"href":"https:\/\/hificlub.com.br\/loja\/wp-json\/wp\/v2\/media\/20652"}],"wp:attachment":[{"href":"https:\/\/hificlub.com.br\/loja\/wp-json\/wp\/v2\/media?parent=6584"}],"wp:term":[{"taxonomy":"product_brand","embeddable":true,"href":"https:\/\/hificlub.com.br\/loja\/wp-json\/wp\/v2\/product_brand?post=6584"},{"taxonomy":"product_cat","embeddable":true,"href":"https:\/\/hificlub.com.br\/loja\/wp-json\/wp\/v2\/product_cat?post=6584"},{"taxonomy":"product_tag","embeddable":true,"href":"https:\/\/hificlub.com.br\/loja\/wp-json\/wp\/v2\/product_tag?post=6584"}],"curies":[{"name":"wp","href":"https:\/\/api.w.org\/{rel}","templated":true}]}}