{"id":6577,"date":"2024-01-02T17:53:23","date_gmt":"2024-01-02T20:53:23","guid":{"rendered":"https:\/\/hificlub.com.br\/loja\/?post_type=product&#038;p=6577"},"modified":"2026-05-02T20:53:54","modified_gmt":"2026-05-02T23:53:54","slug":"audio-research-ls15-full-balanced-valvulado","status":"publish","type":"product","link":"https:\/\/hificlub.com.br\/loja\/produto\/audio-research-ls15-full-balanced-valvulado\/","title":{"rendered":"AUDIO RESEARCH LS15 Pre Valvulado Full Balanced"},"content":{"rendered":"<p>ESTADO 9\/10<\/p>\n<p>O LS15 \u00e9 um pr\u00e9-amplificador de n\u00edvel de linha totalmente novo que substitui a s\u00e9rie LS2\/2BMKII.\u00a0Ele possui ganho totalmente valvulado (padr\u00e3o de 12 dB) usando quatro v\u00e1lvulas triodo duplas 6922 em um circuito Classe A de realimenta\u00e7\u00e3o zero totalmente diferencial (balanceado) com fontes de alta e baixa tens\u00e3o reguladas eletronicamente.\u00a0O LS15 inclui controle remoto IR port\u00e1til de todas as fun\u00e7\u00f5es essenciais do painel frontal.\u00a0Um microprocessador integrado controla um atenuador de rel\u00e9 eletr\u00f4nico de 70 etapas e um seletor de entrada de 5 posi\u00e7\u00f5es.\u00a0Uma entrada direta adicional (balanceada) fornece um caminho de maior pureza de sinal para sua fonte de m\u00fasica favorita.\u00a0Um total de duas entradas dedicadas balanceadas e cinco single-ended (incluindo fita) est\u00e3o inclu\u00eddas.<\/p>\n<p>As sa\u00eddas principais s\u00e3o balanceadas e de termina\u00e7\u00e3o \u00fanica, com um par de sa\u00eddas de fita de termina\u00e7\u00e3o \u00fanica.\u00a0Os interruptores ativados por mola ativam rel\u00e9s eletr\u00f4nicos para controlar as principais fun\u00e7\u00f5es com degrada\u00e7\u00e3o m\u00ednima do sinal.\u00a0O ganho definido de f\u00e1brica de 18 dB \u00e9 opcional e gratuito.\u00a0O painel frontal anodizado est\u00e1 dispon\u00edvel em alum\u00ednio natural ou preto, estilo gabinete ou com furos para montagem em rack<\/p>\n<div class=\"model-specifications-section__specification\">\n<div class=\"sub-label\">RESPOSTA DE FREQU\u00caNCIA<\/div>\n<div class=\"model-specifications-section__specification-value\">\u00b1 0,5dB, 2Hz a 30kHz na sa\u00edda nominal.\u00a0-3dB aponta abaixo de 0,3 Hz e acima de 80 kHz.<\/div>\n<\/div>\n<div class=\"model-specifications-section__specification\">\n<div class=\"sub-label\">DISTOR\u00c7\u00c3O (THD)<\/div>\n<div class=\"model-specifications-section__specification-value\">Menos de 0,01% na sa\u00edda balanceada de 2 V RMS<\/div>\n<\/div>\n<div class=\"model-specifications-section__specification\">\n<div class=\"sub-label\">RU\u00cdDO E ZUMBIDO<\/div>\n<div class=\"model-specifications-section__specification-value\">Sa\u00edda de ru\u00eddo balanceada ponderada por IHF residual de 25\u00b5V RMS com controle de ganho no m\u00ednimo, 98dB abaixo da sa\u00edda de 2V RMS<\/div>\n<\/div>\n<div class=\"model-specifications-section__specification\">\n<div class=\"sub-label\">GANHO<\/div>\n<div class=\"model-specifications-section__specification-value\">Sa\u00edda principal: 12,5dB balanceado, 6,5dB SE.\u00a0Sa\u00edda de fita: 0dB.<\/div>\n<\/div>\n<div class=\"model-specifications-section__specification\">\n<div class=\"sub-label\">IMPED\u00c2NCIA DE ENTRADA<\/div>\n<div class=\"model-specifications-section__specification-value\">200K ohms balanceados, 100K ohms SE<\/div>\n<\/div>\n<div class=\"model-specifications-section__specification\">\n<div class=\"sub-label\">IMPED\u00c2NCIA DE SA\u00cdDA<\/div>\n<div class=\"model-specifications-section__specification-value\">600 ohms balanceados, 300 ohms SE principal (2), carga m\u00ednima de 40K ohms e capacit\u00e2ncia m\u00e1xima de 1000pF.<\/div>\n<\/div>\n<div class=\"model-specifications-section__specification\">\n<div class=\"sub-label\">POLARIDADE DE SA\u00cdDA<\/div>\n<div class=\"model-specifications-section__specification-value\">&#8211;<\/div>\n<\/div>\n<div class=\"model-specifications-section__specification\">\n<div class=\"sub-label\">ENTRADAS M\u00c1XIMAS<\/div>\n<div class=\"model-specifications-section__specification-value\">14V RMS m\u00e1ximo balanceado, 7V RMS SE.<\/div>\n<div>\n<div class=\"model-specifications-section__specification\">\n<div class=\"sub-label\"><span class=\"\">SA\u00cdDAS NOMINAIS<\/span><\/div>\n<div class=\"model-specifications-section__specification-value\">2V RMS (1V RMS SE) em carga balanceada de 200K ohm (a capacidade m\u00e1xima de sa\u00edda balanceada \u00e9 de 30V RMS a menos de 1% THD a 1kHz<\/div>\n<\/div>\n<div class=\"model-specifications-section__specification\">\n<div class=\"sub-label\">SUPRIMENTOS DE ENERGIA<\/div>\n<div class=\"model-specifications-section__specification-value\">Fontes de baixa e alta tens\u00e3o reguladas eletronicamente.\u00a0Silenciamento autom\u00e1tico de aquecimento de 30 segundos.\u00a0Apagamento autom\u00e1tico do som.<\/div>\n<\/div>\n<div class=\"model-specifications-section__specification\">\n<div class=\"sub-label\">COMPLEMENTO DE TUBO<\/div>\n<div class=\"model-specifications-section__specification-value\">(4) 6922\/E88CC<\/div>\n<\/div>\n<div class=\"model-specifications-section__specification\">\n<div class=\"sub-label\">REQUERIMENTOS PODEROSOS<\/div>\n<div class=\"model-specifications-section__specification-value\">100-135 VCA 60 Hz (200-270 VCA 50\/60 Hz) 35 watts no m\u00e1ximo<\/div>\n<\/div>\n<div class=\"model-specifications-section__specification\">\n<div class=\"sub-label\">OUTRO<\/div>\n<div class=\"model-specifications-section__specification-value\">Circuito de \u00e1udio de tubo de v\u00e1cuo, fonte de alimenta\u00e7\u00e3o de estado s\u00f3lido.\u00a0Entradas: SE1, SE2, SE3, SE4, Bal, Direto (Bal) e Monitor (SE).\u00a0Sa\u00eddas: 2 Bal Principal, 1 SE Principal, 1 SE de Registro<\/div>\n<\/div>\n<div class=\"model-specifications-section__specification\">\n<div class=\"sub-label\">DIMENS\u00d5ES<\/div>\n<div class=\"model-specifications-section__specification-value\">19&#8243; (48 cm) L x 5 \u00bc&#8221; (13,3 cm) A (painel de rack padr\u00e3o) x 10\u00bd&#8221; (26,7 cm) D. As al\u00e7as se estendem 1\u00bd&#8221; (3,8 cm) \u00e0 frente do painel frontal.<\/div>\n<div>\n<div class=\"sub-label\"><span class=\"\">PESO<\/span><\/div>\n<div class=\"model-specifications-section__specification-value\">11,6 libras.\u00a0(5,3kg) L\u00edquido;\u00a020 libras (9,1 kg) Frete.<\/div>\n<\/div>\n<\/div>\n<\/div>\n<\/div>\n","protected":false},"excerpt":{"rendered":"<p>ESTADO 9\/10 O LS15 \u00e9 um pr\u00e9-amplificador de n\u00edvel de linha totalmente novo que substitui a s\u00e9rie LS2\/2BMKII.\u00a0Ele possui ganho totalmente valvulado (padr\u00e3o de 12 dB) usando quatro v\u00e1lvulas triodo duplas 6922 em um circuito Classe A de realimenta\u00e7\u00e3o zero totalmente diferencial (balanceado) com fontes de alta e baixa tens\u00e3o reguladas eletronicamente.\u00a0O LS15 inclui controle [&hellip;]<\/p>\n","protected":false},"featured_media":18371,"template":"","meta":{"_acf_changed":false},"product_brand":[],"product_cat":[29,38],"product_tag":[],"class_list":{"0":"post-6577","1":"product","2":"type-product","3":"status-publish","4":"has-post-thumbnail","6":"product_cat-audio-research","7":"product_cat-pre-amplificador","9":"first","10":"instock","11":"sold-individually","12":"shipping-taxable","13":"purchasable","14":"product-type-simple"},"acf":[],"aioseo_notices":[],"_links":{"self":[{"href":"https:\/\/hificlub.com.br\/loja\/wp-json\/wp\/v2\/product\/6577","targetHints":{"allow":["GET"]}}],"collection":[{"href":"https:\/\/hificlub.com.br\/loja\/wp-json\/wp\/v2\/product"}],"about":[{"href":"https:\/\/hificlub.com.br\/loja\/wp-json\/wp\/v2\/types\/product"}],"wp:featuredmedia":[{"embeddable":true,"href":"https:\/\/hificlub.com.br\/loja\/wp-json\/wp\/v2\/media\/18371"}],"wp:attachment":[{"href":"https:\/\/hificlub.com.br\/loja\/wp-json\/wp\/v2\/media?parent=6577"}],"wp:term":[{"taxonomy":"product_brand","embeddable":true,"href":"https:\/\/hificlub.com.br\/loja\/wp-json\/wp\/v2\/product_brand?post=6577"},{"taxonomy":"product_cat","embeddable":true,"href":"https:\/\/hificlub.com.br\/loja\/wp-json\/wp\/v2\/product_cat?post=6577"},{"taxonomy":"product_tag","embeddable":true,"href":"https:\/\/hificlub.com.br\/loja\/wp-json\/wp\/v2\/product_tag?post=6577"}],"curies":[{"name":"wp","href":"https:\/\/api.w.org\/{rel}","templated":true}]}}