{"id":6567,"date":"2024-01-02T17:53:22","date_gmt":"2024-01-02T20:53:22","guid":{"rendered":"https:\/\/hificlub.com.br\/loja\/?post_type=product&#038;p=6567"},"modified":"2025-04-22T19:08:09","modified_gmt":"2025-04-22T22:08:09","slug":"nordost-blue-heaven-cabo-de-caixa-banana-banana-25-metros","status":"publish","type":"product","link":"https:\/\/hificlub.com.br\/loja\/produto\/nordost-blue-heaven-cabo-de-caixa-banana-banana-25-metros\/","title":{"rendered":"NORDOST BLUE HEAVEN Cabo de Caixa Banana Banana 2,5 metros"},"content":{"rendered":"<p>ESTADO 9\/10<\/p>\n<p>CABOS DE ALTO-FALANTE BLUE HEAVEN<br \/>\nO cabo Flatline original da Nordost para alto-falantes introduziu o mundo do \u00e1udio a um n\u00edvel totalmente novo de desempenho e uma t\u00e9cnica de produ\u00e7\u00e3o \u00fanica. Nossos cabos FEP extrudados patenteados, com seu perfil fino e plano, n\u00e3o apenas t\u00eam uma apar\u00eancia diferente \u2013 sua simplicidade enganosa \u00e9 uma resposta singular e elegante aos requisitos conflitantes de baixa resist\u00eancia, capacit\u00e2ncia e indut\u00e2ncia que limitam o desempenho de configura\u00e7\u00f5es de cabos mais convencionais. Agora, ao reexaminar a geometria de cada cabo, reduzimos ainda mais os efeitos diel\u00e9tricos, al\u00e9m de otimizar o espa\u00e7amento f\u00edsico dos condutores. Essas caracter\u00edsticas el\u00e9tricas vantajosas, combinadas com a precis\u00e3o geom\u00e9trica intr\u00ednseca da configura\u00e7\u00e3o em fita, proporcionam resposta din\u00e2mica, precis\u00e3o de fase e detalhes sem precedentes. O resultado \u00e9 uma combina\u00e7\u00e3o de din\u00e2mica natural e irrestrita e clareza que torna suas m\u00fasicas e filmes mais acess\u00edveis, mais envolventes e mais realistas. O Blue Heaven original foi dif\u00edcil de superar, mas a vers\u00e3o LS supera facilmente o desempenho de seu renomado antecessor, dando vida at\u00e9 mesmo a eletr\u00f4nicos e alto-falantes de baixo custo.<\/p>\n<p>ESPECIFICA\u00c7\u00d5ES<br \/>\nIsolamento:<br \/>\nEtileno Propileno Fluorado (FEP)<br \/>\nConstru\u00e7\u00e3o:<br \/>\nEspa\u00e7amento ajustado mecanicamente<br \/>\nCondutores:<br \/>\n16 x 26 AWG<br \/>\nMaterial:<br \/>\nN\u00facleo s\u00f3lido OFC 99,9999% banhado a prata<br \/>\nCapacit\u00e2ncia:<br \/>\n9,6 pF\/p\u00e9<br \/>\nIndut\u00e2ncia:<br \/>\n0,16\u03bcH\/p\u00e9<br \/>\nVelocidade de Propaga\u00e7\u00e3o:<br \/>\n95%<br \/>\nRescis\u00e3o:<\/p>\n<p>Plugue Z banhado a ouro, tipo banana, ou plugue espada banhado a ouro (6,5 mm [1\/4 pol.] interno, 12 mm externo) como padr\u00e3o.<br \/>\nPlugue espada grande banhado a ouro tamb\u00e9m dispon\u00edvel (8,5 mm interno, 15 mm externo).<\/p>\n","protected":false},"excerpt":{"rendered":"<p>ESTADO 9\/10 CABOS DE ALTO-FALANTE BLUE HEAVEN O cabo Flatline original da Nordost para alto-falantes introduziu o mundo do \u00e1udio a um n\u00edvel totalmente novo de desempenho e uma t\u00e9cnica de produ\u00e7\u00e3o \u00fanica. Nossos cabos FEP extrudados patenteados, com seu perfil fino e plano, n\u00e3o apenas t\u00eam uma apar\u00eancia diferente \u2013 sua simplicidade enganosa \u00e9 [&hellip;]<\/p>\n","protected":false},"featured_media":21140,"template":"","meta":{"_acf_changed":false},"product_brand":[],"product_cat":[61,62,118],"product_tag":[],"class_list":{"0":"post-6567","1":"product","2":"type-product","3":"status-publish","4":"has-post-thumbnail","6":"product_cat-cabos","7":"product_cat-caixa","8":"product_cat-nordost","10":"first","11":"instock","12":"sold-individually","13":"shipping-taxable","14":"purchasable","15":"product-type-simple"},"acf":[],"aioseo_notices":[],"_links":{"self":[{"href":"https:\/\/hificlub.com.br\/loja\/wp-json\/wp\/v2\/product\/6567","targetHints":{"allow":["GET"]}}],"collection":[{"href":"https:\/\/hificlub.com.br\/loja\/wp-json\/wp\/v2\/product"}],"about":[{"href":"https:\/\/hificlub.com.br\/loja\/wp-json\/wp\/v2\/types\/product"}],"wp:featuredmedia":[{"embeddable":true,"href":"https:\/\/hificlub.com.br\/loja\/wp-json\/wp\/v2\/media\/21140"}],"wp:attachment":[{"href":"https:\/\/hificlub.com.br\/loja\/wp-json\/wp\/v2\/media?parent=6567"}],"wp:term":[{"taxonomy":"product_brand","embeddable":true,"href":"https:\/\/hificlub.com.br\/loja\/wp-json\/wp\/v2\/product_brand?post=6567"},{"taxonomy":"product_cat","embeddable":true,"href":"https:\/\/hificlub.com.br\/loja\/wp-json\/wp\/v2\/product_cat?post=6567"},{"taxonomy":"product_tag","embeddable":true,"href":"https:\/\/hificlub.com.br\/loja\/wp-json\/wp\/v2\/product_tag?post=6567"}],"curies":[{"name":"wp","href":"https:\/\/api.w.org\/{rel}","templated":true}]}}