{"id":6559,"date":"2024-01-02T17:53:21","date_gmt":"2024-01-02T20:53:21","guid":{"rendered":"https:\/\/hificlub.com.br\/loja\/?post_type=product&#038;p=6559"},"modified":"2026-03-16T14:51:00","modified_gmt":"2026-03-16T17:51:00","slug":"audiopax-model-88-a4-single-ended-class-a-30-watts","status":"publish","type":"product","link":"https:\/\/hificlub.com.br\/loja\/produto\/audiopax-model-88-a4-single-ended-class-a-30-watts\/","title":{"rendered":"AUDIOPAX MODEL 88 A4 Single Ended Class A 30 watts"},"content":{"rendered":"<p>ESTADO 9\/10<\/p>\n<p>CONDI\u00c7\u00c3O: 9\/10<\/p>\n<h1 class=\"title\"><b>Uma hist\u00f3ria inusitada de sucesso<\/b><\/h1>\n<div class=\"post-content top-pad\">\n<p class=\"texto\">O\u00a0<b>Model 88<\/b>\u00a0\u00e9 um cl\u00e1ssico em amplifica\u00e7\u00e3o \u2013 quem poderia imaginar que um amplificador brasileiro teria uma hist\u00f3ria que o colocaria lado a lado (na verdade bem al\u00e9m sob diversos aspectos) com equipamentos como o McIntosh MC275, Audio Note Ongaku ou Dynaco ST-70 ?<\/p>\n<p class=\"texto\">Sua cria\u00e7\u00e3o original ocorreu em 2001, j\u00e1 com uma topologia \u00fanica e revolucion\u00e1ria, com um enorme n\u00famero de inova\u00e7\u00f5es tecnol\u00f3gicas e conceitos nunca antes adotados (como o\u00a0<b>Timbre Lock\u00ae<\/b>\u00a0ou o uso de amplificadores assim\u00e9tricos em contra-fase garantindo sua estabilidade).<\/p>\n<p class=\"texto\">A partir dai recebeu in\u00fameros reviews que oscilavam entre o espanto e o encantamento, como os das publica\u00e7\u00f5es\u00a0<i>Stereophile<\/i>,\u00a0<i>6Moons<\/i>,\u00a0<i>Soundstage<\/i>,\u00a0<i>HiFi+<\/i>,\u00a0<i>HiFi News<\/i>, CAVI,\u00a0<i>Enjoy the Music<\/i>\u00a0ou\u00a0<i>HiFi Choice<\/i>, sendo tamb\u00e9m capa de diversas publica\u00e7\u00f5es especializadas internacionais. Sua participa\u00e7\u00e3o em feiras foi esmagadora: recebeu indica\u00e7\u00f5es de \u201cBest of the Show\u201d em todas as feiras internacionais em que participou, como nas feiras de Las Vegas (2002, 2003, 2004, 2o05 e 2006), Nova Iorque (2003 e 2004), Bristol (2004), Londres (2004), Edinburgh (2004), Denver (2004) , Horten (2005) e Mil\u00e3o (2006). Mesmo ap\u00f3s um hiato de 5 anos sem participa\u00e7\u00f5es em feiras internacionais (quando a\u00a0<b>Audiopax<\/b>\u00a0se concentrou no mercado nacional) suas apresenta\u00e7\u00f5es adicionais em duas grandes feiras tiveram exatamente o mesmo resultado: v\u00e1rias indica\u00e7\u00f5es de\u00a0<b>\u201cBest of the Show\u201d<\/b>\u00a0na feira de Las Vegas de 2011 com o\u00a0<b>Model 88 A3<\/b>\u00a0(terceira gera\u00e7\u00e3o) e tamb\u00e9m na feira HiFi Deluxe de Munique de 2014 com o primeiro prot\u00f3tipo do\u00a0<b>Model 88 A4<\/b>\u00a0(quarta gera\u00e7\u00e3o), onde sua performance foi definida de forma simples e brilhante por Srajan Ebaen, editor da 6Moons:\u00a0<b>\u201cEspetacular\u201d<\/b>.<\/p>\n<p class=\"texto\">No Brasil sua hist\u00f3ria de resultados surpreendentes \u00e9 absolutamente a mesma: reviews entusiasmados e indica\u00e7\u00f5es da cr\u00edtica especializada e do p\u00fablico como fazendo parte das melhores salas destes eventos. Sempre.<\/p>\n<p>&nbsp;<\/p>\n<\/div>\n<h1 class=\"title\"><b>A gera\u00e7\u00e3o \u201cA4\u201d<\/b><\/h1>\n<h1 class=\"subtitleCinza\"><b><i>O Model 88 como voc\u00ea nunca ouviu<\/i><\/b><\/h1>\n<div class=\"post-content top-pad\">\n<p class=\"texto\">Como melhorar ainda mais um amplificador que tem sido o sonho de in\u00fameros amantes da m\u00fasica ao redor do mundo? Toda a equipe\u00a0<b>Audiopax<\/b>\u00a0se dedicou por quatro anos a este desafio, que exigiu um mergulho ainda mais fundo nos conceitos que norteiam sua topologia revolucion\u00e1ria e a cria\u00e7\u00e3o de componentes espec\u00edficos para o nosso objetivo. Geramos assim o melhor\u00a0<b>Model 88<\/b>\u00a0j\u00e1 produzido, um amplificador que, juntamente com os nossos produtos da linha\u00a0<b>Maggiore<\/b>, associa como nenhum outro (independente do custo) a magia das v\u00e1lvulas com o controle, extens\u00e3o e for\u00e7a dos amplificadores solid-state.<\/p>\n<p class=\"texto\">Esta nova gera\u00e7\u00e3o representa uma evolu\u00e7\u00e3o n\u00e3o s\u00f3 sobre nossa consagrada\u00a0<b>vers\u00e3o \u201cA3\u2033<\/b>\u00a0(sua terceira gera\u00e7\u00e3o) mas tamb\u00e9m sobre as incr\u00edveis edi\u00e7\u00f5es especiais (\u201cSE\u201d) criadas sobre ela, pois avan\u00e7amos n\u00e3o s\u00f3 na escolha e no uso dos melhores componentes dispon\u00edveis no mercado de \u00e1udio como tamb\u00e9m no desenvolvimento de novos transformadores de sa\u00edda e na produ\u00e7\u00e3o de itens espec\u00edficos para o\u00a0<b>Model 88<\/b>, como nos exclusivos capacitores de acoplamento utilizados, que s\u00e3o o resultado de dois anos de trabalho conjunto com uma das mais conceituadas empresas deste mercado (J\u00fapiter Condenser Co.).<\/p>\n<p class=\"texto\">Marque uma audi\u00e7\u00e3o e venha conhecer em nossos show rooms do Rio de Janeiro o novo\u00a0<b>Model 88<\/b>\u00a0\u2013 garantimos que voc\u00ea vai se surpreender.<\/p>\n<h3 class=\"title\"><b>Especifica\u00e7\u00f5es<\/b><\/h3>\n<p class=\"texto\"><b class=\"texto\">Topologia<\/b><\/p>\n<p class=\"texto\">Single Ended Valvulado, Classe A1 (12AT7 + KT88)<\/p>\n<p class=\"texto\"><b>M\u00e1xima pot\u00eancia de sa\u00edda (no clipping)<\/b><\/p>\n<p class=\"texto\"><b>Model 88:<\/b>\u00a030W RMS at 1KHz, 4 ou 8 ohms<\/p>\n<p class=\"texto\"><b>Stereo 88:<\/b>\u00a015W RMS at 1KHz, 4 ou 8 ohms<\/p>\n<p class=\"texto\"><b>Resposta de Frequ\u00eancia<\/b><\/p>\n<p class=\"texto\">14Hz to 90KHz, -3dB<\/p>\n<p class=\"texto\"><b>Rela\u00e7\u00e3o Sinal\/Ru\u00eddo<\/b><\/p>\n<p class=\"texto\">&gt; 90dB (A-weighted) ref 30W<\/p>\n<p class=\"texto\"><b>Ganho<\/b><\/p>\n<p class=\"texto\">18 dB<\/p>\n<p class=\"texto\"><b>Imped\u00e2ncias de Entrada<\/b><\/p>\n<p class=\"texto\">220K ohms<\/p>\n<p class=\"texto\"><b>Tens\u00e3o de Entrada<\/b><\/p>\n<p class=\"texto\">127V ou 220V (definido na encomenda), +- 5%<\/p>\n<p class=\"texto\"><b>Dimens\u00f5es por monobloco (AxLxP, cm)<\/b><\/p>\n<p class=\"texto\">31 x 21 x 36<\/p>\n<p class=\"texto\"><b>Acabamentos<\/b><\/p>\n<p class=\"texto\">Chassis cromado com laterais black piano ou bordeaux<\/p>\n<p class=\"texto\"><b>Opcionais<\/b><\/p>\n<p class=\"texto\">Configura\u00e7\u00e3o em um \u00fanico monobloco com 15W+15W\u00a0<b>(Stereo 88)<\/b><\/p>\n<\/div>\n","protected":false},"excerpt":{"rendered":"<p>ESTADO 9\/10 CONDI\u00c7\u00c3O: 9\/10 Uma hist\u00f3ria inusitada de sucesso O\u00a0Model 88\u00a0\u00e9 um cl\u00e1ssico em amplifica\u00e7\u00e3o \u2013 quem poderia imaginar que um amplificador brasileiro teria uma hist\u00f3ria que o colocaria lado a lado (na verdade bem al\u00e9m sob diversos aspectos) com equipamentos como o McIntosh MC275, Audio Note Ongaku ou Dynaco ST-70 ? Sua cria\u00e7\u00e3o original [&hellip;]<\/p>\n","protected":false},"featured_media":13571,"template":"","meta":{"_acf_changed":false},"product_brand":[],"product_cat":[27,242,31],"product_tag":[],"class_list":{"0":"post-6559","1":"product","2":"type-product","3":"status-publish","4":"has-post-thumbnail","6":"product_cat-amplificador","7":"product_cat-audiopax","8":"product_cat-mono","10":"first","11":"instock","12":"sold-individually","13":"shipping-taxable","14":"purchasable","15":"product-type-simple"},"acf":[],"aioseo_notices":[],"_links":{"self":[{"href":"https:\/\/hificlub.com.br\/loja\/wp-json\/wp\/v2\/product\/6559","targetHints":{"allow":["GET"]}}],"collection":[{"href":"https:\/\/hificlub.com.br\/loja\/wp-json\/wp\/v2\/product"}],"about":[{"href":"https:\/\/hificlub.com.br\/loja\/wp-json\/wp\/v2\/types\/product"}],"wp:featuredmedia":[{"embeddable":true,"href":"https:\/\/hificlub.com.br\/loja\/wp-json\/wp\/v2\/media\/13571"}],"wp:attachment":[{"href":"https:\/\/hificlub.com.br\/loja\/wp-json\/wp\/v2\/media?parent=6559"}],"wp:term":[{"taxonomy":"product_brand","embeddable":true,"href":"https:\/\/hificlub.com.br\/loja\/wp-json\/wp\/v2\/product_brand?post=6559"},{"taxonomy":"product_cat","embeddable":true,"href":"https:\/\/hificlub.com.br\/loja\/wp-json\/wp\/v2\/product_cat?post=6559"},{"taxonomy":"product_tag","embeddable":true,"href":"https:\/\/hificlub.com.br\/loja\/wp-json\/wp\/v2\/product_tag?post=6559"}],"curies":[{"name":"wp","href":"https:\/\/api.w.org\/{rel}","templated":true}]}}