{"id":6491,"date":"2024-01-02T17:53:04","date_gmt":"2024-01-02T20:53:04","guid":{"rendered":"https:\/\/hificlub.com.br\/loja\/?post_type=product&#038;p=6491"},"modified":"2025-06-02T02:39:50","modified_gmt":"2025-06-02T05:39:50","slug":"furutech-evolution-power-cabo-de-forca-15-metro","status":"publish","type":"product","link":"https:\/\/hificlub.com.br\/loja\/produto\/furutech-evolution-power-cabo-de-forca-15-metro\/","title":{"rendered":"FURUTECH EVOLUTION POWER Cabo de For\u00e7a  1,5 metro"},"content":{"rendered":"<p>Um modelo de 20 A desenvolvido para contato confi\u00e1vel de 15 A ou mais. \u25cf Adota um novo material condutor \u03b1, que melhora a condutividade ao mesmo tempo em que proporciona uma reprodu\u00e7\u00e3o de som realista em larga escala e de alta qualidade. \u25cf Adota o plugue de alimenta\u00e7\u00e3o FI-31M(G) de n\u00edvel de \u00e1udio de 20 A e o plugue de entrada FI-11(G) de 15 A da Furutech, o que reduz a perda devido ao limite de capacidade de corrente e melhora a qualidade de todo o sistema de \u00e1udio. \u25cf Os eletrodos s\u00e3o feitos de PCOCC ou bronze fosforoso com revestimento de ouro n\u00e3o magn\u00e9tico, e o material de isolamento \u00e9 de n\u00e1ilon + fibra de vidro, o que melhora muito a qualidade do som. \u25cf A estrutura especial para fixa\u00e7\u00e3o do fio aumenta a \u00e1rea de contato, tornando a transmiss\u00e3o de corrente mais potente e melhorando significativamente a estabilidade. \u25cf O material de isolamento do cabo \u00e9 feito de polietileno especial, o que melhora a resist\u00eancia \u00e0 tens\u00e3o e ao calor e evita vibra\u00e7\u00e3o. \u25cf Para preven\u00e7\u00e3o completa de ru\u00eddo, uma estrutura especial de isolamento \u00e9 usada para cortar completamente o ru\u00eddo externo. \u25cf O condutor \u03b1 \u00e9 um condutor PCOCC, um condutor \u03bc ou um condutor \u03bc-OFC processado com \u03b1Process. \u25cf Condutor: condutor \u03b1 (7X35 fios\/0,17 mm\uff09X 3, Di\u00e2metro externo: 3,55 mm \u25cf Isolamento: Polietileno especial (vermelho, amarelo, cor natural), Di\u00e2metro externo: 5,2 5 mm \u25cf Bainha-1: Vinil flex\u00edvel (camada interna), Di\u00e2metro externo: 12,0 mm \u25cf Blindagem: 9X24 fios\/0,12 mm tran\u00e7ado de fio de cobre macio \u25cf Bainha-2: Vinil flex\u00edvel (camada externa), Di\u00e2metro externo: 15,5 mm \u25cf Apar\u00eancia final: Tran\u00e7ado de fio de nylon, Di\u00e2metro externo: 16,5 mm Aprox. \u25cf Resist\u00eancia m\u00e1xima do condutor 2,3 \u03a9\/km JISC3005 6 20\u2103 \u25cf Resist\u00eancia m\u00ednima de isolamento 2500 M\u03a9\/km JISC3005 9,1 20\u2103 \u25cf Tens\u00e3o suport\u00e1vel CA.3000 V\/1 min.<\/p>\n","protected":false},"excerpt":{"rendered":"<p>Um modelo de 20 A desenvolvido para contato confi\u00e1vel de 15 A ou mais. \u25cf Adota um novo material condutor \u03b1, que melhora a condutividade ao mesmo tempo em que proporciona uma reprodu\u00e7\u00e3o de som realista em larga escala e de alta qualidade. \u25cf Adota o plugue de alimenta\u00e7\u00e3o FI-31M(G) de n\u00edvel de \u00e1udio de [&hellip;]<\/p>\n","protected":false},"featured_media":22327,"template":"","meta":{"_acf_changed":false},"product_brand":[],"product_cat":[61,67,63],"product_tag":[],"class_list":{"0":"post-6491","1":"product","2":"type-product","3":"status-publish","4":"has-post-thumbnail","6":"product_cat-cabos","7":"product_cat-forca","8":"product_cat-furutech","10":"first","11":"instock","12":"sold-individually","13":"shipping-taxable","14":"purchasable","15":"product-type-simple"},"acf":[],"aioseo_notices":[],"_links":{"self":[{"href":"https:\/\/hificlub.com.br\/loja\/wp-json\/wp\/v2\/product\/6491","targetHints":{"allow":["GET"]}}],"collection":[{"href":"https:\/\/hificlub.com.br\/loja\/wp-json\/wp\/v2\/product"}],"about":[{"href":"https:\/\/hificlub.com.br\/loja\/wp-json\/wp\/v2\/types\/product"}],"wp:featuredmedia":[{"embeddable":true,"href":"https:\/\/hificlub.com.br\/loja\/wp-json\/wp\/v2\/media\/22327"}],"wp:attachment":[{"href":"https:\/\/hificlub.com.br\/loja\/wp-json\/wp\/v2\/media?parent=6491"}],"wp:term":[{"taxonomy":"product_brand","embeddable":true,"href":"https:\/\/hificlub.com.br\/loja\/wp-json\/wp\/v2\/product_brand?post=6491"},{"taxonomy":"product_cat","embeddable":true,"href":"https:\/\/hificlub.com.br\/loja\/wp-json\/wp\/v2\/product_cat?post=6491"},{"taxonomy":"product_tag","embeddable":true,"href":"https:\/\/hificlub.com.br\/loja\/wp-json\/wp\/v2\/product_tag?post=6491"}],"curies":[{"name":"wp","href":"https:\/\/api.w.org\/{rel}","templated":true}]}}