{"id":6480,"date":"2024-01-02T17:53:01","date_gmt":"2024-01-02T20:53:01","guid":{"rendered":"https:\/\/hificlub.com.br\/loja\/?post_type=product&#038;p=6480"},"modified":"2025-06-02T04:12:49","modified_gmt":"2025-06-02T07:12:49","slug":"combak-harmonix-x-dc2-cabo-de-forca-1-metro","status":"publish","type":"product","link":"https:\/\/hificlub.com.br\/loja\/produto\/combak-harmonix-x-dc2-cabo-de-forca-1-metro\/","title":{"rendered":"COMBAK HARMONIX X-DC2  Cabo de For\u00e7a  1 metro"},"content":{"rendered":"<p>A Harmonix faz parte da japonesa Combak Corporation. Ela oferece interconex\u00f5es, cabos para alto-falantes, cabos digitais, cabos de alimenta\u00e7\u00e3o e diversos tipos de suportes para equipamentos de amortecimento de vibra\u00e7\u00e3o. Vale ressaltar que muitos produtos Harmonix s\u00e3o utilizados nos est\u00fadios JVC durante o processo de remasteriza\u00e7\u00e3o de XRCDs, discos compactos com excelente qualidade de grava\u00e7\u00e3o. O X-DC2 testado aqui \u00e9 o modelo b\u00e1sico entre os cabos de alimenta\u00e7\u00e3o oferecidos pelos japoneses. Existem outros dois modelos mais caros da prestigiada fam\u00edlia &#8220;Studio Master&#8221;. N\u00e3o sabemos muito sobre a constru\u00e7\u00e3o do X-DC2. O fabricante fornece informa\u00e7\u00f5es sobre plugues Furutech de alta qualidade e fios internos feitos de cobre OFC. O resto \u00e9 segredo. Os cabos Harmonix est\u00e3o intimamente relacionados \u00e0 ind\u00fastria de est\u00fadio japonesa e seu design inclui um processo de ajuste demorado. Os materiais, o layout e as posi\u00e7\u00f5es relativas n\u00e3o s\u00e3o acidentais. O princ\u00edpio da empresa de harmonia de resson\u00e2ncia est\u00e1 relacionado a par\u00e2metros escolhidos com precis\u00e3o. O X-DC2 \u00e9 relativamente flex\u00edvel, mas n\u00e3o tanto quanto, por exemplo, os cabos de alimenta\u00e7\u00e3o Isotek. Isso \u00e9 causado em parte pela densa tran\u00e7a externa de n\u00e1ilon, que protege o cabo de arranh\u00f5es causados \u200b\u200bpor bordas afiadas.<\/p>\n<p>QUALIDADE DE SOM<br \/>\nNos materiais promocionais do fabricante, voc\u00ea pode ler sobre a filosofia da empresa e sobre a abordagem dos cabos de alimenta\u00e7\u00e3o, que, como parte da cadeia de \u00e1udio, influenciam o som (de forma negativa ou positiva). Isso \u00e9 de fato comprovado pela realidade. A substitui\u00e7\u00e3o de um cabo de alimenta\u00e7\u00e3o padr\u00e3o \u2013 sem blindagem, sem mencionar a se\u00e7\u00e3o transversal muito pequena \u2013 por um cabo de alimenta\u00e7\u00e3o especializado sempre traz resultados positivos e, em alguns casos, as mudan\u00e7as superam nossas expectativas. Fatores como elementos de contato, tipo de condutor e materiais empregados definem a qualidade do cabo. Existem muitas solu\u00e7\u00f5es no mercado, algumas funcionam melhor, outras pior. As mudan\u00e7as no som introduzidas pelo X-DC2 s\u00e3o semelhantes aos efeitos do uso de uma fonte de maior qualidade ou da afina\u00e7\u00e3o de um amplificador. At\u00e9 agora, o cabo de alimenta\u00e7\u00e3o Nordost Valhalla foi o que mais nos impressionou. Esse cabo mudou praticamente tudo, melhorando os graves e oferecendo um palco sonoro muito bem estruturado. O X-DC2 se comporta de maneira semelhante e se aproxima desse ideal, mas custa algumas vezes menos. Imediatamente ap\u00f3s conect\u00e1-lo ao sistema (no nosso caso, um CD player), o som reproduzido tornou-se muito mais limpo, mesmo nas camadas mais delicadas do topo do espectro de \u00e1udio. Ap\u00f3s conectar o cabo ao amplificador, os resultados foram semelhantes: os graves ficaram mais leves, menos pesados, mas ainda muito potentes, e a faixa mais grave parecia ainda mais cheia, mas n\u00e3o no sentido de serem mais pesados, e sim no sentido de terem um timbre melhor. Nos agudos, em vez de nitidez, pudemos ouvir uma do\u00e7ura delicada sem perda de detalhes. O X-DC2 n\u00e3o imp\u00f5e seu pr\u00f3prio car\u00e1ter e se comporta de maneira bastante neutra, um recurso altamente necess\u00e1rio no caso de cabos de alimenta\u00e7\u00e3o. HFC<\/p>\n","protected":false},"excerpt":{"rendered":"<p>A Harmonix faz parte da japonesa Combak Corporation. Ela oferece interconex\u00f5es, cabos para alto-falantes, cabos digitais, cabos de alimenta\u00e7\u00e3o e diversos tipos de suportes para equipamentos de amortecimento de vibra\u00e7\u00e3o. Vale ressaltar que muitos produtos Harmonix s\u00e3o utilizados nos est\u00fadios JVC durante o processo de remasteriza\u00e7\u00e3o de XRCDs, discos compactos com excelente qualidade de grava\u00e7\u00e3o. [&hellip;]<\/p>\n","protected":false},"featured_media":22349,"template":"","meta":{"_acf_changed":false},"product_brand":[],"product_cat":[61,141,67],"product_tag":[],"class_list":{"0":"post-6480","1":"product","2":"type-product","3":"status-publish","4":"has-post-thumbnail","6":"product_cat-cabos","7":"product_cat-combak","8":"product_cat-forca","10":"first","11":"instock","12":"sold-individually","13":"shipping-taxable","14":"purchasable","15":"product-type-simple"},"acf":[],"aioseo_notices":[],"_links":{"self":[{"href":"https:\/\/hificlub.com.br\/loja\/wp-json\/wp\/v2\/product\/6480","targetHints":{"allow":["GET"]}}],"collection":[{"href":"https:\/\/hificlub.com.br\/loja\/wp-json\/wp\/v2\/product"}],"about":[{"href":"https:\/\/hificlub.com.br\/loja\/wp-json\/wp\/v2\/types\/product"}],"wp:featuredmedia":[{"embeddable":true,"href":"https:\/\/hificlub.com.br\/loja\/wp-json\/wp\/v2\/media\/22349"}],"wp:attachment":[{"href":"https:\/\/hificlub.com.br\/loja\/wp-json\/wp\/v2\/media?parent=6480"}],"wp:term":[{"taxonomy":"product_brand","embeddable":true,"href":"https:\/\/hificlub.com.br\/loja\/wp-json\/wp\/v2\/product_brand?post=6480"},{"taxonomy":"product_cat","embeddable":true,"href":"https:\/\/hificlub.com.br\/loja\/wp-json\/wp\/v2\/product_cat?post=6480"},{"taxonomy":"product_tag","embeddable":true,"href":"https:\/\/hificlub.com.br\/loja\/wp-json\/wp\/v2\/product_tag?post=6480"}],"curies":[{"name":"wp","href":"https:\/\/api.w.org\/{rel}","templated":true}]}}