{"id":6468,"date":"2024-01-02T17:53:00","date_gmt":"2024-01-02T20:53:00","guid":{"rendered":"https:\/\/hificlub.com.br\/loja\/?post_type=product&#038;p=6468"},"modified":"2025-08-01T15:54:26","modified_gmt":"2025-08-01T18:54:26","slug":"monitor-audio-plc350","status":"publish","type":"product","link":"https:\/\/hificlub.com.br\/loja\/produto\/monitor-audio-plc350\/","title":{"rendered":"MONITOR AUDIO PLC350"},"content":{"rendered":"<h3><span>Descri\u00e7\u00e3o<\/span><\/h3>\n<p><span>O gabinete selado e brilhante do PLC 350 abriga dois drivers de 8 polegadas, um driver de m\u00e9dio alcance de 4 polegadas e um tweeter de fita de alta frequ\u00eancia, em uma configura\u00e7\u00e3o de 3 vias, proporcionando dispers\u00e3o superior em uma faixa de 32 Hz a 100 kHz.<\/span><\/p>\n<p><b><span>Modelo:<\/span><\/b><span>\u00a0PLC350 (centro)<\/span><br \/>\n<b><span>Drivers:<\/span><\/b><span>\u00a0(1) tweeter de fita C-CAM de 1&#8243;, (1) m\u00e9dio alcance RDT de 4&#8243;, (2) graves RDT de longo alcance de 8&#8243;<\/span><br \/>\n<b><span>Resposta de frequ\u00eancia:<\/span><\/b><span>\u00a032 Hz-100 kHz (toler\u00e2ncia n\u00e3o especificada)<\/span><br \/>\n<b><span>Distor\u00e7\u00e3o harm\u00f4nica:<\/span><\/b><span>\u00a0N\/A<\/span><br \/>\n<b><span>Imped\u00e2ncia nominal:<\/span><\/b><span>\u00a04 \u03a9<\/span><br \/>\n<b><span>Frequ\u00eancias de crossover:<\/span><\/b><span>\u00a0550 Hz, 4 kHz<\/span><br \/>\n<b><span>Pot\u00eancia de amplificador recomendada:<\/span><\/b><span>\u00a0100-250 W (cont\u00ednuo)<\/span><br \/>\n<b><span>Sensibilidade:<\/span><\/b><span>\u00a090 dB<\/span><br \/>\n<b><span>Dimens\u00f5es (L x A x P):<\/span><\/b><span>\u00a031,5&#8243; x 11,4&#8243; x 14,5&#8243; (excluindo o suporte)<\/span><br \/>\n<b><span>Peso:<\/span><\/b><span>\u00a073,8 lbs (excluindo o suporte)<\/span><br \/>\n<b><span>Garantia:<\/span><\/b><span>\u00a05 anos<\/span><\/p>\n","protected":false},"excerpt":{"rendered":"<p>Descri\u00e7\u00e3o O gabinete selado e brilhante do PLC 350 abriga dois drivers de 8 polegadas, um driver de m\u00e9dio alcance de 4 polegadas e um tweeter de fita de alta frequ\u00eancia, em uma configura\u00e7\u00e3o de 3 vias, proporcionando dispers\u00e3o superior em uma faixa de 32 Hz a 100 kHz. Modelo:\u00a0PLC350 (centro) Drivers:\u00a0(1) tweeter de fita [&hellip;]<\/p>\n","protected":false},"featured_media":6467,"template":"","meta":{"_acf_changed":false},"product_brand":[],"product_cat":[35,17,109],"product_tag":[],"class_list":{"0":"post-6468","1":"product","2":"type-product","3":"status-publish","4":"has-post-thumbnail","6":"product_cat-caixas-centrais","7":"product_cat-caixas","8":"product_cat-monitor-audio","10":"first","11":"instock","12":"sold-individually","13":"shipping-taxable","14":"purchasable","15":"product-type-simple"},"acf":[],"aioseo_notices":[],"_links":{"self":[{"href":"https:\/\/hificlub.com.br\/loja\/wp-json\/wp\/v2\/product\/6468","targetHints":{"allow":["GET"]}}],"collection":[{"href":"https:\/\/hificlub.com.br\/loja\/wp-json\/wp\/v2\/product"}],"about":[{"href":"https:\/\/hificlub.com.br\/loja\/wp-json\/wp\/v2\/types\/product"}],"wp:featuredmedia":[{"embeddable":true,"href":"https:\/\/hificlub.com.br\/loja\/wp-json\/wp\/v2\/media\/6467"}],"wp:attachment":[{"href":"https:\/\/hificlub.com.br\/loja\/wp-json\/wp\/v2\/media?parent=6468"}],"wp:term":[{"taxonomy":"product_brand","embeddable":true,"href":"https:\/\/hificlub.com.br\/loja\/wp-json\/wp\/v2\/product_brand?post=6468"},{"taxonomy":"product_cat","embeddable":true,"href":"https:\/\/hificlub.com.br\/loja\/wp-json\/wp\/v2\/product_cat?post=6468"},{"taxonomy":"product_tag","embeddable":true,"href":"https:\/\/hificlub.com.br\/loja\/wp-json\/wp\/v2\/product_tag?post=6468"}],"curies":[{"name":"wp","href":"https:\/\/api.w.org\/{rel}","templated":true}]}}