{"id":6466,"date":"2024-01-02T17:52:59","date_gmt":"2024-01-02T20:52:59","guid":{"rendered":"https:\/\/hificlub.com.br\/loja\/?post_type=product&#038;p=6466"},"modified":"2026-01-30T17:17:06","modified_gmt":"2026-01-30T20:17:06","slug":"monitor-audio-pl300-ebony","status":"publish","type":"product","link":"https:\/\/hificlub.com.br\/loja\/produto\/monitor-audio-pl300-ebony\/","title":{"rendered":"MONITOR AUDIO PL300 Ebony"},"content":{"rendered":"<p>&nbsp;<\/p>\n<p>Caixa ac\u00fastica de ch\u00e3o de 3 vias carro-chefe com dois drivers de graves RDT de longo alcance de 8\u201d, driver de m\u00e9dio alcance C-CAM de 4\u201d e transdutor de fita de alta frequ\u00eancia. Acabamento com defletores de couro estofados \u00e0 m\u00e3o e luxuoso brilho de piano.<\/p>\n<p>A PL300 \u00e9 uma caixa imponente, com mais de 1,1 metro de altura, apoiado em ombros largos e um gabinete profundo.<\/p>\n<p>Os pain\u00e9is laterais s\u00e3o alternadamente curvados para dentro (na parte traseira) e para fora (nas laterais) para fins de controle de resson\u00e2ncia. \u00c9 um design de tr\u00eas vias e quatro drivers, com dois drivers de graves id\u00eanticos de 200 mm, uma unidade m\u00e9dia de 100 mm e &#8211; em uma ruptura completa com a pr\u00e1tica da Monitor Audio, que sempre favoreceu domos de metal &#8211; um tweeter de fita propriet\u00e1rio.<\/p>\n<p>O carregamento de graves \u00e9 feito por meio de duas aberturas de alta velocidade HiVe II estriadas, voltadas para tr\u00e1s. Os defletores frontais, plintos e as caixas de m\u00e9dio alcance s\u00e3o moldados a partir de um material composto antirresson\u00e2ncia (ARC), um pol\u00edmero termofixo carregado com minerais para fornecer conjuntos muito inertes e com amortecimento ideal.<\/p>\n<p>O material ARC \u00e9 fundido para formar um gabinete de linha c\u00f4nica para o driver de m\u00e9dio alcance do Platinum. Os pain\u00e9is dianteiro e traseiro do gabinete principal t\u00eam refor\u00e7o adicional de suportes longos de a\u00e7o que s\u00e3o apertados a um torque espec\u00edfico como um m\u00e9todo adicional de controle de resson\u00e2ncia.<\/p>\n<p>No entanto, eles s\u00e3o pouco necess\u00e1rios; a constru\u00e7\u00e3o interna do PL300 e a constru\u00e7\u00e3o do pr\u00f3prio chassi principal mostram que muita aten\u00e7\u00e3o foi dada a esse par\u00e2metro importante.<\/p>\n<p>O padr\u00e3o de ajuste e acabamento do modelo \u00e9 nada menos que requintado, e isso inclui a qualidade dos p\u00e9s ajust\u00e1veis \u200b\u200bcom pontas, os terminais bi-wire WBT Platinum Signature e as 11 camadas de laca de piano transparente brilhante que destacam os gr\u00e3os da madeira.<\/p>\n<p>Para adicionar um toque extra de luxo ao pacote, junto com algum amortecimento adicional (embora este n\u00e3o seja seu prop\u00f3sito principal), o defletor \u00e9 estofado em couro Strathspey, que \u00e9 considerado superior a outros couros \u00e0s vezes empregados em aplica\u00e7\u00f5es semelhantes. As madeiras usadas s\u00e3o jacarand\u00e1 Santos e folheados de \u00e9bano natural.<\/p>\n<p>As unidades de acionamento claramente n\u00e3o s\u00e3o do compartimento de pe\u00e7as padr\u00e3o da Monitor Audio. Todas as superf\u00edcies do driver empregam alum\u00ednio\/magn\u00e9sio revestido de cer\u00e2mica (C-CAM). Nas unidades de graves e m\u00e9dios, os cones consistem em n\u00facleos de resinas de favo de mel Nomex intercalados entre finas camadas de C-CAM, os perfis de cone c\u00f4ncavo moldados com o aux\u00edlio da an\u00e1lise FEA.<\/p>\n<p>Altas frequ\u00eancias s\u00e3o geradas por uma fita sandu\u00edche de liga C-CAM curta e n\u00e3o excessivamente direcional, com um \u00edm\u00e3 de terras raras de neod\u00edmio.<\/p>\n<p>A fita funciona tamb\u00e9m como bobina de voz e pesa apenas 18 mg (menos da metade do peso de um domo t\u00edpico de alto desempenho), o que ajuda a compensar o impressionante limite de resposta de frequ\u00eancia do tweeter de 100 kHz, essencial para a capacidade do alto-falante de complementar os novos formatos de banda larga.<\/p>\n<p>A faixa tamb\u00e9m \u00e9 muito estreita, o que significa uma dispers\u00e3o lateral mais ampla do que o normal, e a altura limitada tamb\u00e9m causa uma dispers\u00e3o vertical mais reduzida do que o normal.<\/p>\n<p>Tecnologia HiVe II com porta dupla<br \/>\nTLE (Tapered Line Enclosure) de m\u00e9dio alcance selado<br \/>\n2 drivers de graves de longo alcance C-CAM (alum\u00ednio revestido de cer\u00e2mica\/magn\u00e9sio) de 8&#8243; com RDT (tecnologia de diafragma r\u00edgido)<br \/>\n1 x driver de m\u00e9dio alcance RDT de 4&#8243;<br \/>\n1 x transdutor de fita de alta frequ\u00eancia C-CAM<br \/>\nDefletores ARC (Anti-Resonance Composite), plintos e caixa de driver de m\u00e9dio alcance<br \/>\nTodos os acabamentos do gabinete t\u00eam defletores frontais estofados \u00e0 m\u00e3o em couro preto Ingleston premium<br \/>\nOp\u00e7\u00f5es de acabamento: Folheado de jacarand\u00e1 Santos com laca piano brilhante transparente, Folheado de \u00e9bano com laca piano brilhante transparente, Preto piano brilhante<\/p>\n<p>ESPECIFICA\u00c7\u00d5ES TECNICAS<br \/>\nResposta de frequ\u00eancia<br \/>\n28 Hz &#8211; 100 kHz<br \/>\nSensibilidade (1W@1M)<br \/>\n90 dB<br \/>\nImped\u00e2ncia nominal<br \/>\n4 Ohms<br \/>\nSPL m\u00e1ximo<br \/>\n118,6 dBA<br \/>\nManuseio de pot\u00eancia (RMS)<br \/>\n300 Watts<br \/>\nRequisitos de amplificador recomendados<br \/>\n100 &#8211; 300 Watts<br \/>\nAlinhamento de graves<br \/>\nTecnologia HiVe II com duas portas<br \/>\nTLE de m\u00e9dio alcance selado<br \/>\nFrequ\u00eancia de crossover m\u00e9dia\/HF<br \/>\n4000 Hz<br \/>\nFrequ\u00eancia de crossover passa-baixo de graves<br \/>\n550 Hz<br \/>\nComplemento da unidade de acionamento<br \/>\n2 drivers de graves RDT de longo alcance de 8&#8243;<br \/>\n1 driver de m\u00e9dio alcance RDT de 4&#8243;<br \/>\n1 transdutor de fita de alta frequ\u00eancia C-CAM<br \/>\nDimens\u00f5es externas (incluindo pedestal (A x L x P))<br \/>\n1113 x 410 x 470 mm<br \/>\n(43 13\/16 x 16 1\/8 x 18 1\/2 )<br \/>\nPeso (cada)<br \/>\n43,8 kg (96,4 libras)<\/p>\n","protected":false},"excerpt":{"rendered":"<p>&nbsp; Caixa ac\u00fastica de ch\u00e3o de 3 vias carro-chefe com dois drivers de graves RDT de longo alcance de 8\u201d, driver de m\u00e9dio alcance C-CAM de 4\u201d e transdutor de fita de alta frequ\u00eancia. Acabamento com defletores de couro estofados \u00e0 m\u00e3o e luxuoso brilho de piano. A PL300 \u00e9 uma caixa imponente, com mais [&hellip;]<\/p>\n","protected":false},"featured_media":6465,"template":"","meta":{"_acf_changed":false},"product_brand":[],"product_cat":[17,109,18],"product_tag":[],"class_list":{"0":"post-6466","1":"product","2":"type-product","3":"status-publish","4":"has-post-thumbnail","6":"product_cat-caixas","7":"product_cat-monitor-audio","8":"product_cat-torres","10":"first","11":"instock","12":"sold-individually","13":"shipping-taxable","14":"purchasable","15":"product-type-simple"},"acf":[],"aioseo_notices":[],"_links":{"self":[{"href":"https:\/\/hificlub.com.br\/loja\/wp-json\/wp\/v2\/product\/6466","targetHints":{"allow":["GET"]}}],"collection":[{"href":"https:\/\/hificlub.com.br\/loja\/wp-json\/wp\/v2\/product"}],"about":[{"href":"https:\/\/hificlub.com.br\/loja\/wp-json\/wp\/v2\/types\/product"}],"wp:featuredmedia":[{"embeddable":true,"href":"https:\/\/hificlub.com.br\/loja\/wp-json\/wp\/v2\/media\/6465"}],"wp:attachment":[{"href":"https:\/\/hificlub.com.br\/loja\/wp-json\/wp\/v2\/media?parent=6466"}],"wp:term":[{"taxonomy":"product_brand","embeddable":true,"href":"https:\/\/hificlub.com.br\/loja\/wp-json\/wp\/v2\/product_brand?post=6466"},{"taxonomy":"product_cat","embeddable":true,"href":"https:\/\/hificlub.com.br\/loja\/wp-json\/wp\/v2\/product_cat?post=6466"},{"taxonomy":"product_tag","embeddable":true,"href":"https:\/\/hificlub.com.br\/loja\/wp-json\/wp\/v2\/product_tag?post=6466"}],"curies":[{"name":"wp","href":"https:\/\/api.w.org\/{rel}","templated":true}]}}