{"id":6443,"date":"2024-01-02T17:52:55","date_gmt":"2024-01-02T20:52:55","guid":{"rendered":"https:\/\/hificlub.com.br\/loja\/?post_type=product&#038;p=6443"},"modified":"2026-03-03T22:18:42","modified_gmt":"2026-03-04T01:18:42","slug":"kimber-12tc-2-metros","status":"publish","type":"product","link":"https:\/\/hificlub.com.br\/loja\/produto\/kimber-12tc-2-metros\/","title":{"rendered":"KIMBER 12TC &#8211; 2 metros"},"content":{"rendered":"<p><span dir=\"auto\">O que come\u00e7ou como uma simplifica\u00e7\u00e3o das muitas solicita\u00e7\u00f5es biwire 4TC\/8TC, o 12TC nasceu para injetar pot\u00eancia de amplificador de alta corrente em cargas de alto-falantes exigentes. A tran\u00e7a maior de 24 fios do 12TC oferece o melhor dos dois mundos, combinando a delicadeza do 4TC com o peso e a presen\u00e7a aumentados do 8TC. 2 condutores 8 AWG.<\/span><\/p>\n<p><strong><span dir=\"auto\">Caracter\u00edsticas<\/span><\/strong><\/p>\n<ul>\n<li><span dir=\"auto\">Diel\u00e9trico de fluorocarbono de baixa perda<\/span><\/li>\n<li><span dir=\"auto\">H\u00e9lice contraposta de 24 fios<\/span><\/li>\n<li><span dir=\"auto\">Condutores de cobre VariStrand<\/span><\/li>\n<li><span dir=\"auto\">Termina\u00e7\u00e3o soldada manualmente com aux\u00edlio de nitrog\u00eanio<\/span><\/li>\n<li><span dir=\"auto\">Especifica\u00e7\u00f5es el\u00e9tricas<\/span><\/li>\n<\/ul>\n<p><strong><span dir=\"auto\">Padr\u00e3o<\/span><\/strong><\/p>\n<p><span dir=\"auto\">(Rdc) Resist\u00eancia do circuito CC: 0,005 Ohm \/ metro<\/span><\/p>\n<p><span dir=\"auto\">(Cp) capacit\u00e2ncia paralela: 494 pF \/ metro<\/span><\/p>\n<p><span dir=\"auto\">(Ls) indut\u00e2ncia s\u00e9rie: 0,09 uH \/ metro<\/span><\/p>\n","protected":false},"excerpt":{"rendered":"<p>O que come\u00e7ou como uma simplifica\u00e7\u00e3o das muitas solicita\u00e7\u00f5es biwire 4TC\/8TC, o 12TC nasceu para injetar pot\u00eancia de amplificador de alta corrente em cargas de alto-falantes exigentes. A tran\u00e7a maior de 24 fios do 12TC oferece o melhor dos dois mundos, combinando a delicadeza do 4TC com o peso e a presen\u00e7a aumentados do 8TC. [&hellip;]<\/p>\n","protected":false},"featured_media":26178,"template":"","meta":{"_acf_changed":false},"product_brand":[],"product_cat":[61,62,64],"product_tag":[],"class_list":{"0":"post-6443","1":"product","2":"type-product","3":"status-publish","4":"has-post-thumbnail","6":"product_cat-cabos","7":"product_cat-caixa","8":"product_cat-kimber","10":"first","11":"instock","12":"sold-individually","13":"shipping-taxable","14":"purchasable","15":"product-type-simple"},"acf":[],"aioseo_notices":[],"_links":{"self":[{"href":"https:\/\/hificlub.com.br\/loja\/wp-json\/wp\/v2\/product\/6443","targetHints":{"allow":["GET"]}}],"collection":[{"href":"https:\/\/hificlub.com.br\/loja\/wp-json\/wp\/v2\/product"}],"about":[{"href":"https:\/\/hificlub.com.br\/loja\/wp-json\/wp\/v2\/types\/product"}],"wp:featuredmedia":[{"embeddable":true,"href":"https:\/\/hificlub.com.br\/loja\/wp-json\/wp\/v2\/media\/26178"}],"wp:attachment":[{"href":"https:\/\/hificlub.com.br\/loja\/wp-json\/wp\/v2\/media?parent=6443"}],"wp:term":[{"taxonomy":"product_brand","embeddable":true,"href":"https:\/\/hificlub.com.br\/loja\/wp-json\/wp\/v2\/product_brand?post=6443"},{"taxonomy":"product_cat","embeddable":true,"href":"https:\/\/hificlub.com.br\/loja\/wp-json\/wp\/v2\/product_cat?post=6443"},{"taxonomy":"product_tag","embeddable":true,"href":"https:\/\/hificlub.com.br\/loja\/wp-json\/wp\/v2\/product_tag?post=6443"}],"curies":[{"name":"wp","href":"https:\/\/api.w.org\/{rel}","templated":true}]}}