{"id":6341,"date":"2024-01-02T17:52:32","date_gmt":"2024-01-02T20:52:32","guid":{"rendered":"https:\/\/hificlub.com.br\/loja\/?post_type=product&#038;p=6341"},"modified":"2026-03-23T21:54:22","modified_gmt":"2026-03-24T00:54:22","slug":"kef-reference-203-2","status":"publish","type":"product","link":"https:\/\/hificlub.com.br\/loja\/produto\/kef-reference-203-2\/","title":{"rendered":"KEF REFERENCE 203\/2"},"content":{"rendered":"<p>O resultado mais impressionante da tecnologia KEF \u00e9 revelado pela remo\u00e7\u00e3o da grade do 203\/2. Como a KEF tem feito em seus alto-falantes desde 1988, o tweeter est\u00e1 bem no centro do driver de m\u00e9dio porte de 6,5&#8243; do 203\/2. A configura\u00e7\u00e3o Uni-Q exclusiva da KEF \u00e9 poss\u00edvel com o uso de pequenos \u00edm\u00e3s de alta pot\u00eancia. densidade de fluxo feita de neod\u00edmio e outros elementos Os benef\u00edcios desta configura\u00e7\u00e3o s\u00e3o \u00f3bvios: mantendo a maioria das frequ\u00eancias respons\u00e1veis \u200b\u200bpela imagem (neste caso, aquelas acima do ponto de cruzamento em 300 Hz) centralizadas em uma \u00fanica fonte pontual, como seriam. para um \u00fanico driver de faixa completa, a imagem tem o potencial de ser est\u00e1vel como uma rocha. Al\u00e9m disso, em compara\u00e7\u00e3o com um driver de faixa completa, o tweeter e os drivers de m\u00e9dio alcance da KEF podem ser projetados de maneira ideal para cobrir suas pr\u00f3prias faixas de frequ\u00eancia sem necessidade de \u00e1udio. compromisso. Isso pressup\u00f5e que os crossovers sejam da mais alta qualidade; o site da KEF observa que os crossovers s\u00e3o &#8220;otimizados por computador&#8221; (essa \u00e9 a grafia brit\u00e2nica) e usam componentes de n\u00edvel audi\u00f3filo. testado para garantir que funciona dentro de 0,5dB de seu prot\u00f3tipo de refer\u00eancia.<\/p>\n<p>Mais baixo, tanto sonora quanto fisicamente, o design bass-reflex de tr\u00eas vias do Reference 203\/2 usa mais dois drivers de 6,5 &#8220;para lidar com os graves. As portas s\u00e3o colocadas perto dos drivers, no entanto, e minha resposta inicial a isso era algo como um alarme. Fiquei preocupado que o som vindo das portas pudesse estar fora de fase e interferir no som vindo diretamente dos drivers de baixo. Apesar da garantia da KEF de que o baixo \u00e9 produzido com &#8220;distor\u00e7\u00e3o insignificante&#8221;, coloquei isso. no topo da minha lista de &#8220;para ouvir&#8221;. Al\u00e9m disso, observei na folha de especifica\u00e7\u00f5es que o baixo do Reference 203\/2 est\u00e1 6dB abaixo de 40 Hz, e o gr\u00e1fico de resposta de frequ\u00eancia que vem com o alto-falante mostra o. os graves come\u00e7aram a subir meia oitava acima, a 60 Hz. Essa era outra preocupa\u00e7\u00e3o: como o 203\/2 lidaria com a m\u00fasica com conte\u00fado de graves significativo?<\/p>\n<p>Outra pe\u00e7a da tecnologia KEF \u00e9 o Uni Balance, um ajuste integrado que voc\u00ea pode usar em seu pr\u00f3prio espa\u00e7o de audi\u00e7\u00e3o para compensar parcialmente os graves e o desempenho de alta frequ\u00eancia da sua sala. Na extremidade alta h\u00e1 quatro op\u00e7\u00f5es para controlar o brilho do Reference 203\/2, e na extremidade inferior h\u00e1 duas op\u00e7\u00f5es de graves. A capacidade de otimizar o som simplesmente adicionando ou subtraindo &#8220;bot\u00f5es&#8221; Uni Balance aparafusados \u200b\u200b\u00e9 um recurso bem-vindo.<\/p>\n<p>Mais alguns detalhes b\u00e1sicos: A sensibilidade declarada da Refer\u00eancia KEF 203\/2 \u00e9 m\u00e9dia: 89dB. A imped\u00e2ncia, embora nominalmente de 8 ohms, supostamente cai para 3,2 ohms em algum ponto da faixa de frequ\u00eancia, ent\u00e3o a folha de especifica\u00e7\u00f5es recomenda pelo menos 50W de amplifica\u00e7\u00e3o. Para quem usa o 203\/2 em um home theater, o alto-falante tamb\u00e9m \u00e9 blindado magneticamente. Pesando 58 libras, o alto-falante \u00e9 substancial, mas n\u00e3o im\u00f3vel; suas paredes laterais curvas s\u00e3o uma das maneiras mais leves de minimizar as resson\u00e2ncias do gabinete. A altura total do 203\/2 de cerca de 40 &#8220;coloca seu tweeter quase exatamente na altura dos meus ouvidos quando estou sentado no local ideal em nossa sala de audi\u00e7\u00e3o; muito bom.<\/p>\n<p>Especifica\u00e7\u00f5es KEF Modelo 203\/2<br \/>\nProjeto Bass Reflex de tr\u00eas vias altifalante de piso, protegido magneticamente<br \/>\nUnidades do 2 x 165mm (6.5in.) LF, 1 x 165mm (6.5in.) Uni-Q MF incluindo uma 25mm (1in.) tit\u00e2nio HF<br \/>\nFreq\u00fc\u00eancias de crossover 300Hz, 2.3kHz<br \/>\nSensibilidade (2.83V\/1m) 89dB<br \/>\nResposta de Freq\u00fc\u00eancia (+ \/-3dB) 50Hz \u2013 60kHz<br \/>\nSa\u00edda M\u00e1xima 113dB<br \/>\nImped\u00e2ncia de entrada 8 Ohms (3,2 min Ohms)<br \/>\nRequisitos Amplificador 50 \u2013 200W<br \/>\nBlindagem magn\u00e9tica Sim<br \/>\nExtens\u00e3o de graves 40Hz (-6dB)<\/p>\n<p>Peso 26,5 kg (\u00a3 58,3)<br \/>\nDimens\u00f5es (H x W x D) 1020 x 248 x 405 mm (40,2 x 9,8 x 15,9 polegadas)<br \/>\nAcabamentos Piano Black<\/p>\n","protected":false},"excerpt":{"rendered":"<p>O resultado mais impressionante da tecnologia KEF \u00e9 revelado pela remo\u00e7\u00e3o da grade do 203\/2. Como a KEF tem feito em seus alto-falantes desde 1988, o tweeter est\u00e1 bem no centro do driver de m\u00e9dio porte de 6,5&#8243; do 203\/2. A configura\u00e7\u00e3o Uni-Q exclusiva da KEF \u00e9 poss\u00edvel com o uso de pequenos \u00edm\u00e3s de [&hellip;]<\/p>\n","protected":false},"featured_media":17123,"template":"","meta":{"_acf_changed":false},"product_brand":[],"product_cat":[17,56,18],"product_tag":[],"class_list":{"0":"post-6341","1":"product","2":"type-product","3":"status-publish","4":"has-post-thumbnail","6":"product_cat-caixas","7":"product_cat-kef","8":"product_cat-torres","10":"first","11":"instock","12":"sold-individually","13":"shipping-taxable","14":"purchasable","15":"product-type-simple"},"acf":[],"aioseo_notices":[],"_links":{"self":[{"href":"https:\/\/hificlub.com.br\/loja\/wp-json\/wp\/v2\/product\/6341","targetHints":{"allow":["GET"]}}],"collection":[{"href":"https:\/\/hificlub.com.br\/loja\/wp-json\/wp\/v2\/product"}],"about":[{"href":"https:\/\/hificlub.com.br\/loja\/wp-json\/wp\/v2\/types\/product"}],"wp:featuredmedia":[{"embeddable":true,"href":"https:\/\/hificlub.com.br\/loja\/wp-json\/wp\/v2\/media\/17123"}],"wp:attachment":[{"href":"https:\/\/hificlub.com.br\/loja\/wp-json\/wp\/v2\/media?parent=6341"}],"wp:term":[{"taxonomy":"product_brand","embeddable":true,"href":"https:\/\/hificlub.com.br\/loja\/wp-json\/wp\/v2\/product_brand?post=6341"},{"taxonomy":"product_cat","embeddable":true,"href":"https:\/\/hificlub.com.br\/loja\/wp-json\/wp\/v2\/product_cat?post=6341"},{"taxonomy":"product_tag","embeddable":true,"href":"https:\/\/hificlub.com.br\/loja\/wp-json\/wp\/v2\/product_tag?post=6341"}],"curies":[{"name":"wp","href":"https:\/\/api.w.org\/{rel}","templated":true}]}}