{"id":6308,"date":"2024-01-02T17:52:19","date_gmt":"2024-01-02T20:52:19","guid":{"rendered":"https:\/\/hificlub.com.br\/loja\/?post_type=product&#038;p=6308"},"modified":"2025-08-27T17:10:47","modified_gmt":"2025-08-27T20:10:47","slug":"audio-research-reference-250-valvulado-mono-250-watts","status":"publish","type":"product","link":"https:\/\/hificlub.com.br\/loja\/produto\/audio-research-reference-250-valvulado-mono-250-watts\/","title":{"rendered":"AUDIO RESEARCH REFERENCE 250 Valvulado Mono  250 watts"},"content":{"rendered":"<p>ESTADO 9\/10<\/p>\n<p>O conceito de um grande amplificador monobloco \u00e9 fornecer controle a um alto-falante. A parte dif\u00edcil do trabalho \u00e9 manter a finesse e a musicalidade ao faz\u00ea-lo. A Audio Research produziu alguns dos produtos mais aclamados pela cr\u00edtica durante seus 42 anos de hist\u00f3ria e o novo Reference 250 visa abrir novos caminhos.<\/p>\n<p>Desde o momento em que a m\u00fasica come\u00e7a, a base de uma experi\u00eancia musical excepcional \u00e9 evidente. O som emerge de um fundo preto escuro, revelando microdetalhes e dicas de performance tipicamente reservadas para a performance ao vivo. Graves substanciais e fundamentais ressaltam o evento com resolu\u00e7\u00e3o e precis\u00e3o textural. O espa\u00e7o ao redor dos artistas e grupos de instrumentos se estende diante de voc\u00ea em um palco realista com escala e corpo. A din\u00e2mica oscila de passagens silenciosas a grandiosos fort\u00edssimos sem esfor\u00e7o ou tens\u00e3o. Esta \u00e9 a audi\u00e7\u00e3o de alta defini\u00e7\u00e3o.<\/p>\n<p>O Reference 250 apresenta novos aprimoramentos externos, bem como grandes avan\u00e7os de desempenho internos. Primeiro, voc\u00ea notar\u00e1 uma apar\u00eancia mais moderna e monocrom\u00e1tica, incluindo um novo painel frontal com um pequeno bot\u00e3o de energia de alum\u00ednio. Um medidor anal\u00f3gico com ilumina\u00e7\u00e3o ajust\u00e1vel \u00e9 definido no painel frontal e \u00e9 capaz de exibir as configura\u00e7\u00f5es de sa\u00edda de energia e polariza\u00e7\u00e3o do tubo. Um novo ventilador de baixa turbul\u00eancia fornece resfriamento eficaz, por\u00e9m silencioso. Internamente, o Reference 250 \u00e9 equipado com os tubos de sa\u00edda KT120 e uma fonte de alimenta\u00e7\u00e3o em massa 50 por cento maior do que seu antecessor. As conex\u00f5es incluem acomoda\u00e7\u00e3o para alto-falantes de 4, 8 ou 16 ohms, uma entrada XLR, bem como conex\u00f5es de gatilho de 12 volts.<\/p>\n<p>Visualmente discreto e sonoramente de tirar o f\u00f4lego, o Reference 250 \u00e9 inconfundivelmente Audio Research.<\/p>\n<p>Pot\u00eancia de sa\u00edda<br \/>\n250 watts por canal cont\u00ednuo de 20 Hz a 20 kHz. Distor\u00e7\u00e3o harm\u00f4nica total de 1 kHz, tipicamente 0,5% a 250 watts, abaixo de 0,04% a 1 watt. Pot\u00eancia real aproximada dispon\u00edvel em &#8220;clipping&#8221; de 270 watts (1 kHz). (Observe que a sa\u00edda de pot\u00eancia real depende da tens\u00e3o da linha e da &#8220;condi\u00e7\u00e3o&#8221;, ou seja: se a linha de energia tiver alta distor\u00e7\u00e3o, a pot\u00eancia m\u00e1xima ser\u00e1 afetada adversamente, embora do ponto de vista da audi\u00e7\u00e3o isso n\u00e3o seja muito cr\u00edtico.)<br \/>\nLargura de banda de pot\u00eancia<br \/>\n(-3dB pontos) 5Hz a 70kHz<br \/>\nResposta de frequ\u00eancia<br \/>\n(-3dB pontos a 1 watt) 0,5 Hz a 110 kHz<br \/>\nSensibilidade de entrada<br \/>\n2,4 V RMS balanceado para sa\u00edda nominal. (Ganho de 25,5 dB em 8 ohms.)<br \/>\nImped\u00e2ncia de entrada<br \/>\n200K ohms balanceado<br \/>\nTorneiras de sa\u00edda<br \/>\n4, 8, 16 ohms<br \/>\nRegula\u00e7\u00e3o de sa\u00edda<br \/>\nAproximadamente 0,9 dB de carga de 16 ohms para circuito aberto.<br \/>\nFeedback negativo geral<br \/>\n8,8 dB<br \/>\nFator de amortecimento<br \/>\nAproximadamente 10<br \/>\nDistor\u00e7\u00e3o<br \/>\n&#8211;<br \/>\nTaxa de varia\u00e7\u00e3o<br \/>\n20 V\/\u00b5s<br \/>\nTempo de subida<br \/>\n1,5 \u00b5s<br \/>\nZumbido e barulho<br \/>\nMenos de 0,2 mV RMS \u2013 110 dB abaixo da sa\u00edda nominal (pondera\u00e7\u00e3o IHF-A, entrada em curto, sa\u00edda de 16 ohms).<br \/>\nArmazenamento de energia de fornecimento de energia<br \/>\nAproximadamente 900 joules<br \/>\nRequisitos de energia<br \/>\n105-130 VCA 60 Hz (260-250 VCA 50 Hz) 770 watts na sa\u00edda nominal, 1000 watts m\u00e1ximo, 380 watts em \u201cinativo\u201d, 1 watt desligado.<br \/>\nComplemento de tubo<br \/>\nREFER\u00caNCIA 250: (3 pares correspondentes) sa\u00edda de pot\u00eancia KT120, (1 par correspondente) driver KT120, (2) est\u00e1gio de ganho 6H30 e driver regulador, (1) regulador 6550C. REFER\u00caNCIA 250 SE: (3 pares correspondentes) sa\u00edda de pot\u00eancia KT150, (1 par correspondente) driver KT150, (2) est\u00e1gio de ganho 6H30 e driver regulador, (1) regulador 6550C.<br \/>\nDimens\u00f5es<br \/>\n19&#8243; (48,3 cm) L x 8 \u00be&#8221; (22,2 cm) A x 19\u00bd&#8221; (49,5 cm) P. As al\u00e7as se estendem 1\u00bd&#8221; (3,8 cm) para a frente.<br \/>\nPeso<br \/>\n73 lbs. (33,2 kg) L\u00edquido; 88 lbs. (40 kg) Envio.<\/p>\n","protected":false},"excerpt":{"rendered":"<p>ESTADO 9\/10 O conceito de um grande amplificador monobloco \u00e9 fornecer controle a um alto-falante. A parte dif\u00edcil do trabalho \u00e9 manter a finesse e a musicalidade ao faz\u00ea-lo. A Audio Research produziu alguns dos produtos mais aclamados pela cr\u00edtica durante seus 42 anos de hist\u00f3ria e o novo Reference 250 visa abrir novos caminhos. [&hellip;]<\/p>\n","protected":false},"featured_media":18383,"template":"","meta":{"_acf_changed":false},"product_brand":[],"product_cat":[27,29,31],"product_tag":[],"class_list":{"0":"post-6308","1":"product","2":"type-product","3":"status-publish","4":"has-post-thumbnail","6":"product_cat-amplificador","7":"product_cat-audio-research","8":"product_cat-mono","10":"first","11":"instock","12":"sold-individually","13":"shipping-taxable","14":"purchasable","15":"product-type-simple"},"acf":[],"aioseo_notices":[],"_links":{"self":[{"href":"https:\/\/hificlub.com.br\/loja\/wp-json\/wp\/v2\/product\/6308","targetHints":{"allow":["GET"]}}],"collection":[{"href":"https:\/\/hificlub.com.br\/loja\/wp-json\/wp\/v2\/product"}],"about":[{"href":"https:\/\/hificlub.com.br\/loja\/wp-json\/wp\/v2\/types\/product"}],"wp:featuredmedia":[{"embeddable":true,"href":"https:\/\/hificlub.com.br\/loja\/wp-json\/wp\/v2\/media\/18383"}],"wp:attachment":[{"href":"https:\/\/hificlub.com.br\/loja\/wp-json\/wp\/v2\/media?parent=6308"}],"wp:term":[{"taxonomy":"product_brand","embeddable":true,"href":"https:\/\/hificlub.com.br\/loja\/wp-json\/wp\/v2\/product_brand?post=6308"},{"taxonomy":"product_cat","embeddable":true,"href":"https:\/\/hificlub.com.br\/loja\/wp-json\/wp\/v2\/product_cat?post=6308"},{"taxonomy":"product_tag","embeddable":true,"href":"https:\/\/hificlub.com.br\/loja\/wp-json\/wp\/v2\/product_tag?post=6308"}],"curies":[{"name":"wp","href":"https:\/\/api.w.org\/{rel}","templated":true}]}}