{"id":6266,"date":"2024-01-02T17:52:08","date_gmt":"2024-01-02T20:52:08","guid":{"rendered":"https:\/\/hificlub.com.br\/loja\/?post_type=product&#038;p=6266"},"modified":"2026-03-03T22:18:43","modified_gmt":"2026-03-04T01:18:43","slug":"vincent-sv-237-mk-ii-class-a-hibrido-com-bluetooth-usb-dac-150-watts","status":"publish","type":"product","link":"https:\/\/hificlub.com.br\/loja\/produto\/vincent-sv-237-mk-ii-class-a-hibrido-com-bluetooth-usb-dac-150-watts\/","title":{"rendered":"VINCENT SV-237 MK II Class A Hibrido Com Bluetooth USB DAC 150 watts"},"content":{"rendered":"<p>Vincent SV-237MKII<br \/>\nA terceira gera\u00e7\u00e3o do amplificador de maior sucesso de todos os tempos da Vincent, com um est\u00e1gio de pr\u00e9-amplificador 6N1P. Agora com Bluetooth.<br \/>\nA terceira edi\u00e7\u00e3o do grande h\u00edbrido integrado de Vincent agora tem um design completamente revisado. Al\u00e9m de duas entradas digitais, agora h\u00e1 tamb\u00e9m uma entrada Bluetooth. O famoso circuito deste amplificador foi desenvolvido por Frank Bl\u00f6hbaum e usa duas v\u00e1lvulas 6N1P NOS na se\u00e7\u00e3o de pr\u00e9-amplificador, que d\u00e3o ao som naturalidade, musicalidade e calor.<\/p>\n<p>A musicalidade brilha<br \/>\nO design h\u00edbrido de tubo\/transistor traz a voc\u00ea um som luxuoso de &#8220;era de ouro&#8221; e confiabilidade de estado s\u00f3lido. O segundo est\u00e1gio da se\u00e7\u00e3o do pr\u00e9-amplificador usa um par de tubos de v\u00e1cuo 6N1P-EV. Seu maior n\u00edvel de voltagem fornece estabilidade de sinal aprimorada com maior pureza espectral que real\u00e7a os detalhes finos de uma grava\u00e7\u00e3o. A musicalidade dos tubos brilha! O som nunca \u00e9 frio ou anal\u00edtico.<\/p>\n<p>O design do circuito revisado tamb\u00e9m oferece uma rela\u00e7\u00e3o sinal-ru\u00eddo muito melhorada. Voc\u00ea aproveitar\u00e1 a experi\u00eancia explosiva de uma apresenta\u00e7\u00e3o ao vivo gra\u00e7as \u00e0 excelente din\u00e2mica. E os aprimoramentos no controle de volume permitem que voc\u00ea controle o n\u00edvel por meio do controle remoto sem fio inclu\u00eddo.<\/p>\n<p>O SV-237MK tem seis entradas anal\u00f3gicas de n\u00edvel de linha, pr\u00e9-sa\u00edda e sa\u00edda de grava\u00e7\u00e3o, e quatro pares de sa\u00eddas de alto-falante para bi-fia\u00e7\u00e3o. O painel frontal inclui controles de tom, o que \u00e9 um \u00f3timo recurso quando implementado corretamente, como Vincent faz, e acrescenta \u00e0 sensa\u00e7\u00e3o de &#8220;era de ouro&#8221; e ao desempenho deste componente. Um controle de &#8220;bypass&#8221; de tom alterna os controles de agudos e graves para fora do circuito. Outra \u00f3tima ideia do passado \u00e9 um interruptor de &#8220;Loudness&#8221;, que restaura muita din\u00e2mica quando voc\u00ea est\u00e1 tocando seu SV-237 em volume baixo.<\/p>\n<p>Entradas Digitais<br \/>\nAl\u00e9m de suas conex\u00f5es anal\u00f3gicas, o SV-237MK tem entradas digitais \u00f3pticas e digitais coaxiais para seu equipamento AV. A convers\u00e3o digital para anal\u00f3gico \u00e9 fornecida por unidades Burr Brown de alta qualidade, oferecendo som quente e detalhado de alta resolu\u00e7\u00e3o de at\u00e9 192\/24.<\/p>\n<p>O SV-237MKII \u00e9 tr\u00eas coisas que produtos de \u00e1udio de ponta s\u00e3o ou pelo menos querem ser. \u00c9 grande, poderoso e rico.<\/p>\n<p>\u00c9 grande\u2026<br \/>\nEm uma era de equipamentos ficando menores, mais finos e mais leves, o Vincent SV-237MKII \u00e9 exatamente o oposto. \u00c9 um componente grande e de tamanho normal. O chassi tem 18&#8243; de profundidade, incluindo os robustos e resistentes postes de cinco vias. Agora tente peg\u00e1-lo. Voc\u00ea descobrir\u00e1 que ele pesa cada on\u00e7a dos alegados 45 lb.<\/p>\n<p>\u00c9 poderoso\u2026<br \/>\nEsque\u00e7a os amplificadores fracos e de baixa pot\u00eancia produzidos pela concorr\u00eancia! Com seu transformador toroidial de alta resist\u00eancia, o SV-237MKII fornece 150 W RMS completos em oito ohms e mais de 250 W RMS em quatro ohms. Ligue-o e voc\u00ea detectar\u00e1 imediatamente algo muito diferente. \u00c9 chamado de baixo! E a maioria dos amplificadores simplesmente n\u00e3o consegue dar a voc\u00ea o impacto total da m\u00fasica. O baixo do SV-237 varia com a m\u00fasica, do rock vendido ao incr\u00edvel. Seus amigos n\u00e3o audi\u00f3filos provavelmente nunca ouviram um baixo como esse antes. Parab\u00e9ns \u00e0 excelente fonte de alimenta\u00e7\u00e3o projetada pelo engenheiro alem\u00e3o Frank Bl\u00f6hbaum .<\/p>\n<p>\u00c9 rico\u2026<br \/>\nMais uma coisa diferencia o SV-237 dos equipamentos de \u00e1udio comuns. \u00c9 o som rico e completo da m\u00fasica amplificada por v\u00e1lvulas. O SV-237 \u00e9 polarizado para fornecer dez watts completos no modo &#8216;Classe A&#8217; puro. Isso \u00e9 mais de 95% da sua audi\u00e7\u00e3o! A combina\u00e7\u00e3o de v\u00e1lvulas de v\u00e1cuo e polariza\u00e7\u00e3o &#8216;Classe A&#8217; d\u00e1 aos instrumentos e vozes uma textura l\u00edquida quente que somente os equipamentos de estado s\u00f3lido mais caros podem aproximar.<\/p>\n<p>Especifica\u00e7\u00f5es<br \/>\nResposta de frequ\u00eancia: 20 Hz &#8211; 20 kHz +\/- 0,5 dB, 20 Hz &#8211; 50 kHz +\/-2 dB<\/p>\n<p>Pot\u00eancia de sa\u00edda RMS por canal (8 ohm, 4 ohm): 150 W, 250 W<\/p>\n<p>Pot\u00eancia de sa\u00edda de classe A a 8 Ohm: 10 Wpc<\/p>\n<p>Sensibilidade de entrada: 300 mV<\/p>\n<p>Imped\u00e2ncia de entrada: 47 kOhm<\/p>\n<p>Entradas: 3 x RCA est\u00e9reo, 1 x \u00f3ptica, 1 x coaxial, 1 x Bluetooth<\/p>\n<p>Sa\u00eddas: 1 x pr\u00e9-amplificador RCA est\u00e9reo, 1 x gravador RCA est\u00e9reo, 4 x 2 terminais de alto-falante, 2 x conector de controle de energia de 3,5 mm<\/p>\n<p>Tubos: 1 x 12AX7, 2 x 6N1P<\/p>\n<p>Peso:  45 lb (20,4 kg)<\/p>\n<p>Dimens\u00f5es (WHD):  17&#8243; x 6&#8243; x 17,1&#8243; (430 x 152 x 435 mm)<\/p>\n","protected":false},"excerpt":{"rendered":"<p>Vincent SV-237MKII A terceira gera\u00e7\u00e3o do amplificador de maior sucesso de todos os tempos da Vincent, com um est\u00e1gio de pr\u00e9-amplificador 6N1P. Agora com Bluetooth. A terceira edi\u00e7\u00e3o do grande h\u00edbrido integrado de Vincent agora tem um design completamente revisado. Al\u00e9m de duas entradas digitais, agora h\u00e1 tamb\u00e9m uma entrada Bluetooth. O famoso circuito deste [&hellip;]<\/p>\n","protected":false},"featured_media":19722,"template":"","meta":{"_acf_changed":false},"product_brand":[],"product_cat":[27,51,96],"product_tag":[],"class_list":{"0":"post-6266","1":"product","2":"type-product","3":"status-publish","4":"has-post-thumbnail","6":"product_cat-amplificador","7":"product_cat-integrado","8":"product_cat-vincent","10":"first","11":"instock","12":"sold-individually","13":"shipping-taxable","14":"purchasable","15":"product-type-simple"},"acf":[],"aioseo_notices":[],"_links":{"self":[{"href":"https:\/\/hificlub.com.br\/loja\/wp-json\/wp\/v2\/product\/6266","targetHints":{"allow":["GET"]}}],"collection":[{"href":"https:\/\/hificlub.com.br\/loja\/wp-json\/wp\/v2\/product"}],"about":[{"href":"https:\/\/hificlub.com.br\/loja\/wp-json\/wp\/v2\/types\/product"}],"wp:featuredmedia":[{"embeddable":true,"href":"https:\/\/hificlub.com.br\/loja\/wp-json\/wp\/v2\/media\/19722"}],"wp:attachment":[{"href":"https:\/\/hificlub.com.br\/loja\/wp-json\/wp\/v2\/media?parent=6266"}],"wp:term":[{"taxonomy":"product_brand","embeddable":true,"href":"https:\/\/hificlub.com.br\/loja\/wp-json\/wp\/v2\/product_brand?post=6266"},{"taxonomy":"product_cat","embeddable":true,"href":"https:\/\/hificlub.com.br\/loja\/wp-json\/wp\/v2\/product_cat?post=6266"},{"taxonomy":"product_tag","embeddable":true,"href":"https:\/\/hificlub.com.br\/loja\/wp-json\/wp\/v2\/product_tag?post=6266"}],"curies":[{"name":"wp","href":"https:\/\/api.w.org\/{rel}","templated":true}]}}