{"id":624,"date":"2023-10-17T19:52:18","date_gmt":"2023-10-17T22:52:18","guid":{"rendered":"https:\/\/hificlub.com.br\/loja2\/produto\/optoma-uhd60-4k-3-000-lumens\/"},"modified":"2025-09-21T17:51:10","modified_gmt":"2025-09-21T20:51:10","slug":"optoma-uhd60-4k-3-000-lumens","status":"publish","type":"product","link":"https:\/\/hificlub.com.br\/loja\/produto\/optoma-uhd60-4k-3-000-lumens\/","title":{"rendered":"OPTOMA UHD60 4K 3000 Lumens"},"content":{"rendered":"<p>COR: BRANCO<br \/>\nCONDI\u00c7\u00c3O: 9\/10<\/p>\n<p id=\"title\" class=\"a-size-large a-spacing-none\"><strong><span id=\"productTitle\" class=\"a-size-large product-title-word-break\">Optoma Projetor UHD60 True 4K UHD, 3000 l\u00famens, entretenimento e filmes, Rec.2020 com DCI-P3 para ampla gama de cores, HDMI 2.0 e HDR10, branco<\/span><\/strong><\/p>\n<p class=\"a-size-large a-spacing-none\"><strong><span class=\"a-size-large product-title-word-break\">Contraste at\u00e9 1.000.000:1 com Preto Din\u00e2mico.<br \/>\nL\u00e2mpada P-VIP 240W &#8211; Brilho Original por cerca de 4000 horas.<br \/>\nCompat\u00edvel com HDR.<br \/>\n<\/span><\/strong><\/p>\n<ul class=\"a-unordered-list a-vertical a-spacing-mini\">\n<li class=\"a-spacing-mini\"><span class=\"a-list-item\">VERDADEIRO 4K ULTRA HD: Experimente uma sensa\u00e7\u00e3o de cinema em casa premium de alta qualidade com 8,3 milh\u00f5es de pixels distintos na tela, ativado pelo chipset DLP UHD 4K da Texas Instruments<\/span><\/li>\n<li class=\"a-spacing-mini\"><span class=\"a-list-item\">4X OS PIXELS DE 1080p: Veja mais detalhes com 4 vezes os pixels da sua HDTV 1080p; resolu\u00e7\u00e3o mais alta cria uma imagem n\u00edtida para a melhor experi\u00eancia de home theater 4K<\/span><\/li>\n<li class=\"a-spacing-mini\"><span class=\"a-list-item\">Ultraleve: com 3.000 l\u00famens, o UHD60 \u00e9 brilhante o suficiente em qualquer c\u00f4modo da casa, seja em uma sala de estar bem iluminada ou em um espa\u00e7o de home theater com pouca luz<\/span><\/li>\n<li class=\"a-spacing-mini\"><span class=\"a-list-item\">Compat\u00edvel com HDR: A tecnologia HDR10 com ampla gama de cores DCI-P3 mostra tudo nas cores REC.2020; tamb\u00e9m oferece brancos mais brilhantes, pretos mais profundos e maior profundidade de cor<\/span><\/li>\n<li class=\"a-spacing-mini\"><span class=\"a-list-item\">Longa vida \u00fatil da l\u00e2mpada: Desfrute de at\u00e9 15.000 horas de vida \u00fatil da l\u00e2mpada, permitindo uma m\u00e9dia de 4 horas de visualiza\u00e7\u00e3o todos os dias mais de 10 anos<\/span><\/li>\n<li class=\"a-spacing-mini\"><span class=\"a-list-item\">Alta rela\u00e7\u00e3o de contraste: a tecnologia Dynamic Black oferece mais profundidade para a imagem ao suavizar a sa\u00edda da l\u00e2mpada para criar uma taxa de contraste incrivelmente alta (1.000.000:1); cenas brilhantes parecem claras enquanto as cenas escuras permanecem detalhadas<\/span><\/li>\n<li class=\"a-spacing-mini\"><span class=\"a-list-item\">INSTALA\u00c7\u00c3O FLEX\u00cdVEL: Seja montado no teto ou colocado em uma mesa, obtenha sua foto exatamente com zoom de 1,6x, propor\u00e7\u00e3o de proje\u00e7\u00e3o, mudan\u00e7a vertical de lente e corre\u00e7\u00e3o de chave; propor\u00e7\u00e3o de proje\u00e7\u00e3o: 1,39 &#8211; 2,22:1<\/span><\/li>\n<\/ul>\n<div class=\"a-row a-expander-container a-expander-inline-container\">\n<div class=\"a-expander-content a-expander-extend-content a-expander-content-expanded\">\n<ul class=\"a-unordered-list a-vertical a-spacing-none\">\n<li class=\"a-spacing-mini\"><span class=\"a-list-item\">Variedade de entradas: conecte-se com a maioria dos leitores de m\u00eddia, consoles de jogos, PCs, Macs e dispositivos m\u00f3veis com op\u00e7\u00f5es de entrada como HDMI com suporte HDCP 2.2, HDMI 4K, USB, VGA e mais<\/span><\/li>\n<li class=\"a-spacing-mini\"><span class=\"a-list-item\">Imagem ultra afiada: a tecnologia UltraDetail garante maior nitidez da imagem com uma maior taxa de quadros para proporcionar uma imagem cristalina<\/span><\/li>\n<\/ul>\n<div class=\"a-row\">\n<div class=\"a-column a-span6\">\n<p class=\"a-size-medium a-spacing-small\"><strong>Detalhes t\u00e9cnicos<\/strong><\/p>\n<\/div>\n<\/div>\n<div class=\"a-expander-content a-expander-extend-content\">\n<div class=\"a-row a-expander-container a-expander-inline-container\">\n<div class=\"a-expander-content a-expander-section-content a-section-expander-inner\">\n<table id=\"productDetails_techSpec_section_1\" class=\"a-keyvalue prodDetTable\" role=\"presentation\">\n<tbody>\n<tr>\n<th class=\"a-color-secondary a-size-base prodDetSectionEntry\">Fabricante<\/th>\n<td class=\"a-size-base prodDetAttrValue\">\u200eOPTOMA TECHNOLOGY<\/td>\n<\/tr>\n<tr>\n<th class=\"a-color-secondary a-size-base prodDetSectionEntry\">Marca<\/th>\n<td class=\"a-size-base prodDetAttrValue\">\u200eOptoma<\/td>\n<\/tr>\n<tr>\n<th class=\"a-color-secondary a-size-base prodDetSectionEntry\">N\u00famero do modelo<\/th>\n<td class=\"a-size-base prodDetAttrValue\">\u200eUHD60<\/td>\n<\/tr>\n<tr>\n<th class=\"a-color-secondary a-size-base prodDetSectionEntry\">Cor<\/th>\n<td class=\"a-size-base prodDetAttrValue\">\u200eBranco<\/td>\n<\/tr>\n<tr>\n<th class=\"a-color-secondary a-size-base prodDetSectionEntry\">N\u00famero de produtos<\/th>\n<td class=\"a-size-base prodDetAttrValue\">\u200e1<\/td>\n<\/tr>\n<tr>\n<th class=\"a-color-secondary a-size-base prodDetSectionEntry\">Propor\u00e7\u00e3o de brilho<\/th>\n<td class=\"a-size-base prodDetAttrValue\">\u200e3000 lm<\/td>\n<\/tr>\n<tr>\n<th class=\"a-color-secondary a-size-base prodDetSectionEntry\">N\u00famero de pe\u00e7a do fabricante<\/th>\n<td class=\"a-size-base prodDetAttrValue\">\u200eUHD60<\/td>\n<\/tr>\n<\/tbody>\n<\/table>\n<h1 class=\"a-size-medium a-spacing-small secHeader\">Informa\u00e7\u00f5es adicionais<\/h1>\n<div class=\"a-section table-padding\">\n<table id=\"productDetails_detailBullets_sections1\" class=\"a-keyvalue prodDetTable\" role=\"presentation\">\n<tbody>\n<tr>\n<th class=\"a-color-secondary a-size-base prodDetSectionEntry\">Dimens\u00f5es do produto<\/th>\n<td class=\"a-size-base prodDetAttrValue\">33,02 x 49,78 x 14,22 cm; 7,26 Quilogramas<\/td>\n<\/tr>\n<tr>\n<th class=\"a-color-secondary a-size-base prodDetSectionEntry\">N\u00famero do modelo<\/th>\n<td class=\"a-size-base prodDetAttrValue\">UHD60<\/td>\n<\/tr>\n<tr>\n<th class=\"a-color-secondary a-size-base prodDetSectionEntry\">ASIN<\/th>\n<td class=\"a-size-base prodDetAttrValue\">B071P6KQZH<\/td>\n<\/tr>\n<tr>\n<th class=\"a-color-secondary a-size-base prodDetSectionEntry\">Dispon\u00edvel para compra desde<\/th>\n<td class=\"a-size-base prodDetAttrValue\">23 outubro 2017<\/td>\n<\/tr>\n<tr>\n<th class=\"a-color-secondary a-size-base prodDetSectionEntry\">Avalia\u00e7\u00f5es de clientes<\/th>\n<td class=\"a-size-base\">\n<div id=\"averageCustomerReviews\" data-asin=\"B071P6KQZH\" data-ref=\"dpx_acr_pop_\"><span class=\"a-declarative\" data-action=\"acrStarsLink-click-metrics\" data-csa-c-type=\"widget\" data-csa-c-func-deps=\"aui-da-acrStarsLink-click-metrics\" data-acrstarslink-click-metrics=\"{}\" data-csa-c-id=\"36yqg6-m70lci-bd62u2-nz50nw\"><span class=\"a-declarative\" data-action=\"a-popover\" data-csa-c-type=\"widget\" data-csa-c-func-deps=\"aui-da-a-popover\" data-a-popover=\"{&quot;max-width&quot;:&quot;700&quot;,&quot;closeButton&quot;:&quot;false&quot;,&quot;name&quot;:&quot;star_ratings_popover&quot;,&quot;position&quot;:&quot;triggerBottom&quot;,&quot;url&quot;:&quot;\/gp\/customer-reviews\/widgets\/average-customer-review\/popover\/ref=dpx_acr_pop_?contextId=dpx&amp;asin=B071P6KQZH&quot;}\" data-csa-c-id=\"txicbb-z4h661-rsatcs-cq0o6o\"><a class=\"a-popover-trigger a-declarative\" role=\"button\"><span class=\"a-size-base a-color-base\">3,8\u00a0<\/span><i class=\"a-icon a-icon-star a-star-4 cm-cr-review-stars-spacing-big\"><span class=\"a-icon-alt\">3,8 de 5 estrelas<\/span><\/i>\u00a0<\/a>\u00a0<\/span>\u00a0<\/span>\u00a0<span class=\"a-declarative\" data-action=\"acrLink-click-metrics\" data-csa-c-type=\"widget\" data-csa-c-func-deps=\"aui-da-acrLink-click-metrics\" data-acrlink-click-metrics=\"{}\" data-csa-c-id=\"21821u-hjo8gm-7yqoqe-i4kcai\"><a id=\"acrCustomerReviewLink\" class=\"a-link-normal\" href=\"https:\/\/www.amazon.com.br\/Projetor-Optoma-Cinema-Theater-Defini%C3%A7%C3%A3o\/dp\/B071P6KQZH#customerReviews\">381 avalia\u00e7\u00f5es de clientes<\/a><\/span><\/div>\n<p>3,8 de 5 estrelas<\/td>\n<\/tr>\n<tr>\n<th class=\"a-color-secondary a-size-base prodDetSectionEntry\">Descontinuado pelo fabricante<\/th>\n<td class=\"a-size-base prodDetAttrValue\">N\u00e3o<\/td>\n<\/tr>\n<\/tbody>\n<\/table>\n<\/div>\n<\/div>\n<\/div>\n<\/div>\n<\/div>\n<\/div>\n","protected":false},"excerpt":{"rendered":"<p>COR: BRANCO CONDI\u00c7\u00c3O: 9\/10 Optoma Projetor UHD60 True 4K UHD, 3000 l\u00famens, entretenimento e filmes, Rec.2020 com DCI-P3 para ampla gama de cores, HDMI 2.0 e HDR10, branco Contraste at\u00e9 1.000.000:1 com Preto Din\u00e2mico. L\u00e2mpada P-VIP 240W &#8211; Brilho Original por cerca de 4000 horas. Compat\u00edvel com HDR. VERDADEIRO 4K ULTRA HD: Experimente uma sensa\u00e7\u00e3o [&hellip;]<\/p>\n","protected":false},"featured_media":620,"template":"","meta":{"_acf_changed":false},"product_brand":[],"product_cat":[86,85],"product_tag":[],"class_list":{"0":"post-624","1":"product","2":"type-product","3":"status-publish","4":"has-post-thumbnail","6":"product_cat-projetor","7":"product_cat-video","9":"first","10":"instock","11":"sold-individually","12":"shipping-taxable","13":"purchasable","14":"product-type-simple"},"acf":[],"aioseo_notices":[],"_links":{"self":[{"href":"https:\/\/hificlub.com.br\/loja\/wp-json\/wp\/v2\/product\/624","targetHints":{"allow":["GET"]}}],"collection":[{"href":"https:\/\/hificlub.com.br\/loja\/wp-json\/wp\/v2\/product"}],"about":[{"href":"https:\/\/hificlub.com.br\/loja\/wp-json\/wp\/v2\/types\/product"}],"wp:featuredmedia":[{"embeddable":true,"href":"https:\/\/hificlub.com.br\/loja\/wp-json\/wp\/v2\/media\/620"}],"wp:attachment":[{"href":"https:\/\/hificlub.com.br\/loja\/wp-json\/wp\/v2\/media?parent=624"}],"wp:term":[{"taxonomy":"product_brand","embeddable":true,"href":"https:\/\/hificlub.com.br\/loja\/wp-json\/wp\/v2\/product_brand?post=624"},{"taxonomy":"product_cat","embeddable":true,"href":"https:\/\/hificlub.com.br\/loja\/wp-json\/wp\/v2\/product_cat?post=624"},{"taxonomy":"product_tag","embeddable":true,"href":"https:\/\/hificlub.com.br\/loja\/wp-json\/wp\/v2\/product_tag?post=624"}],"curies":[{"name":"wp","href":"https:\/\/api.w.org\/{rel}","templated":true}]}}