{"id":6198,"date":"2024-01-02T17:51:57","date_gmt":"2024-01-02T20:51:57","guid":{"rendered":"https:\/\/hificlub.com.br\/loja\/?post_type=product&#038;p=6198"},"modified":"2025-02-28T07:42:57","modified_gmt":"2025-02-28T10:42:57","slug":"ayon-orion-c-usb-dac-60-watts","status":"publish","type":"product","link":"https:\/\/hificlub.com.br\/loja\/produto\/ayon-orion-c-usb-dac-60-watts\/","title":{"rendered":"AYON ORION  c\/ USB DAC 60 watts"},"content":{"rendered":"<p>ESTADO 9\/10<br \/>\nO Orion substituiu o Spirit como integrado b\u00e1sico do Ayon &#8211; mas n\u00e3o se engane, cada cent\u00edmetro do novo modelo ainda exala a habilidade e a classe excepcionais que todas as ofertas da empresa oferecem. Em primeiro lugar, e como o Spirit, o Orion \u00e9 uma fera: o manual especifica que pesa 62 libras (28 kg), mas chegou em um pacote de 95 libras, ent\u00e3o o amplificador deve estar mais pr\u00f3ximo de 80 libras. O referido pacote era por si s\u00f3 not\u00e1vel: recebi produtos de \u00e1udio com caixa dupla ou at\u00e9 tripla, mas o Orion \u00e9 o primeiro a ter caixa qu\u00edntupla . As duas \u00faltimas dessas cinco caixas s\u00e3o refor\u00e7adas com isopor moldado e, quando voc\u00ea finalmente chega ao amplificador, ele est\u00e1 majestosamente envolto em uma bolsa macia de veludo vermelho. Puro carisma, talvez, mas um toque agrad\u00e1vel que indica a abordagem geral de Ayon em rela\u00e7\u00e3o \u00e0s coisas.<br \/>\nO Orion \u00e9 totalmente montado \u00e0 m\u00e3o com pe\u00e7as de alta qualidade e alto n\u00edvel de acabamento. Dada a \u00e9tica purista de Ayon, n\u00e3o h\u00e1 muitos sinos e assobios &#8211; nenhum controle de equil\u00edbrio, nenhum bot\u00e3o mono, etc. Mas h\u00e1 um controle remoto de alum\u00ednio preto correspondente (somente volume e mudo); reconhecendo a crescente popularidade do \u00e1udio baseado em PC, h\u00e1 uma entrada USB para acompanhar as 3 entradas de linha; e h\u00e1 um conector de fone de ouvido (muito bom) no painel frontal. As acomoda\u00e7\u00f5es para USB e fones de ouvido s\u00e3o fortes pontos de venda e, curiosamente, s\u00e3o exclusivas do Orion; nenhum dos outros modelos de Ayon os possui.   <\/p>\n<p>ESPECIFICA\u00c7\u00d5ES<br \/>\nPot\u00eancia de sa\u00edda: pentodo 60Wpc, triodo 40Wpc<br \/>\nComplemento de tubo: Quatro KT88, tr\u00eas 12AU7<br \/>\nResposta de frequ\u00eancia: 27Hz\u201340kHz +\/-0,5 dB<br \/>\nTorneiras do transformador: 4 e 8 ohms<br \/>\nLargura de banda: 15Hz-50kHz<br \/>\nGanho de tens\u00e3o nominal: 40dB<br \/>\nSensibilidade de entrada ( pot\u00eancia total): 1V<br \/>\nImped\u00e2ncia de entrada: 100k Ohm<br \/>\nRela\u00e7\u00e3o S\/N: 85dB (2mV)<br \/>\nDimens\u00f5es: 18\u2033 x 14\u2033 x 10\u2033<br \/>\nPeso: 62 lbs.<\/p>\n","protected":false},"excerpt":{"rendered":"<p>ESTADO 9\/10 O Orion substituiu o Spirit como integrado b\u00e1sico do Ayon &#8211; mas n\u00e3o se engane, cada cent\u00edmetro do novo modelo ainda exala a habilidade e a classe excepcionais que todas as ofertas da empresa oferecem. Em primeiro lugar, e como o Spirit, o Orion \u00e9 uma fera: o manual especifica que pesa 62 [&hellip;]<\/p>\n","protected":false},"featured_media":6195,"template":"","meta":{"_acf_changed":false},"product_brand":[],"product_cat":[27,51],"product_tag":[],"class_list":{"0":"post-6198","1":"product","2":"type-product","3":"status-publish","4":"has-post-thumbnail","6":"product_cat-amplificador","7":"product_cat-integrado","9":"first","10":"instock","11":"sold-individually","12":"shipping-taxable","13":"purchasable","14":"product-type-simple"},"acf":[],"aioseo_notices":[],"_links":{"self":[{"href":"https:\/\/hificlub.com.br\/loja\/wp-json\/wp\/v2\/product\/6198","targetHints":{"allow":["GET"]}}],"collection":[{"href":"https:\/\/hificlub.com.br\/loja\/wp-json\/wp\/v2\/product"}],"about":[{"href":"https:\/\/hificlub.com.br\/loja\/wp-json\/wp\/v2\/types\/product"}],"wp:featuredmedia":[{"embeddable":true,"href":"https:\/\/hificlub.com.br\/loja\/wp-json\/wp\/v2\/media\/6195"}],"wp:attachment":[{"href":"https:\/\/hificlub.com.br\/loja\/wp-json\/wp\/v2\/media?parent=6198"}],"wp:term":[{"taxonomy":"product_brand","embeddable":true,"href":"https:\/\/hificlub.com.br\/loja\/wp-json\/wp\/v2\/product_brand?post=6198"},{"taxonomy":"product_cat","embeddable":true,"href":"https:\/\/hificlub.com.br\/loja\/wp-json\/wp\/v2\/product_cat?post=6198"},{"taxonomy":"product_tag","embeddable":true,"href":"https:\/\/hificlub.com.br\/loja\/wp-json\/wp\/v2\/product_tag?post=6198"}],"curies":[{"name":"wp","href":"https:\/\/api.w.org\/{rel}","templated":true}]}}