{"id":6143,"date":"2024-01-02T17:51:36","date_gmt":"2024-01-02T20:51:36","guid":{"rendered":"https:\/\/hificlub.com.br\/loja\/?post_type=product&#038;p=6143"},"modified":"2025-05-26T19:42:32","modified_gmt":"2025-05-26T22:42:32","slug":"focal-diablo-utopia-iii-com-pedestal","status":"publish","type":"product","link":"https:\/\/hificlub.com.br\/loja\/produto\/focal-diablo-utopia-iii-com-pedestal\/","title":{"rendered":"FOCAL DIABLO UTOPIA III com PEDESTAL"},"content":{"rendered":"<p>Diablo Utopia foi inspirado no Grande Utopia EM. A Focal investiu muito tempo para fazer a se\u00e7\u00e3o de graves brilhar adicionando um novo Power Flower patenteado de 16,5 cm que quase n\u00e3o tem satura\u00e7\u00e3o e tamb\u00e9m tem um ressonador interno.<\/p>\n<p>Alguns outros fatos interessantes sobre sua tecnologia:<\/p>\n<p>Ressonador de Helmholtz<br \/>\n\u203a cavidade do compartimento do tweeter sintonizada como um ressonador<br \/>\n\u203a suaviza a imped\u00e2ncia dos graves<br \/>\n\u203a suprime a resson\u00e2ncia t\u00edpica nos m\u00e9dios graves dos alto-falantes compactos<\/p>\n<p>Driver de woofer\/m\u00e9dio alcance Power Flower \u201cW\u201d de 6 1\/2\u2033 (16,5 cm)<br \/>\n\u203a Tecnologia de sandu\u00edche composto W de 3\u00aa gera\u00e7\u00e3o<br \/>\n\u203a novo acoplamento surround\/aranha sem satura\u00e7\u00e3o (patente pendente)<br \/>\n\u203a \u00cdm\u00e3 Power Flower, pot\u00eancia m\u00e1xima e vazamentos magn\u00e9ticos reduzidos<\/p>\n<p>Tweeter de c\u00fapula invertida de ber\u00edlio puro IAL2<br \/>\n\u203a largura de banda muito grande de 1 a 40 kHz<br \/>\n\u203a IAL2 (Infinite Acoustic Loading): baixa frequ\u00eancia de resson\u00e2ncia a 580 Hz<br \/>\n\u203a defini\u00e7\u00e3o, rapidez e transpar\u00eancia dos m\u00e9dios\/agudos<\/p>\n<p>Filtragem OP C<br \/>\n\u203a controle de fase ideal para uma imagem 3D perfeita<br \/>\n\u203a componentes do tipo audi\u00f3filo<br \/>\n\u203a conectores WBT<\/p>\n<p>Tempo de Foco<br \/>\n\u203a otimiza\u00e7\u00e3o da fase mec\u00e2nica dos drivers<br \/>\n\u203a orienta\u00e7\u00e3o do driver em dire\u00e7\u00e3o ao ouvinte<\/p>\n<p>A primeira coisa que chama a aten\u00e7\u00e3o \u00e9 sua apar\u00eancia luxuosa e seu acabamento maravilhoso. Eles realmente chamam a aten\u00e7\u00e3o com seu design e apar\u00eancia, que indicam qualidade premium.<\/p>\n<p>Especifica\u00e7\u00f5es<br \/>\nTipo de alto-falante bass-reflex compacto de 2 vias<\/p>\n<p>Drivers Power Flower \u201cW\u201d 61\/2\u2033 (16,5 cm) Woofer<\/p>\n<p>C\u00fapula invertida de ber\u00edlio puro IAL2 1\u2033<\/p>\n<p>Tweeter (27 mm).<\/p>\n<p>Resposta de frequ\u00eancia (+\/- 3dB) 44Hz \u2013 40kHz<\/p>\n<p>Resposta em \u2013 6dB 40Hz<\/p>\n<p>Sensibilidade (2,83 V \/ 1 m) 89 dB<\/p>\n<p>Imped\u00e2ncia nominal 8 \u03a9<\/p>\n<p>Imped\u00e2ncia m\u00ednima 4 \u03a9<\/p>\n<p>Frequ\u00eancias de filtragem 2200Hz<\/p>\n<p>Pot\u00eancia de amperagem recomendada 25 \u2013 200W<\/p>\n<p>Dimens\u00f5es (A x C x P) 1615\/16 x 103\/16 x 1613\/16\u2033 (431 x 258 x 427 mm)<\/p>\n<p>Peso 44lb (20kg)<\/p>\n","protected":false},"excerpt":{"rendered":"<p>Diablo Utopia foi inspirado no Grande Utopia EM. A Focal investiu muito tempo para fazer a se\u00e7\u00e3o de graves brilhar adicionando um novo Power Flower patenteado de 16,5 cm que quase n\u00e3o tem satura\u00e7\u00e3o e tamb\u00e9m tem um ressonador interno. Alguns outros fatos interessantes sobre sua tecnologia: Ressonador de Helmholtz \u203a cavidade do compartimento do [&hellip;]<\/p>\n","protected":false},"featured_media":18224,"template":"","meta":{"_acf_changed":false},"product_brand":[],"product_cat":[25,17,45],"product_tag":[],"class_list":{"0":"post-6143","1":"product","2":"type-product","3":"status-publish","4":"has-post-thumbnail","6":"product_cat-bookshelf","7":"product_cat-caixas","8":"product_cat-focal","10":"first","11":"instock","12":"sold-individually","13":"shipping-taxable","14":"purchasable","15":"product-type-simple"},"acf":[],"aioseo_notices":[],"_links":{"self":[{"href":"https:\/\/hificlub.com.br\/loja\/wp-json\/wp\/v2\/product\/6143","targetHints":{"allow":["GET"]}}],"collection":[{"href":"https:\/\/hificlub.com.br\/loja\/wp-json\/wp\/v2\/product"}],"about":[{"href":"https:\/\/hificlub.com.br\/loja\/wp-json\/wp\/v2\/types\/product"}],"wp:featuredmedia":[{"embeddable":true,"href":"https:\/\/hificlub.com.br\/loja\/wp-json\/wp\/v2\/media\/18224"}],"wp:attachment":[{"href":"https:\/\/hificlub.com.br\/loja\/wp-json\/wp\/v2\/media?parent=6143"}],"wp:term":[{"taxonomy":"product_brand","embeddable":true,"href":"https:\/\/hificlub.com.br\/loja\/wp-json\/wp\/v2\/product_brand?post=6143"},{"taxonomy":"product_cat","embeddable":true,"href":"https:\/\/hificlub.com.br\/loja\/wp-json\/wp\/v2\/product_cat?post=6143"},{"taxonomy":"product_tag","embeddable":true,"href":"https:\/\/hificlub.com.br\/loja\/wp-json\/wp\/v2\/product_tag?post=6143"}],"curies":[{"name":"wp","href":"https:\/\/api.w.org\/{rel}","templated":true}]}}