{"id":6071,"date":"2024-01-02T17:51:23","date_gmt":"2024-01-02T20:51:23","guid":{"rendered":"https:\/\/hificlub.com.br\/loja\/?post_type=product&#038;p=6071"},"modified":"2026-03-03T22:20:24","modified_gmt":"2026-03-04T01:20:24","slug":"bw-zeppelin-wireless-caixa-acustica-premium-com-bluetooth-e-airplay","status":"publish","type":"product","link":"https:\/\/hificlub.com.br\/loja\/produto\/bw-zeppelin-wireless-caixa-acustica-premium-com-bluetooth-e-airplay\/","title":{"rendered":"B&#038;W ZEPPELIN ALEXA Caixa Ac\u00fastica Premium com Bluetooth e Airplay"},"content":{"rendered":"<div id=\"descricao-produto\" class=\"descricao-produto \">\n<div class=\"title-ctn\">\n<h2 class=\"bg-title\">Descri\u00e7\u00e3o do produto<\/h2>\n<\/div>\n<div class=\"content\">\n<p>Design marcante e o melhor som da categoria.<\/p>\n<p>O\u00a0<strong>Zeppelin \u00e9 uma caixa ac\u00fastica inteligente sem fio<\/strong>\u00a0que foi atualizada para era do\u00a0<strong>Streaming<\/strong>.<\/p>\n<p>Sua forma elegante combina\u00a0<strong>\u00e1udio est\u00e9reo de alta resolu\u00e7\u00e3o<\/strong>\u00a0com uma ampla gama de recursos e servi\u00e7os inteligentes.<\/p>\n<p>O Zeppelin pode transmitir \u00e1udio a partir do\u00a0<strong>Apple\u00ae AirPlay 2\u00ae<\/strong>,\u00a0<strong>Bluetooth aptX\u2122 Adaptive<\/strong>\u00a0e\u00a0<strong>Spotify Connect<\/strong>\u00a0\u2013 al\u00e9m do\u00a0<strong>aplicativo Bowers &amp; Wilkins Music<\/strong>.<\/p>\n<p>O Zeppelin tem\u00a0<strong>Alexa integrada<\/strong>: agora voc\u00ea pode pedir sua m\u00fasica favorita.<\/p>\n<p>Com acesso integrado a uma ampla variedade de\u00a0<strong>servi\u00e7os de streaming<\/strong>, voc\u00ea pode curtir suas m\u00fasicas favoritas em alta resolu\u00e7\u00e3o de at\u00e9 24 bits do\u00a0<strong>Deezer<\/strong>,\u00a0<strong>Qobuz<\/strong>,\u00a0<strong>TIDAL<\/strong>\u00a0e muito mais.<\/p>\n<p>Voc\u00ea tamb\u00e9m pode acessar\u00a0<strong>podcasts<\/strong>\u00a0e\u00a0<strong>esta\u00e7\u00f5es de r\u00e1dio<\/strong>, tudo com controle cont\u00ednuo por meio do aplicativo Bowers &amp; Wilkins Music.<\/p>\n<p>Essa nova vers\u00e3o \u00e9\u00a0<strong>mais potente<\/strong>\u00a0que os modelos anteriores, contando com\u00a0<strong>240 Watts RMS de pot\u00eancia<\/strong> e com novos falantes, 2 Tweeters com Domo Duplo de 1 polegada, 2 falantes de m\u00e9dio com travamento FST de 3,5 Polegadas e um falante de graves de 6 polegadas com bobina ultra-long-throw, para graves mais profundos e limpos mesmo em altos volum<\/p>\n<\/div>\n<\/div>\n<div class=\"produto-caracteristicas caracteristicas-produto\">\n<div class=\"content\">\n<div class=\"caracteristicas-lista-corrida flex column\">\n<h3>Caracter\u00edsticas Gerais<\/h3>\n<div class=\"produto-caracteristicas caracteristicas-produto\">\n<div class=\"content\">\n<div>\n<ul>\n<li>Integra\u00e7\u00e3o com Assistente de Voz: Alexa<\/li>\n<li>Conectividade: Wi-Fi, Bluetooth, AirPlay 2<\/li>\n<li>Drivers: Calibrados para desempenho ac\u00fastico superior<\/li>\n<li>Design: Forma ic\u00f4nica com acabamentos premium<\/li>\n<\/ul>\n<\/div>\n<div>\n<h3>SOM EST\u00c9REO ROBUSTO<\/h3>\n<p>O Zeppelin possui cinco unidades de drive premium bem espa\u00e7adas e cuidadosamente posicionadas para dar vida \u00e0 sua m\u00fasica com som est\u00e9reo robusto que preenche todo o ambiente: Tweeters de c\u00fapula dupla de 5 x 2,5 cm, drivers FST Midrange de 5 x 9 cm e subwoofer de 15 cm<\/p>\n<h3>VARIEDADE DE CONEX\u00d5ES<\/h3>\n<p><span class=\"a-list-item\">Transmita do Apple AirPlay 2, Bluetooth aptX Adaptive e Spotify Connect, al\u00e9m de todos os servi\u00e7os de m\u00fasica no aplicativo Bowers &amp; Wilkins Music sem esfor\u00e7o \u2013 como TIDAL, Qobuz, Deezer, Last.fm, Soundcloud e muito mais<\/span><\/p>\n<\/div>\n<\/div>\n<\/div>\n<div>\n<h3>CONTROLE DE VOZ INTEGRADO<\/h3>\n<p><span class=\"a-list-item\">Com a Amazon Alexa integrada, voc\u00ea pode reproduzir sua m\u00fasica, canal de r\u00e1dio ou lista de reprodu\u00e7\u00e3o favoritos com apenas um comando de voz; voc\u00ea tamb\u00e9m pode controlar o Zeppelin a partir do seu dispositivo ou atrav\u00e9s dos bot\u00f5es f\u00edsicos na parte traseira do aparelho.<\/span><\/p>\n<h3>SISTEMA MULTISALA<\/h3>\n<p><span class=\"a-list-item\">O Zeppelin pode ser conectado ao sistema multisala da Bowers &amp; Wilkins, permitindo que voc\u00ea compartilhe m\u00fasicas com outros B&amp;W Zeppelins ou com produtos da linha Bowers &amp; Wilkins Formation em outros ambientes da sua resid\u00eancia.<\/span><\/p>\n<h3>DESIGN SEM IGUAL<\/h3>\n<p><span class=\"a-list-item\">O design do B&amp;W Zeppelin \u00e9 instantaneamente reconhec\u00edvel e pode ficar em uma prateleira ou montado em uma parede usando o suporte de parede (vendido separadamente); o B&amp;W Zeppelin tamb\u00e9m inclui ilumina\u00e7\u00e3o ambiente regul\u00e1vel, criando um efeito de halo no suporte de pedestal de metal.<\/span><\/p>\n<h3>ASSINATURA BOWERS &amp; WILKINS<\/h3>\n<p>Com mais de 55 anos oferecendo qualidade de \u00e1udio excepcional, a Bowers &amp; Wilkins cria designs inovadores apoiados por P&amp;D l\u00edder mundial; o Zeppelin usa unidades de acionamento compartilhadas com designs de alto-falantes de n\u00edvel de refer\u00eancia da marca.<\/p>\n<p>&nbsp;<\/p>\n<\/div>\n<div id=\"acompanha-produto\" class=\"acompanha-produto \">\n<div class=\"title-ctn\"><\/div>\n<\/div>\n<\/div>\n<\/div>\n<\/div>\n","protected":false},"excerpt":{"rendered":"<p>Descri\u00e7\u00e3o do produto Design marcante e o melhor som da categoria. O\u00a0Zeppelin \u00e9 uma caixa ac\u00fastica inteligente sem fio\u00a0que foi atualizada para era do\u00a0Streaming. Sua forma elegante combina\u00a0\u00e1udio est\u00e9reo de alta resolu\u00e7\u00e3o\u00a0com uma ampla gama de recursos e servi\u00e7os inteligentes. O Zeppelin pode transmitir \u00e1udio a partir do\u00a0Apple\u00ae AirPlay 2\u00ae,\u00a0Bluetooth aptX\u2122 Adaptive\u00a0e\u00a0Spotify Connect\u00a0\u2013 al\u00e9m do\u00a0aplicativo [&hellip;]<\/p>\n","protected":false},"featured_media":21105,"template":"","meta":{"_acf_changed":false},"product_brand":[],"product_cat":[19,25,17,152],"product_tag":[],"class_list":{"0":"post-6071","1":"product","2":"type-product","3":"status-publish","4":"has-post-thumbnail","6":"product_cat-bw","7":"product_cat-bookshelf","8":"product_cat-caixas","9":"product_cat-caixas-amplificadas","11":"first","12":"instock","13":"sold-individually","14":"shipping-taxable","15":"purchasable","16":"product-type-simple"},"acf":[],"aioseo_notices":[],"_links":{"self":[{"href":"https:\/\/hificlub.com.br\/loja\/wp-json\/wp\/v2\/product\/6071","targetHints":{"allow":["GET"]}}],"collection":[{"href":"https:\/\/hificlub.com.br\/loja\/wp-json\/wp\/v2\/product"}],"about":[{"href":"https:\/\/hificlub.com.br\/loja\/wp-json\/wp\/v2\/types\/product"}],"wp:featuredmedia":[{"embeddable":true,"href":"https:\/\/hificlub.com.br\/loja\/wp-json\/wp\/v2\/media\/21105"}],"wp:attachment":[{"href":"https:\/\/hificlub.com.br\/loja\/wp-json\/wp\/v2\/media?parent=6071"}],"wp:term":[{"taxonomy":"product_brand","embeddable":true,"href":"https:\/\/hificlub.com.br\/loja\/wp-json\/wp\/v2\/product_brand?post=6071"},{"taxonomy":"product_cat","embeddable":true,"href":"https:\/\/hificlub.com.br\/loja\/wp-json\/wp\/v2\/product_cat?post=6071"},{"taxonomy":"product_tag","embeddable":true,"href":"https:\/\/hificlub.com.br\/loja\/wp-json\/wp\/v2\/product_tag?post=6071"}],"curies":[{"name":"wp","href":"https:\/\/api.w.org\/{rel}","templated":true}]}}