{"id":6037,"date":"2024-01-02T17:51:10","date_gmt":"2024-01-02T20:51:10","guid":{"rendered":"https:\/\/hificlub.com.br\/loja\/?post_type=product&#038;p=6037"},"modified":"2024-11-13T02:53:30","modified_gmt":"2024-11-13T05:53:30","slug":"conrad-johnson-premier-11-amplificador-stereo-70-watts","status":"publish","type":"product","link":"https:\/\/hificlub.com.br\/loja\/produto\/conrad-johnson-premier-11-amplificador-stereo-70-watts\/","title":{"rendered":"CONRAD JOHNSON PREMIER 11 Amplificador Stereo 70 watts"},"content":{"rendered":"<p>ESTADO 9\/10<\/p>\n<p>Amplificador valvulado Premier Eleven<\/p>\n<p>Essencialmente uma vers\u00e3o reduzida e est\u00e9reo do Premier Eight, o Premier Eleven fornece 70 watts por canal de um \u00fanico par de v\u00e1lvulas de sa\u00edda 6550.<\/p>\n<p>O Premier Eleven usa apenas as melhores pe\u00e7as de componentes em todos os est\u00e1gios, incluindo a fonte de alimenta\u00e7\u00e3o. A fonte de alimenta\u00e7\u00e3o usa apenas capacitores de polipropileno e poliestireno &#8220;cjd&#8221; em oposi\u00e7\u00e3o \u00e0 implanta\u00e7\u00e3o tradicional de eletrol\u00edticos. O reservat\u00f3rio de armazenamento principal usa capacitores de polipropileno com deriva\u00e7\u00f5es de poliestireno.<\/p>\n<p>O Eleven-A adicionou um filtro de ru\u00eddo no circuito indicador de polariza\u00e7\u00e3o, empregado pela primeira vez no Premier Twelve. O Eleven-XS \u00e9 um Eleven-A com o est\u00e1gio de sa\u00edda configurado para usar um par de EL34s operados como triodos.<\/p>\n<p>Caracter\u00edsticas:<br \/>\n\u2022 Conectores de alto-falante de 5 vias de liga\u00e7\u00e3o<br \/>\n\u2022 Um par de entradas<br \/>\n\u2022 Dois fus\u00edveis de placa<br \/>\n\u2022 Interruptor de energia<\/p>\n<p>Especifica\u00e7\u00f5es:<br \/>\nOpera\u00e7\u00e3o ultralinear de sa\u00edda de pot\u00eancia:<br \/>\n70 watts RMS por canal a 4, 8 ou 16 ohms, ambos os canais acionados de 30 Hz a 15 kHz com no m\u00e1ximo 1% de THD ou IMD.<\/p>\n<p>Opera\u00e7\u00e3o triodo de sa\u00edda de pot\u00eancia:<br \/>\n30 watts RMS por canal a 4, 8 ou 16 ohms, ambos os canais acionados de 30 Hz a 15 kHz com no m\u00e1ximo 1,5% de THD ou IMD.<\/p>\n<p>Resposta de frequ\u00eancia:<br \/>\n20Hz a 20 kHz, +0, -.1 dB<\/p>\n<p>Sensibilidade de entrada:<br \/>\n0,9 volts para pot\u00eancia nominal<\/p>\n<p>Zumbido e ru\u00eddo:<br \/>\n96 dB abaixo da pot\u00eancia nominal<\/p>\n<p>Mec\u00e2nico:<br \/>\nDimens\u00f5es:<br \/>\n17,5&#8243; L | 7,25&#8243; A | 15&#8243; P<\/p>\n<p>Peso:<br \/>\n48 libras.<\/p>\n","protected":false},"excerpt":{"rendered":"<p>ESTADO 9\/10 Amplificador valvulado Premier Eleven Essencialmente uma vers\u00e3o reduzida e est\u00e9reo do Premier Eight, o Premier Eleven fornece 70 watts por canal de um \u00fanico par de v\u00e1lvulas de sa\u00edda 6550. O Premier Eleven usa apenas as melhores pe\u00e7as de componentes em todos os est\u00e1gios, incluindo a fonte de alimenta\u00e7\u00e3o. A fonte de alimenta\u00e7\u00e3o [&hellip;]<\/p>\n","protected":false},"featured_media":6034,"template":"","meta":{"_acf_changed":false},"product_brand":[],"product_cat":[27,32,28],"product_tag":[],"class_list":{"0":"post-6037","1":"product","2":"type-product","3":"status-publish","4":"has-post-thumbnail","6":"product_cat-amplificador","7":"product_cat-conrad-johnson","8":"product_cat-estereo","10":"first","11":"instock","12":"sold-individually","13":"shipping-taxable","14":"purchasable","15":"product-type-simple"},"acf":[],"aioseo_notices":[],"_links":{"self":[{"href":"https:\/\/hificlub.com.br\/loja\/wp-json\/wp\/v2\/product\/6037","targetHints":{"allow":["GET"]}}],"collection":[{"href":"https:\/\/hificlub.com.br\/loja\/wp-json\/wp\/v2\/product"}],"about":[{"href":"https:\/\/hificlub.com.br\/loja\/wp-json\/wp\/v2\/types\/product"}],"wp:featuredmedia":[{"embeddable":true,"href":"https:\/\/hificlub.com.br\/loja\/wp-json\/wp\/v2\/media\/6034"}],"wp:attachment":[{"href":"https:\/\/hificlub.com.br\/loja\/wp-json\/wp\/v2\/media?parent=6037"}],"wp:term":[{"taxonomy":"product_brand","embeddable":true,"href":"https:\/\/hificlub.com.br\/loja\/wp-json\/wp\/v2\/product_brand?post=6037"},{"taxonomy":"product_cat","embeddable":true,"href":"https:\/\/hificlub.com.br\/loja\/wp-json\/wp\/v2\/product_cat?post=6037"},{"taxonomy":"product_tag","embeddable":true,"href":"https:\/\/hificlub.com.br\/loja\/wp-json\/wp\/v2\/product_tag?post=6037"}],"curies":[{"name":"wp","href":"https:\/\/api.w.org\/{rel}","templated":true}]}}