{"id":5974,"date":"2024-01-02T17:50:55","date_gmt":"2024-01-02T20:50:55","guid":{"rendered":"https:\/\/hificlub.com.br\/loja\/?post_type=product&#038;p=5974"},"modified":"2025-06-01T08:07:47","modified_gmt":"2025-06-01T11:07:47","slug":"audio-research-classic-60-amplificador-stereo-preto","status":"publish","type":"product","link":"https:\/\/hificlub.com.br\/loja\/produto\/audio-research-classic-60-amplificador-stereo-preto\/","title":{"rendered":"AUDIO RESEARCH CLASSIC 60 Amplificador Stereo Valvulado"},"content":{"rendered":"<p>O CL-60 fornece 60 W usando 8 v\u00e1lvulas de sa\u00edda 6550 (na verdade, ele media mais perto de 65 W antes do corte), mantendo o som tradicional, quente e preciso, caracter\u00edstico da Audio Research.<\/p>\n<p>Esta \u00e9 uma unidade americana bem constru\u00edda (n\u00e3o uma tentativa chinesa recente de HiFi) pesando 29 kg. \u00c9 feita com componentes da mais alta qualidade dispon\u00edveis na \u00e9poca e foi montada manualmente com cuidado e aten\u00e7\u00e3o na f\u00e1brica de Minneapolis.<\/p>\n<p>O estado de conserva\u00e7\u00e3o \u00e9 excelente para um amplificador desta idade. A pintura \u00e9 muito clara, sem arranh\u00f5es ou amassados \u200b\u200bpercept\u00edveis. As placas frontais tamb\u00e9m est\u00e3o muito limpas, especialmente a preta. N\u00e3o h\u00e1 ferrugem ou sinais de exposi\u00e7\u00e3o \u00e0 umidade em nenhum lugar.<\/p>\n<p>A unidade foi cuidadosamente testada em bancada e passou com louvor. Todas as v\u00e1lvulas foram testadas e todos os capacitores foram inspecionados e testados quanto a vazamentos. Ela foi levada \u00e0 sua pot\u00eancia m\u00e1xima, monitorando a distor\u00e7\u00e3o sem solu\u00e7os. Em seguida, ele foi transferido para nossa sala de audi\u00e7\u00e3o, onde alimentou nossos antigos B&amp;W Matrix 801 com autoridade e precis\u00e3o, criando uma combina\u00e7\u00e3o realmente agrad\u00e1vel e agrad\u00e1vel.<\/p>\n<p>Este amplificador valvulado cl\u00e1ssico est\u00e1 dispon\u00edvel na cor de sua escolha, pois tenho frontais prateados e pretos dispon\u00edveis.<\/p>\n<p><strong>SPECS<\/strong><\/p>\n<p><strong>Pot\u00eancia de sa\u00edda<\/strong><br \/>\nM\u00ednimo de 60 watts cont\u00ednuos a 16 ohms de 15 Hz a 20 kHz com menos de 1,0% de distor\u00e7\u00e3o harm\u00f4nica total. Tipicamente abaixo de 0,005% a 1 watt. Pot\u00eancia real aproximada dispon\u00edvel em &#8220;clipping&#8221;: 62 watts. (1 kHz) (Observe que a pot\u00eancia de sa\u00edda RMS real depende tanto da tens\u00e3o da linha quanto da &#8220;condi\u00e7\u00e3o&#8221;, ou seja: se a linha de energia apresentar alta distor\u00e7\u00e3o, a pot\u00eancia m\u00e1xima ser\u00e1 afetada negativamente, embora, do ponto de vista auditivo, isso n\u00e3o seja muito cr\u00edtico.)<\/p>\n<p><strong>Largura de Banda de Pot\u00eancia<\/strong><br \/>\n(pontos de -3 dB): 12 Hz a 40 kHz<\/p>\n<p><strong>Sensibilidade de Entrada<\/strong><br \/>\n0,55 V RMS para sa\u00edda nominal<\/p>\n<p><strong>Imped\u00e2ncia de Entrada<\/strong><br \/>\n100 K ohms, nominal<\/p>\n<p><strong>Regula\u00e7\u00e3o de Sa\u00edda<\/strong><br \/>\nAproximadamente 0,3 dB de carga de 16 ohms para circuito aberto.<\/p>\n<p><strong>Realimenta\u00e7\u00e3o Negativa Geral<\/strong><br \/>\n20 dB<\/p>\n<p><strong>Fator de Amortecimento<\/strong><br \/>\nAproximadamente 30<\/p>\n<p><strong>Taxa de Varia\u00e7\u00e3o<\/strong><br \/>\n20 V\/\u00b5s<\/p>\n<p><strong>Tempo de Subida<\/strong><br \/>\n2,0 \u00b5s<\/p>\n<p><strong>Ru\u00eddo e Ru\u00eddo<\/strong><br \/>\nInferior a 2,0 mV RMS &#8211; 84 dB abaixo da sa\u00edda nominal (largura de banda de 20 kHz n\u00e3o ponderada, entradas em curto)<\/p>\n<p><strong>Armazenamento de energia da fonte de alimenta\u00e7\u00e3o<\/strong><br \/>\nAproximadamente 280 joules<\/p>\n<p><strong>Requisitos de energia<\/strong><br \/>\n105-125 VCA 60 Hz (210-250 VCA 50 Hz) 500 watts na sa\u00edda nominal, 700 watts m\u00e1ximo, 370 watts em modo &#8220;inativo&#8221;<\/p>\n<p><strong>Complemento de v\u00e1lvulas<\/strong><br \/>\n(4 pares casados) 6550 watts de pot\u00eancia de sa\u00edda, (4) drivers 6FQ7\/6CG7<\/p>\n<p><strong>Dimens\u00f5es<\/strong><br \/>\n48 cm (19 pol.) de largura (painel de rack padr\u00e3o)<\/p>\n<p>18 cm (7 pol.) de altura<\/p>\n<p>40 cm (15 \u00be pol.) de profundidade (parte traseira do painel frontal).<\/p>\n<p>As al\u00e7as se estendem 4,1 cm (1 \u215d pol.) para a frente do painel frontal. Os conectores de sa\u00edda se estendem 2,5 cm atr\u00e1s do painel traseiro.<\/p>\n<p>Peso: 63 lbs (28,64 kg) L\u00edquido, 76 lbs (34,55 kg)<\/p>\n","protected":false},"excerpt":{"rendered":"<p>O CL-60 fornece 60 W usando 8 v\u00e1lvulas de sa\u00edda 6550 (na verdade, ele media mais perto de 65 W antes do corte), mantendo o som tradicional, quente e preciso, caracter\u00edstico da Audio Research. Esta \u00e9 uma unidade americana bem constru\u00edda (n\u00e3o uma tentativa chinesa recente de HiFi) pesando 29 kg. \u00c9 feita com componentes [&hellip;]<\/p>\n","protected":false},"featured_media":5973,"template":"","meta":{"_acf_changed":false},"product_brand":[],"product_cat":[27,29,28,168],"product_tag":[],"class_list":{"0":"post-5974","1":"product","2":"type-product","3":"status-publish","4":"has-post-thumbnail","6":"product_cat-amplificador","7":"product_cat-audio-research","8":"product_cat-estereo","9":"product_cat-marcas","11":"first","12":"instock","13":"sold-individually","14":"shipping-taxable","15":"purchasable","16":"product-type-simple"},"acf":[],"aioseo_notices":[],"_links":{"self":[{"href":"https:\/\/hificlub.com.br\/loja\/wp-json\/wp\/v2\/product\/5974","targetHints":{"allow":["GET"]}}],"collection":[{"href":"https:\/\/hificlub.com.br\/loja\/wp-json\/wp\/v2\/product"}],"about":[{"href":"https:\/\/hificlub.com.br\/loja\/wp-json\/wp\/v2\/types\/product"}],"wp:featuredmedia":[{"embeddable":true,"href":"https:\/\/hificlub.com.br\/loja\/wp-json\/wp\/v2\/media\/5973"}],"wp:attachment":[{"href":"https:\/\/hificlub.com.br\/loja\/wp-json\/wp\/v2\/media?parent=5974"}],"wp:term":[{"taxonomy":"product_brand","embeddable":true,"href":"https:\/\/hificlub.com.br\/loja\/wp-json\/wp\/v2\/product_brand?post=5974"},{"taxonomy":"product_cat","embeddable":true,"href":"https:\/\/hificlub.com.br\/loja\/wp-json\/wp\/v2\/product_cat?post=5974"},{"taxonomy":"product_tag","embeddable":true,"href":"https:\/\/hificlub.com.br\/loja\/wp-json\/wp\/v2\/product_tag?post=5974"}],"curies":[{"name":"wp","href":"https:\/\/api.w.org\/{rel}","templated":true}]}}