{"id":5930,"date":"2023-12-22T08:24:05","date_gmt":"2023-12-22T11:24:05","guid":{"rendered":"https:\/\/hificlub.com.br\/loja\/?post_type=product&#038;p=5930"},"modified":"2026-05-08T14:29:25","modified_gmt":"2026-05-08T17:29:25","slug":"accuphase-e-470-mosfet-180-watts","status":"publish","type":"product","link":"https:\/\/hificlub.com.br\/loja\/produto\/accuphase-e-470-mosfet-180-watts\/","title":{"rendered":"ACCUPHASE E-470 Amplificador Integrado MOSFET 180 watts"},"content":{"rendered":"<p>ESTADO 9\/10<\/p>\n<p>Herdando a excelente tecnologia dos modelos comemorativos do 40\u00ba anivers\u00e1rio da Accuphase, o E-470 representa uma mudan\u00e7a completa de modelo em rela\u00e7\u00e3o ao E-460.\u00a0Internamente, as se\u00e7\u00f5es do pr\u00e9-amplificador e do amplificador de pot\u00eancia s\u00e3o mantidas totalmente separadas, para permitir que cada um desenvolva todo o seu potencial, rivalizando em desempenho e excel\u00eancia sonora de componentes de tipo separado.\u00a0Com um simples toque de um bot\u00e3o, o recurso POWER IN permite o uso individual das duas se\u00e7\u00f5es.\u00a0No cora\u00e7\u00e3o da se\u00e7\u00e3o do pr\u00e9-amplificador est\u00e1 um controle de volume do tipo AAVA mais evolu\u00eddo, e o bloco amplificador de pot\u00eancia \u00e9 configurado com a mais recente topologia de amplificador de instrumenta\u00e7\u00e3o, permitindo uma transmiss\u00e3o de sinal totalmente balanceada.\u00a0A abordagem MCS+ melhora par\u00e2metros cruciais de desempenho ao empregar v\u00e1rios circuitos id\u00eanticos em paralelo, e o feedback de corrente proporciona estabilidade ideal.\u00a0Como resultado, o est\u00e1gio de sa\u00edda de baixa imped\u00e2ncia atinge um fator de amortecimento de 500. Os interruptores MOS-FET s\u00e3o usados \u200b\u200bno lugar dos rel\u00e9s para prote\u00e7\u00e3o dos alto-falantes, ajudando a garantir excelentes caracter\u00edsticas el\u00e9tricas e melhorar a confiabilidade a longo prazo.\u00a0Dispositivos MOS-FET de pot\u00eancia dispostos em pares push-pull paralelos triplos para cada canal aumentam muito a capacidade do amplificador de acionar cargas de baixa imped\u00e2ncia.<\/p>\n<ul>\n<li><span class=\"\">Controle de volume AAVA revolucion\u00e1rio<\/span><\/li>\n<li>Os MOS-FETs de pot\u00eancia em configura\u00e7\u00e3o push-pull paralela tripla fornecem ampla pot\u00eancia: 180 watts\/canal em 8 ohms<\/li>\n<li>O princ\u00edpio do amplificador de instrumenta\u00e7\u00e3o para o est\u00e1gio de entrada do amplificador de pot\u00eancia permite a transmiss\u00e3o de sinal totalmente balanceada, complementada pela topologia MCS+ e circuito de amplifica\u00e7\u00e3o de feedback de corrente<\/li>\n<li>Rel\u00e9s de controle l\u00f3gico para os caminhos de sinal mais curtos<\/li>\n<li>Forte fonte de alimenta\u00e7\u00e3o com enorme transformador toroidal de alta efici\u00eancia e grandes capacitores de filtragem<\/li>\n<li>O bot\u00e3o POWER IN permite o uso separado das se\u00e7\u00f5es do pr\u00e9-amplificador e do amplificador de pot\u00eancia<\/li>\n<li>Indica\u00e7\u00e3o num\u00e9rica do n\u00edvel de volume<\/li>\n<\/ul>\n<h2>Especifica\u00e7\u00f5es<\/h2>\n<p>Pot\u00eancia de sa\u00edda: 180 watts por canal em 8\u03a9 (est\u00e9reo)<\/p>\n<p>Resposta de frequ\u00eancia: 3Hz a 150kHz<\/p>\n<p>Distor\u00e7\u00e3o harm\u00f4nica total: 0,05%<\/p>\n<p>Fator de amortecimento: 500<\/p>\n<p>Sensibilidade de entrada: 190mV (linha)<\/p>\n<p>Rela\u00e7\u00e3o sinal\/ru\u00eddo: 109dB (linha)<\/p>\n<p>Sa\u00edda: 1,51V (pr\u00e9-sa\u00edda)<\/p>\n<p>Imped\u00e2ncia de carga do alto-falante: 4\u03a9 a 16\u03a9<\/p>\n<p>Dimens\u00f5es: 465 x 181 x 428 mm<\/p>\n<p>Peso: 24,5kg<\/p>\n<p>Acess\u00f3rios: controle remoto RC-220<\/p>\n","protected":false},"excerpt":{"rendered":"<p>ESTADO 9\/10 Herdando a excelente tecnologia dos modelos comemorativos do 40\u00ba anivers\u00e1rio da Accuphase, o E-470 representa uma mudan\u00e7a completa de modelo em rela\u00e7\u00e3o ao E-460.\u00a0Internamente, as se\u00e7\u00f5es do pr\u00e9-amplificador e do amplificador de pot\u00eancia s\u00e3o mantidas totalmente separadas, para permitir que cada um desenvolva todo o seu potencial, rivalizando em desempenho e excel\u00eancia sonora [&hellip;]<\/p>\n","protected":false},"featured_media":5931,"template":"","meta":{"_acf_changed":false},"product_brand":[],"product_cat":[229,27,51],"product_tag":[],"class_list":{"0":"post-5930","1":"product","2":"type-product","3":"status-publish","4":"has-post-thumbnail","6":"product_cat-accuphase","7":"product_cat-amplificador","8":"product_cat-integrado","10":"first","11":"instock","12":"sold-individually","13":"shipping-taxable","14":"purchasable","15":"product-type-simple"},"acf":[],"aioseo_notices":[],"_links":{"self":[{"href":"https:\/\/hificlub.com.br\/loja\/wp-json\/wp\/v2\/product\/5930","targetHints":{"allow":["GET"]}}],"collection":[{"href":"https:\/\/hificlub.com.br\/loja\/wp-json\/wp\/v2\/product"}],"about":[{"href":"https:\/\/hificlub.com.br\/loja\/wp-json\/wp\/v2\/types\/product"}],"wp:featuredmedia":[{"embeddable":true,"href":"https:\/\/hificlub.com.br\/loja\/wp-json\/wp\/v2\/media\/5931"}],"wp:attachment":[{"href":"https:\/\/hificlub.com.br\/loja\/wp-json\/wp\/v2\/media?parent=5930"}],"wp:term":[{"taxonomy":"product_brand","embeddable":true,"href":"https:\/\/hificlub.com.br\/loja\/wp-json\/wp\/v2\/product_brand?post=5930"},{"taxonomy":"product_cat","embeddable":true,"href":"https:\/\/hificlub.com.br\/loja\/wp-json\/wp\/v2\/product_cat?post=5930"},{"taxonomy":"product_tag","embeddable":true,"href":"https:\/\/hificlub.com.br\/loja\/wp-json\/wp\/v2\/product_tag?post=5930"}],"curies":[{"name":"wp","href":"https:\/\/api.w.org\/{rel}","templated":true}]}}