{"id":5909,"date":"2023-12-19T07:30:59","date_gmt":"2023-12-19T10:30:59","guid":{"rendered":"https:\/\/hificlub.com.br\/loja\/?post_type=product&#038;p=5909"},"modified":"2025-01-20T06:27:36","modified_gmt":"2025-01-20T09:27:36","slug":"soulution-760-dac-digital-preamp","status":"publish","type":"product","link":"https:\/\/hificlub.com.br\/loja\/produto\/soulution-760-dac-digital-preamp\/","title":{"rendered":"SOULUTION 560 DAC Digital Preamp"},"content":{"rendered":"<p>ESTADO 9\/10<\/p>\n<p>Destaques, Filosofia<br \/>\nEm muitas \u00e1reas, o Conversor 560 D\/A \u00e9 baseado nas mesmas solu\u00e7\u00f5es t\u00e9cnicas comprovadas usadas no 745 SACD-Player. Ele tamb\u00e9m incorpora os mesmos princ\u00edpios em seu design: interfaces digitais de alto n\u00edvel para recep\u00e7\u00e3o ideal de dados musicais, um gerador de clock mestre superpreciso para evitar jitter, processamento inteligente de sinal digital com tecnologia de sobreamostragem e est\u00e1gios de sa\u00edda anal\u00f3gica de qualidade de pr\u00e9-amplificador de ponta. .<\/p>\n<p>Design<br \/>\nTal como acontece com o seu irm\u00e3o da S\u00e9rie 7, o Conversor D\/A 560 est\u00e1 repleto de tecnologia de ponta com um objectivo \u2013 o amor pela m\u00fasica. Os paralelos incluem um design mono duplo consistente nos est\u00e1gios de sa\u00edda e fontes de alimenta\u00e7\u00e3o separadas para eletr\u00f4nica digital e est\u00e1gios anal\u00f3gicos. O conversor 560 D\/A adiciona um controle de volume digital que permite conex\u00e3o direta a um amplificador de pot\u00eancia.<\/p>\n<p>Upsampling<br \/>\nOs dados de \u00e1udio s\u00e3o armazenados em buffer e depois aumentados para 24 bits\/384 kHz. Acreditamos que a precis\u00e3o da interpola\u00e7\u00e3o \u00e9 mais importante do que altas taxas de clock. Nossos reprodutores e conversores D\/A usam um algoritmo da conceituada Anagram Technologies seguido por conversores D\/A Burr Brown em uma configura\u00e7\u00e3o digital sim\u00e9trica. Como consideramos a tecnologia de convers\u00e3o PCM superior, os sinais DSD s\u00e3o convertidos antes de sua convers\u00e3o D\/A final.<\/p>\n<p>zero\u03c6tech<br \/>\nO conversor 560 D\/A est\u00e1 equipado com a inovadora tecnologia Zero-Phase da soulution. Os menores erros de temporiza\u00e7\u00e3o provocados pelo filtro passa-baixo anal\u00f3gico do conversor D\/A s\u00e3o eliminados. Todo conversor D\/A requer um filtro anal\u00f3gico passa-baixo em sua sa\u00edda para suprimir ru\u00eddos de alta frequ\u00eancia e sinais de aliasing. O filtro Bessel de 3\u00aa ordem do 560, com frequ\u00eancia de corte de 120kHz, mostra uma mudan\u00e7a de fase de at\u00e9 15\u00b0 na banda de \u00e1udio. Devido \u00e0 tecnologia Zero-Phase, o erro de fase do sinal de m\u00fasica anal\u00f3gico permanece abaixo de 1\u00b0, 20Hz \u2013 100kHz! A Tecnologia Zero-Phase aproxima voc\u00ea ainda mais da beleza do material de origem! A m\u00fasica fica ainda mais realista e tridimensional com muito \u201car\u201d em torno dos instrumentos e vozes. O mais pr\u00f3ximo poss\u00edvel da fonte! Nenhum detalhe se perde.<\/p>\n<p>Convers\u00e3o D\/A<br \/>\nOs dispositivos Burr-Brown realizam apenas convers\u00e3o D\/A. Seus est\u00e1gios internos de upsampling e filtro n\u00e3o s\u00e3o usados. As correntes de sa\u00edda s\u00e3o convertidas em tens\u00e3o e depois filtradas. Com uma largura de banda interna de 40 MHz, este est\u00e1gio de convers\u00e3o de corrente\/tens\u00e3o permite melhor desempenho de sinal-ru\u00eddo e din\u00e2mica m\u00e1xima no dom\u00ednio anal\u00f3gico.<\/p>\n<p>Est\u00e1gio de sa\u00edda<br \/>\nO est\u00e1gio de sa\u00edda de banda larga do conversor 560 D\/A tem uma largura de banda de 20MHz (-3dB). Com essa velocidade de resposta, todos os detalhes musicais s\u00e3o reproduzidos de forma realista, criando um som tridimensional e espacial para proporcionar um verdadeiro prazer auditivo.<\/p>\n<p>Opera\u00e7\u00e3o<br \/>\nO Conversor D\/A 560 \u00e9 operado a partir de bot\u00f5es no painel frontal e um controle girat\u00f3rio. Outras fun\u00e7\u00f5es podem ser usadas para otimizar e combinar todo um sistema de \u00e1udio em torno de diferentes componentes.<\/p>\n<p>Especifica\u00e7\u00f5es<br \/>\nRede el\u00e9trica 100 \u2013 120 V (50 \u2013 60 Hz)<br \/>\n220 \u2013 240 V (50 \u2013 60 Hz)<br \/>\nConsumo de energia &lt; 0,5 W em espera<br \/>\n100 W dispositivo em opera\u00e7\u00e3o<br \/>\nSa\u00eddas anal\u00f3gicas 1 \u00d7 balanceado (XLR)<br \/>\n1 \u00d7 n\u00e3o balanceado (RCA)<br \/>\nResposta de frequ\u00eancia 0 \u2013 200 kHz (DXD)<br \/>\nTHD+N 140dB<br \/>\nSepara\u00e7\u00e3o de canais &gt; 130dB<br \/>\nImped\u00e2ncia de sa\u00edda 10 \u03a9 balanceado (XLR)<br \/>\n10 \u03a9 n\u00e3o balanceado (RCA)<br \/>\nVoltagem de sa\u00edda 4 V RMS balanceado (XLR)<br \/>\n2 V RMS n\u00e3o balanceado (RCA)<br \/>\nCorrente de sa\u00edda m\u00e1x. 0,2 A (limitado pelo circuito de prote\u00e7\u00e3o)<br \/>\nFaixa de controle de volume 0 a \u2013 79 dB em passos de 1 dB<br \/>\nEntradas digitais AES\/EBU, SPDIF-RCA, \u00d3tico, USB, Rede<br \/>\nSa\u00eddas digitais AES\/EBU, SPDIF-RCA, \u00d3ptico<br \/>\nFormatos digitais WAV, AIFF, FLAC, ALAC, DSF, DFF, DXD, MP3, AAC<br \/>\nProfundidade de bits\/raio de amostragem m\u00e1ximo AES\/EBU: 24 bits\/192 kHz<br \/>\nSPDIF: 24 bits\/192 kHz<br \/>\n\u00d3ptico: 24 bits\/96 kHz<br \/>\nUSB: 24 bits\/384 kHz, 1 bit\/5,64 MHz<br \/>\nRede: 24 bits\/384 kHz, 1 bit\/5,64 MHz<br \/>\nDimens\u00f5es 442 \u00d7 143 \u00d7 448 mm<br \/>\n(L \u00d7 A \u00d7 P)<br \/>\nPeso Aproximadamente. 20kg<br \/>\nLINK (liga\u00e7\u00e3o remota) Sinal de controle de 12 V<br \/>\nDriver USB<\/p>\n","protected":false},"excerpt":{"rendered":"<p>ESTADO 9\/10 Destaques, Filosofia Em muitas \u00e1reas, o Conversor 560 D\/A \u00e9 baseado nas mesmas solu\u00e7\u00f5es t\u00e9cnicas comprovadas usadas no 745 SACD-Player. Ele tamb\u00e9m incorpora os mesmos princ\u00edpios em seu design: interfaces digitais de alto n\u00edvel para recep\u00e7\u00e3o ideal de dados musicais, um gerador de clock mestre superpreciso para evitar jitter, processamento inteligente de sinal [&hellip;]<\/p>\n","protected":false},"featured_media":14724,"template":"","meta":{"_acf_changed":false},"product_brand":[],"product_cat":[43,41,232],"product_tag":[],"class_list":{"0":"post-5909","1":"product","2":"type-product","3":"status-publish","4":"has-post-thumbnail","6":"product_cat-dac","7":"product_cat-digital","8":"product_cat-soulution","10":"first","11":"instock","12":"sold-individually","13":"shipping-taxable","14":"purchasable","15":"product-type-simple"},"acf":[],"aioseo_notices":[],"_links":{"self":[{"href":"https:\/\/hificlub.com.br\/loja\/wp-json\/wp\/v2\/product\/5909","targetHints":{"allow":["GET"]}}],"collection":[{"href":"https:\/\/hificlub.com.br\/loja\/wp-json\/wp\/v2\/product"}],"about":[{"href":"https:\/\/hificlub.com.br\/loja\/wp-json\/wp\/v2\/types\/product"}],"wp:featuredmedia":[{"embeddable":true,"href":"https:\/\/hificlub.com.br\/loja\/wp-json\/wp\/v2\/media\/14724"}],"wp:attachment":[{"href":"https:\/\/hificlub.com.br\/loja\/wp-json\/wp\/v2\/media?parent=5909"}],"wp:term":[{"taxonomy":"product_brand","embeddable":true,"href":"https:\/\/hificlub.com.br\/loja\/wp-json\/wp\/v2\/product_brand?post=5909"},{"taxonomy":"product_cat","embeddable":true,"href":"https:\/\/hificlub.com.br\/loja\/wp-json\/wp\/v2\/product_cat?post=5909"},{"taxonomy":"product_tag","embeddable":true,"href":"https:\/\/hificlub.com.br\/loja\/wp-json\/wp\/v2\/product_tag?post=5909"}],"curies":[{"name":"wp","href":"https:\/\/api.w.org\/{rel}","templated":true}]}}