{"id":581,"date":"2023-10-17T19:52:03","date_gmt":"2023-10-17T22:52:03","guid":{"rendered":"https:\/\/hificlub.com.br\/loja2\/produto\/verity-audio-monsalvat-pre-2-reference-digital-preamplifier-com-dac\/"},"modified":"2026-01-14T10:37:04","modified_gmt":"2026-01-14T13:37:04","slug":"verity-audio-monsalvat-pre-2-reference-digital-preamplifier-com-dac","status":"publish","type":"product","link":"https:\/\/hificlub.com.br\/loja\/produto\/verity-audio-monsalvat-pre-2-reference-digital-preamplifier-com-dac\/","title":{"rendered":"VERITY AUDIO MONSALVAT  Reference Digital Preamplifier com DAC"},"content":{"rendered":"<p>ESTADO 9\/10<\/p>\n<p>O pr\u00e9-amplificador digital Monsalvat PRE-2 da Verity Audio \u00e9 derivado diretamente do impressionante PRO-6 da Monsalvat, compartilhando a mesma topologia, pe\u00e7as de qualidade e configura\u00e7\u00e3o.\u00a0No entanto, ele \u00e9 constru\u00eddo em um \u00fanico chassi que inclui sua fonte de alimenta\u00e7\u00e3o.\u00a0O PRE-2 combina as fun\u00e7\u00f5es de um pr\u00e9-amplificador e um DAC.\u00a0A arquitetura do pr\u00e9-amplificador apresenta circuitos ADC\/DAC de \u00faltima gera\u00e7\u00e3o e isolamento galv\u00e2nico total entre os dom\u00ednios anal\u00f3gico e digital, garantindo que permane\u00e7am perfeitamente isolados.<\/p>\n<p>O PRE-2 alcan\u00e7a o mais alto desempenho que um pr\u00e9-amplificador \u201canal\u00f3gico puro\u201d pode alcan\u00e7ar enquanto ainda oferece as vantagens que voc\u00ea esperaria de um processador de sinal digital de refer\u00eancia.\u00a0O PRE-2 inclui entradas anal\u00f3gicas e digitais.\u00a0As entradas anal\u00f3gicas s\u00e3o digitalizadas a uma taxa de amostragem muito alta e alimentadas no dom\u00ednio digital para processamento, enquanto as entradas digitais s\u00e3o processadas diretamente.\u00a0Os resultados do processamento digital s\u00e3o ent\u00e3o transferidos para o dom\u00ednio anal\u00f3gico para serem reproduzidos com perfeita integridade.<\/p>\n<p>O resultado \u00e9 um surpreendente pr\u00e9-amplificador de ru\u00eddo ultrabaixo que oferece pura transpar\u00eancia e fluidez de som, uma largura de banda estendida e uma faixa din\u00e2mica ultra-alta.\u00a0O novo Verity PRE-2 redefine a pr\u00e9-amplifica\u00e7\u00e3o gra\u00e7as \u00e0s suas tecnologias avan\u00e7adas.<\/p>\n<p>Descri\u00e7\u00e3o<br \/>\nEntradas anal\u00f3gicas: 2xADC 32 bits a 384.000 amostras por segundo;<br \/>\nResolu\u00e7\u00e3o m\u00e1xima: 32 bits\/384 kHz ou DSD 64, 128 e 256;<br \/>\nArquitetura interna: Computa\u00e7\u00e3o em 72 bits\/98 MHz;<br \/>\nCenter Core: computa\u00e7\u00e3o FPGA poderosa, 100 bilh\u00f5es de opera\u00e7\u00f5es por segundo (mais de 100 GMAC\/s);<br \/>\nSa\u00eddas anal\u00f3gicas: Isoladas eletricamente com 8 DAC\/32 bits em paralelo;<br \/>\nSepara\u00e7\u00e3o anal\u00f3gica para digital: Isoladores galv\u00e2nicos digitais de alta velocidade e alto desempenho;<br \/>\nInterface: Ergon\u00f4mica com tela colorida de alta resolu\u00e7\u00e3o;<br \/>\nChassi: Alum\u00ednio anodizado antivibra\u00e7\u00e3o espesso e s\u00f3lido;<br \/>\nFonte de alimenta\u00e7\u00e3o anal\u00f3gica: 27 ru\u00eddo ultrabaixo;<br \/>\nFonte de alimenta\u00e7\u00e3o digital: 6 ru\u00eddo ultrabaixo;<br \/>\nPlataforma de isolamento: inclu\u00edda;<\/p>\n<div class=\"bloc-info\">\n<div class=\"text-info\">\n<hr \/>\n<h4>CONTROLE DE VOLUME<\/h4>\n<p>sim<\/p>\n<\/div>\n<div class=\"text-info\">\n<hr \/>\n<h4>CONTROLE REMOTO<\/h4>\n<p>sim<\/p>\n<\/div>\n<div class=\"text-info\">\n<hr \/>\n<h4>TELA DIGITAL<\/h4>\n<p>LCD colorido 4,3\u201d (11 cm) 480 x 272<\/p>\n<\/div>\n<div class=\"text-info\">\n<hr \/>\n<h4>BASE DE ISOLAMENTO<\/h4>\n<p>Inclu\u00eddo<\/p>\n<\/div>\n<div class=\"text-info\">\n<hr \/>\n<h4>ENTRADAS ANAL\u00d3GICAS<\/h4>\n<p>RCA\/XLR<\/p>\n<\/div>\n<div class=\"text-info\">\n<hr \/>\n<h4>ENTRADAS DIGITAIS<\/h4>\n<p>USB, AES\/EBU e S\/PDIF<\/p>\n<\/div>\n<div class=\"text-info\">\n<hr \/>\n<h4>RESOLU\u00c7\u00c3O<\/h4>\n<p>32 bits \/ 384 kHz<\/p>\n<\/div>\n<div class=\"text-info\">\n<hr \/>\n<h4>SA\u00cdDAS ANAL\u00d3GICAS<\/h4>\n<p>RCA\/XLR<\/p>\n<\/div>\n<div class=\"text-info\">\n<hr \/>\n<h4>CHASSIS<\/h4>\n<p>Alum\u00ednio anodizado espesso com controle de vibra\u00e7\u00e3o<\/p>\n<\/div>\n<div class=\"text-info\">\n<hr \/>\n<h4>DIMENS\u00d5ES (L X P X A)<\/h4>\n<p>17 x 14 x 6,9&#8243; (430 x 360 x 175 mm)<\/p>\n<\/div>\n<div class=\"text-info\">\n<hr \/>\n<h4>PESO<\/h4>\n<p>53 libras (24 kg)<\/p>\n<p>&nbsp;<\/p>\n<p>MONSALVAT PRE-2 &#8230;&#8230;&#8230;&#8230;&#8230;&#8230;&#8230;&#8230;&#8230;&#8230;&#8230;&#8230;&#8230;&#8230;&#8230;&#8230;&#8230;&#8230;&#8230;&#8230;&#8230;&#8230;&#8230;&#8230;&#8230;&#8230;&#8230;&#8230;&#8230;&#8230;&#8230;&#8230;&#8230;&#8230;&#8230;&#8230;&#8230;&#8230;&#8230;&#8230;&#8230;&#8230;&#8230;&#8230;. ANALOG DOMAIN \u2022 Each analog output channel is completely independent and is driven by 8 parallel 32-bit DACs powered by 6 dedicated ultra-low noise power supplies. \u2022 Each analog input pair features a dedicated 32-bit ADC running at 384k samples per second and is powered by 5 dedicated ultra-low-noise power supplies. \u2022 The analog and digital domains are separated through high-performance, high-speed galvanic digital isolators. \u2022 A total of 27 ultra-low-noise power supplies power the analog domain. &#8230;&#8230;&#8230;&#8230;&#8230;&#8230;&#8230;&#8230;&#8230;&#8230;&#8230;&#8230;&#8230;&#8230;&#8230;&#8230;&#8230;&#8230;&#8230;&#8230;&#8230;&#8230;&#8230;&#8230;&#8230;&#8230;&#8230;&#8230;&#8230;&#8230;&#8230;&#8230;&#8230;&#8230;&#8230;&#8230;&#8230;&#8230;&#8230;&#8230;&#8230;&#8230;&#8230;&#8230;&#8230;&#8230;&#8230;&#8230;&#8230;.. DIGITAL DOMAIN \u2022 The digital domain is centered on a powerful high-speed FPGA capable of 800+ billion multiply-accumulate operations per second (800+ GMAC\/s). \u2022 The 32-bit processing architecture (up to 72 bits internal calculations @ 98 MHz), enables compromise-free digital signal processing and superb digital filters featuring perfect characteristics and an ultra-low noise floor. \u2022 2 separate ultra-low-noise power supplies power the digital domain.<\/p>\n<\/div>\n<\/div>\n<div class=\"bloc-pdf\">\u00a0INTERFACES Analog Outputs \u2022 Balanced outputs: (1) stereo pair of male XLR connectors. \u2022 Unbalanced outputs: (1) stereo pair of RCA phono connectors. Analog Inputs \u2022 Balanced inputs: (1) stereo pair of female XLR connectors. \u2022 Unbalanced inputs: (1) stereo pair of RCA phono connectors. Digital Inputs \u2022 (1) USB 2.0 input accepts PCM data up to 32 bits at 44.1, 48, 88.2, 96, 176.4, 192, 352.8 and 384 kS\/s and DSD at 2.822 MHz, 3.072 MHz, 5.644 MHz and 6.144 MHz. \u2022 (1) AES\/EBU on female XLR connector accepts up to 24-bit PCM at 44.1, 48, 88.2, 96, 176.4 and 192 kS\/s. \u2022 (1) SPDIF on RCA phono connectors accepts up to 24-bit PCM at 32, 44.1, 48, 88.2, 96, 176.4 and 192 kS\/s. \u2022 (1) I2 S proprietary digital interface. Chassis \u2022 The power supply requires 100-120 or 220-240VAC (set at the factory). \u2022 Maximum power consumption is 60 watts. \u2022 Dimensions: (W x D x H): 17(430) x 14(360) x 6\u201d(150 mm) \u2022 Gross Dimensions: (W x D x H): 24(610) x 21(534) x 12\u201d(305 mm) \u2022 Weight: 53 lbs (24 kg) \u2022 Gross Weight: 86 lbs (39kg)<\/div>\n","protected":false},"excerpt":{"rendered":"<p>ESTADO 9\/10 O pr\u00e9-amplificador digital Monsalvat PRE-2 da Verity Audio \u00e9 derivado diretamente do impressionante PRO-6 da Monsalvat, compartilhando a mesma topologia, pe\u00e7as de qualidade e configura\u00e7\u00e3o.\u00a0No entanto, ele \u00e9 constru\u00eddo em um \u00fanico chassi que inclui sua fonte de alimenta\u00e7\u00e3o.\u00a0O PRE-2 combina as fun\u00e7\u00f5es de um pr\u00e9-amplificador e um DAC.\u00a0A arquitetura do pr\u00e9-amplificador apresenta [&hellip;]<\/p>\n","protected":false},"featured_media":14637,"template":"","meta":{"_acf_changed":false},"product_brand":[],"product_cat":[43,41,38,211],"product_tag":[],"class_list":{"0":"post-581","1":"product","2":"type-product","3":"status-publish","4":"has-post-thumbnail","6":"product_cat-dac","7":"product_cat-digital","8":"product_cat-pre-amplificador","9":"product_cat-verity-audio","11":"first","12":"instock","13":"sold-individually","14":"shipping-taxable","15":"purchasable","16":"product-type-simple"},"acf":[],"aioseo_notices":[],"_links":{"self":[{"href":"https:\/\/hificlub.com.br\/loja\/wp-json\/wp\/v2\/product\/581","targetHints":{"allow":["GET"]}}],"collection":[{"href":"https:\/\/hificlub.com.br\/loja\/wp-json\/wp\/v2\/product"}],"about":[{"href":"https:\/\/hificlub.com.br\/loja\/wp-json\/wp\/v2\/types\/product"}],"wp:featuredmedia":[{"embeddable":true,"href":"https:\/\/hificlub.com.br\/loja\/wp-json\/wp\/v2\/media\/14637"}],"wp:attachment":[{"href":"https:\/\/hificlub.com.br\/loja\/wp-json\/wp\/v2\/media?parent=581"}],"wp:term":[{"taxonomy":"product_brand","embeddable":true,"href":"https:\/\/hificlub.com.br\/loja\/wp-json\/wp\/v2\/product_brand?post=581"},{"taxonomy":"product_cat","embeddable":true,"href":"https:\/\/hificlub.com.br\/loja\/wp-json\/wp\/v2\/product_cat?post=581"},{"taxonomy":"product_tag","embeddable":true,"href":"https:\/\/hificlub.com.br\/loja\/wp-json\/wp\/v2\/product_tag?post=581"}],"curies":[{"name":"wp","href":"https:\/\/api.w.org\/{rel}","templated":true}]}}