{"id":5803,"date":"2023-12-13T21:43:22","date_gmt":"2023-12-14T00:43:22","guid":{"rendered":"https:\/\/hificlub.com.br\/loja\/?post_type=product&#038;p=5803"},"modified":"2026-03-03T22:20:25","modified_gmt":"2026-03-04T01:20:25","slug":"yamaha-ns-5000","status":"publish","type":"product","link":"https:\/\/hificlub.com.br\/loja\/produto\/yamaha-ns-5000\/","title":{"rendered":"YAMAHA NS-5000"},"content":{"rendered":"<p>Apresentamos nosso principal sistema de alto-falantes de estante de 3 vias, estabelecendo um novo padr\u00e3o em desempenho e qualidade pelo qual todos os outros alto-falantes Hi-Fi devem ser julgados.<\/p>\n<ul>\n<li>Os diafragmas recentemente desenvolvidos apresentam velocidade ac\u00fastica compar\u00e1vel \u00e0 do ber\u00edlio<\/li>\n<li>As c\u00e2maras RS (supress\u00e3o de resson\u00e2ncia) recentemente desenvolvidas suprimem resson\u00e2ncias indesejadas nas faixas m\u00e9dias e altas<\/li>\n<li>O design da estante de 12&#8243; e 3 vias baseia-se na tradi\u00e7\u00e3o do lend\u00e1rio NS-1000M<\/li>\n<li>Caixa de madeira compensada cuidadosamente trabalhada feita de b\u00e9tula branca japonesa da ilha de Hokkaido<\/li>\n<li>O rec\u00e9m-desenvolvido Acoustic Absorber elimina material absorvente de som para reviver a presen\u00e7a original da m\u00fasica<\/li>\n<li>O acabamento em preto brilhante do piano proporciona melhor desempenho de sinal-ru\u00eddo &#8211; e aumenta a luxuosa alegria de propriedade<\/li>\n<li>Rede de divis\u00e3o de frequ\u00eancia<\/li>\n<\/ul>\n<div id=\"d1208979\" class=\"heading-with-border-bottom-h2\">\n<div class=\"container-fluid\">\n<div class=\"page-header\">\n<p><strong>Caracter\u00edsticas<\/strong><\/p>\n<\/div>\n<\/div>\n<\/div>\n<div id=\"d799096\" class=\"gc h3-image-bottom\">\n<div class=\"container-fluid\">\n<p class=\"heading\"><strong>Diafragmas rec\u00e9m-desenvolvidos apresentam velocidade ac\u00fastica compar\u00e1vel \u00e0 do ber\u00edlio<\/strong><\/p>\n<p>O tweeter, os m\u00e9dios e o woofer do NS-5000 possuem diafragmas feitos de 100%* ZYLON\u00ae \u2014 uma fibra sint\u00e9tica criada no Jap\u00e3o, classificada como a mais forte** do mundo e com excelente elasticidade \u2014 e revestida a vapor com a liga monel propriet\u00e1ria da Yamaha. O diafragma de c\u00fapula macia suprime picos e quedas na resposta de frequ\u00eancia causadas pela resson\u00e2ncia inerente do diafragma, enquanto aproveita a alta velocidade ac\u00fastica do ZYLON compar\u00e1vel \u00e0 do ber\u00edlio. O resultado \u00e9 uma resposta de frequ\u00eancia notavelmente plana, com cor de tom e velocidade ac\u00fastica unificadas em toda a faixa de frequ\u00eancia, proporcionando uma experi\u00eancia auditiva confort\u00e1vel e uma reprodu\u00e7\u00e3o de som excelente e meticulosamente precisa do mais alto grau.* Utilizando 100% como material base.** Dados comparativos relativos a todas as fibras org\u00e2nicas existentes (fonte: Toyobo Co., Ltd., maio de 2015)<\/p>\n<p class=\"heading\"><strong>As c\u00e2maras RS (supress\u00e3o de resson\u00e2ncia) recentemente desenvolvidas suprimem a resson\u00e2ncia indesejada nas faixas m\u00e9dias e altas<\/strong><img decoding=\"async\" class=\"img-responsive images\" src=\"https:\/\/usa.yamaha.com\/files\/058433479F8A4A618BC6185FE1751231_12074_400x291_2b0ead22f515caf85c84e4c94a22bafa.jpg\" alt=\"\" \/><\/p>\n<div class=\"clearfix\">\n<p class=\"description\">Montadas na parte traseira do tweeter e das unidades de alto-falante de m\u00e9dio porte est\u00e3o as rec\u00e9m-desenvolvidas RS Chambers (patente pendente) que suprimem a resson\u00e2ncia desnecess\u00e1ria do tubo gerada atr\u00e1s do diafragma.\u00a0Dois tubos de formato especial instalados de acordo com nossa an\u00e1lise ac\u00fastica propriet\u00e1ria cancelam a resson\u00e2ncia do tubo.\u00a0Essas c\u00e2maras RS alcan\u00e7am reprodu\u00e7\u00e3o de \u00e1udio de alta resolu\u00e7\u00e3o, eliminando a necessidade de uma grande quantidade de material absorvente de som dentro do gabinete, que tende a suavizar a resposta de frequ\u00eancia de cada unidade de alto-falante e pode degradar pequenas nuances do som.<\/p>\n<div id=\"d799098\" class=\"gc h3-image-bottom\">\n<div class=\"container-fluid\">\n<p class=\"heading\"><strong>O design da estante de 3 vias de 12&#8243; baseia-se na tradi\u00e7\u00e3o do lend\u00e1rio NS-1000M<\/strong><\/p>\n<p class=\"description\">Como resultado de uma pesquisa meticulosa em uma variedade de designs de gabinetes durante o desenvolvimento do NS-5000, escolhemos um design de estante como sucessor do legado cont\u00ednuo do NS-1000M (lan\u00e7ado em 1974), o auge dos alto-falantes de monitor Yamaha .\u00a0Este gabinete bass-reflex com um volume interno de 65 litros &#8211; o menor tamanho poss\u00edvel para uma configura\u00e7\u00e3o de 12&#8243; de 3 vias &#8211; \u00e9 solidamente montado com a t\u00e9cnica de constru\u00e7\u00e3o de junta esquadrada de 3 vias e outros m\u00e9todos de fabrica\u00e7\u00e3o tradicionais. Refor\u00e7ando travessas dentro do gabinete, com base na an\u00e1lise FEM, suprime o &#8220;toque da caixa&#8221; causado pela vibra\u00e7\u00e3o retardada das seis superf\u00edcies do gabinete. Al\u00e9m disso, uma porta Twisted Flare evita o ru\u00eddo da porta (ru\u00eddo do vento produzido em cada extremidade de uma porta bass reflex) inerente ao bass reflex design e melhora a resolu\u00e7\u00e3o na faixa de baixa frequ\u00eancia, ao mesmo tempo que melhora o desempenho de sinal-ru\u00eddo.<\/p>\n<\/div>\n<\/div>\n<div id=\"d799099\" class=\"gc h3-image-left\">\n<div class=\"container-fluid\">\n<p class=\"heading\"><strong>Gabinete de compensado laminado cuidadosamente elaborado feito de b\u00e9tula branca japonesa da ilha de Hokkaido<\/strong><\/p>\n<div class=\"clearfix\">\n<p class=\"description\">Ao selecionar um material para o inv\u00f3lucro do NS-5000, realizamos estudos abrangentes de resist\u00eancia mec\u00e2nica e propriedades ac\u00fasticas de diversos materiais, bem como da qualidade da madeira dom\u00e9stica processada, removendo meticulosamente todos os n\u00f3s e buracos da madeira e garantindo a durabilidade necess\u00e1ria para suportar uso prolongado;\u00a0optamos por compensado laminado feito de b\u00e9tula branca da ilha de Hokkaido.\u00a0O defletor frontal tem 1-1\/8&#8243; de espessura e os outros cinco lados do gabinete t\u00eam 3\/4&#8243; (em todos os casos, omitindo a camada de primer e a espessura da tinta), garantindo a rigidez ideal de todo o gabinete.<\/p>\n<\/div>\n<\/div>\n<\/div>\n<div id=\"d799100\" class=\"gc h3-image-right\">\n<div class=\"container-fluid\">\n<p class=\"heading\"><strong>Absorvedor ac\u00fastico recentemente desenvolvido elimina material absorvente de som para reviver a presen\u00e7a original da m\u00fasica<\/strong><img decoding=\"async\" class=\"img-responsive images\" src=\"https:\/\/usa.yamaha.com\/files\/C15509B3C1AA4696B8D8C0AB788B60F8_12074_400x335_79bd0011eca41557086c1089b9eefde2.jpg\" alt=\"\" \/><\/p>\n<div class=\"clearfix\">\n<p class=\"description\">O inv\u00f3lucro cub\u00f3ide unifica ondas estacion\u00e1rias internas em uma frequ\u00eancia espec\u00edfica, que s\u00e3o canceladas por um tubo de resson\u00e2ncia recentemente desenvolvido (patente pendente).\u00a0Esta tecnologia elimina a necessidade anterior da enorme quantidade de material absorvente de som dentro do gabinete.\u00a0O resultado \u00e9 a elimina\u00e7\u00e3o virtual de ondas estacion\u00e1rias com incr\u00edvel efici\u00eancia e precis\u00e3o \u2013 para reviver energeticamente a presen\u00e7a essencial da m\u00fasica, anteriormente perdida pela absor\u00e7\u00e3o sonora.<\/p>\n<\/div>\n<\/div>\n<\/div>\n<div id=\"d799101\" class=\"gc h3-image-right\">\n<div class=\"container-fluid\">\n<p class=\"heading\"><strong>O acabamento preto brilhante do piano oferece melhor desempenho de sinal-ru\u00eddo &#8211; e aumenta a luxuosa alegria de propriedade<\/strong><\/p>\n<div class=\"clearfix\">\n<p class=\"description\">Todas as seis superf\u00edcies externas do gabinete t\u00eam acabamento em preto brilhante criado usando os mesmos processos dedicados de pintura, primer e polimento usados \u200b\u200bnos renomados pianos de cauda Yamaha.\u00a0A membrana uniforme e dura aumenta ainda mais a rigidez geral do gabinete e, ao mesmo tempo, suprime vibra\u00e7\u00f5es finas, contribuindo para um som brilhante e um desempenho de sinal-ru\u00eddo significativamente melhorado.<\/p>\n<\/div>\n<\/div>\n<\/div>\n<div id=\"d799102\" class=\"gc h3-image-right\">\n<div class=\"container-fluid\">\n<p class=\"heading\"><strong>Rede de divis\u00e3o de frequ\u00eancia<\/strong><\/p>\n<div class=\"clearfix\">\n<p class=\"description\">Todos os drivers do NS-5000 s\u00e3o conectados em fase positiva com fia\u00e7\u00e3o \u00fanica para proporcionar uma experi\u00eancia auditiva natural e agrad\u00e1vel.\u00a0Os componentes de sua rede de divis\u00e3o de frequ\u00eancia s\u00e3o montados em uma placa de circuito impresso de dupla face com tra\u00e7os de cobre extragrossos de 140 \u03bcm de espessura;\u00a0um caminho de sinal mais curto na placa de circuito minimiza a perda de dados sonoros durante a transmiss\u00e3o.\u00a0Al\u00e9m disso, para minimizar a perda de sinal, usamos para a rede pe\u00e7as escolhidas a dedo apenas da mais alta qualidade, como o capacitor de \u00e1udio MCap SUPREME EVO, fabricado pela Mundorf da Alemanha e conhecido como o auge dos capacitores para uso de \u00e1udio, o capacitor de uso de \u00e1udio da Mundorf. Atenuador MResist SUPREME e uma bobina de woofer que pesa at\u00e9 3,52 libras.<\/p>\n<p>&nbsp;<\/p>\n<p><img decoding=\"async\" src=\"https:\/\/hificlub.com.br\/loja\/wp-content\/uploads\/2023\/12\/awards-hifi-choice-150x150.jpg\" \/><img decoding=\"async\" src=\"https:\/\/hificlub.com.br\/loja\/wp-content\/uploads\/2023\/12\/Awards-Stereonet-2-150x150.jpg\" \/><img decoding=\"async\" src=\"https:\/\/hificlub.com.br\/loja\/wp-content\/uploads\/2023\/12\/Awards-Audioholics-2022-150x150.jpg\" \/><img decoding=\"async\" src=\"https:\/\/hificlub.com.br\/loja\/wp-content\/uploads\/2023\/10\/Awards-SoundStage-HiFi-2-150x150.webp\" \/><img decoding=\"async\" src=\"https:\/\/hificlub.com.br\/loja\/wp-content\/uploads\/2024\/01\/Absolute_Sound-Awards-3.jpg\" \/><img decoding=\"async\" src=\"https:\/\/hificlub.com.br\/loja\/wp-content\/uploads\/2024\/03\/what-hifi-awards-150x150.png\" \/>\u00a0 \u00a0<img decoding=\"async\" src=\"https:\/\/hificlub.com.br\/loja\/wp-content\/uploads\/2023\/12\/Awards-Vintage-Sonics-150x54.webp\" \/><\/p>\n<\/div>\n<\/div>\n<\/div>\n<\/div>\n<\/div>\n<\/div>\n","protected":false},"excerpt":{"rendered":"<p>Apresentamos nosso principal sistema de alto-falantes de estante de 3 vias, estabelecendo um novo padr\u00e3o em desempenho e qualidade pelo qual todos os outros alto-falantes Hi-Fi devem ser julgados. Os diafragmas recentemente desenvolvidos apresentam velocidade ac\u00fastica compar\u00e1vel \u00e0 do ber\u00edlio As c\u00e2maras RS (supress\u00e3o de resson\u00e2ncia) recentemente desenvolvidas suprimem resson\u00e2ncias indesejadas nas faixas m\u00e9dias e [&hellip;]<\/p>\n","protected":false},"featured_media":5815,"template":"","meta":{"_acf_changed":false},"product_brand":[],"product_cat":[25,344,17,47,112],"product_tag":[],"class_list":{"0":"post-5803","1":"product","2":"type-product","3":"status-publish","4":"has-post-thumbnail","6":"product_cat-bookshelf","7":"product_cat-caixa-studio","8":"product_cat-caixas","9":"product_cat-linha-profissional","10":"product_cat-yamaha","12":"first","13":"instock","14":"sold-individually","15":"shipping-taxable","16":"purchasable","17":"product-type-simple"},"acf":[],"aioseo_notices":[],"_links":{"self":[{"href":"https:\/\/hificlub.com.br\/loja\/wp-json\/wp\/v2\/product\/5803","targetHints":{"allow":["GET"]}}],"collection":[{"href":"https:\/\/hificlub.com.br\/loja\/wp-json\/wp\/v2\/product"}],"about":[{"href":"https:\/\/hificlub.com.br\/loja\/wp-json\/wp\/v2\/types\/product"}],"wp:featuredmedia":[{"embeddable":true,"href":"https:\/\/hificlub.com.br\/loja\/wp-json\/wp\/v2\/media\/5815"}],"wp:attachment":[{"href":"https:\/\/hificlub.com.br\/loja\/wp-json\/wp\/v2\/media?parent=5803"}],"wp:term":[{"taxonomy":"product_brand","embeddable":true,"href":"https:\/\/hificlub.com.br\/loja\/wp-json\/wp\/v2\/product_brand?post=5803"},{"taxonomy":"product_cat","embeddable":true,"href":"https:\/\/hificlub.com.br\/loja\/wp-json\/wp\/v2\/product_cat?post=5803"},{"taxonomy":"product_tag","embeddable":true,"href":"https:\/\/hificlub.com.br\/loja\/wp-json\/wp\/v2\/product_tag?post=5803"}],"curies":[{"name":"wp","href":"https:\/\/api.w.org\/{rel}","templated":true}]}}