{"id":5606,"date":"2023-12-06T07:17:07","date_gmt":"2023-12-06T10:17:07","guid":{"rendered":"https:\/\/hificlub.com.br\/loja\/?post_type=product&#038;p=5606"},"modified":"2026-03-02T11:29:33","modified_gmt":"2026-03-02T14:29:33","slug":"sonus-faber-amati-futura","status":"publish","type":"product","link":"https:\/\/hificlub.com.br\/loja\/produto\/sonus-faber-amati-futura\/","title":{"rendered":"SONUS FABER AMATI FUTURA"},"content":{"rendered":"<p>ESTADO 9\/10<\/p>\n<p>A \u00faltima gera\u00e7\u00e3o de alto-falantes multi-driver de qualidade de refer\u00eancia que se aproximam do estado da arte t\u00eam v\u00e1rias coisas em comum: gabinetes que v\u00e3o ao extremo para reduzir e controlar resson\u00e2ncias;\u00a0crossovers sofisticados que utilizam pe\u00e7as de alta qualidade muito caras;\u00a0esquemas avan\u00e7ados de isolamento para desacoplar o alto-falante do ch\u00e3o;\u00a0e mais.\u00a0Quando aplicados com habilidade, esses elementos de design podem resultar em alto-falantes muito menos coloridos e com menor ru\u00eddo do que seus antecessores.\u00a0Reduzir e controlar significativamente as resson\u00e2ncias do gabinete permite que os drivers reproduzam m\u00fasica com mais clareza e detalhes internos, bem como um timbre mais verdadeiro e um ambiente sonoro preciso.<\/p>\n<p>O Sonus faber Amati Futura presta homenagem a Andreas Amati, respons\u00e1vel pela cria\u00e7\u00e3o do primeiro violino de quatro cordas, bem como por definir a sua forma e propor\u00e7\u00f5es e as t\u00e9cnicas de constru\u00e7\u00e3o utilizadas durante mais de tr\u00eas s\u00e9culos para produzir os instrumentos de sonoridade mais gloriosos que o mundo j\u00e1 conheceu. .\u00a0Tanto Antonio Stradivari quanto Andrea Guarneri foram aprendizes do neto de Amati e acreditavam que cada elemento do violino tinha impacto no som, desde o tipo de madeira utilizada, at\u00e9 sua estrutura interna, laca, cola, etc., e o mesmo fazem os designers do o Amati Futura.\u00a0Cada aspecto da forma requintada do Futura parece servir a algum prop\u00f3sito sonoro significativo para reduzir ou controlar resson\u00e2ncias e permitir que os condutores fa\u00e7am o seu trabalho.<\/p>\n<p>O Amati Futura \u00e9 o alto-falante Amati de terceira gera\u00e7\u00e3o seguindo o Amati Homage original e o Amati Homage Anniversario.\u00a0Tal como os modelos anteriores, o Futura utiliza um gabinete patenteado em forma de ala\u00fade, inspirado em Stradivari, com paredes lindamente curvas inclinadas para tr\u00e1s que ajudam a limitar a resson\u00e2ncia.\u00a0Seguindo a tradi\u00e7\u00e3o dos fabricantes de m\u00f3veis italianos de classe mundial, este deve ser um dos alto-falantes mais lindos que existe.\u00a0Tiras de lindas madeiras selecionadas s\u00e3o organizadas de maneira ideal em camadas para criar um recinto de modo restrito;\u00a0nervuras subestruturais est\u00e3o estrategicamente posicionadas para ajudar a reduzir vibra\u00e7\u00f5es esp\u00farias;\u00a0e at\u00e9 mesmo a cola e as sete camadas de acabamento em laca foram cuidadosamente selecionadas por seus atributos sonoros.<\/p>\n<p>Al\u00e9m de seu formato semelhante a um ala\u00fade, o Futura \u00e9 uma reformula\u00e7\u00e3o completa do Amati, com um gabinete maior e de maior volume, todos os novos drivers e novas tecnologias.\u00a0\u00c9 o primeiro de uma s\u00e9rie de alto-falantes Sonus faber a se beneficiar das li\u00e7\u00f5es aprendidas no desenvolvimento do alto-falante carro-chefe da empresa, \u201cThe Sonus faber\u201d (revisado por Robert Harley no TAS 216), bem como da tecnologia migrada dele.\u00a0A Futura \u00e9 desacoplada mecanicamente do piso atrav\u00e9s do seu engenhoso sistema de suspens\u00e3o \u00e0 base de elast\u00f4mero.\u00a0Sua estrutura de fixa\u00e7\u00e3o de exoesqueleto Avional conecta as belas placas superior e inferior usinadas em CNC por meio das aletas duplas na parte traseira, carregando em massa e endurecendo o gabinete enquanto envia vibra\u00e7\u00f5es para a base do alto-falante e para longe do defletor frontal.\u00a0O sistema Stealth Reflex patenteado da Sonus Faber ajuda a manter a \u00e1rea ocupada pelo Futura relativamente compacta, produz baixas frequ\u00eancias mais estendidas e permite que as portas fiquem totalmente silenciosas.<\/p>\n<p>O design e a qualidade de constru\u00e7\u00e3o do Amati Futura s\u00e3o exemplares e os seus drivers s\u00e3o unidades personalizadas que foram selecionadas pela sua naturalidade sonora.\u00a0As lindas altas frequ\u00eancias naturais s\u00e3o controladas por uma c\u00fapula de seda Ragnar Lian Evolution 1.1 \u2033 que \u00e9 isolada do gabinete.\u00a0A unidade de m\u00e9dio porte, montada em seu pr\u00f3prio gabinete interno, foi criada a partir de uma nova f\u00f3rmula de fibras naturais.\u00a0Seu poderoso sistema magn\u00e9tico \u00e9 combinado com uma bobina de voz de 1,7 \u2033 e an\u00e9is triplos de cobre Kellog \/ Goeller para reduzir a distor\u00e7\u00e3o e torn\u00e1-lo \u201clivre de correntes parasitas\u201d.\u00a0Os woofers duplos de liga de alum\u00ednio-magn\u00e9sio de 8,75 \u2033 com amortecimento de elast\u00f4mero combinam um sistema magn\u00e9tico de longo alcance e uma bobina de voz de 1,5 \u2033 livre de correntes parasitas para din\u00e2mica e linearidade aprimoradas de baixas frequ\u00eancias.\u00a0Para otimizar seu desempenho, um woofer sai antes do outro.\u00a0A rede cruzada usa uma arquitetura de inclina\u00e7\u00e3o progressiva e pe\u00e7as da mais alta qualidade, incluindo capacitores Mundorf Supreme e indutores Jantzen.<\/p>\n<p><strong>ESPECIFICA\u00c7\u00d5ES\u00a0<\/strong><\/p>\n<p><strong>Tipo:<\/strong>\u00a0\u00a0alto-falante de ch\u00e3o ventilado de 3,5 vias<br \/>\n<strong>Faixa de frequ\u00eancia:<\/strong>\u00a0\u00a025 Hz a 30 kHz<br \/>\n<strong>Sensibilidade:<\/strong>\u00a0\u00a090 dB<br \/>\n<strong>Imped\u00e2ncia:<\/strong>\u00a0\u00a04 ohm nominal<br \/>\n<strong>Drivers:<\/strong>\u00a0\u00a0tweeter de c\u00fapula macia de 1,1 \u2033, m\u00e9dios de fibra de celulose de 7 \u2033, dois woofers de cone de liga de alum\u00ednio e magn\u00e9sio de 8,75 \u2033<br \/>\n<strong>Frequ\u00eancias de cruzamento:<\/strong>\u00a0\u00a080 Hz, 220 Hz, 3,2 kHz<br \/>\n<strong>Dimens\u00f5es:<\/strong>\u00a0\u00a016 \u2033 x 45,7 \u2033 x 25 \u2033<br \/>\n<strong>Peso:\u00a0<\/strong>\u00a0122 libras.<\/p>\n","protected":false},"excerpt":{"rendered":"<p>ESTADO 9\/10 A \u00faltima gera\u00e7\u00e3o de alto-falantes multi-driver de qualidade de refer\u00eancia que se aproximam do estado da arte t\u00eam v\u00e1rias coisas em comum: gabinetes que v\u00e3o ao extremo para reduzir e controlar resson\u00e2ncias;\u00a0crossovers sofisticados que utilizam pe\u00e7as de alta qualidade muito caras;\u00a0esquemas avan\u00e7ados de isolamento para desacoplar o alto-falante do ch\u00e3o;\u00a0e mais.\u00a0Quando aplicados com [&hellip;]<\/p>\n","protected":false},"featured_media":5612,"template":"","meta":{"_acf_changed":false},"product_brand":[],"product_cat":[17,110,18],"product_tag":[],"class_list":{"0":"post-5606","1":"product","2":"type-product","3":"status-publish","4":"has-post-thumbnail","6":"product_cat-caixas","7":"product_cat-sonus-faber","8":"product_cat-torres","10":"first","11":"instock","12":"sold-individually","13":"shipping-taxable","14":"purchasable","15":"product-type-simple"},"acf":[],"aioseo_notices":[],"_links":{"self":[{"href":"https:\/\/hificlub.com.br\/loja\/wp-json\/wp\/v2\/product\/5606","targetHints":{"allow":["GET"]}}],"collection":[{"href":"https:\/\/hificlub.com.br\/loja\/wp-json\/wp\/v2\/product"}],"about":[{"href":"https:\/\/hificlub.com.br\/loja\/wp-json\/wp\/v2\/types\/product"}],"wp:featuredmedia":[{"embeddable":true,"href":"https:\/\/hificlub.com.br\/loja\/wp-json\/wp\/v2\/media\/5612"}],"wp:attachment":[{"href":"https:\/\/hificlub.com.br\/loja\/wp-json\/wp\/v2\/media?parent=5606"}],"wp:term":[{"taxonomy":"product_brand","embeddable":true,"href":"https:\/\/hificlub.com.br\/loja\/wp-json\/wp\/v2\/product_brand?post=5606"},{"taxonomy":"product_cat","embeddable":true,"href":"https:\/\/hificlub.com.br\/loja\/wp-json\/wp\/v2\/product_cat?post=5606"},{"taxonomy":"product_tag","embeddable":true,"href":"https:\/\/hificlub.com.br\/loja\/wp-json\/wp\/v2\/product_tag?post=5606"}],"curies":[{"name":"wp","href":"https:\/\/api.w.org\/{rel}","templated":true}]}}