{"id":5596,"date":"2023-12-05T06:58:13","date_gmt":"2023-12-05T09:58:13","guid":{"rendered":"https:\/\/hificlub.com.br\/loja\/?post_type=product&#038;p=5596"},"modified":"2025-09-14T17:52:42","modified_gmt":"2025-09-14T20:52:42","slug":"viola-symphony","status":"publish","type":"product","link":"https:\/\/hificlub.com.br\/loja\/produto\/viola-symphony\/","title":{"rendered":"VIOLA SYMPHONY Dual Mono Full Balanced 200 watts"},"content":{"rendered":"<p>ESTADO 9\/10<\/p>\n<p>Os dois fundadores originais da Viola, Tom Colangelo e Paul Jayson, trabalharam juntos durante anos no Mark Levinson Audio Labs, e h\u00e1 um parentesco definitivo de filosofias de design entre as duas marcas.\u00a0Ou seja, Mark Levinson e Viola almejam alto e constroem projetos sem custo.\u00a0Ouvindo o equipamento da f\u00e1brica da Viola, o som ficou altamente resolvido e puro, sem preocupa\u00e7\u00e3o com limita\u00e7\u00f5es de pot\u00eancia.\u00a0Jayson sente que o objetivo principal de qualquer componente \u00e9 transmitir todo o poder emocional da m\u00fasica;\u00a0para ele, julgar a eletr\u00f4nica com medi\u00e7\u00f5es baseadas em n\u00fameros \u00e9 uma preocupa\u00e7\u00e3o secund\u00e1ria.\u00a0Concordo;\u00a0se a m\u00fasica n\u00e3o te emociona, qual \u00e9 o sentido?<\/p>\n<p>A empresa oferece uma variedade de pr\u00e9-amplificadores est\u00e9reo e amplificadores de pot\u00eancia, e alguns deles t\u00eam designs grandes e imponentes.\u00a0O amplificador Viola Symphony est\u00e9reo de 200 watts por canal mede 17,5 polegadas por 17,5 polegadas por 7,5 polegadas e pesa robustos 119 libras.\u00a0Jayson estava mostrando um prot\u00f3tipo de um amplificador consideravelmente mais compacto e o elegante pr\u00e9-amplificador Crescendo controlado por iPhone\/iPad.\u00a0Ambos devem estar em plena produ\u00e7\u00e3o no in\u00edcio do pr\u00f3ximo ano.\u00a0Mesmo para padr\u00f5es de \u00e1udio de ponta, a qualidade de constru\u00e7\u00e3o do Viola \u00e9 extraordin\u00e1ria.\u00a0Cada pe\u00e7a \u00e9 uma obra de arte.<\/p>\n<p>Os audi\u00f3filos japoneses est\u00e3o entre os perfeccionistas mais exigentes do mundo e representam uma boa porcentagem dos clientes da Viola.\u00a0Os componentes eletr\u00f4nicos s\u00e3o montados em New Haven e as pe\u00e7as met\u00e1licas usinadas do chassi s\u00e3o fornecidas por uma empresa no Colorado.<\/p>\n<p>&nbsp;<\/p>\n<p>Especifica\u00e7\u00f5es<br \/>\nPot\u00eancia de sa\u00edda: 200 watts por canal em 8\u03a9 (est\u00e9reo)<br \/>\nResposta de frequ\u00eancia: 10 Hz a 20 kHz<br \/>\nDistor\u00e7\u00e3o harm\u00f4nica total: 0,25%<br \/>\nGanho: 26 dB<br \/>\nRela\u00e7\u00e3o sinal-ru\u00eddo: 105 dB<br \/>\nDimens\u00f5es: 219 x 448 x 483 mm<br \/>\nPeso: 55 kg<\/p>\n","protected":false},"excerpt":{"rendered":"<p>ESTADO 9\/10 Os dois fundadores originais da Viola, Tom Colangelo e Paul Jayson, trabalharam juntos durante anos no Mark Levinson Audio Labs, e h\u00e1 um parentesco definitivo de filosofias de design entre as duas marcas.\u00a0Ou seja, Mark Levinson e Viola almejam alto e constroem projetos sem custo.\u00a0Ouvindo o equipamento da f\u00e1brica da Viola, o som [&hellip;]<\/p>\n","protected":false},"featured_media":5597,"template":"","meta":{"_acf_changed":false},"product_brand":[],"product_cat":[27,28],"product_tag":[],"class_list":{"0":"post-5596","1":"product","2":"type-product","3":"status-publish","4":"has-post-thumbnail","6":"product_cat-amplificador","7":"product_cat-estereo","9":"first","10":"instock","11":"sold-individually","12":"shipping-taxable","13":"purchasable","14":"product-type-simple"},"acf":[],"aioseo_notices":[],"_links":{"self":[{"href":"https:\/\/hificlub.com.br\/loja\/wp-json\/wp\/v2\/product\/5596","targetHints":{"allow":["GET"]}}],"collection":[{"href":"https:\/\/hificlub.com.br\/loja\/wp-json\/wp\/v2\/product"}],"about":[{"href":"https:\/\/hificlub.com.br\/loja\/wp-json\/wp\/v2\/types\/product"}],"wp:featuredmedia":[{"embeddable":true,"href":"https:\/\/hificlub.com.br\/loja\/wp-json\/wp\/v2\/media\/5597"}],"wp:attachment":[{"href":"https:\/\/hificlub.com.br\/loja\/wp-json\/wp\/v2\/media?parent=5596"}],"wp:term":[{"taxonomy":"product_brand","embeddable":true,"href":"https:\/\/hificlub.com.br\/loja\/wp-json\/wp\/v2\/product_brand?post=5596"},{"taxonomy":"product_cat","embeddable":true,"href":"https:\/\/hificlub.com.br\/loja\/wp-json\/wp\/v2\/product_cat?post=5596"},{"taxonomy":"product_tag","embeddable":true,"href":"https:\/\/hificlub.com.br\/loja\/wp-json\/wp\/v2\/product_tag?post=5596"}],"curies":[{"name":"wp","href":"https:\/\/api.w.org\/{rel}","templated":true}]}}