{"id":5558,"date":"2023-11-24T22:28:34","date_gmt":"2023-11-25T01:28:34","guid":{"rendered":"https:\/\/hificlub.com.br\/loja2\/?post_type=product&#038;p=5558"},"modified":"2025-01-08T06:42:18","modified_gmt":"2025-01-08T09:42:18","slug":"sonus-faber-stradivari-homage-red-violin","status":"publish","type":"product","link":"https:\/\/hificlub.com.br\/loja\/produto\/sonus-faber-stradivari-homage-red-violin\/","title":{"rendered":"SONUS FABER STRADIVARI HOMAGE"},"content":{"rendered":"<p>Estado de conserva\u00e7\u00e3o:\u00a0<strong>9\/10<\/strong><\/p>\n<p>Quando\u00a0<a href=\"https:\/\/www.stereophile.com\/loudspeakerreviews\/870\/index3.html\">Franco Serblin<\/a>\u00a0, da Sonus Faber, come\u00e7ou a criar sua s\u00e9rie de alto-falantes Homage (nota de rodap\u00e9 1) para homenagear os grandes fabricantes de violinos de Cremona &#8211; Amati, Guarneri, Stradivari &#8211; sua inspira\u00e7\u00e3o de design curiosamente acabou n\u00e3o sendo o violino, mas o ala\u00fade.\u00a0Alto-falantes em formato de instrumentos fazem tanto sentido para mim quanto alto-falantes em formato de orelhas, mas no caso do formato curvil\u00edneo do ala\u00fade, a afirma\u00e7\u00e3o de que menos superf\u00edcies paralelas resultam em menos ondas estacion\u00e1rias parecia fazer sentido.\u00a0Se esse foi o verdadeiro motivo de Serblin, ou se ele apenas gostou da apar\u00eancia do ala\u00fade, seus designs foram amplamente copiados.<\/p>\n<p>Para seu modelo Homage final, o Stradivari Homage de US$ 40.000\/par (nomeado, \u00e9 claro, em homenagem a Antonio Stradivari), a inspira\u00e7\u00e3o instrumental de Serblin na verdade\u00a0<i>foi<\/i>\u00a0o violino.\u00a0O gabinete de alto-falante alto, incomumente largo e raso do Strad forma uma elipse estreita e graciosa.\u00a0As tampas c\u00f4ncavas laqueadas em preto sugerem o formato do violino.\u00a0Este \u00e9 um alto-falante que parece igualmente atraente (ou feio) de todos os lados.\u00a0Alguns visitantes do meu quarto acharam aquilo estranho \u2014 \u201ccomo uma torrada\u201d, disse um deles.\u00a0Do ponto de vista do ouvinte, o defletor frontal largo \u00e9 incomum &#8211; especialmente se voc\u00ea estiver acostumado com alto-falantes modernos de defletor estreito projetados para reduzir a difra\u00e7\u00e3o do gabinete.<\/p>\n<p>O Stradivari \u00e9 um alto-falante de tr\u00eas vias com dois woofers r\u00edgidos e leves de cone de alum\u00ednio \/ magn\u00e9sio de 12 &#8220;feitos sob medida para Sonus by SEAS. Eles s\u00e3o cruzados em 300 Hz para um driver de m\u00e9dio porte de cone de polpa de tecnologia de \u00e1udio de 6&#8221; (Scan- Speak e Dynaudio foram fundados pelo fundador da Audio Technology, Ejvind Skaaning), que por sua vez transfere o sinal de 4kHz para uma vers\u00e3o personalizada do tweeter com radiador de anel de seda da Scan-Speak.\u00a0Ele apresenta um guia de onda toroidal duplo propriet\u00e1rio projetado especificamente para o defletor largo e um sistema de amortecimento de onda traseira de labirinto ac\u00fastico de madeira projetado por Sonus Faber.\u00a0Os woofers com porta traseira s\u00e3o sintonizados usando todo o volume interno do gabinete, enquanto o tweeter e a unidade de m\u00e9dio porte com porta est\u00e3o contidos em um subgabinete cardi\u00f3ide (em forma de cora\u00e7\u00e3o) substancialmente refor\u00e7ado, mantido por compress\u00e3o no lugar pelas paredes do gabinete principal.<\/p>\n<p>O gabinete principal \u00e9 constru\u00eddo com laminado de madeira, com inser\u00e7\u00f5es de amortecimento constritivas entre camadas adicionais de laminado no painel frontal, no estilo do Amati Homage, que foi constru\u00eddo com pilhas de bordo s\u00f3lido.\u00a0O interior deste recinto tamb\u00e9m \u00e9 fortemente refor\u00e7ado.\u00a0Uma s\u00e9rie de fotos fornecidas pela Sonus mostra como a madeira laminada \u00e9 fixada para atingir a forma curva \u2013 claramente um processo demorado e trabalhoso que se reflete fielmente no pre\u00e7o de varejo.\u00a0Tamb\u00e9m como o Amati, o Stradivari Homage \u00e9 meticulosamente pintado \u00e0 m\u00e3o e envernizado, num processo dif\u00edcil que Sonus Faber diz que apenas um pequeno n\u00famero de artes\u00e3os \u00e9 capaz de realizar.<\/p>\n<p>O Strad est\u00e1 dispon\u00edvel no familiar acabamento vermelho-laranja semelhante ao violino usado no Amati e em um acabamento cinza ard\u00f3sia mais suave.\u00a0Facilmente a pe\u00e7a de gabinete de alto-falante mais bem constru\u00edda que j\u00e1 vi ou toquei, parece dram\u00e1tica e escultural de qualquer \u00e2ngulo.\u00a0As fotos n\u00e3o fazem justi\u00e7a.\u00a0Quando voc\u00ea (e um ajudante) o pega, voc\u00ea quase pode sentir a energia necess\u00e1ria para manter a estrutura unida, bem como sua solidez e integridade f\u00edsica.<\/p>\n<p><b>Especifica\u00e7\u00f5es<\/b><\/p>\n<p><b>Descri\u00e7\u00e3o:<\/b>\u00a0Alto-falante de ch\u00e3o de tr\u00eas vias.\u00a0Unidades de acionamento: tweeter com radiador de anel de seda Scan-Speak de 1&#8243;, unidade de m\u00e9dio porte de cone de polpa de 6&#8243; da Audio Technology, dois woofers de cone de alum\u00ednio\/magn\u00e9sio SEAS de 12&#8243;. Frequ\u00eancias de crossover: 300 Hz, 4 kHz. Faixa de frequ\u00eancia: 22 Hz \u201340 kHz. Sensibilidade: 92dB\/W\/m. Imped\u00e2ncia nominal: 4 ohms.<br \/>\n<b>Dimens\u00f5es:<\/b>\u00a053,5&#8243; (1360mm) H por 25,6&#8243; (650mm) W por 19,7&#8243; (500mm) D. Peso: 165 lbs (75kg).<br \/>\n<b>Acabamentos:<\/b>\u00a0vermelho violino, cinza ard\u00f3sia.<\/p>\n","protected":false},"excerpt":{"rendered":"<p>Estado de conserva\u00e7\u00e3o:\u00a09\/10 Quando\u00a0Franco Serblin\u00a0, da Sonus Faber, come\u00e7ou a criar sua s\u00e9rie de alto-falantes Homage (nota de rodap\u00e9 1) para homenagear os grandes fabricantes de violinos de Cremona &#8211; Amati, Guarneri, Stradivari &#8211; sua inspira\u00e7\u00e3o de design curiosamente acabou n\u00e3o sendo o violino, mas o ala\u00fade.\u00a0Alto-falantes em formato de instrumentos fazem tanto sentido para [&hellip;]<\/p>\n","protected":false},"featured_media":14368,"template":"","meta":{"_acf_changed":false},"product_brand":[],"product_cat":[17,110,18],"product_tag":[],"class_list":{"0":"post-5558","1":"product","2":"type-product","3":"status-publish","4":"has-post-thumbnail","6":"product_cat-caixas","7":"product_cat-sonus-faber","8":"product_cat-torres","10":"first","11":"instock","12":"sold-individually","13":"shipping-taxable","14":"purchasable","15":"product-type-simple"},"acf":[],"aioseo_notices":[],"_links":{"self":[{"href":"https:\/\/hificlub.com.br\/loja\/wp-json\/wp\/v2\/product\/5558","targetHints":{"allow":["GET"]}}],"collection":[{"href":"https:\/\/hificlub.com.br\/loja\/wp-json\/wp\/v2\/product"}],"about":[{"href":"https:\/\/hificlub.com.br\/loja\/wp-json\/wp\/v2\/types\/product"}],"wp:featuredmedia":[{"embeddable":true,"href":"https:\/\/hificlub.com.br\/loja\/wp-json\/wp\/v2\/media\/14368"}],"wp:attachment":[{"href":"https:\/\/hificlub.com.br\/loja\/wp-json\/wp\/v2\/media?parent=5558"}],"wp:term":[{"taxonomy":"product_brand","embeddable":true,"href":"https:\/\/hificlub.com.br\/loja\/wp-json\/wp\/v2\/product_brand?post=5558"},{"taxonomy":"product_cat","embeddable":true,"href":"https:\/\/hificlub.com.br\/loja\/wp-json\/wp\/v2\/product_cat?post=5558"},{"taxonomy":"product_tag","embeddable":true,"href":"https:\/\/hificlub.com.br\/loja\/wp-json\/wp\/v2\/product_tag?post=5558"}],"curies":[{"name":"wp","href":"https:\/\/api.w.org\/{rel}","templated":true}]}}