{"id":5549,"date":"2023-11-24T22:23:08","date_gmt":"2023-11-25T01:23:08","guid":{"rendered":"https:\/\/hificlub.com.br\/loja2\/?post_type=product&#038;p=5549"},"modified":"2026-02-28T05:43:50","modified_gmt":"2026-02-28T08:43:50","slug":"focal-scala-utopia-evo","status":"publish","type":"product","link":"https:\/\/hificlub.com.br\/loja\/produto\/focal-scala-utopia-evo\/","title":{"rendered":"FOCAL SCALA UTOPIA EVO"},"content":{"rendered":"<p>&nbsp;<\/p>\n<p>MUSICALIDADE INCONTEST\u00c1VEL<br \/>\nMusicalidade inacredit\u00e1vel, um design lindo e f\u00e1cil de instalar, o Scala Utopia Evo manteve todas as qualidades da vers\u00e3o anterior que foi unanimemente aclamada pelos audi\u00f3filos mais exigentes do mundo todo.<br \/>\nO Scala V2 leva voc\u00ea para mais perto da m\u00fasica com emo\u00e7\u00e3o e prazer auditivo aprimorados.<\/p>\n<p>Evo significa evolu\u00e7\u00e3o&#8230; Desde 2008, quando Utopia III foi lan\u00e7ado, a heran\u00e7a tecnol\u00f3gica da Focal cresceu enormemente. Portanto, era essencial integrar as inova\u00e7\u00f5es mais recentes a esta cole\u00e7\u00e3o excepcional.<\/p>\n<p>A arquitetura sonora do Utopia III foi preservada, com a inten\u00e7\u00e3o constante de reduzir a distor\u00e7\u00e3o harm\u00f4nica no fr\u00e1gil registro de m\u00e9dio alcance, que \u00e9 t\u00e3o crucial para revelar as emo\u00e7\u00f5es do artista. Os dois alto-falantes s\u00e3o equipados com as \u00faltimas inova\u00e7\u00f5es da Focal, o NIC (Neutral Inductance Circuit) e a suspens\u00e3o TMD (Tuned Mass Damping).<\/p>\n<p>O alto-falante de ch\u00e3o de tr\u00eas vias Scala Utopia Evo agora oferece bi-amplifica\u00e7\u00e3o, assim como Grande Utopia EM e Stella. Amantes da m\u00fasica exigentes poder\u00e3o ajustar o tipo de som, dependendo do timbre e da pot\u00eancia que desejam alcan\u00e7ar. Os melhores componentes de sua gera\u00e7\u00e3o tamb\u00e9m encontraram seu caminho para a linha Utopia III Evo: cabos feitos na Fran\u00e7a, materiais ac\u00fasticos mais densos dentro do subwoofer, placas de terminais duplas e crossovers separados. Novos acabamentos com cores distintas oferecem muitas op\u00e7\u00f5es para os espa\u00e7os contempor\u00e2neos de hoje.<\/p>\n<p>A edi\u00e7\u00e3o 2017 da Utopia III Evo \u00e9 uma linha ic\u00f4nica. Ela integra uma gama completa de inova\u00e7\u00f5es e detalhes essenciais, tornando-a completamente \u00fanica. Ela ainda est\u00e1 muito \u00e0 frente de qualquer outra linha.<\/p>\n<p>REGISTRO EXCLUSIVO DE M\u00c9DIO<br \/>\nSuspens\u00e3o Tuned Mass Damper: Esta tecnologia fornece uma curva de resposta de frequ\u00eancia linear entre 1 e 4kHz, ao mesmo tempo em que reduz significativamente a distor\u00e7\u00e3o nesta faixa. O registro de m\u00e9dio alcance se beneficia de uma neutralidade not\u00e1vel.<br \/>\nCircuito de Indut\u00e2ncia Neutra: estabilizar o campo magn\u00e9tico foi um desafio a ser superado, para evitar distor\u00e7\u00e3o harm\u00f4nica e intermodula\u00e7\u00e3o. A pesquisa realizada permitiu que os engenheiros da Focal criassem um circuito magn\u00e9tico extremamente est\u00e1vel.<\/p>\n<p>BI-AMPLIFICA\u00c7\u00c3O<br \/>\nScala Utopia Evo agora oferece bi amplifica\u00e7\u00e3o. Bi-amplifica\u00e7\u00e3o agora \u00e9 poss\u00edvel separando os registros graves e m\u00e9dios\/agudos, assim como os dois alto-falantes topo de linha da linha.<\/p>\n<p>Os amantes da m\u00fasica mais exigentes poder\u00e3o afinar seu som personalizando os registros dependendo da arquitetura sonora que desejam. Por esse motivo, os alto-falantes s\u00e3o equipados com uma placa de terminal dupla.<\/p>\n<p>COMPONENTES TESTADOS EM CONDI\u00c7\u00d5ES REAIS<br \/>\nOs engenheiros da Focal selecionaram os melhores componentes do mercado, escolhendo-os entre as melhores marcas do mercado ap\u00f3s test\u00e1-los em condi\u00e7\u00f5es reais.<\/p>\n<p>Toda a fia\u00e7\u00e3o interna dentro das unidades \u00e9 feita na Fran\u00e7a. Ao olhar para os aspectos da fia\u00e7\u00e3o desses novos alto-falantes, decidimos aumentar o calibre do fio do cabeamento em 20%. Os resultados podem ser ouvidos imediatamente: o som \u00e9 ainda mais claro e ainda mais natural.<\/p>\n<p>Por fim, para o registro de graves, o revestimento ac\u00fastico que inclu\u00edmos dentro do gabinete foi engrossado para produzir graves ainda mais firmes, com mais controle e maior precis\u00e3o.<\/p>\n<p>Principais caracter\u00edsticas<br \/>\n\u2022 Alto-falante de coluna de 3 vias<br \/>\n\u2022 Produto de alt\u00edssima qualidade e tamanho moderado<br \/>\n\u2022 Tecnologias Utopia III: Ber\u00edlio, IAL2\u2122, suspens\u00e3o TMD, \u00edm\u00e3 NIC, Focus Time\u2122, OPC+\u2122, W\u2122, Power Flower\u2122, Gamma Structure\u2122<br \/>\n\u2022 Som personaliz\u00e1vel com n\u00edveis de graves, m\u00e9dios e agudos ajust\u00e1veis<br \/>\n\u200b\u200b\u2022 100% feito pela Focal<\/p>\n<p>Especifica\u00e7\u00f5es<br \/>\nTipo: alto-falante de ch\u00e3o bass-reflex de 3 vias<\/p>\n<p>Baixo: woofer &#8216;W&#8217; de 11&#8243; (27 cm)<\/p>\n<p>M\u00e9dio: Power Flower 6-1\/2&#8243; (16,5 cm) &#8216;W&#8217; m\u00e9dio com suspens\u00e3o TMD, com motor &#8216;NIC&#8217;<\/p>\n<p>Tweeter: 1-1\/16&#8243; (27 mm) &#8216;IAL2&#8217; c\u00fapula invertida de ber\u00edlio puro<\/p>\n<p>Resposta de frequ\u00eancia (\u00b13dB): 27 Hz \u2013 40 kHz<\/p>\n<p>Ponto de baixa frequ\u00eancia (-6dB): 24 Hz<\/p>\n<p>Sensibilidade: 92 dB<\/p>\n<p>Imped\u00e2ncia nominal: 8 \u03a9<\/p>\n<p>Imped\u00e2ncia m\u00ednima: 3,2 \u03a9<\/p>\n<p>Frequ\u00eancia de crossover: 220 Hz \/ 2400 Hz<\/p>\n<p>Pot\u00eancia de amplificador recomendada: 40 \u2013 500W<\/p>\n<p>Dimens\u00f5es (AxLxP): 49&#8243; x 15&#8243; x 26&#8243; (1247 x 393 x 670 mm)<\/p>\n<p>Peso l\u00edquido: 187,4 lb. (85 kg)<\/p>\n","protected":false},"excerpt":{"rendered":"<p>&nbsp; MUSICALIDADE INCONTEST\u00c1VEL Musicalidade inacredit\u00e1vel, um design lindo e f\u00e1cil de instalar, o Scala Utopia Evo manteve todas as qualidades da vers\u00e3o anterior que foi unanimemente aclamada pelos audi\u00f3filos mais exigentes do mundo todo. O Scala V2 leva voc\u00ea para mais perto da m\u00fasica com emo\u00e7\u00e3o e prazer auditivo aprimorados. Evo significa evolu\u00e7\u00e3o&#8230; Desde 2008, [&hellip;]<\/p>\n","protected":false},"featured_media":31360,"template":"","meta":{"_acf_changed":false},"product_brand":[],"product_cat":[17,45,18],"product_tag":[],"class_list":{"0":"post-5549","1":"product","2":"type-product","3":"status-publish","4":"has-post-thumbnail","6":"product_cat-caixas","7":"product_cat-focal","8":"product_cat-torres","10":"first","11":"instock","12":"sold-individually","13":"shipping-taxable","14":"purchasable","15":"product-type-simple"},"acf":[],"aioseo_notices":[],"_links":{"self":[{"href":"https:\/\/hificlub.com.br\/loja\/wp-json\/wp\/v2\/product\/5549","targetHints":{"allow":["GET"]}}],"collection":[{"href":"https:\/\/hificlub.com.br\/loja\/wp-json\/wp\/v2\/product"}],"about":[{"href":"https:\/\/hificlub.com.br\/loja\/wp-json\/wp\/v2\/types\/product"}],"wp:featuredmedia":[{"embeddable":true,"href":"https:\/\/hificlub.com.br\/loja\/wp-json\/wp\/v2\/media\/31360"}],"wp:attachment":[{"href":"https:\/\/hificlub.com.br\/loja\/wp-json\/wp\/v2\/media?parent=5549"}],"wp:term":[{"taxonomy":"product_brand","embeddable":true,"href":"https:\/\/hificlub.com.br\/loja\/wp-json\/wp\/v2\/product_brand?post=5549"},{"taxonomy":"product_cat","embeddable":true,"href":"https:\/\/hificlub.com.br\/loja\/wp-json\/wp\/v2\/product_cat?post=5549"},{"taxonomy":"product_tag","embeddable":true,"href":"https:\/\/hificlub.com.br\/loja\/wp-json\/wp\/v2\/product_tag?post=5549"}],"curies":[{"name":"wp","href":"https:\/\/api.w.org\/{rel}","templated":true}]}}