{"id":5541,"date":"2023-11-24T22:08:24","date_gmt":"2023-11-25T01:08:24","guid":{"rendered":"https:\/\/hificlub.com.br\/loja2\/?post_type=product&#038;p=5541"},"modified":"2025-06-13T10:02:13","modified_gmt":"2025-06-13T13:02:13","slug":"dali-epicon-6-ruby-macassar-high-gloss-lacquer","status":"publish","type":"product","link":"https:\/\/hificlub.com.br\/loja\/produto\/dali-epicon-6-ruby-macassar-high-gloss-lacquer\/","title":{"rendered":"DALI EPICON 6"},"content":{"rendered":"<p>ESTADO 9\/10<\/p>\n<p>A s\u00e9rie DALI EPICON baseia-se no conhecimento de mais de 30 anos de pesquisa, desenvolvimento e fabrica\u00e7\u00e3o de alto-falantes, e nos resultados de experi\u00eancias com tecnologias novas e conhecidas, a s\u00e9rie EPICON mostra o qu\u00e3o longe a DALI avan\u00e7ou em nossa busca por um som natural reprodu\u00e7\u00e3o. Com um visual que sinaliza exclusividade e simplicidade, essas caixas ac\u00fasticas s\u00e3o para os mais exigentes entusiastas de m\u00fasica e cinema. E com um desempenho que \u00e9 claramente DALI \u2013 dado um passo em frente \u2013 pretendemos n\u00e3o s\u00f3 satisfazer estas exig\u00eancias. N\u00f3s os superaremos.<\/p>\n<p>Permita que momentos musicais sensacionais vivam no conforto da sua casa com o revolucion\u00e1rio EPICON 6. Projetado para causar uma impress\u00e3o duradoura, o exterior do alto-falante \u00e9 t\u00e3o cativante para os olhos quanto o som para os ouvidos.<\/p>\n<p>A espinha dorsal do EPICON 6 \u00e9 a nova tecnologia de driver DALI. Apresentando dois woofers de graves de 6 \u00bd\u201c, o exclusivo sistema Linear Drive Magnet, bem como o inovador tweeter h\u00edbrido de fita\/domo macio, o som rompe com as conven\u00e7\u00f5es tradicionais de alto-falantes.<\/p>\n<p>O cora\u00e7\u00e3o do DALI EPICON 6 \u00e9 a nova tecnologia de alto-falantes DALI.\u00a0Equipado com dois drivers de graves-m\u00e9dios Linear Drive Magnet de 16,5 cm e um m\u00f3dulo tweeter h\u00edbrido de fita\/domo macio, o DALI EPICON 6 redefine as conven\u00e7\u00f5es tradicionais no mundo dos alto-falantes excepcionais.<\/p>\n<p>Com um design de 2,5 vias, o alto-falante de ch\u00e3o EPICON 6, em compara\u00e7\u00e3o com o DALI EPICON 2 \u2013 permite ir abaixo de 600Hz.\u00a0Para fornecer altas frequ\u00eancias ainda mais definidas, o DALI EPICON 6 tamb\u00e9m incorpora um tweeter de fita dentro do m\u00f3dulo de tweeter h\u00edbrido, tornando-o efetivamente um alto-falante de 2,5 + 0,5 vias.<\/p>\n<p>O design de sistemas magn\u00e9ticos \u00e9 uma especialidade DALI h\u00e1 muitos anos.\u00a0Para o DALI EPICON 6, o fabricante dinamarqu\u00eas oferece com o DALI EPICON 6 um altifalante cujo sistema magn\u00e9tico foi melhorado para reduzir a distor\u00e7\u00e3o a um n\u00edvel excelente.<\/p>\n<p>Para isso, os engenheiros dinamarqueses projetaram o Soft Magnetic Compound (SMC).\u00a0Este sistema oferece propriedades f\u00edsicas ideais: condutividade magn\u00e9tica muito alta e condutividade el\u00e9trica muito baixa (aproximadamente 1\/10.000 da do ferro).\u00a0O SMC permite uma redu\u00e7\u00e3o efetiva da distor\u00e7\u00e3o causada por perdas mec\u00e2nicas no sistema magn\u00e9tico.<\/p>\n<p>A alta condutividade magn\u00e9tica \u00e9 um vetor importante na elimina\u00e7\u00e3o do fen\u00f4meno de histerese.\u00a0A natureza eletricamente n\u00e3o condutora do SMC elimina a indu\u00e7\u00e3o gerada pela modula\u00e7\u00e3o de campos magn\u00e9ticos e reduz significativamente as correntes parasitas na pe\u00e7a central geradas pelos movimentos da bobina.<\/p>\n<p>A redu\u00e7\u00e3o da distor\u00e7\u00e3o assim obtida \u00e9 facilmente mensur\u00e1vel e claramente aud\u00edvel.<\/p>\n<p>O altifalante DALI EPICON 6 est\u00e1 equipado com o m\u00f3dulo tweeter DALI h\u00edbrido.\u00a0Este m\u00f3dulo \u00e9 composto por um tweeter de c\u00fapula macia ultraleve de 29 mm, combinado com um tweeter de fita de 10X55 mm que permite a reprodu\u00e7\u00e3o ideal dos menores detalhes cobrindo uma faixa mais ampla do espectro de alta frequ\u00eancia.<\/p>\n<p>Baixa frequ\u00eancia de resson\u00e2ncia, alta pot\u00eancia, capacidade de suportar alta press\u00e3o sonora sem gerar distor\u00e7\u00e3o, essas s\u00e3o as qualidades do tweeter de c\u00fapula superdimensionado.\u00a0O fluido magn\u00e9tico ultrafino que permite o resfriamento oferece um limite de satura\u00e7\u00e3o muito alto, permitindo maior manuseio de pot\u00eancia e controle impec\u00e1vel do deslocamento da bobina, mesmo em um alto n\u00edvel de press\u00e3o sonora.<\/p>\n<p>O tweeter de fita fornece ampla dispers\u00e3o de alta frequ\u00eancia e cobre uma faixa significativa de alta frequ\u00eancia.\u00a0Fixado em 10 kHz, o tweeter de fita entra em a\u00e7\u00e3o a partir de 15 kHz e sobe bem al\u00e9m de 30 kHz, ultrapassando o limite de frequ\u00eancias aud\u00edveis ao ouvido humano.<\/p>\n<p>A combina\u00e7\u00e3o dos dois tweeters permite um controle ideal das altas frequ\u00eancias, reproduzidas sem resson\u00e2ncia e sem distor\u00e7\u00e3o.\u00a0O m\u00f3dulo tweeter h\u00edbrido oferece uma reprodu\u00e7\u00e3o suave e uma dispers\u00e3o horizontal muito ampla que constitui um dos elementos da tradicional assinatura sonora DALI.\u00a0Assim, a fachada do m\u00f3dulo foi projetada para promover uma \u00f3tima dispers\u00e3o horizontal.<\/p>\n<p>Os alto-falantes que equipam o DALI EPICON 6 foram projetados e desenvolvidos pelos engenheiros da DALI na pr\u00f3pria f\u00e1brica da DALI na\u00a0Dinamarca.<\/p>\n<p>A s\u00f3lida filosofia da DALI baseia-se, entre outras coisas, na implementa\u00e7\u00e3o de tecnologias para reduzir ao m\u00e1ximo as perdas mec\u00e2nicas.\u00a0\u00c9 a tens\u00e3o e a corrente fornecidas pelo amplificador que devem ser o principal fator na reprodu\u00e7\u00e3o sonora dos alto-falantes, e n\u00e3o o pr\u00f3prio alto-falante, que deve oferecer a maior neutralidade poss\u00edvel.<\/p>\n<p>Os cones de fibra de madeira revelam-se um elemento chave para a reprodu\u00e7\u00e3o mais fina, detalhada e din\u00e2mica poss\u00edvel da mensagem musical, garantindo ao mesmo tempo a menor perda poss\u00edvel de informa\u00e7\u00e3o transmitida pela fonte.\u00a0As fibras de madeira proporcionam rigidez exemplar \u00e0 membrana de papel e caracter\u00edsticas que permitem um funcionamento otimizado do alto-falante<\/p>\n<p>Montado sobre uma suspens\u00e3o de borracha de baixa perda e apoiado sobre uma tigela de alum\u00ednio extrudado, o cone pode operar de forma ideal, sem quaisquer restri\u00e7\u00f5es.\u00a0A montagem dos diferentes componentes do alto-falante \u00e9 realizada com ferramentas extremamente precisas para garantir um alinhamento perfeito.<\/p>\n<p>Foi dada aten\u00e7\u00e3o meticulosa \u00e0 usinagem CNC do defletor frontal para fornecer mais espa\u00e7o entre os 7 parafusos e, assim, garantir um fluxo de ar desimpedido atr\u00e1s dos alto-falantes.\u00a0Este detalhe faz parte do chamado design de \u201cBaixa Perda\u201d e da aten\u00e7\u00e3o permanente da DALI ao tempo.\u00a0Cada face do DALI EPICON 6 \u00e9 composta por 6 camadas individuais de MDF, coladas entre si, que eliminam ondas estacion\u00e1rias, melhorando o n\u00edvel de detalhe e transpar\u00eancia.\u00a0Uma lombada em MDF de 53 mm de espessura garante uma rigidez ideal do gabinete.<\/p>\n<p>Com espessura total de 33mm, o defletor frontal \u00e9 totalmente inerte e garante \u00f3tima transmiss\u00e3o da energia emitida pelos alto-falantes em energia ac\u00fastica.\u00a0O defletor curvo tamb\u00e9m \u00e9 um fator importante para garantir a integridade e a efici\u00eancia do gabinete.<\/p>\n<p>No interior, o alto-falante de ch\u00e3o DALI EPICON 6 \u00e9 dividido em duas c\u00e2maras de tamanhos iguais para os drivers de graves e possui outra c\u00e2mara separada para o driver de m\u00e9dio porte.\u00a0As c\u00e2maras do driver de graves permitem que a configura\u00e7\u00e3o do gabinete seja otimizada de forma id\u00eantica, mas ao mesmo tempo de forma totalmente independente para cada alto-falante.\u00a0A c\u00e2mara do driver de m\u00e9dio porte permite a reprodu\u00e7\u00e3o de frequ\u00eancias cr\u00edticas, como as da voz humana, sem qualquer interfer\u00eancia com o resto do sistema.<\/p>\n<p>O DALI EPICON 6 apresenta, portanto, duas portas de graves com extremidades convexas na parte traseira do gabinete, posicionadas o mais pr\u00f3ximo poss\u00edvel dos drivers de graves para minimizar a turbul\u00eancia.\u00a0Na parte inferior do alto-falante est\u00e1 o terminal de conex\u00e3o montado em seu pr\u00f3prio inv\u00f3lucro, isolado das varia\u00e7\u00f5es din\u00e2micas de press\u00e3o dentro das c\u00e2maras bass reflex.<\/p>\n<p>O DALI EPICON 6 est\u00e1 dispon\u00edvel em quatro cores: preto lacado, branco lacado, nogueira lacada e rubi makassar lacado.<\/p>\n<p>O altifalante de ch\u00e3o DALI EPICON 6 ir\u00e1 deliciar os audi\u00f3filos mais exigentes, proporcionando um som implac\u00e1vel e sem distor\u00e7\u00e3o, dos graves aos agudos.\u00a0O luxo do gabinete combinado com uma audi\u00e7\u00e3o sutil e extremamente detalhada fazem do alto-falante de ch\u00e3o DALI EPICON 6 uma escolha de primeira linha.<\/p>\n<p>O EPICON 6 depende de um sistema de 2\u00bd vias, pois \u2013 em compara\u00e7\u00e3o com o EPICON 2 \u2013 possui um woofer adicional que entra abaixo de 600Hz. No entanto, para as frequ\u00eancias mais altas, o EPICON 6 tamb\u00e9m incorpora um tweeter de fita como parte do tweeter h\u00edbrido, transformando na realidade o alto-falante em uma constru\u00e7\u00e3o de \u20182\u00bd + \u00bd vias\u2019.<\/p>\n<h3>DALI EPICON 6 SPECS<\/h3>\n<table class=\"mceItemTable\">\n<thead>\n<tr>\n<th class=\"col1\">Product series<\/th>\n<th class=\"col2\">EPICON<\/th>\n<\/tr>\n<\/thead>\n<tbody>\n<tr>\n<td>Frequency Range (+\/-3 dB) [Hz]<\/td>\n<td>35 &#8211; 30,000<\/td>\n<\/tr>\n<tr>\n<td>Sensitivity (2,83 V\/1 m) [dB]<\/td>\n<td>88.0<\/td>\n<\/tr>\n<tr>\n<td>Nominal Impedance [ohms]<\/td>\n<td>5<\/td>\n<\/tr>\n<tr>\n<td>Maximum SPL [dB]<\/td>\n<td>110<\/td>\n<\/tr>\n<tr>\n<td>Recommended Amplifier Power [W]<\/td>\n<td>50 &#8211; 300<\/td>\n<\/tr>\n<tr>\n<td>Crossover Frequency [Hz]<\/td>\n<td>700 \/ 2,550 \/ 15,000<\/td>\n<\/tr>\n<tr>\n<td>Hybrid tweeter module, Super high freq. driver, Quantity<\/td>\n<td>1 x 10 x 55 mm<\/td>\n<\/tr>\n<tr>\n<td>Hybrid tweeter module, High frequency driver, Quantity<\/td>\n<td>1 x 29 mm<\/td>\n<\/tr>\n<tr>\n<td>Low frequency driver, Quantity<\/td>\n<td>2 x 6\u00bd&#8221;<\/td>\n<\/tr>\n<tr>\n<td>Bass Reflex Tuning Frequency [Hz]<\/td>\n<td>32.5<\/td>\n<\/tr>\n<tr>\n<td>Magnetic Shielding<\/td>\n<td>No<\/td>\n<\/tr>\n<tr>\n<td>Recommended Distance From Wall [cm]<\/td>\n<td>&gt; 25<\/td>\n<\/tr>\n<tr>\n<td>Dimensions With Base (HxWxD) [mm]<\/td>\n<td>1062 x 320x 459<\/td>\n<\/tr>\n<tr>\n<td>Dimensions (HxWxD) [mm]<\/td>\n<td>1025 x 232 441<\/td>\n<\/tr>\n<tr>\n<td>Weight [kg]<\/td>\n<td>30.0<\/td>\n<\/tr>\n<\/tbody>\n<\/table>\n<p>&nbsp;<\/p>\n","protected":false},"excerpt":{"rendered":"<p>ESTADO 9\/10 A s\u00e9rie DALI EPICON baseia-se no conhecimento de mais de 30 anos de pesquisa, desenvolvimento e fabrica\u00e7\u00e3o de alto-falantes, e nos resultados de experi\u00eancias com tecnologias novas e conhecidas, a s\u00e9rie EPICON mostra o qu\u00e3o longe a DALI avan\u00e7ou em nossa busca por um som natural reprodu\u00e7\u00e3o. Com um visual que sinaliza exclusividade [&hellip;]<\/p>\n","protected":false},"featured_media":18995,"template":"","meta":{"_acf_changed":false},"product_brand":[],"product_cat":[17,233,18],"product_tag":[],"class_list":{"0":"post-5541","1":"product","2":"type-product","3":"status-publish","4":"has-post-thumbnail","6":"product_cat-caixas","7":"product_cat-dali","8":"product_cat-torres","10":"first","11":"instock","12":"sold-individually","13":"shipping-taxable","14":"purchasable","15":"product-type-simple"},"acf":[],"aioseo_notices":[],"_links":{"self":[{"href":"https:\/\/hificlub.com.br\/loja\/wp-json\/wp\/v2\/product\/5541","targetHints":{"allow":["GET"]}}],"collection":[{"href":"https:\/\/hificlub.com.br\/loja\/wp-json\/wp\/v2\/product"}],"about":[{"href":"https:\/\/hificlub.com.br\/loja\/wp-json\/wp\/v2\/types\/product"}],"wp:featuredmedia":[{"embeddable":true,"href":"https:\/\/hificlub.com.br\/loja\/wp-json\/wp\/v2\/media\/18995"}],"wp:attachment":[{"href":"https:\/\/hificlub.com.br\/loja\/wp-json\/wp\/v2\/media?parent=5541"}],"wp:term":[{"taxonomy":"product_brand","embeddable":true,"href":"https:\/\/hificlub.com.br\/loja\/wp-json\/wp\/v2\/product_brand?post=5541"},{"taxonomy":"product_cat","embeddable":true,"href":"https:\/\/hificlub.com.br\/loja\/wp-json\/wp\/v2\/product_cat?post=5541"},{"taxonomy":"product_tag","embeddable":true,"href":"https:\/\/hificlub.com.br\/loja\/wp-json\/wp\/v2\/product_tag?post=5541"}],"curies":[{"name":"wp","href":"https:\/\/api.w.org\/{rel}","templated":true}]}}