{"id":5523,"date":"2023-11-24T21:48:05","date_gmt":"2023-11-25T00:48:05","guid":{"rendered":"https:\/\/hificlub.com.br\/loja2\/?post_type=product&#038;p=5523"},"modified":"2026-03-03T22:20:25","modified_gmt":"2026-03-04T01:20:25","slug":"bw-702-s3-black-gloss","status":"publish","type":"product","link":"https:\/\/hificlub.com.br\/loja\/produto\/bw-702-s3-black-gloss\/","title":{"rendered":"B&#038;W 702 S3 Black Gloss"},"content":{"rendered":"<p>B&amp;W 702 S3 Topo de Linha da Serie 700<\/p>\n<p>O design avan\u00e7ado do Bowers &amp; Wilkins 702 S3 pode imbuir grava\u00e7\u00f5es de pequenos grupos com calor, mas vai al\u00e9m para renderizar grandes performances &#8211; sinfonias, grava\u00e7\u00f5es de concertos ao vivo, etc. l\u00e1.\u00a0A vers\u00e3o mais recente melhora as itera\u00e7\u00f5es anteriores com um &#8220;pod&#8221; de tweeter redesenhado e uma nova porta de disparo para baixo que melhora a resposta de graves.\u00a0E voc\u00ea pode escolher entre tr\u00eas acabamentos: preto, branco ou a \u00faltima adi\u00e7\u00e3o, mocha.<\/p>\n<p><strong>Drivers propriet\u00e1rios<\/strong><\/p>\n<p>Este alto-falante parece diferente porque foi projetado para\u00a0<em>soar<\/em>\u00a0diferente.\u00a0A Bowers &amp; Wilkins passou d\u00e9cadas criando e aprimorando tecnologia que d\u00e1 aos seus alto-falantes uma &#8220;voz&#8221; \u00fanica e bela.<\/p>\n<p>O tweeter Decoupled Carbon Dome\u2122 de 1&#8243; foi constru\u00eddo especificamente para a S\u00e9rie 700 para trazer som com qualidade de est\u00fadio ao seu sistema dom\u00e9stico. A caixa de corpo s\u00f3lido montada na parte superior &#8211; emprestada da S\u00e9rie 800 &#8211; \u00e9 fresada a partir de um bloco s\u00f3lido de alum\u00ednio para formar uma estrutura que resiste a resson\u00e2ncias indesejadas.Na itera\u00e7\u00e3o S3, o pod tem um formato novo e mais longo, projetado para dar \u00e0s altas frequ\u00eancias um som mais aberto.<\/p>\n<p>O cone Continuum\u2122 de m\u00e9dio porte FST\u2122 de 6&#8243; desacoplado tamb\u00e9m se beneficia da tecnologia desenvolvida para a s\u00e9rie 800 de ponta. A constru\u00e7\u00e3o composta do cone oferece vocais e instrumentos precisos e transi\u00e7\u00f5es mais suaves.<\/p>\n<p>Os tr\u00eas cones de graves Aerofoil\u2122 Profile de 6-1\/2&#8243; do alto-falante s\u00e3o modelados por computador para fornecer a rigidez necess\u00e1ria para graves musicais profundos.<\/p>\n<p><strong>Flowport\u2122 para melhores graves<\/strong><\/p>\n<p>Os cones de baixo s\u00e3o auxiliados pela tecnologia Flowport da Bowers &amp; Wilkins.\u00a0O gabinete bass reflex do 702 apresenta uma nova porta de disparo para baixo que fornece resposta natural de graves sem o &#8220;chuffing&#8221; turbulento que as portas padr\u00e3o podem criar.<\/p>\n<p><strong>Uma rica hist\u00f3ria de excel\u00eancia de \u00e1udio<\/strong><\/p>\n<p>Fundada na Inglaterra na d\u00e9cada de 1960, a Bowers &amp; Wilkins \u00e9 conhecida mundialmente por seus designs inovadores de alto-falantes de alta fidelidade e fones de ouvido premium.\u00a0A Crutchfield tem orgulho de oferecer uma sele\u00e7\u00e3o diversificada de produtos desta lend\u00e1ria marca de \u00e1udio.<\/p>\n<p><strong>Destaques do produto:<\/strong><\/p>\n<ul>\n<li>Design de 3 vias e 5 drivers<\/li>\n<li>Tweeter Decoupled Carbon Dome\u2122 de 1&#8243; em caixa de corpo s\u00f3lido redesenhada e montada na parte superior<\/li>\n<li>Driver de m\u00e9dio porte de 6&#8243; decoupled Continuum\u2122 cone FST\u2122 (Fixed Suspension Transducer)<\/li>\n<li>tr\u00eas woofers graves de perfil Aerofoil\u2122 de 6-1\/2&#8243;<\/li>\n<li>resposta de frequ\u00eancia: 46-28.000 Hz (\u00b13dB)<\/li>\n<li>gabinete bass-reflex com porta de disparo para baixo<\/li>\n<li>sensibilidade: 90 dB<\/li>\n<li>imped\u00e2ncia: 8 ohms<\/li>\n<li>pot\u00eancia recomendada do amplificador: 30-300 watts<\/li>\n<li>pares duplos de terminais de alto-falante banhados a ouro permitem configura\u00e7\u00f5es bi-amp\/bi-wire<\/li>\n<li>grade remov\u00edvel \u00e9 fixada magneticamente<\/li>\n<li>rodap\u00e9 inclu\u00eddo e pontas de carpete proporcionam maior estabilidade<\/li>\n<\/ul>\n<h5>Dimens\u00f5es e garantia:<\/h5>\n<ul>\n<li>11-7\/16&#8243;L x 45-5\/16&#8243;A x 16-1\/8&#8243;P (incluindo rodap\u00e9)<\/li>\n<li>peso: 73,8 libras.<\/li>\n<\/ul>\n","protected":false},"excerpt":{"rendered":"<p>B&amp;W 702 S3 Topo de Linha da Serie 700 O design avan\u00e7ado do Bowers &amp; Wilkins 702 S3 pode imbuir grava\u00e7\u00f5es de pequenos grupos com calor, mas vai al\u00e9m para renderizar grandes performances &#8211; sinfonias, grava\u00e7\u00f5es de concertos ao vivo, etc. l\u00e1.\u00a0A vers\u00e3o mais recente melhora as itera\u00e7\u00f5es anteriores com um &#8220;pod&#8221; de tweeter redesenhado [&hellip;]<\/p>\n","protected":false},"featured_media":5529,"template":"","meta":{"_acf_changed":false},"product_brand":[],"product_cat":[19,17,18],"product_tag":[],"class_list":{"0":"post-5523","1":"product","2":"type-product","3":"status-publish","4":"has-post-thumbnail","6":"product_cat-bw","7":"product_cat-caixas","8":"product_cat-torres","10":"first","11":"instock","12":"sold-individually","13":"shipping-taxable","14":"product-type-simple"},"acf":[],"aioseo_notices":[],"_links":{"self":[{"href":"https:\/\/hificlub.com.br\/loja\/wp-json\/wp\/v2\/product\/5523","targetHints":{"allow":["GET"]}}],"collection":[{"href":"https:\/\/hificlub.com.br\/loja\/wp-json\/wp\/v2\/product"}],"about":[{"href":"https:\/\/hificlub.com.br\/loja\/wp-json\/wp\/v2\/types\/product"}],"wp:featuredmedia":[{"embeddable":true,"href":"https:\/\/hificlub.com.br\/loja\/wp-json\/wp\/v2\/media\/5529"}],"wp:attachment":[{"href":"https:\/\/hificlub.com.br\/loja\/wp-json\/wp\/v2\/media?parent=5523"}],"wp:term":[{"taxonomy":"product_brand","embeddable":true,"href":"https:\/\/hificlub.com.br\/loja\/wp-json\/wp\/v2\/product_brand?post=5523"},{"taxonomy":"product_cat","embeddable":true,"href":"https:\/\/hificlub.com.br\/loja\/wp-json\/wp\/v2\/product_cat?post=5523"},{"taxonomy":"product_tag","embeddable":true,"href":"https:\/\/hificlub.com.br\/loja\/wp-json\/wp\/v2\/product_tag?post=5523"}],"curies":[{"name":"wp","href":"https:\/\/api.w.org\/{rel}","templated":true}]}}