{"id":5515,"date":"2023-11-24T21:36:53","date_gmt":"2023-11-25T00:36:53","guid":{"rendered":"https:\/\/hificlub.com.br\/loja2\/?post_type=product&#038;p=5515"},"modified":"2026-03-03T22:20:26","modified_gmt":"2026-03-04T01:20:26","slug":"mofi-sourcepoint-10-com-pedestal","status":"publish","type":"product","link":"https:\/\/hificlub.com.br\/loja\/produto\/mofi-sourcepoint-10-com-pedestal\/","title":{"rendered":"MOFI  SOURCEPOINT 10 com Pedestais Satin Black"},"content":{"rendered":"<p><strong>O design de melhor som da carreira do engenheiro Andrew Jones: Mobile Fidelity Electronics Alto-falantes de estante SourcePoint 10 empregam sistema de fonte pontual e driver conc\u00eantrico de 10 polegadas<\/strong><\/p>\n<p>Dos muitos motivos para investir em um par de alto-falantes de estante Mobile Fidelity Electronics SourcePoint 10, um se destaca de todos os outros: eles s\u00e3o cria\u00e7\u00e3o do reverenciado engenheiro Andrew Jones.\u00a0Respons\u00e1vel por projetar muitos alto-falantes de sucesso comercial e cr\u00edtico das \u00faltimas d\u00e9cadas e por divulgar mais de 40 anos de experi\u00eancia no setor &#8211; incluindo passagens pela KEF, Infinity, Pioneer, TAD e ELAC &#8211; o designer-chefe de alto-falantes da MoFi criou o SourcePoint 10 bidirecional come\u00e7ando com uma folha de papel em branco.\u00a0Cerca de dois anos depois, ele chegou a um belo standmount que \u00e9 o modelo de melhor desempenho de sua carreira condecorada.<\/p>\n<p>Jones desenvolveu o SourcePoint 10 para atrair amantes de m\u00fasica de todos os matizes &#8211; e para tocar todo tipo de m\u00fasica com uma aptid\u00e3o estranha \u00e0 maioria dos alto-falantes audi\u00f3filos que tradicionalmente oferecem um ou dois tipos de m\u00fasica com resultados excepcionais, mas falham em outras \u00e1reas.\u00a0Quer voc\u00ea prefira m\u00fasicas relaxantes ou agressivas, material ac\u00fastico ou el\u00e9trico, ou ou\u00e7a uma ampla gama de \u00e9pocas e artistas dependendo do seu humor, o SourcePoint 10 transmite tudo isso sem preconceitos.\u00a0Este \u00e9 um alto-falante que transmite grava\u00e7\u00f5es de uma forma que tocar\u00e1 seu cora\u00e7\u00e3o e agitar\u00e1 sua alma.\u00a0E porque envolveu Jones, vem carregado de perspic\u00e1cia t\u00e9cnica.<\/p>\n<p>Resultado de pesquisas, testes e experimenta\u00e7\u00f5es frequentes conduzidos no est\u00fadio privado de Jones, o SourcePoint 10 \u00e9 configurado em torno de um driver conc\u00eantrico de 10 polegadas com ferramentas personalizadas e um tweeter de c\u00fapula macia de 1,25 polegadas centralizado no cone do woofer.\u00a0Como parte do sistema de fonte pontual deste alto-falante, o cone atua como um guia de ondas para o tweeter, para combinar as diretividades e maximizar a efici\u00eancia do tweeter.\u00a0Ele tamb\u00e9m funciona com controle excepcional, equil\u00edbrio tonal e imagem precisa.\u00a0Trabalhando em sincronia absoluta com o tweeter, o driver conc\u00eantrico de cone de papel de 10 polegadas mant\u00e9m o deslocamento no m\u00ednimo e ajuda a fornecer m\u00e9dios precisos, capacidade de resposta de graves tensa e din\u00e2mica poderosa.\u00a0Ao usar um woofer t\u00e3o grande, Jones manteve o deslocamento do cone ao m\u00ednimo &#8211; mesmo para informa\u00e7\u00f5es desafiadoras de baixo custo.\u00a0N\u00e3o deve ser esquecido: um contorno corrugado que permite uma excurs\u00e3o linear melhorada e minimiza a corrup\u00e7\u00e3o por difra\u00e7\u00e3o da expans\u00e3o da onda do tweeter.<\/p>\n<p>Na verdade, Jones levou todos os detalhes em considera\u00e7\u00e3o.\u00a0O sistema magn\u00e9tico &#8220;Twin Drive&#8221; para o tweeter e o woofer \u00e9 projetado em torno de \u00edm\u00e3s de neod\u00edmio de alta energia que, quando combinados, produzem uma for\u00e7a de acionamento extremamente linear de baixa distor\u00e7\u00e3o e empregam mangas de cobre para reduzir ainda mais a indut\u00e2ncia n\u00e3o linear.\u00a0Jones tamb\u00e9m escolheu um crossover bidirecional com indutores de n\u00facleo de a\u00e7o laminado por sua capacidade de resposta suave dentro e fora do eixo.\u00a0Sua frequ\u00eancia de crossover e inclina\u00e7\u00f5es combinam perfeitamente o woofer com o tweeter para minimizar ainda mais a audibilidade de anomalias fora de banda.<\/p>\n<p>Nos arredores externos do SourcePoint 10, um lindo gabinete composto por pain\u00e9is folheados de madeira real de 2,5 cm de espessura, amplo refor\u00e7o interno e um defletor frontal esculpido de 5 cm de espessura carrega v\u00e1rios temas definidores do SourcePoint 10 de 46,2 libras. : distor\u00e7\u00e3o extremamente baixa, linearidade consistente e alta sa\u00edda de graves que ajudam a transmitir a m\u00fasica de uma maneira que combina os detalhes, a especificidade e a limpeza de um modelo de estante tradicional com a for\u00e7a, a vivacidade e o alcance de uma torre.\u00a0Tamb\u00e9m fazendo trabalho pesado: Duas grandes aberturas traseiras que permitem alta sa\u00edda de graves com baixa turbul\u00eancia.\u00a0Al\u00e9m disso, as facetas esculpidas do defletor frontal reduzem os erros de resposta de difra\u00e7\u00e3o normalmente encontrados em alto-falantes convencionais de defletor plano.<\/p>\n<p>T\u00e3o importante quanto isso, o SourcePoint 10 baseia-se na confian\u00e7a que a Mobile Fidelity come\u00e7ou a estabelecer com suas renomadas Grava\u00e7\u00f5es Master Originais h\u00e1 mais de quatro d\u00e9cadas.\u00a0Com o SourcePoint 10, Jones \u2014 que aproveitou os benef\u00edcios de trabalhar sem prazos fixos e restri\u00e7\u00f5es or\u00e7ament\u00e1rias \u2014 d\u00e1 continuidade \u00e0 miss\u00e3o da empresa de criar componentes de primeira linha que honrem a heran\u00e7a de est\u00fadio da Mobile Fidelity e ajudem a formar uma cadeia completa de origem at\u00e9 a sa\u00edda, ligada ao conceitos valiosos de pureza, fidelidade e precis\u00e3o do sinal.<\/p>\n<p>O SourcePoint 10 tamb\u00e9m facilita a audi\u00e7\u00e3o de \u00e1udio de alta qualidade, eliminando a complexidade da equa\u00e7\u00e3o.\u00a0Avaliado com sensibilidade de 91dB, o alto-falante combina com uma ampla gama de fontes de amplifica\u00e7\u00e3o e possui uma faixa de frequ\u00eancia de 42Hz a 30kHz.\u00a0Jones garantiu que n\u00e3o importa onde seja empregado, o SourcePoint 10 pode ser conectado com facilidade para oferecer desempenho m\u00e1ximo em qualquer ambiente.\u00a0Completo com grades remov\u00edveis, o SourcePoint 10 de 22,5 x 14,5 x 16,6 polegadas (HWD) est\u00e1 dispon\u00edvel sem suportes ou com suportes dedicados personalizados para otimizar o posicionamento e a estabilidade dos alto-falantes.<\/p>\n<p>Entre em contato com a Music Direct para saber mais sobre o design triunfante de Jones &#8211; e para organizar uma audi\u00e7\u00e3o em casa sem riscos do SourcePoint 10 para ouvir um par voc\u00ea mesmo.<\/p>\n<p><em>&#8220;Livre da necessidade de construir alto-falantes abaixo de US$ 1.000\/par, Jones mostra o que um alto-falante abaixo de US$ 4.000\/par pode fazer. Acontece que \u00e9 muito.&#8221;<\/em><br \/>\n\u2014Alan Taffel,\u00a0<em>O Som Absoluto<\/em><\/p>\n<p><em>&#8220;[Quando] voc\u00ea considera as baixas frequ\u00eancias limpas e soberbamente bem definidas, o som m\u00e9dio natural, a alta sensibilidade, a imped\u00e2ncia f\u00e1cil de dirigir, a capacidade de tocar alto sem esfor\u00e7o e o pre\u00e7o acess\u00edvel, o SourcePoint 10 recebe aprova\u00e7\u00e3o deste revisor.&#8221;<\/em><br \/>\n\u2014John Atkinson,\u00a0<em>estere\u00f3filo<\/em><\/p>\n<p><em>&#8220;Este alto-falante \u00e9 mais v\u00edvido, vivo e emocionante. E, novamente, o ambiente sonoro \u00e9 extraordin\u00e1rio. A pot\u00eancia dos graves, o impacto e a clareza dos graves est\u00e3o l\u00e1 em cima.&#8221;<\/em><br \/>\n\u2014Steve Guttenberg,\u00a0<em>Audiof\u00edlico<\/em><\/p>\n<p><em>&#8220;O SourcePoint 10 faz uma grande declara\u00e7\u00e3o na categoria de alto-falantes abaixo de US$ 10 mil e d\u00e1 nova vida ao g\u00eanero de alto-falantes conc\u00eantricos. Pelo pre\u00e7o pedido, representa uma grande pechincha e uma audi\u00e7\u00e3o obrigat\u00f3ria para audi\u00f3filos e amantes da m\u00fasica.&#8221;<\/em><br \/>\n\u2014Dick Olsher,\u00a0<em>O Som Absoluto<\/em><\/p>\n<p><em>&#8220;Depois de alguns dias de exposi\u00e7\u00e3o, percebi que o SourcePoint 10 invadiu meu c\u00e9rebro. Portanto, esteja avisado: \u00e9 muito prov\u00e1vel que a exposi\u00e7\u00e3o ao SourcePoint 10 cause depend\u00eancia.&#8221;<\/em><br \/>\n\u2014Dick Olsher,\u00a0<em>O Som Absoluto<\/em><\/p>\n<p><em>&#8220;O SourcePoint 10 \u00e9 pesado demais para seu tamanho &#8211; uma marca de qualidade, mas tamb\u00e9m uma fonte de dores musculares. Mas sua versatilidade &#8211; sua capacidade de tocar todos os estilos de m\u00fasica com uma ampla variedade de amplificadores &#8211; o torna um candidato a alto-falante do Ano, e definitivamente merecedor de uma audi\u00e7\u00e3o.&#8221;<\/em><br \/>\n\u2014Ken Micallef,\u00a0<em>estere\u00f3filo<\/em><\/p>\n<p><em>&#8220;O SourcePoint 10 soa bem equilibrado de baixo para cima. E o que atribuirei em parte a esses drivers conc\u00eantricos \u00e9 uma sinergia maravilhosa em toda a gama e uma sensa\u00e7\u00e3o de m\u00fasica sendo criada sem esfor\u00e7o. Muitos entusiastas ser\u00e3o recompensados \u200b\u200bpor um som inteligente projetado com suporte bidirecional que atinge alto rendimento, alcance completo e f\u00e1cil de dirigir. O SourcePoint 10 evoca graves no estilo floorstander, aliados a um tom e imagem ricos e envolventes que fazem sua m\u00fasica cantar.<\/em><br \/>\n\u2014Mark Craven,\u00a0<em>Not\u00edcias de alta fidelidade<\/em><\/p>\n<h3>Feitos um para o outro: driver e tweeter com ferramentas personalizadas<\/h3>\n<p>Jones escolheu o di\u00e2metro de 10 polegadas como o tamanho ideal para o driver conc\u00eantrico bidirecional para minimizar o movimento do cone e produzir graves profundos.\u00a0Ele e MoFi trabalharam a partir de uma mistura de celulose de papel e desenvolveram um formato de cone que otimiza o comportamento ressonante e atende aos requisitos do guia de onda do tweeter.\u00a0Jones optou pelo papel depois de avaliar uma variedade de materiais ex\u00f3ticos.\u00a0O papel tamb\u00e9m possui a combina\u00e7\u00e3o perfeita de propriedades para o tamanho do cone de que ele precisa.\u00a0O tweeter \u00e9 uma c\u00fapula suave de 1,25 polegadas capaz de funcionar no ponto de cruzamento de 1,6 Khz devido ao seu surround amplo e bobina de voz de grande di\u00e2metro.\u00a0O amplo surround estende a resposta de baixa e alta frequ\u00eancia do tweeter, enquanto o carregamento do guia de onda aumenta a efici\u00eancia de graves por uma margem significativa.<\/p>\n<h3>A escolha \u00e9 clara: sistema magn\u00e9tico &#8220;Twin Drive&#8221;<\/h3>\n<p>SourcePoint 10 \u00e9 acionado por um sistema magn\u00e9tico que MoFi chama de \u201cTwin-Drive\u201d.\u00a0Esta importante conquista t\u00e9cnica ajuda o alto-falante a tocar com clareza excepcional.\u00a0Depois de meses executando simula\u00e7\u00f5es de campo magn\u00e9tico, Jones selecionou \u00edm\u00e3s de neod\u00edmio de alto fluxo para o woofer e o tweeter que s\u00e3o acoplados com precis\u00e3o para criar um efeito composto: cada um ajuda o outro a conduzir o fluxo atrav\u00e9s das lacunas do woofer e do tweeter.\u00a0A estrutura magn\u00e9tica Twin-Drive tamb\u00e9m foi constru\u00edda para criar um campo magn\u00e9tico totalmente sim\u00e9trico, que elimina a modula\u00e7\u00e3o de fluxo para uma distor\u00e7\u00e3o de intermodula\u00e7\u00e3o (IMD) extremamente baixa e uma reprodu\u00e7\u00e3o precisa.<\/p>\n<p><strong><span style=\"font-size: medium\">Alto-falante MoFi Electronics SourcePoint 10\u00a0<\/span><\/strong><\/p>\n<ul>\n<li>inovador driver conc\u00eantrico Twin-Drive de 10&#8243;\n<ul>\n<li>inclui tweeter de c\u00fapula suave de 1-1\/4&#8243;<\/li>\n<\/ul>\n<\/li>\n<li>O defletor frontal facetado reduz a difra\u00e7\u00e3o para um som mais preciso<\/li>\n<li>grade magn\u00e9tica facetada moldada<\/li>\n<li>manuseio de energia: 30-200 watts RMS<\/li>\n<li>resposta de frequ\u00eancia: 42-30.000 Hz<\/li>\n<li>sensibilidade: 91 dB<\/li>\n<li>imped\u00e2ncia: 8 ohms<\/li>\n<li>Postes de liga\u00e7\u00e3o de 5 vias<\/li>\n<li>arm\u00e1rio de folheado de madeira real<\/li>\n<li>projetado pela lenda do \u00e1udio Andrew Jones<\/li>\n<\/ul>\n<p><span style=\"font-size: medium\"><strong>Especifica\u00e7\u00f5es<\/strong><\/span><\/p>\n<p>Resposta de frequ\u00eancia: 42Hz-30kHz<br \/>\nImped\u00e2ncia nominal: 8 Ohms, 6,2 Ohms m\u00ednimo<br \/>\nSensibilidade: 91dB\/2,83V\/1m<br \/>\nFrequ\u00eancia de crossover: 1,6kHz<br \/>\nPot\u00eancia m\u00ednima recomendada: 30W<br \/>\nEntrada de energia m\u00e1xima: 200W<br \/>\nDimens\u00f5es (WHD): 14,5&#8243; x 22,5&#8243; x 16,6 &#8221;<br \/>\nPeso: 46,2 libras.<br \/>\nGarantia: 5 anos para pe\u00e7as e m\u00e3o de obra<\/p>\n","protected":false},"excerpt":{"rendered":"<p>O design de melhor som da carreira do engenheiro Andrew Jones: Mobile Fidelity Electronics Alto-falantes de estante SourcePoint 10 empregam sistema de fonte pontual e driver conc\u00eantrico de 10 polegadas Dos muitos motivos para investir em um par de alto-falantes de estante Mobile Fidelity Electronics SourcePoint 10, um se destaca de todos os outros: eles [&hellip;]<\/p>\n","protected":false},"featured_media":18367,"template":"","meta":{"_acf_changed":false},"product_brand":[],"product_cat":[19,25,17,213],"product_tag":[],"class_list":{"0":"post-5515","1":"product","2":"type-product","3":"status-publish","4":"has-post-thumbnail","6":"product_cat-bw","7":"product_cat-bookshelf","8":"product_cat-caixas","9":"product_cat-mofi","11":"first","12":"instock","13":"sold-individually","14":"shipping-taxable","15":"purchasable","16":"product-type-simple"},"acf":[],"aioseo_notices":[],"_links":{"self":[{"href":"https:\/\/hificlub.com.br\/loja\/wp-json\/wp\/v2\/product\/5515","targetHints":{"allow":["GET"]}}],"collection":[{"href":"https:\/\/hificlub.com.br\/loja\/wp-json\/wp\/v2\/product"}],"about":[{"href":"https:\/\/hificlub.com.br\/loja\/wp-json\/wp\/v2\/types\/product"}],"wp:featuredmedia":[{"embeddable":true,"href":"https:\/\/hificlub.com.br\/loja\/wp-json\/wp\/v2\/media\/18367"}],"wp:attachment":[{"href":"https:\/\/hificlub.com.br\/loja\/wp-json\/wp\/v2\/media?parent=5515"}],"wp:term":[{"taxonomy":"product_brand","embeddable":true,"href":"https:\/\/hificlub.com.br\/loja\/wp-json\/wp\/v2\/product_brand?post=5515"},{"taxonomy":"product_cat","embeddable":true,"href":"https:\/\/hificlub.com.br\/loja\/wp-json\/wp\/v2\/product_cat?post=5515"},{"taxonomy":"product_tag","embeddable":true,"href":"https:\/\/hificlub.com.br\/loja\/wp-json\/wp\/v2\/product_tag?post=5515"}],"curies":[{"name":"wp","href":"https:\/\/api.w.org\/{rel}","templated":true}]}}