{"id":5506,"date":"2023-11-24T21:29:43","date_gmt":"2023-11-25T00:29:43","guid":{"rendered":"https:\/\/hificlub.com.br\/loja2\/?post_type=product&#038;p=5506"},"modified":"2026-04-18T22:07:50","modified_gmt":"2026-04-19T01:07:50","slug":"bw-702-s2","status":"publish","type":"product","link":"https:\/\/hificlub.com.br\/loja\/produto\/bw-702-s2\/","title":{"rendered":"B&#038;W 702 S2 Black Gloss"},"content":{"rendered":"<p class=\"product_title entry-title wd-entities-title\"><strong>B&amp;W 702 S2\u00a0<\/strong><\/p>\n<p>Com tr\u00eas drivers de baixo de Perfil Aerofoil \u2122 dedicados, um cone Continuum \u2122 e uma caixa de tweeter de corpo s\u00f3lido na parte superior, o 702 S2 traz a clareza e detalhes arrepiantes de som com qualidade de est\u00fadio para sua configura\u00e7\u00e3o de \u00e1udio dom\u00e9stica.<\/p>\n<p>M\u00fasica. Filmes. Televis\u00e3o. 702 S2 promete transformar sua sala de estar em um para\u00edso de som de alta qualidade, gra\u00e7as \u00e0s suas tecnologias de n\u00edvel de est\u00fadio provenientes do 800 Series Diamond.<\/p>\n<p>Tweeter de corpo s\u00f3lido com tecnologia 700 s2<br \/>\nUma casa para altas frequ\u00eancias<br \/>\nFresado a partir de um bloco s\u00f3lido de alum\u00ednio, o design da caixa do tweeter de corpo s\u00f3lido cria uma caixa acusticamente otimizada para o tweeter \u2013 excepcionalmente inerte e resistente a resson\u00e2ncias.<\/p>\n<p>Cone cont\u00ednuo de alto-falantes de diamante s\u00e9rie 700 s2<br \/>\nDetalhe mais n\u00edtido<br \/>\nOs tweeters de c\u00fapula de carbono s\u00e3o feitos especificamente para a s\u00e9rie 700. Oferecendo uma melhoria dram\u00e1tica no tweeter de c\u00fapula dupla de alum\u00ednio, eles aumentam o limite de interrup\u00e7\u00e3o para 47 kHz, para obter detalhes e precis\u00e3o de imagem exata.<\/p>\n<p>Continuum 1360\u00d71530<br \/>\nSom verdadeiramente incr\u00edvel<br \/>\nVozes e instrumentos s\u00e3o fornecidos com pureza e precis\u00e3o, gra\u00e7as ao driver de m\u00e9dio alcance c\u00f4nico Continuum \u2122 suave e preciso.<\/p>\n<p>702 s2 700 s\u00e9rie 2 midrange desacoplado com tecnologia atualizada<br \/>\nLimpo e claro<br \/>\nOs drivers de m\u00e9dio porte nesses suportes de piso apresentam design desacoplado, adaptado de um sistema semelhante no 800 Series Diamond. O desacoplamento reduz a colora\u00e7\u00e3o do gabinete e aumenta a clareza dos m\u00e9dios.<\/p>\n<p>Cone de aerof\u00f3lio de tecnologia 700 s2<br \/>\nUm triunfo da ci\u00eancia<br \/>\nDesenvolvido usando t\u00e9cnicas avan\u00e7adas de modelagem por computador, o cone de baixo do Perfil Aerofoil \u2122 tem espessura vari\u00e1vel, proporcionando rigidez e rigidez onde \u00e9 mais necess\u00e1rio. O resultado: graves profundos e din\u00e2micos.<\/p>\n<p>&nbsp;<\/p>\n<h4 class=\"h5 mb-tight\"><span dir=\"auto\">Informa\u00e7\u00f5es sobre o produto:<\/span><\/h4>\n<ul>\n<li><span dir=\"auto\">Design de 3 vias e 5 drivers<\/span><\/li>\n<li><span dir=\"auto\">Tweeter de c\u00fapula de carbono desacoplada de 1&#8243; em caixa de corpo s\u00f3lido<\/span><\/li>\n<li><span dir=\"auto\">Alto-falante de m\u00e9dios de 6&#8243; com cone Continuum\u2122 desacoplado e transdutor de suspens\u00e3o fixa (FST)<\/span><\/li>\n<li><span dir=\"auto\">tr\u00eas cones de graves com perfil Aerofoil\u2122 de 6-1\/2&#8243;<\/span><\/li>\n<li><span dir=\"auto\">Resposta de frequ\u00eancia: 46-28.000 Hz (\u00b13dB)<\/span><\/li>\n<li><span dir=\"auto\">Gabinete bass-reflex com Flowport\u2122 de emiss\u00e3o traseira<\/span><\/li>\n<li><span dir=\"auto\">Sensibilidade: 90 dB<\/span><\/li>\n<li><span dir=\"auto\">Imped\u00e2ncia: 8 ohms<\/span><\/li>\n<li><span dir=\"auto\">Pot\u00eancia recomendada do amplificador: 50-300 watts<\/span><\/li>\n<li><span dir=\"auto\">Os dois pares de terminais de alto-falante banhados a ouro permitem configura\u00e7\u00f5es bi-amplificadas\/bi-cabladas.<\/span><\/li>\n<li><span dir=\"auto\">Inclui um plugue de espuma de duas pe\u00e7as para ajustar o desempenho de baixa frequ\u00eancia do alto-falante.<\/span><\/li>\n<li><span dir=\"auto\">A grelha remov\u00edvel \u00e9 fixada magneticamente.<\/span><\/li>\n<li><span dir=\"auto\">A base e os pinos para fixa\u00e7\u00e3o no tapete inclu\u00eddos proporcionam maior estabilidade.<\/span><\/li>\n<\/ul>\n<p>&nbsp;<\/p>\n<p><strong>Especifica\u00e7\u00f5es t\u00e9cnicas<\/strong><\/p>\n<p>Descri\u00e7\u00e3o do<br \/>\nsistema de caixa ventilada de 3 vias<\/p>\n<p>Caracter\u00edsticas Tweeter de<br \/>\nc\u00fapula de carbono desacoplado<br \/>\nTweeter-on-Top<br \/>\nCone Continuum \u2122 midrange FST \u2122 midrange<br \/>\ndesacoplado Midrange<br \/>\nAerofoil \u2122 Cones de baixo de perfil<br \/>\nFlowport \u2122<\/p>\n<p>Unidades de acionamento<br \/>\n1x \u00f825mm (1 pol.) C\u00fapula de carbono desacoplada de alta frequ\u00eancia<br \/>\n1x \u00f8150 mm (6 pol.) Cone cont\u00ednuo FST de m\u00e9dio porte<br \/>\n3x \u00f8165 mm (6,5 pol.) Baixo perfil de aerof\u00f3lio<\/p>\n<p>Faixa de frequ\u00eancia<br \/>\n-6dB a 28Hz e 33kHz<\/p>\n<p>Resposta de<br \/>\nfrequ\u00eancia 46Hz \u2013 28kHz \u00b1 3dB<\/p>\n<p>Sensibilidade<br \/>\n90dB spl (2,83Vrms, 1m)<\/p>\n<p>Distor\u00e7\u00e3o harm\u00f4nica<br \/>\n2\u00ba e 3\u00ba harm\u00f4nicos (90dB, 1m)<br \/>\n&lt;1% 86Hz &#8211; 28kHz &lt;0,5% 110Hz &#8211; 20kHz Imped\u00e2ncia nominal 8\u03a9 (m\u00ednimo 3,1\u03a9) Pot\u00eancia recomendada do amplificador 30W &#8211; 300W em 8\u03a9 no programa n\u00e3o cortado Dimens\u00f5es Altura: gabinete de 994 mm (39 pol.) Somente 1.087 mm (42,8 pol.) Incluindo tweeter e plinto Largura: gabinete de 200 mm (7,9 pol.) Somente 366 mm (14,4 pol.) Incluindo o pedestal Profundidade: gabinete de 337 mm (13,3 pol.) Apenas 364 mm (14,3 pol.) Inc . grade e terminais 452mm incluindo rodap\u00e9 Peso l\u00edquido 29,5 kg (65 lb)<\/p>\n<p>&nbsp;<\/p>\n","protected":false},"excerpt":{"rendered":"<p>B&amp;W 702 S2\u00a0 Com tr\u00eas drivers de baixo de Perfil Aerofoil \u2122 dedicados, um cone Continuum \u2122 e uma caixa de tweeter de corpo s\u00f3lido na parte superior, o 702 S2 traz a clareza e detalhes arrepiantes de som com qualidade de est\u00fadio para sua configura\u00e7\u00e3o de \u00e1udio dom\u00e9stica. M\u00fasica. Filmes. Televis\u00e3o. 702 S2 promete [&hellip;]<\/p>\n","protected":false},"featured_media":42358,"template":"","meta":{"_acf_changed":false},"product_brand":[],"product_cat":[19,17,18],"product_tag":[],"class_list":{"0":"post-5506","1":"product","2":"type-product","3":"status-publish","4":"has-post-thumbnail","6":"product_cat-bw","7":"product_cat-caixas","8":"product_cat-torres","10":"first","11":"instock","12":"sold-individually","13":"shipping-taxable","14":"purchasable","15":"product-type-simple"},"acf":[],"aioseo_notices":[],"_links":{"self":[{"href":"https:\/\/hificlub.com.br\/loja\/wp-json\/wp\/v2\/product\/5506","targetHints":{"allow":["GET"]}}],"collection":[{"href":"https:\/\/hificlub.com.br\/loja\/wp-json\/wp\/v2\/product"}],"about":[{"href":"https:\/\/hificlub.com.br\/loja\/wp-json\/wp\/v2\/types\/product"}],"wp:featuredmedia":[{"embeddable":true,"href":"https:\/\/hificlub.com.br\/loja\/wp-json\/wp\/v2\/media\/42358"}],"wp:attachment":[{"href":"https:\/\/hificlub.com.br\/loja\/wp-json\/wp\/v2\/media?parent=5506"}],"wp:term":[{"taxonomy":"product_brand","embeddable":true,"href":"https:\/\/hificlub.com.br\/loja\/wp-json\/wp\/v2\/product_brand?post=5506"},{"taxonomy":"product_cat","embeddable":true,"href":"https:\/\/hificlub.com.br\/loja\/wp-json\/wp\/v2\/product_cat?post=5506"},{"taxonomy":"product_tag","embeddable":true,"href":"https:\/\/hificlub.com.br\/loja\/wp-json\/wp\/v2\/product_tag?post=5506"}],"curies":[{"name":"wp","href":"https:\/\/api.w.org\/{rel}","templated":true}]}}